


{"id":18867,"date":"2021-09-09T11:40:12","date_gmt":"2021-09-09T09:40:12","guid":{"rendered":"https:\/\/pbp.womczest.edu.pl\/new\/?page_id=18867"},"modified":"2021-09-09T11:40:12","modified_gmt":"2021-09-09T09:40:12","slug":"warsztaty-dla-szkolnego-kola-wolontariatu","status":"publish","type":"page","link":"https:\/\/pbp.womczest.edu.pl\/new\/warsztaty-dla-szkolnego-kola-wolontariatu\/","title":{"rendered":"WARSZTATY DLA SZKOLNEGO KO\u0141A WOLONTARIATU"},"content":{"rendered":"<p><a href=\"https:\/\/pbp.womczest.edu.pl\/new\/wp-content\/uploads\/2020\/03\/1.jpg\"><img decoding=\"async\" loading=\"lazy\" class=\"alignleft wp-image-15339 size-thumbnail\" src=\"https:\/\/pbp.womczest.edu.pl\/new\/wp-content\/uploads\/2020\/03\/1-150x150.jpg\" alt=\"WARSZTATY DLA SZKOLNEGO KO\u0141A WOLONTARIATU\" width=\"150\" height=\"150\" \/><\/a>W dniu 4.03.2020 r. w naszej bibliotece odby\u0142y si\u0119 warsztaty nt. <em>Metody aktywizuj\u0105ce w pracy wolontariatu<\/em> dla uczni\u00f3w Szkolnego Ko\u0142a Wolontariatu dzia\u0142aj\u0105cego w Zespole Szk\u00f3\u0142 Zawodowych w Lubli\u0144cu. M\u0142odzie\u017c, kt\u00f3ra przyby\u0142a na zaj\u0119cia pozna\u0142a podstawowe metody aktywizuj\u0105ce, zalety ich stosowania i sposoby w\u0142a\u015bciwego doboru dla wybranego odbiorcy. Wiele uwagi po\u015bwi\u0119ci\u0142y\u015bmy na prezentacj\u0119 metod, kt\u00f3re wykorzystujemy, jako nauczyciele bibliotekarze, w pracy z dzie\u0107mi, m\u0142odzie\u017c\u0105 i doros\u0142ymi. Zaj\u0119cia urozmaici\u0142y\u015bmy zabaw\u0105 w\u00a0gry dydaktyczne i prezentacj\u0105 fachowej literatury.<\/p>\n<p><a href=\"https:\/\/pbp.womczest.edu.pl\/new\/wp-content\/uploads\/2020\/03\/4.jpg\"><img decoding=\"async\" loading=\"lazy\" class=\"alignnone wp-image-15340 size-thumbnail\" src=\"https:\/\/pbp.womczest.edu.pl\/new\/wp-content\/uploads\/2020\/03\/4-150x150.jpg\" alt=\"WARSZTATY DLA SZKOLNEGO KO\u0141A WOLONTARIATU\" width=\"150\" height=\"150\" \/><\/a><a href=\"https:\/\/pbp.womczest.edu.pl\/new\/wp-content\/uploads\/2020\/03\/6.jpg\"><img decoding=\"async\" loading=\"lazy\" class=\"alignnone wp-image-15341 size-thumbnail\" src=\"https:\/\/pbp.womczest.edu.pl\/new\/wp-content\/uploads\/2020\/03\/6-150x150.jpg\" alt=\"WARSZTATY DLA SZKOLNEGO KO\u0141A WOLONTARIATU\" width=\"150\" height=\"150\" \/><\/a><a href=\"https:\/\/pbp.womczest.edu.pl\/new\/wp-content\/uploads\/2020\/03\/10-1.jpg\"><img decoding=\"async\" loading=\"lazy\" class=\"alignnone wp-image-15343 size-thumbnail\" src=\"https:\/\/pbp.womczest.edu.pl\/new\/wp-content\/uploads\/2020\/03\/10-1-150x150.jpg\" alt=\"WARSZTATY DLA SZKOLNEGO KO\u0141A WOLONTARIATU\" width=\"150\" height=\"150\" \/><\/a><\/p>\n<p>Tekst i zdj\u0119cia: O. Zieli\u0144ska, A. Bidzi\u0144ska-Kristof<\/p>\n","protected":false},"excerpt":{"rendered":"<p>W dniu 4.03.2020 r. w naszej bibliotece odby\u0142y si\u0119 warsztaty nt. Metody aktywizuj\u0105ce w pracy wolontariatu dla uczni\u00f3w Szkolnego Ko\u0142a Wolontariatu dzia\u0142aj\u0105cego w Zespole Szk\u00f3\u0142 Zawodowych w Lubli\u0144cu. M\u0142odzie\u017c, kt\u00f3ra przyby\u0142a na zaj\u0119cia pozna\u0142a podstawowe metody aktywizuj\u0105ce, zalety ich stosowania i sposoby w\u0142a\u015bciwego doboru dla wybranego odbiorcy. Wiele uwagi po\u015bwi\u0119ci\u0142y\u015bmy na prezentacj\u0119 metod, kt\u00f3re wykorzystujemy, jako nauczyciele bibliotekarze, w pracy z dzie\u0107mi, m\u0142odzie\u017c\u0105 i doros\u0142ymi. Zaj\u0119cia urozmaici\u0142y\u015bmy zabaw\u0105 w\u00a0gry dydaktyczne<span class=\"ellipsis\">&hellip;<\/span><\/p>\n<div class=\"read-more\"><a href=\"https:\/\/pbp.womczest.edu.pl\/new\/warsztaty-dla-szkolnego-kola-wolontariatu\/\">Czytaj wi\u0119cej &#8250;<\/a><\/div>\n<p><!-- end of .read-more --><\/p>\n","protected":false},"author":3,"featured_media":0,"parent":0,"menu_order":0,"comment_status":"closed","ping_status":"closed","template":"","meta":{"footnotes":""},"jetpack_sharing_enabled":true,"jetpack_shortlink":"https:\/\/wp.me\/PgmV4H-4Uj","_links":{"self":[{"href":"https:\/\/pbp.womczest.edu.pl\/new\/wp-json\/wp\/v2\/pages\/18867"}],"collection":[{"href":"https:\/\/pbp.womczest.edu.pl\/new\/wp-json\/wp\/v2\/pages"}],"about":[{"href":"https:\/\/pbp.womczest.edu.pl\/new\/wp-json\/wp\/v2\/types\/page"}],"author":[{"embeddable":true,"href":"https:\/\/pbp.womczest.edu.pl\/new\/wp-json\/wp\/v2\/users\/3"}],"replies":[{"embeddable":true,"href":"https:\/\/pbp.womczest.edu.pl\/new\/wp-json\/wp\/v2\/comments?post=18867"}],"version-history":[{"count":1,"href":"https:\/\/pbp.womczest.edu.pl\/new\/wp-json\/wp\/v2\/pages\/18867\/revisions"}],"predecessor-version":[{"id":18875,"href":"https:\/\/pbp.womczest.edu.pl\/new\/wp-json\/wp\/v2\/pages\/18867\/revisions\/18875"}],"wp:attachment":[{"href":"https:\/\/pbp.womczest.edu.pl\/new\/wp-json\/wp\/v2\/media?parent=18867"}],"curies":[{"name":"wp","href":"https:\/\/api.w.org\/{rel}","templated":true}]}}