


{"id":18864,"date":"2021-09-09T11:33:46","date_gmt":"2021-09-09T09:33:46","guid":{"rendered":"https:\/\/pbp.womczest.edu.pl\/new\/?page_id=18864"},"modified":"2023-03-07T12:36:02","modified_gmt":"2023-03-07T11:36:02","slug":"swiatowy-tydzien-mozgu","status":"publish","type":"page","link":"https:\/\/pbp.womczest.edu.pl\/new\/swiatowy-tydzien-mozgu\/","title":{"rendered":"\u015awiatowy Tydzie\u0144 M\u00f3zgu"},"content":{"rendered":"<p>Z okazji \u015awiatowego Tygodnia M\u00f3zgu, 17 marca 2021 r. w Zespole Szkolno-Przedszkolnym w Kosz\u0119cinie, przeprowadzi\u0142y\u015bmy zaj\u0119cia edukacyjne. Przedszkolaki mia\u0142y okazj\u0119 wys\u0142ucha\u0107 interesuj\u0105cych informacji, m.in. o m\u00f3zgu i jego zadaniach, zmys\u0142ach, nerwach, pami\u0119ci, uczuciach. Dzieci rozwi\u0105zywa\u0142y zagadki i ogl\u0105da\u0142y iluzje optyczne. Cz\u0119\u015b\u0107 relaksacyjn\u0105 spotkania wype\u0142ni\u0142y \u0107wiczenia dotleniaj\u0105ce m\u00f3zg (ziewanie, \u015bmianie si\u0119, g\u0142\u0119bokie oddychanie). Na zako\u0144czenie wszyscy uczestniczyli w zabawie \u2013 uk\u0142adance z kolorowych kubk\u00f3w na specjalnej macie.<\/p>\n<p><a href=\"https:\/\/pbp.womczest.edu.pl\/new\/wp-content\/uploads\/2021\/03\/1616054296776-scaled.jpg\"><img decoding=\"async\" loading=\"lazy\" class=\"alignnone wp-image-17153 size-thumbnail\" title=\"\u015awiatowy Tydzie\u0144 M\u00f3zgu\" src=\"https:\/\/pbp.womczest.edu.pl\/new\/wp-content\/uploads\/2021\/03\/1616054296776-150x150.jpg\" alt=\"\" width=\"150\" height=\"150\" \/><img decoding=\"async\" loading=\"lazy\" class=\"alignnone wp-image-17154 size-thumbnail\" title=\"\u015awiatowy Tydzie\u0144 M\u00f3zgu\" src=\"https:\/\/pbp.womczest.edu.pl\/new\/wp-content\/uploads\/2021\/03\/1616054419863-150x150.jpg\" alt=\"\" width=\"150\" height=\"150\" \/><\/a><\/p>\n<p style=\"text-align: right;\">Tekst i zdj\u0119cia: A. Bidzi\u0144ska-Kristof, O. Zieli\u0144ska<\/p>\n","protected":false},"excerpt":{"rendered":"<p>Z okazji \u015awiatowego Tygodnia M\u00f3zgu, 17 marca 2021 r. w Zespole Szkolno-Przedszkolnym w Kosz\u0119cinie, przeprowadzi\u0142y\u015bmy zaj\u0119cia edukacyjne. Przedszkolaki mia\u0142y okazj\u0119 wys\u0142ucha\u0107 interesuj\u0105cych informacji, m.in. o m\u00f3zgu i jego zadaniach, zmys\u0142ach, nerwach, pami\u0119ci, uczuciach. Dzieci rozwi\u0105zywa\u0142y zagadki i ogl\u0105da\u0142y iluzje optyczne. Cz\u0119\u015b\u0107 relaksacyjn\u0105 spotkania wype\u0142ni\u0142y \u0107wiczenia dotleniaj\u0105ce m\u00f3zg (ziewanie, \u015bmianie si\u0119, g\u0142\u0119bokie oddychanie). Na zako\u0144czenie wszyscy uczestniczyli w zabawie \u2013 uk\u0142adance z kolorowych kubk\u00f3w na specjalnej macie. Tekst i zdj\u0119cia: A.<span class=\"ellipsis\">&hellip;<\/span><\/p>\n<div class=\"read-more\"><a href=\"https:\/\/pbp.womczest.edu.pl\/new\/swiatowy-tydzien-mozgu\/\">Czytaj wi\u0119cej &#8250;<\/a><\/div>\n<p><!-- end of .read-more --><\/p>\n","protected":false},"author":3,"featured_media":0,"parent":0,"menu_order":0,"comment_status":"closed","ping_status":"closed","template":"","meta":{"footnotes":""},"jetpack_sharing_enabled":true,"jetpack_shortlink":"https:\/\/wp.me\/PgmV4H-4Ug","_links":{"self":[{"href":"https:\/\/pbp.womczest.edu.pl\/new\/wp-json\/wp\/v2\/pages\/18864"}],"collection":[{"href":"https:\/\/pbp.womczest.edu.pl\/new\/wp-json\/wp\/v2\/pages"}],"about":[{"href":"https:\/\/pbp.womczest.edu.pl\/new\/wp-json\/wp\/v2\/types\/page"}],"author":[{"embeddable":true,"href":"https:\/\/pbp.womczest.edu.pl\/new\/wp-json\/wp\/v2\/users\/3"}],"replies":[{"embeddable":true,"href":"https:\/\/pbp.womczest.edu.pl\/new\/wp-json\/wp\/v2\/comments?post=18864"}],"version-history":[{"count":2,"href":"https:\/\/pbp.womczest.edu.pl\/new\/wp-json\/wp\/v2\/pages\/18864\/revisions"}],"predecessor-version":[{"id":22462,"href":"https:\/\/pbp.womczest.edu.pl\/new\/wp-json\/wp\/v2\/pages\/18864\/revisions\/22462"}],"wp:attachment":[{"href":"https:\/\/pbp.womczest.edu.pl\/new\/wp-json\/wp\/v2\/media?parent=18864"}],"curies":[{"name":"wp","href":"https:\/\/api.w.org\/{rel}","templated":true}]}}