


{"id":18863,"date":"2021-09-09T11:31:40","date_gmt":"2021-09-09T09:31:40","guid":{"rendered":"https:\/\/pbp.womczest.edu.pl\/new\/?page_id=18863"},"modified":"2023-03-07T12:35:34","modified_gmt":"2023-03-07T11:35:34","slug":"swiatowy-dzien-ziemi","status":"publish","type":"page","link":"https:\/\/pbp.womczest.edu.pl\/new\/swiatowy-dzien-ziemi\/","title":{"rendered":"\u015awiatowy Dzie\u0144 Ziemi"},"content":{"rendered":"<p>22 kwietnia 2021 r. wsp\u00f3lnie z nauczycielami Zespo\u0142u Szkolno-Przedszkolnego w Kosz\u0119cinie zorganizowa\u0142y\u015bmy dla wychowank\u00f3w przedszkola zaj\u0119cia z okazji \u015awiatowego Dnia Ziemi.<\/p>\n<p>Podczas spotkania, s\u0142uchaj\u0105c utworu Majki Je\u017cowskiej \u201eMoja Planeta\u201d, wybrali\u015bmy si\u0119 na\u00a0wirtualn\u0105 wycieczk\u0119 po\u00a0naszej planecie. Nast\u0119pnie przeczytali\u015bmy fragmenty ksi\u0105\u017cki \u201eRady na\u00a0odpady\u201d. Czytanie urozmaici\u0142a nam zabawa polegaj\u0105ca na\u00a0segregacji niepotrzebnych materia\u0142\u00f3w, a\u00a0wsp\u00f3lna dyskusja oraz\u00a0obejrzane filmy (\u201eKiedy\u015b by\u0142em \u015bmieciem, teraz jestem kim\u015b\u201d oraz\u00a0\u201eFelka rady jak segregowa\u0107 odpady\u201d u\u0142atwi\u0142y dzieciom przyporz\u0105dkowanie \u015bmieci do\u00a0odpowiedniego \u201epojemnika\u201d. Na\u00a0zako\u0144czenie spotkania dzieci z\u0142o\u017cy\u0142y przysi\u0119g\u0119 dbania o\u00a0nasz\u0105 planet\u0119 oraz\u00a0wsp\u00f3lnie za\u015bpiewali\u015bmy piosenk\u0119 \u201eZiemia zielona wyspa\u201d.<\/p>\n<p><a href=\"https:\/\/pbp.womczest.edu.pl\/new\/wp-content\/uploads\/2021\/04\/1-1.jpg\"><img decoding=\"async\" loading=\"lazy\" class=\"alignnone wp-image-17607 size-thumbnail\" title=\"\u015awiatowy Dzie\u0144 Ziemi\" src=\"https:\/\/pbp.womczest.edu.pl\/new\/wp-content\/uploads\/2021\/04\/1-1-150x150.jpg\" alt=\"\" width=\"150\" height=\"150\" \/> <\/a><a href=\"https:\/\/pbp.womczest.edu.pl\/new\/wp-content\/uploads\/2021\/04\/2-scaled.jpg\"><img decoding=\"async\" loading=\"lazy\" class=\"alignnone wp-image-17608 size-thumbnail\" title=\"\u015awiatowy Dzie\u0144 Ziemi\" src=\"https:\/\/pbp.womczest.edu.pl\/new\/wp-content\/uploads\/2021\/04\/2-150x150.jpg\" alt=\"\" width=\"150\" height=\"150\" \/><\/a><\/p>\n","protected":false},"excerpt":{"rendered":"<p>22 kwietnia 2021 r. wsp\u00f3lnie z nauczycielami Zespo\u0142u Szkolno-Przedszkolnego w Kosz\u0119cinie zorganizowa\u0142y\u015bmy dla wychowank\u00f3w przedszkola zaj\u0119cia z okazji \u015awiatowego Dnia Ziemi. Podczas spotkania, s\u0142uchaj\u0105c utworu Majki Je\u017cowskiej \u201eMoja Planeta\u201d, wybrali\u015bmy si\u0119 na\u00a0wirtualn\u0105 wycieczk\u0119 po\u00a0naszej planecie. Nast\u0119pnie przeczytali\u015bmy fragmenty ksi\u0105\u017cki \u201eRady na\u00a0odpady\u201d. Czytanie urozmaici\u0142a nam zabawa polegaj\u0105ca na\u00a0segregacji niepotrzebnych materia\u0142\u00f3w, a\u00a0wsp\u00f3lna dyskusja oraz\u00a0obejrzane filmy (\u201eKiedy\u015b by\u0142em \u015bmieciem, teraz jestem kim\u015b\u201d oraz\u00a0\u201eFelka rady jak segregowa\u0107 odpady\u201d u\u0142atwi\u0142y dzieciom przyporz\u0105dkowanie \u015bmieci do\u00a0odpowiedniego \u201epojemnika\u201d.<span class=\"ellipsis\">&hellip;<\/span><\/p>\n<div class=\"read-more\"><a href=\"https:\/\/pbp.womczest.edu.pl\/new\/swiatowy-dzien-ziemi\/\">Czytaj wi\u0119cej &#8250;<\/a><\/div>\n<p><!-- end of .read-more --><\/p>\n","protected":false},"author":3,"featured_media":0,"parent":0,"menu_order":0,"comment_status":"closed","ping_status":"closed","template":"","meta":{"footnotes":""},"jetpack_sharing_enabled":true,"jetpack_shortlink":"https:\/\/wp.me\/PgmV4H-4Uf","_links":{"self":[{"href":"https:\/\/pbp.womczest.edu.pl\/new\/wp-json\/wp\/v2\/pages\/18863"}],"collection":[{"href":"https:\/\/pbp.womczest.edu.pl\/new\/wp-json\/wp\/v2\/pages"}],"about":[{"href":"https:\/\/pbp.womczest.edu.pl\/new\/wp-json\/wp\/v2\/types\/page"}],"author":[{"embeddable":true,"href":"https:\/\/pbp.womczest.edu.pl\/new\/wp-json\/wp\/v2\/users\/3"}],"replies":[{"embeddable":true,"href":"https:\/\/pbp.womczest.edu.pl\/new\/wp-json\/wp\/v2\/comments?post=18863"}],"version-history":[{"count":2,"href":"https:\/\/pbp.womczest.edu.pl\/new\/wp-json\/wp\/v2\/pages\/18863\/revisions"}],"predecessor-version":[{"id":22461,"href":"https:\/\/pbp.womczest.edu.pl\/new\/wp-json\/wp\/v2\/pages\/18863\/revisions\/22461"}],"wp:attachment":[{"href":"https:\/\/pbp.womczest.edu.pl\/new\/wp-json\/wp\/v2\/media?parent=18863"}],"curies":[{"name":"wp","href":"https:\/\/api.w.org\/{rel}","templated":true}]}}