


{"id":18591,"date":"2021-07-13T09:52:07","date_gmt":"2021-07-13T07:52:07","guid":{"rendered":"https:\/\/pbp.womczest.edu.pl\/new\/?page_id=18591"},"modified":"2022-06-13T13:45:04","modified_gmt":"2022-06-13T11:45:04","slug":"zukrowski-wojciech","status":"publish","type":"page","link":"https:\/\/pbp.womczest.edu.pl\/new\/zukrowski-wojciech\/","title":{"rendered":"\u017bukrowski Wojciech"},"content":{"rendered":"<p><strong>\u017bukrowski Wojciech. <\/strong>Pisarz, dziennikarz, scenarzysta. Urodzi\u0142 si\u0119 14 kwietnia 1916 r. w Krakowie. Studiowa\u0142 w Wydziale Prawa i w Wydziale Humanistycznym UJ, uko\u0144czy\u0142 filologi\u0119 polsk\u0105 w Uniwersytecie we Wroc\u0142awiu. Nale\u017ca\u0142 do katolickiej organizacji <em>Odrodzenie<\/em>. Debiutowa\u0142 na \u0142amach <em>Ku\u017ani M\u0142odych<\/em> w 1934 r. W 1939 r. walczy\u0142 m.in. w obronie Narwi pod R\u00f3\u017canem i na Lubelszczy\u017anie. Okupacj\u0119 przetrwa\u0142 w Krakowie. \u017bo\u0142nierz Armii Krajowej, dzia\u0142acz podziemia kulturalnego. Po wojnie oficer Ludowego Wojska Polskiego, aktywnie w\u0142\u0105czy\u0142 si\u0119 w dzia\u0142alno\u015b\u0107 Zwi\u0105zku Literat\u00f3w Polskich. W latach 1953-1954 korespondent wojenny w P\u00f3\u0142nocnym Wietnamie, potem dotar\u0142 do Laosu i Chin. By\u0142 te\u017c radc\u0105 kulturalnym ambasady polskiej w Indiach. Zwi\u0105zany mocno z Warszaw\u0105. Cz\u0142onek zespo\u0142u redakcyjnego miesi\u0119cznika <em>Widnokr\u0119gi<\/em>, wsp\u00f3\u0142pracownik dwutygodnika <em>Nowe Ksi\u0105\u017cki<\/em>. W\u0142a\u015bciwym debiutem ksi\u0105\u017ckowym \u017bukrowskiego by\u0142 wydany konspiracyjnie w 1943 r. zbi\u00f3r poetycki <em>Rdza<\/em>. Pisarski rozg\u0142os przyni\u00f3s\u0142 mu jednak cykl opowiada\u0144 o tematyce \u017co\u0142nierskiej i okupacyjnej <em>Z kraju milczenia<\/em> 1946 r., a zw\u0142aszcza utw\u00f3r<em> Lotna<\/em> zekranizowany przez Andrzeja Wajd\u0119. To w tych opowiadaniach ujawni\u0142y si\u0119 znamienne cechy jego pisarstwa: niezwyk\u0142a plastyczno\u015b\u0107, ekspresja j\u0119zyka, intensywne prze\u017cywanie i odtwarzanie urody \u015bwiata, swoboda w kre\u015bleniu sylwetek bohater\u00f3w, swoisty liryzm. Osobny rozdzia\u0142 jego pisarskiej tw\u00f3rczo\u015bci stanowi\u0105 scenariusze filmowe. Przez lata wsp\u00f3\u0142pracowa\u0142 z re\u017cyserem Jerzym Passendorferem. Jedn\u0105 z najg\u0142o\u015bniejszych jego ksi\u0105\u017cek by\u0142y <em>Kamienne tablice<\/em>. Ksi\u0105\u017cka wywo\u0142a\u0142a sensacj\u0119 \u015bmia\u0142ymi na owe czasy, zmys\u0142owymi scenami mi\u0142osnymi. Ewa i Czes\u0142aw Petelscy nakr\u0119cili na jej podstawie film, uznany jednak za nieudany, w przeciwie\u0144stwie do literackiego pierwowzoru. Wojciech \u017bukrowski by\u0142 te\u017c pisarzem dla dzieci. Jego barwne, groteskowo-fantastyczne <em>Porwanie w Tiutiurlistanie<\/em> czyta\u0142y ch\u0119tnie i dzieci, i ich rodzice. M.in. za ni\u0105 otrzyma\u0142 od dzieci <em>Order U\u015bmiechu<\/em>. W latach 1986-1989 \u017bukrowski pe\u0142ni\u0142 funkcj\u0119 prezesa ZLP, a w latach 1982-1988 przewodnicz\u0105cego polskiej sekcji IBBY. By\u0142 tak\u017ce cz\u0142onkiem Pen-Clubu, pos\u0142em do Sejmu. Zmar\u0142 26 sierpnia 2000 r. w Warszawie. Nagrody: 1953 r. nagroda pa\u0144stwowa 3 stopnia za powie\u015b\u0107 <em>Dni kl\u0119ski<\/em>, 1954 r. nagroda miasta Wroc\u0142awia, 1955 r. nagroda literacka im. Pietrzaka za ksi\u0105\u017ck\u0119 <em>Dom bez<\/em> <em>\u015bcian<\/em>&#8222;, 1961 r. nagroda literacka 2 stopnia Ministra Obrony Narodowej za powie\u015b\u0107 <em>Sk\u0105pani w ogniu<\/em>, 1965 r. nagroda zespo\u0142owa 1 stopnia Ministra Kultury i Sztuki za scenariusze, 1967 r. nagroda literacka im. Pietrzaka za powie\u015b\u0107 <em>Kamienne tablice<\/em>, 1969 r. nagroda 1 stopnia Ministra Kultury i Sztuki, 1976 r. Order Budowniczych Polski Ludowej, 1976 r. nagroda miasta Warszawy, 1977 r. nagroda Prezesa Rady Ministr\u00f3w, 1978 r. nagroda pa\u0144stwowa 1 stopnia, 1988 r. nagroda specjalna Ministra Obrony Narodowej, 2000 r. nagroda literacka im. W\u0142adys\u0142awa St. Reymonta.<\/p>\n<p>\u0179r\u00f3d\u0142a:<br \/>\n&#8211; <a href=\"http:\/\/www.zukrowski.inf.pl\/\">http:\/\/www.zukrowski.inf.pl\/<\/a><br \/>\n&#8211; <a href=\"https:\/\/filmpolski.pl\/fp\/index.php?osoba=11967\">https:\/\/filmpolski.pl\/fp\/index.php?osoba=11967<\/a><br \/>\n&#8211; <a href=\"https:\/\/pl.wikipedia.org\/wiki\/Wojciech_%C5%BBukrowski\">https:\/\/pl.wikipedia.org\/wiki\/Wojciech_%C5%BBukrowski<\/a><\/p>\n<p>&nbsp;<\/p>\n<p>&nbsp;<\/p>\n<p><strong>\u00a0<\/strong><\/p>\n","protected":false},"excerpt":{"rendered":"<p>\u017bukrowski Wojciech. Pisarz, dziennikarz, scenarzysta. Urodzi\u0142 si\u0119 14 kwietnia 1916 r. w Krakowie. Studiowa\u0142 w Wydziale Prawa i w Wydziale Humanistycznym UJ, uko\u0144czy\u0142 filologi\u0119 polsk\u0105 w Uniwersytecie we Wroc\u0142awiu. Nale\u017ca\u0142 do katolickiej organizacji Odrodzenie. Debiutowa\u0142 na \u0142amach Ku\u017ani M\u0142odych w 1934 r. W 1939 r. walczy\u0142 m.in. w obronie Narwi pod R\u00f3\u017canem i na Lubelszczy\u017anie. Okupacj\u0119 przetrwa\u0142 w Krakowie. \u017bo\u0142nierz Armii Krajowej, dzia\u0142acz podziemia kulturalnego. Po wojnie oficer Ludowego Wojska<span class=\"ellipsis\">&hellip;<\/span><\/p>\n<div class=\"read-more\"><a href=\"https:\/\/pbp.womczest.edu.pl\/new\/zukrowski-wojciech\/\">Czytaj wi\u0119cej &#8250;<\/a><\/div>\n<p><!-- end of .read-more --><\/p>\n","protected":false},"author":6,"featured_media":0,"parent":0,"menu_order":0,"comment_status":"closed","ping_status":"closed","template":"","meta":{"footnotes":""},"jetpack_sharing_enabled":true,"jetpack_shortlink":"https:\/\/wp.me\/PgmV4H-4PR","_links":{"self":[{"href":"https:\/\/pbp.womczest.edu.pl\/new\/wp-json\/wp\/v2\/pages\/18591"}],"collection":[{"href":"https:\/\/pbp.womczest.edu.pl\/new\/wp-json\/wp\/v2\/pages"}],"about":[{"href":"https:\/\/pbp.womczest.edu.pl\/new\/wp-json\/wp\/v2\/types\/page"}],"author":[{"embeddable":true,"href":"https:\/\/pbp.womczest.edu.pl\/new\/wp-json\/wp\/v2\/users\/6"}],"replies":[{"embeddable":true,"href":"https:\/\/pbp.womczest.edu.pl\/new\/wp-json\/wp\/v2\/comments?post=18591"}],"version-history":[{"count":3,"href":"https:\/\/pbp.womczest.edu.pl\/new\/wp-json\/wp\/v2\/pages\/18591\/revisions"}],"predecessor-version":[{"id":20715,"href":"https:\/\/pbp.womczest.edu.pl\/new\/wp-json\/wp\/v2\/pages\/18591\/revisions\/20715"}],"wp:attachment":[{"href":"https:\/\/pbp.womczest.edu.pl\/new\/wp-json\/wp\/v2\/media?parent=18591"}],"curies":[{"name":"wp","href":"https:\/\/api.w.org\/{rel}","templated":true}]}}