


{"id":18585,"date":"2021-07-13T09:49:47","date_gmt":"2021-07-13T07:49:47","guid":{"rendered":"https:\/\/pbp.womczest.edu.pl\/new\/?page_id=18585"},"modified":"2022-06-13T13:41:01","modified_gmt":"2022-06-13T11:41:01","slug":"zeromska-wincentyna-maria-monika","status":"publish","type":"page","link":"https:\/\/pbp.womczest.edu.pl\/new\/zeromska-wincentyna-maria-monika\/","title":{"rendered":"\u017beromska Wincentyna Maria Monika"},"content":{"rendered":"<p><strong>\u017beromska Wincentyna Maria Monika; rocznica urodzin<em>. <\/em><\/strong>Ur. 30 maja 1913 r. we Florencji, zm. 5 pa\u017adziernika 2001 r. w Warszawie. Polska malarka i autorka pi\u0119ciu tom\u00f3w wspomnie\u0144 wydanych przez Sp\u00f3\u0142dzielni\u0119 Wydawnicz\u0105 <em>Czytelnik<\/em>. C\u00f3rka Stefana \u017beromskiego i Anny Zawadzkiej, z kt\u00f3r\u0105 \u017beromski nie wzi\u0105\u0142 \u015blubu, cho\u0107 w testamencie nakaza\u0142 <em>traktowa\u0107 Ann\u0119 jak \u017con\u0119<\/em>. Nauk\u0119 pobiera\u0142a w pensji przy ul. Mazowieckiej w Warszawie. Studiowa\u0142a w sto\u0142ecznej Akademii Sztuk Pi\u0119knych w pracowni Tadeusza Pruszkowskiego. Prze\u017cy\u0142a Powstanie Warszawskie b\u0119d\u0105c ewakuowan\u0105 kana\u0142ami. Mieszka\u0142a w Konstancinie-Jeziornie. Pod koniec \u017cycia za\u0142o\u017cy\u0142a Fundacj\u0119 na rzecz Utrzymania Spu\u015bcizny po Stefanie \u017beromskim. Pochowana 11 pa\u017adziernika 2001 r. roku obok rodzic\u00f3w w grobowcu Cmentarza Ewangelicko-Reformowanego w Warszawie. Monika \u017beromska tworzy\u0142a przede wszystkim portrety i martwe natury w technice farb olejnych. Jest autork\u0105 ilustracji do kilku dzie\u0142 ojca, m.in. do: <em>Dziej\u00f3w grzechu<\/em>, <em>Wiatru od morza<\/em>, <em>Wiernej rzeki<\/em> oraz <em>Syzyfowych prac<\/em>. W 1994 roku zosta\u0142a uhonorowana nagrod\u0105 literack\u0105 im. W\u0142adys\u0142awa Reymonta. O tej wybitnej artystce polskiej mo\u017cna dowiedzie\u0107 si\u0119 wi\u0119cej w internecie: <a href=\"http:\/\/www.muzeumkonstancina.pl\/772_sto_lat_temu_urodzila_sie_monika_zeromska\">http:\/\/www.muzeumkonstancina.pl\/772_sto_lat_temu_urodzila_sie_monika_zeromska<\/a>, a tak\u017ce w ksi\u0105\u017cce: Joanna Kuciel &#8211; Frydryszak: <em>S\u0142onimski: heretyk na ambonie<\/em> Warszawa: Wydawnictwo W.A.B., 2012, seria: Fortuna i Fatum.<\/p>\n<p>\u0179r\u00f3d\u0142a:<br \/>\n&#8211; <a href=\"https:\/\/pisarze.pl\/2013\/11\/18\/grazyna-gronczewska-spotkanie-z-monika-zeromska\/\">https:\/\/pisarze.pl\/2013\/11\/18\/grazyna-gronczewska-spotkanie-z-monika-zeromska\/<\/a><br \/>\n&#8211; <a href=\"http:\/\/polaneis.pl\/miejsca\/muzeum-stefana-zeromskiego-i-jego-rodziny-w-konstancie-jeziornej-mazowsze\">http:\/\/polaneis.pl\/miejsca\/muzeum-stefana-zeromskiego-i-jego-rodziny-w-konstancie-jeziornej-mazowsze<\/a><br \/>\n&#8211; <a href=\"https:\/\/plus.echodnia.eu\/swietokrzyskie\/malarka-podrozniczka-i-pisarka-kim-byla-monika-zeromska\/ar\/12006775\">https:\/\/plus.echodnia.eu\/swietokrzyskie\/malarka-podrozniczka-i-pisarka-kim-byla-monika-zeromska\/ar\/12006775<\/a><br \/>\n&#8211; <a href=\"https:\/\/polona.pl\/search\/?filters=keyword:%C5%BBeromska,_Monika,public:1,hasTextContent:0\">https:\/\/polona.pl\/search\/?filters=keyword:%C5%BBeromska,_Monika,public:1,hasTextContent:0<\/a><br \/>\n&#8211; <a href=\"https:\/\/pl.wikipedia.org\/wiki\/Monika_%C5%BBeromska\">https:\/\/pl.wikipedia.org\/wiki\/Monika_%C5%BBeromska<\/a><\/p>\n<p>&nbsp;<\/p>\n","protected":false},"excerpt":{"rendered":"<p>\u017beromska Wincentyna Maria Monika; rocznica urodzin. Ur. 30 maja 1913 r. we Florencji, zm. 5 pa\u017adziernika 2001 r. w Warszawie. Polska malarka i autorka pi\u0119ciu tom\u00f3w wspomnie\u0144 wydanych przez Sp\u00f3\u0142dzielni\u0119 Wydawnicz\u0105 Czytelnik. C\u00f3rka Stefana \u017beromskiego i Anny Zawadzkiej, z kt\u00f3r\u0105 \u017beromski nie wzi\u0105\u0142 \u015blubu, cho\u0107 w testamencie nakaza\u0142 traktowa\u0107 Ann\u0119 jak \u017con\u0119. Nauk\u0119 pobiera\u0142a w pensji przy ul. Mazowieckiej w Warszawie. Studiowa\u0142a w sto\u0142ecznej Akademii Sztuk Pi\u0119knych w pracowni Tadeusza<span class=\"ellipsis\">&hellip;<\/span><\/p>\n<div class=\"read-more\"><a href=\"https:\/\/pbp.womczest.edu.pl\/new\/zeromska-wincentyna-maria-monika\/\">Czytaj wi\u0119cej &#8250;<\/a><\/div>\n<p><!-- end of .read-more --><\/p>\n","protected":false},"author":6,"featured_media":0,"parent":0,"menu_order":0,"comment_status":"closed","ping_status":"closed","template":"","meta":{"footnotes":""},"jetpack_sharing_enabled":true,"jetpack_shortlink":"https:\/\/wp.me\/PgmV4H-4PL","_links":{"self":[{"href":"https:\/\/pbp.womczest.edu.pl\/new\/wp-json\/wp\/v2\/pages\/18585"}],"collection":[{"href":"https:\/\/pbp.womczest.edu.pl\/new\/wp-json\/wp\/v2\/pages"}],"about":[{"href":"https:\/\/pbp.womczest.edu.pl\/new\/wp-json\/wp\/v2\/types\/page"}],"author":[{"embeddable":true,"href":"https:\/\/pbp.womczest.edu.pl\/new\/wp-json\/wp\/v2\/users\/6"}],"replies":[{"embeddable":true,"href":"https:\/\/pbp.womczest.edu.pl\/new\/wp-json\/wp\/v2\/comments?post=18585"}],"version-history":[{"count":3,"href":"https:\/\/pbp.womczest.edu.pl\/new\/wp-json\/wp\/v2\/pages\/18585\/revisions"}],"predecessor-version":[{"id":20710,"href":"https:\/\/pbp.womczest.edu.pl\/new\/wp-json\/wp\/v2\/pages\/18585\/revisions\/20710"}],"wp:attachment":[{"href":"https:\/\/pbp.womczest.edu.pl\/new\/wp-json\/wp\/v2\/media?parent=18585"}],"curies":[{"name":"wp","href":"https:\/\/api.w.org\/{rel}","templated":true}]}}