


{"id":18550,"date":"2021-07-13T08:45:35","date_gmt":"2021-07-13T06:45:35","guid":{"rendered":"https:\/\/pbp.womczest.edu.pl\/new\/?page_id=18550"},"modified":"2021-07-13T08:45:35","modified_gmt":"2021-07-13T06:45:35","slug":"maraton-czytelniczy-kosmiczne-opowiesci-stanislawa-lema","status":"publish","type":"page","link":"https:\/\/pbp.womczest.edu.pl\/new\/maraton-czytelniczy-kosmiczne-opowiesci-stanislawa-lema\/","title":{"rendered":"Maraton czytelniczy \u201eKosmiczne opowie\u015bci Stanis\u0142awa Lema\u201d"},"content":{"rendered":"<p><strong>\u201eKosmiczne opowie\u015bci Stanis\u0142awa Lema\u201d to\u00a0tytu\u0142 tegorocznego Maratonu Czytelniczego zorganizowanego w\u00a0XX Jubileuszowym Og\u00f3lnopolskim Tygodniu Czytania Dzieciom oraz\u00a0Roku Stanis\u0142aw Lema.<\/strong><\/p>\n<p>28 maja 2021 r. w\u00a0godz.\u00a010.00 \u2013 13.00 nauczyciele i\u00a0uczniowie szk\u00f3\u0142 podstawowych i\u00a0ponadpodstawowych miasta Cz\u0119stochowy uczestniczyli w\u00a0maratonie czytelniczym \u201eKosmiczne opowie\u015bci Stanis\u0142awa Lema\u201d zorganizowanym w\u00a0XX Jubileuszowym Og\u00f3lnopolskim Tygodniu Czytania Dzieciom oraz\u00a0Roku Stanis\u0142aw Lema. W\u00a0tym roku wydarzenie odby\u0142o si\u0119 zdalnie, za\u00a0po\u015brednictwem platformy ClickMeeting.<\/p>\n<p>Maraton mia\u0142 na\u00a0celu promowanie czytania, rozwijanie kompetencji czytelniczych uczni\u00f3w, popularyzowanie literatury science fiction i\u00a0tw\u00f3rczo\u015bci Stanis\u0142awa Lema, a\u00a0tak\u017ce rozwijanie wsp\u00f3\u0142pracy mi\u0119dzybibliotecznej.<\/p>\n<p>Organizatorami wydarzenia byli: Publiczna Biblioteka Pedagogiczna Regionalnego O\u015brodka Doskonalenia Nauczycieli \u201eWOM\u201d w\u00a0Cz\u0119stochowie,\u00a0 Biblioteka Publiczna im.\u00a0dr. W\u0142adys\u0142awa \u00a0Biega\u0144skiego w\u00a0Cz\u0119stochowie, Oddzia\u0142 Stowarzyszenia Bibliotekarzy Polskich, Sekcja Bibliotekarska przy Oddziale Zwi\u0105zku Nauczycielstwa Polskiego w\u00a0Cz\u0119stochowie, Oddzia\u0142 Towarzystwa Nauczycieli Bibliotekarzy Szk\u00f3\u0142 Polskich oraz\u00a0Szko\u0142a Podstawowa nr\u00a053 z\u00a0Oddzia\u0142ami Integracyjnymi im.\u00a0Marii Sk\u0142odowskiej-Curie w\u00a0Cz\u0119stochowie.<\/p>\n<p>Otwarcia maratonu dokona\u0142a pani dr\u00a0Renata Sowada \u2013 pomys\u0142odawczyni tego wydarzenia \u2013 nauczyciel bibliotekarz Szko\u0142y Podstawowej nr\u00a053 z\u00a0Oddzia\u0142ami Integracyjnymi im.\u00a0Marii Sk\u0142odowskiej-Curie w\u00a0Cz\u0119stochowie, przewodnicz\u0105ca Sekcji Bibliotekarskiej przy Zarz\u0105dzie Oddzia\u0142u Zwi\u0105zku Nauczycielstwa Polskiego w\u00a0Cz\u0119stochowie. Nast\u0119pnie g\u0142os zabra\u0142a p.\u00a0Renata Lipniewska, wicedyrektor Regionalnego O\u015brodka Doskonalenia Nauczycieli \u201eWOM\u201d w\u00a0Cz\u0119stochowie ds.\u00a0bibliotek pedagogicznych, kt\u00f3ra\u00a0powita\u0142a zaproszonych go\u015bci, nauczycieli i\u00a0uczni\u00f3w uczestnicz\u0105cych w\u00a0tym wydarzeniu czytelniczym. Pod\u00a0wzgl\u0119dem organizacyjnym nad\u00a0ca\u0142o\u015bci\u0105 spotkania czuwa\u0142y panie Anna D\u0105browska i\u00a0Anna Hiller, nauczyciele bibliotekarze Publicznej Biblioteki Pedagogicznej RODN \u201eWOM\u201d\u00a0w\u00a0Cz\u0119stochowie. Panie przeczyta\u0142y r\u00f3wnie\u017c jedno z\u00a0opowiada\u0144 pt.\u00a0\u201eTrzej elektrycerze\u201d z\u00a0\u201eBajek robot\u00f3w\u201d. Fragment \u201eTestu\u201d\u00a0 z\u00a0\u201eOpowie\u015bci o\u00a0Pilocie Pirxie\u201d zaprezentowa\u0142a pani Magdalena Woch, zast\u0119pczyni naczelnika Wydzia\u0142u Kultury, Promocji i\u00a0Sportu Urz\u0119du Miasta Cz\u0119stochowy. Kolejna osob\u0105 zaproszon\u0105 do\u00a0czytania by\u0142a pani\u00a0Edyta Ksi\u0105\u017cek, wiceprezes Oddzia\u0142u Zwi\u0105zku Nauczycielstwa Polskiego w\u00a0Cz\u0119stochowie, kt\u00f3ra\u00a0przeczyta\u0142a \u201eUranowe uszy\u201d z\u00a0\u201eBajek robot\u00f3w\u201d. Fragment \u201ePatrolu\u201d z\u00a0\u201eOpowie\u015bci o\u00a0Pilocie Pirxie\u201d przeczyta\u0142 pan Rafa\u0142 Piotrowski, naczelnik Wydzia\u0142u Edukacji Urz\u0119du Miasta Cz\u0119stochowa. Pani Alina Grabna, nauczyciel bibliotekarz Zespo\u0142u Szk\u00f3\u0142 Samochodowo-Budowlanych w\u00a0Cz\u0119stochowie, prezes Oddzia\u0142u Towarzystwa Nauczycieli Bibliotekarzy Szk\u00f3\u0142 Polskich w\u00a0Cz\u0119stochowie zaprezentowa\u0142a \u201eBajk\u0119 o\u00a0maszynie cyfrowej, co ze\u00a0smokiem walczy\u0142a\u201d z\u00a0\u201eBajek robot\u00f3w\u201d. Nast\u0119pnie z\u00a0uczestnikami po\u0142\u0105czy\u0142a si\u0119 pani Sylwia G\u00f3ra, specjalista do\u00a0spraw promocji Biblioteki Publicznej im.\u00a0dr. W\u0142adys\u0142awa Biega\u0144skiego w\u00a0Cz\u0119stochowie i\u00a0przeczyta\u0142a \u201eBajk\u0119 o\u00a0kr\u00f3lu Murdasie\u201d r\u00f3wnie\u017c z\u00a0utworu \u201eBajki robot\u00f3w\u201d.\u00a0 Podsumowania spotkania dokona\u0142 pan Andrzej Szostek, dyrektor Szko\u0142y Podstawowej nr\u00a053\u00a0z\u00a0Oddzia\u0142ami Integracyjnymi im.\u00a0Marii Sk\u0142odowskiej-Curie w\u00a0Cz\u0119stochowie.<\/p>\n<p>Maraton czytelniczy, organizowany zawsze w\u00a0Og\u00f3lnopolskim Tygodniu Czytania Dzieciom by\u0142 do\u00a0tej\u00a0pory organizowany na\u00a0\u017cywo. W\u00a0tym roku sytuacja epidemiczna wymusi\u0142a zmian\u0119 formu\u0142y wydarzenia na\u00a0zdaln\u0105, jednak i\u00a0ta forma cieszy\u0142a si\u0119 ogromnym zainteresowaniem. W\u00a0wydarzeniu wzi\u0119\u0142o bowiem udzia\u0142 ponad 350 uczni\u00f3w, ponad 50 nauczycieli i\u00a0zaproszonych go\u015bci. Ca\u0142e spotkanie przebieg\u0142o w\u00a0mi\u0142ej atmosferze, bez\u00a0zak\u0142\u00f3ce\u0144. Uczniowie i\u00a0nauczyciele poznali tw\u00f3rczo\u015b\u0107 Stanis\u0142awa Lema, dowiedzieli si\u0119 ciekawych informacji dotycz\u0105cych \u017cycia i\u00a0tw\u00f3rczo\u015bci znanego na\u00a0ca\u0142ym \u015bwiecie tw\u00f3rcy fantastyki naukowej i\u00a0futurologa.<\/p>\n<p>&nbsp;<\/p>\n<p style=\"text-align: right;\"><em>Tekst: Anna D\u0105browska, <\/em><em>Anna Hiller, <\/em><em>Zdj\u0119cia: Katarzyna Kucharzewska<br \/>\n<\/em><\/p>\n<div id=\"bwg_container1_0\" class=\"bwg_container bwg_thumbnail bwg_thumbnails\" data-right-click-protection=\"0\" data-bwg=\"0\" data-current-url=\"https:\/\/pbp.womczest.edu.pl\/new\/maraton-czytelniczy-kosmiczne-opowiesci-stanislawa-lema-relacja-z-wydarzenia\/\" data-lightbox-url=\"https:\/\/pbp.womczest.edu.pl\/new\/wp-admin\/admin-ajax.php?action=GalleryBox&amp;current_view=0&amp;gallery_id=287&amp;tag=0&amp;theme_id=1&amp;shortcode_id=702&amp;sort_by=order&amp;order_by=asc&amp;current_url=https%3A%2F%2Fpbp.womczest.edu.pl%2Fnew%2Fmaraton-czytelniczy-kosmiczne-opowiesci-stanislawa-lema-relacja-z-wydarzenia%2F\" data-gallery-id=\"287\" data-popup-width=\"800\" data-popup-height=\"500\" data-buttons-position=\"bottom\">\n<div id=\"bwg_container2_0\">\n<div id=\"ajax_loading_0\" class=\"bwg_loading_div_1 bwg-hidden\">\n<div class=\"bwg_loading_div_2\">\n<div class=\"bwg_loading_div_3\">\n<div id=\"loading_div_0\" class=\"bwg_spider_ajax_loading\"><\/div>\n<\/div>\n<\/div>\n<\/div>\n<form id=\"gal_front_form_0\" class=\"\" action=\"#\" method=\"post\" data-current=\"0\" data-shortcode-id=\"702\" data-gallery-type=\"thumbnails\" data-gallery-id=\"287\" data-tag=\"0\" data-album-id=\"0\" data-theme-id=\"1\" data-ajax-url=\"https:\/\/pbp.womczest.edu.pl\/new\/wp-admin\/admin-ajax.php?action=bwg_frontend_data\">\n<div id=\"bwg_container3_0\" class=\"bwg-background bwg-background-0\">\n<div id=\"bwg_thumbnails_0\" class=\"bwg-container-0 bwg-thumbnails bwg-standard-thumbnails bwg-container bwg-border-box\" data-max-count=\"5\" data-thumbnail-width=\"180\" data-bwg=\"0\" data-gallery-id=\"287\" data-lightbox-url=\"https:\/\/pbp.womczest.edu.pl\/new\/wp-admin\/admin-ajax.php?action=GalleryBox&amp;current_view=0&amp;gallery_id=287&amp;tag=0&amp;theme_id=1&amp;shortcode_id=702&amp;sort_by=order&amp;order_by=asc&amp;current_url=https%3A%2F%2Fpbp.womczest.edu.pl%2Fnew%2Fmaraton-czytelniczy-kosmiczne-opowiesci-stanislawa-lema-relacja-z-wydarzenia%2F\">\n<div class=\"bwg-item\">\n<div class=\"bwg-item0 \">\n<div class=\"bwg-item1 \">\n<div class=\"bwg-item2\"><img decoding=\"async\" class=\"skip-lazy bwg_standart_thumb_img_0 \" src=\"https:\/\/pbp.womczest.edu.pl\/new\/wp-content\/uploads\/photo-gallery\/2021_05_28_maraton_czyt\/thumb\/05.jpg?bwg=1622459467\" alt=\"05\" data-id=\"5136\" data-width=\"800\" data-height=\"463\" data-original=\"https:\/\/pbp.womczest.edu.pl\/new\/wp-content\/uploads\/photo-gallery\/2021_05_28_maraton_czyt\/thumb\/05.jpg?bwg=1622459467\" \/><\/div>\n<div class=\"\"><\/div>\n<\/div>\n<\/div>\n<\/div>\n<div class=\"bwg-item\">\n<div class=\"bwg-item0 \">\n<div class=\"bwg-item1 \">\n<div class=\"bwg-item2\"><img decoding=\"async\" class=\"skip-lazy bwg_standart_thumb_img_0 \" src=\"https:\/\/pbp.womczest.edu.pl\/new\/wp-content\/uploads\/photo-gallery\/2021_05_28_maraton_czyt\/thumb\/04.jpg?bwg=1622459467\" alt=\"04\" data-id=\"5135\" data-width=\"800\" data-height=\"601\" data-original=\"https:\/\/pbp.womczest.edu.pl\/new\/wp-content\/uploads\/photo-gallery\/2021_05_28_maraton_czyt\/thumb\/04.jpg?bwg=1622459467\" \/><\/div>\n<div class=\"\"><\/div>\n<\/div>\n<\/div>\n<\/div>\n<div class=\"bwg-item\">\n<div class=\"bwg-item0 \">\n<div class=\"bwg-item1 \">\n<div class=\"bwg-item2\"><img decoding=\"async\" class=\"skip-lazy bwg_standart_thumb_img_0 \" src=\"https:\/\/pbp.womczest.edu.pl\/new\/wp-content\/uploads\/photo-gallery\/2021_05_28_maraton_czyt\/thumb\/09.jpg?bwg=1622459467\" alt=\"09\" data-id=\"5134\" data-width=\"800\" data-height=\"465\" data-original=\"https:\/\/pbp.womczest.edu.pl\/new\/wp-content\/uploads\/photo-gallery\/2021_05_28_maraton_czyt\/thumb\/09.jpg?bwg=1622459467\" \/><\/div>\n<div class=\"\"><\/div>\n<\/div>\n<\/div>\n<\/div>\n<div class=\"bwg-item\">\n<div class=\"bwg-item0 \">\n<div class=\"bwg-item1 \">\n<div class=\"bwg-item2\"><img decoding=\"async\" class=\"skip-lazy bwg_standart_thumb_img_0 \" src=\"https:\/\/pbp.womczest.edu.pl\/new\/wp-content\/uploads\/photo-gallery\/2021_05_28_maraton_czyt\/thumb\/08.jpg?bwg=1622459467\" alt=\"08\" data-id=\"5133\" data-width=\"800\" data-height=\"601\" data-original=\"https:\/\/pbp.womczest.edu.pl\/new\/wp-content\/uploads\/photo-gallery\/2021_05_28_maraton_czyt\/thumb\/08.jpg?bwg=1622459467\" \/><\/div>\n<div class=\"\"><\/div>\n<\/div>\n<\/div>\n<\/div>\n<div class=\"bwg-item\">\n<div class=\"bwg-item0 \">\n<div class=\"bwg-item1 \">\n<div class=\"bwg-item2\"><img decoding=\"async\" class=\"skip-lazy bwg_standart_thumb_img_0 \" src=\"https:\/\/pbp.womczest.edu.pl\/new\/wp-content\/uploads\/photo-gallery\/2021_05_28_maraton_czyt\/thumb\/06.jpg?bwg=1622459467\" alt=\"06\" data-id=\"5132\" data-width=\"800\" data-height=\"465\" data-original=\"https:\/\/pbp.womczest.edu.pl\/new\/wp-content\/uploads\/photo-gallery\/2021_05_28_maraton_czyt\/thumb\/06.jpg?bwg=1622459467\" \/><\/div>\n<div class=\"\"><\/div>\n<\/div>\n<\/div>\n<\/div>\n<div class=\"bwg-item\">\n<div class=\"bwg-item0 \">\n<div class=\"bwg-item1 \">\n<div class=\"bwg-item2\"><img decoding=\"async\" class=\"skip-lazy bwg_standart_thumb_img_0 \" src=\"https:\/\/pbp.womczest.edu.pl\/new\/wp-content\/uploads\/photo-gallery\/2021_05_28_maraton_czyt\/thumb\/07.jpg?bwg=1622459467\" alt=\"07\" data-id=\"5131\" data-width=\"800\" data-height=\"433\" data-original=\"https:\/\/pbp.womczest.edu.pl\/new\/wp-content\/uploads\/photo-gallery\/2021_05_28_maraton_czyt\/thumb\/07.jpg?bwg=1622459467\" \/><\/div>\n<div class=\"\"><\/div>\n<\/div>\n<\/div>\n<\/div>\n<div class=\"bwg-item\">\n<div class=\"bwg-item0 \">\n<div class=\"bwg-item1 \">\n<div class=\"bwg-item2\"><img decoding=\"async\" class=\"skip-lazy bwg_standart_thumb_img_0 \" src=\"https:\/\/pbp.womczest.edu.pl\/new\/wp-content\/uploads\/photo-gallery\/2021_05_28_maraton_czyt\/thumb\/01.jpg?bwg=1622459467\" alt=\"01\" data-id=\"5130\" data-width=\"800\" data-height=\"428\" data-original=\"https:\/\/pbp.womczest.edu.pl\/new\/wp-content\/uploads\/photo-gallery\/2021_05_28_maraton_czyt\/thumb\/01.jpg?bwg=1622459467\" \/><\/div>\n<div class=\"\"><\/div>\n<\/div>\n<\/div>\n<\/div>\n<div class=\"bwg-item\">\n<div class=\"bwg-item0 \">\n<div class=\"bwg-item1 \">\n<div class=\"bwg-item2\"><img decoding=\"async\" class=\"skip-lazy bwg_standart_thumb_img_0 \" src=\"https:\/\/pbp.womczest.edu.pl\/new\/wp-content\/uploads\/photo-gallery\/2021_05_28_maraton_czyt\/thumb\/03.jpg?bwg=1622459467\" alt=\"03\" data-id=\"5129\" data-width=\"800\" data-height=\"601\" data-original=\"https:\/\/pbp.womczest.edu.pl\/new\/wp-content\/uploads\/photo-gallery\/2021_05_28_maraton_czyt\/thumb\/03.jpg?bwg=1622459467\" \/><\/div>\n<div class=\"\"><\/div>\n<\/div>\n<\/div>\n<\/div>\n<div class=\"bwg-item\">\n<div class=\"bwg-item0 \">\n<div class=\"bwg-item1 \">\n<div class=\"bwg-item2\"><img decoding=\"async\" class=\"skip-lazy bwg_standart_thumb_img_0 \" src=\"https:\/\/pbp.womczest.edu.pl\/new\/wp-content\/uploads\/photo-gallery\/2021_05_28_maraton_czyt\/thumb\/001.jpg?bwg=1622459467\" alt=\"001\" data-id=\"5128\" data-width=\"800\" data-height=\"464\" data-original=\"https:\/\/pbp.womczest.edu.pl\/new\/wp-content\/uploads\/photo-gallery\/2021_05_28_maraton_czyt\/thumb\/001.jpg?bwg=1622459467\" \/><\/div>\n<div class=\"\"><\/div>\n<\/div>\n<\/div>\n<\/div>\n<\/div>\n<div class=\"tablenav-pages_0\"><\/div>\n<\/div>\n<\/form>\n<\/div>\n<\/div>\n","protected":false},"excerpt":{"rendered":"<p>\u201eKosmiczne opowie\u015bci Stanis\u0142awa Lema\u201d to\u00a0tytu\u0142 tegorocznego Maratonu Czytelniczego zorganizowanego w\u00a0XX Jubileuszowym Og\u00f3lnopolskim Tygodniu Czytania Dzieciom oraz\u00a0Roku Stanis\u0142aw Lema. 28 maja 2021 r. w\u00a0godz.\u00a010.00 \u2013 13.00 nauczyciele i\u00a0uczniowie szk\u00f3\u0142 podstawowych i\u00a0ponadpodstawowych miasta Cz\u0119stochowy uczestniczyli w\u00a0maratonie czytelniczym \u201eKosmiczne opowie\u015bci Stanis\u0142awa Lema\u201d zorganizowanym w\u00a0XX Jubileuszowym Og\u00f3lnopolskim Tygodniu Czytania Dzieciom oraz\u00a0Roku Stanis\u0142aw Lema. W\u00a0tym roku wydarzenie odby\u0142o si\u0119 zdalnie, za\u00a0po\u015brednictwem platformy ClickMeeting. Maraton mia\u0142 na\u00a0celu promowanie czytania, rozwijanie kompetencji czytelniczych uczni\u00f3w, popularyzowanie literatury science<span class=\"ellipsis\">&hellip;<\/span><\/p>\n<div class=\"read-more\"><a href=\"https:\/\/pbp.womczest.edu.pl\/new\/maraton-czytelniczy-kosmiczne-opowiesci-stanislawa-lema\/\">Czytaj wi\u0119cej &#8250;<\/a><\/div>\n<p><!-- end of .read-more --><\/p>\n","protected":false},"author":6,"featured_media":0,"parent":0,"menu_order":0,"comment_status":"closed","ping_status":"closed","template":"","meta":{"footnotes":""},"jetpack_sharing_enabled":true,"jetpack_shortlink":"https:\/\/wp.me\/PgmV4H-4Pc","_links":{"self":[{"href":"https:\/\/pbp.womczest.edu.pl\/new\/wp-json\/wp\/v2\/pages\/18550"}],"collection":[{"href":"https:\/\/pbp.womczest.edu.pl\/new\/wp-json\/wp\/v2\/pages"}],"about":[{"href":"https:\/\/pbp.womczest.edu.pl\/new\/wp-json\/wp\/v2\/types\/page"}],"author":[{"embeddable":true,"href":"https:\/\/pbp.womczest.edu.pl\/new\/wp-json\/wp\/v2\/users\/6"}],"replies":[{"embeddable":true,"href":"https:\/\/pbp.womczest.edu.pl\/new\/wp-json\/wp\/v2\/comments?post=18550"}],"version-history":[{"count":1,"href":"https:\/\/pbp.womczest.edu.pl\/new\/wp-json\/wp\/v2\/pages\/18550\/revisions"}],"predecessor-version":[{"id":18551,"href":"https:\/\/pbp.womczest.edu.pl\/new\/wp-json\/wp\/v2\/pages\/18550\/revisions\/18551"}],"wp:attachment":[{"href":"https:\/\/pbp.womczest.edu.pl\/new\/wp-json\/wp\/v2\/media?parent=18550"}],"curies":[{"name":"wp","href":"https:\/\/api.w.org\/{rel}","templated":true}]}}