


{"id":18468,"date":"2021-07-07T11:49:36","date_gmt":"2021-07-07T09:49:36","guid":{"rendered":"https:\/\/pbp.womczest.edu.pl\/new\/?page_id=18468"},"modified":"2021-07-07T11:49:36","modified_gmt":"2021-07-07T09:49:36","slug":"zawody-naszych-rodzicow","status":"publish","type":"page","link":"https:\/\/pbp.womczest.edu.pl\/new\/zawody-naszych-rodzicow\/","title":{"rendered":"Zawody naszych rodzic\u00f3w"},"content":{"rendered":"<p>Publiczna Biblioteka Pedagogiczna RODN \u201eWOM\u201d w Cz\u0119stochowie we wsp\u00f3\u0142pracy z Przedszkolem Publicznym Si\u00f3str Nazaretanek im. \u015awi\u0119tej Rodziny w Cz\u0119stochowie realizowa\u0142a w roku szkolnym 2020\/2021 projekt edukacyjny \u201eZawody naszych rodzic\u00f3w\u201d. Projekt skierowany by\u0142 do dzieci 4-letnich i przeprowadzono go w okresie pa\u017adziernik 2020 \u2013 lipiec 2021. Celem projektu by\u0142o kszta\u0142towanie postaw spo\u0142ecznych i obywatelskich u dzieci w wieku przeszklonym oraz promowanie tre\u015bci z zakresu doradztwa zawodowego. Zaj\u0119cia dla dzieci opracowa\u0142a i przeprowadzi\u0142a dr Agata Arkabus \u2013 nauczyciel bibliotekarz PBP RODN \u201eWOM\u201d w Cz\u0119stochowie.<\/p>\n<p>W zwi\u0105zku z panuj\u0105c\u0105 sytuacj\u0105 epidemiologiczn\u0105 zaj\u0119cia odbywa\u0142y si\u0119 wy\u0142\u0105cznie na terenie plac\u00f3wki przedszkolnej. Podczas ca\u0142orocznych spotka\u0144 dzieci uczestniczy\u0142y w nast\u0119puj\u0105cych zaj\u0119ciach edukacyjnych:<\/p>\n<p>&#8211; Wszyscy dla wszystkich.<\/p>\n<p>&#8211; Poznajemy prac\u0119 krawca.<\/p>\n<p>&#8211; Poznajemy prac\u0119 kucharza.<\/p>\n<p>&#8211; Poznajemy prac\u0119 tancerzy.<\/p>\n<p>&#8211; Poznajemy prac\u0119 stra\u017caka.<\/p>\n<p>&#8211; Poznajemy prac\u0119 mechanika.<\/p>\n<p>&#8211; Kim b\u0119d\u0119 w przysz\u0142o\u015bci?<\/p>\n<p>Prezentowane zawody opiera\u0142y si\u0119 na ka\u017cdorazowym spotkaniu dzieci z Pap\u0105 Smerfem i Smerfetk\u0105, kt\u00f3rzy wprowadzali w tematyk\u0119 zaj\u0119\u0107. Na przyk\u0142adzie wioski Smerf\u00f3w nauczycielka t\u0142umaczy\u0142a zale\u017cno\u015bci mi\u0119dzy wykonywanymi zawodami, por\u00f3wnywa\u0142a je do codziennych do\u015bwiadcze\u0144 otaczaj\u0105cej dzieci rzeczywisto\u015bci.<\/p>\n<p>Przedszkolaki podczas zaj\u0119\u0107 poznawa\u0142y prac\u0119 ludzi wykonuj\u0105cych r\u00f3\u017cne zawody. Podczas spotka\u0144 omawiaj\u0105cych prac\u0119 tancerzy i muzyk\u00f3w, dzieci mog\u0142y pos\u0142ucha\u0107 od zaproszonych uczennic szko\u0142y baletowej oraz szko\u0142y muzycznej o nauce, do\u015bwiadczeniach i \u0107wiczeniach, kt\u00f3re przygotowuj\u0105 do wykonywania powy\u017cszych zawod\u00f3w.<\/p>\n<p>&nbsp;<\/p>\n<p>&nbsp;<\/p>\n","protected":false},"excerpt":{"rendered":"<p>Publiczna Biblioteka Pedagogiczna RODN \u201eWOM\u201d w Cz\u0119stochowie we wsp\u00f3\u0142pracy z Przedszkolem Publicznym Si\u00f3str Nazaretanek im. \u015awi\u0119tej Rodziny w Cz\u0119stochowie realizowa\u0142a w roku szkolnym 2020\/2021 projekt edukacyjny \u201eZawody naszych rodzic\u00f3w\u201d. Projekt skierowany by\u0142 do dzieci 4-letnich i przeprowadzono go w okresie pa\u017adziernik 2020 \u2013 lipiec 2021. Celem projektu by\u0142o kszta\u0142towanie postaw spo\u0142ecznych i obywatelskich u dzieci w wieku przeszklonym oraz promowanie tre\u015bci z zakresu doradztwa zawodowego. Zaj\u0119cia dla dzieci opracowa\u0142a i<span class=\"ellipsis\">&hellip;<\/span><\/p>\n<div class=\"read-more\"><a href=\"https:\/\/pbp.womczest.edu.pl\/new\/zawody-naszych-rodzicow\/\">Czytaj wi\u0119cej &#8250;<\/a><\/div>\n<p><!-- end of .read-more --><\/p>\n","protected":false},"author":6,"featured_media":0,"parent":0,"menu_order":0,"comment_status":"closed","ping_status":"closed","template":"","meta":{"footnotes":""},"jetpack_sharing_enabled":true,"jetpack_shortlink":"https:\/\/wp.me\/PgmV4H-4NS","_links":{"self":[{"href":"https:\/\/pbp.womczest.edu.pl\/new\/wp-json\/wp\/v2\/pages\/18468"}],"collection":[{"href":"https:\/\/pbp.womczest.edu.pl\/new\/wp-json\/wp\/v2\/pages"}],"about":[{"href":"https:\/\/pbp.womczest.edu.pl\/new\/wp-json\/wp\/v2\/types\/page"}],"author":[{"embeddable":true,"href":"https:\/\/pbp.womczest.edu.pl\/new\/wp-json\/wp\/v2\/users\/6"}],"replies":[{"embeddable":true,"href":"https:\/\/pbp.womczest.edu.pl\/new\/wp-json\/wp\/v2\/comments?post=18468"}],"version-history":[{"count":1,"href":"https:\/\/pbp.womczest.edu.pl\/new\/wp-json\/wp\/v2\/pages\/18468\/revisions"}],"predecessor-version":[{"id":18469,"href":"https:\/\/pbp.womczest.edu.pl\/new\/wp-json\/wp\/v2\/pages\/18468\/revisions\/18469"}],"wp:attachment":[{"href":"https:\/\/pbp.womczest.edu.pl\/new\/wp-json\/wp\/v2\/media?parent=18468"}],"curies":[{"name":"wp","href":"https:\/\/api.w.org\/{rel}","templated":true}]}}