


{"id":18181,"date":"2021-06-17T09:56:16","date_gmt":"2021-06-17T07:56:16","guid":{"rendered":"https:\/\/pbp.womczest.edu.pl\/new\/?page_id=18181"},"modified":"2022-03-04T11:48:11","modified_gmt":"2022-03-04T10:48:11","slug":"miro-joan","status":"publish","type":"page","link":"https:\/\/pbp.womczest.edu.pl\/new\/miro-joan\/","title":{"rendered":"Mir\u00f3 Joan"},"content":{"rendered":"<p><strong>Mir\u00f3 Joan<\/strong>;<strong> rocznica<\/strong> <strong>\u015bmierci<\/strong>. Urodzony 20 kwietnia 1893 r. w Barcelonie, zmar\u0142 25 grudnia 1983 r. w Palma de Mallorca: katalo\u0144ski malarz, rze\u017abiarz i ceramik. Jego dzie\u0142a nale\u017c\u0105ce do nurtu surrealizmu s\u0105 wyrazem powrotu do dzieci\u0144stwa i interpretowane jako \u201epiaskownice dla pod\u015bwiadomo\u015bci\u201d. Styl Mir\u00f3 to po\u0142\u0105czenie prostej formy i bardzo \u017cywych kolor\u00f3w. Prace odzwierciedlaj\u0105 t\u0119sknot\u0119 artysty za dzieci\u0144stwem, kojarz\u0105 si\u0119 bowiem z rysunkami ma\u0142ego dziecka. Joan Mir\u00f3 urodzi\u0142 si\u0119 jako syn z\u0142otnika i jubilera. Mia\u0142 zosta\u0107 powa\u017cnym biznesmenem, r\u00f3wnolegle ze sztuk\u0105 studiowa\u0142 nawet biznes. Niezbyt d\u0142ugo jednak pracowa\u0142 w zawodzie ksi\u0119gowego. Przyp\u0142acaj\u0105c to za\u0142amaniem nerwowym odda\u0142 si\u0119 ca\u0142kowicie sztuce. Pocz\u0105tkowo Mir\u00f3 tworzy\u0142 w r\u00f3\u017cnych stylach, na przyk\u0142ad fowistycznym i kubistycznym. Po roku 1920 zamieszka\u0142 w Pary\u017cu, gdzie pozna\u0142 Pabla Picassa, Wasilija Kandinskiego i innych znanych artyst\u00f3w. W 1924 roku do\u0142\u0105czy\u0142 do surrealist\u00f3w z kr\u0119gu Andr\u00e9 Bretona, zawsze jednak pozostaj\u0105c nieco z boku. Ten fakt pozwoli\u0142 mu eksperymentowa\u0107 z r\u00f3\u017cnymi stylami bez obawy, \u017ce zostanie wykluczony ze \u015brodowiska. Niezale\u017cno\u015b\u0107 ta jest mocno widoczna w jego pracach. Pod wp\u0142ywem surrealist\u00f3w rozwin\u0105\u0142 sw\u00f3j indywidualny styl, czyli zestawianie i umieszczanie w s\u0105siedztwie kolorowych znak\u00f3w i poetyckich form, kt\u00f3re kojarz\u0105 si\u0119 zarazem z pozornie naiwn\u0105 \u015bwie\u017co\u015bci\u0105 inwencji i z wybuja\u0142ym oraz barokowym duchem katalo\u0144skim. Jego stylistyka to <em>organiczne<\/em> formy i <em>sp\u0142aszczony <\/em>rysunek o ostrych liniach. Styl Mir\u00f3 wykszta\u0142ci\u0142 si\u0119 ostatecznie z pocz\u0105tkiem lat 30. 20 wieku. Charakterystyczne \u017cywe kolory i proste formy to typowy styl Mir\u00f3. Andr\u00e9 Breton, tw\u00f3rca surrealizmu i jeden spo\u015br\u00f3d jego bardziej radykalnych teoretyk\u00f3w, nazwa\u0142 Mir\u00f3 <em>najbardziej surrealistycznym spo\u015br\u00f3d nas wszystkich<\/em>. W tych czasach Mir\u00f3 zyska\u0142 s\u0142aw\u0119 i zacz\u0105\u0142 by\u0107 rozpoznawalny poza granicami Francji. W latach 1940\u20131948 Mir\u00f3 wr\u00f3ci\u0142 do Hiszpanii i zacz\u0105\u0142 pracowa\u0107 z r\u00f3\u017cnymi mediami: rze\u017ab\u0105, ceramik\u0105 i muralami, czyli malarstwem \u015bciennym. W 1947 roku wyjecha\u0142 po raz pierwszy do Stan\u00f3w Zjednoczonych, gdzie mia\u0142 kilka monograficznych wystaw z najwa\u017cniejsz\u0105 spo\u015br\u00f3d nich w Museum of Modern Art w Nowym Jorku w latach: 1951 oraz 1959. W roku 1954 Mir\u00f3 zdoby\u0142 nagrod\u0119 na Biennale w Wenecji. W 1959 roku Andr\u00e9 Breton poprosi\u0142 Mir\u00f3, aby wzi\u0105\u0142 udzia\u0142 w wystawie <em>Ho\u0142d surrealizmowi<\/em> wraz z Enrique T\u00e1bar\u0105, Salvadorem Dalim i Eugenio Granellem. W tym samym roku Mir\u00f3 otrzyma\u0142 Guggenheim International Award. Z pocz\u0105tkiem lat 60. 20 wieku jego prace doceni\u0142y najwi\u0119ksze muzea na \u015bwiecie, organizuj\u0105c mu wystawy, a Mir\u00f3 tworzy\u0142 ilustracje, litografie i monumentalne rze\u017aby dla za\u0142o\u017conej przez Aime\u00e9 Maeghta, s\u0142awnego marszanda sztuki, <em>Fundacji Maeghta<\/em>. W roku 1968 Mir\u00f3 uzyska\u0142 doktorat honoris causa Uniwersytetu Harvarda, a w 1979 roku Uniwersytetu Barcelo\u0144skiego. W 1968 roku uko\u0144czy\u0142 realizacje zam\u00f3wie\u0144 na dwie du\u017ce kompozycje ceramiczne, dla siedziby <em>UNESCO <\/em>w Pary\u017cu: <em>\u015acian\u0119 Ksi\u0119\u017cyca<\/em> oraz <em>\u015acian\u0119 S\u0142o\u0144ca<\/em>. W roku 1972 powsta\u0142a <em>Fundacja Mir\u00f3<\/em>, czyli muzeum sztuki wsp\u00f3\u0142czesnej po\u015bwi\u0119cone jego tw\u00f3rczo\u015bci. W 1980 roku Mir\u00f3 dosta\u0142 Z\u0142oty Medal Sztuk Pi\u0119knych z r\u0105k kr\u00f3la Hiszpanii Juana Carlosa. Pod koniec \u017cycia Mir\u00f3 zacz\u0105\u0142 korzysta\u0107 z r\u00f3\u017cnych form wyrazu, tworz\u0105c mi\u0119dzy innymi setki ceramik. Zmar\u0142 w swym domu w Palma de Mallorca 25 grudnia 1983 roku. Wiele jego dzie\u0142 mo\u017cna obejrze\u0107 w Fundacji Joana Mir\u00f3 w Montju\u00efc w Barcelonie i w National Gallery of Art w Waszyngtonie. Tytu\u0142y wybranych prac artysty to: <em>Karnawa\u0142 arlekina<\/em> z lat 1924\u20131925; <em>Wn\u0119trze holenderskie<\/em> 1928 r.; <em>Macierzy\u0144stwo<\/em> 1929 r.; <em>Rze\u017aba Konstrukcje<\/em> 1930 r.; <em>Kobieta, ptak, gwiazda<\/em> 1942 r.; <em>Snobistyczny wiecz\u00f3r u ksi\u0119\u017cniczki<\/em> 1944 r.; <em>Kobieta w nocy<\/em> 1945 r.; <em>Rze\u017aba Ptak<\/em> z lat 1944\u20131946; Ceramiczna dekoracja przed gmachem <em>UNESCO<\/em> w Pary\u017cu z lat 1951\u20131958; Ceramiczna dekoracja dla Uniwersytetu <em>Harwarda<\/em> z lat 1951\u20131958; <em>Trzy ptaki<\/em> <em>w przestrzeni<\/em> z lat 1938\u20131960.<\/p>\n<p>\u0179r\u00f3d\u0142a:<br \/>\n<a href=\"https:\/\/www.spain.info\/pl\/szlak\/miro\/\">https:\/\/www.spain.info\/pl\/szlak\/miro\/<\/a><br \/>\n<a href=\"https:\/\/pl.pinterest.com\/thonir\/joan-miro\/\">https:\/\/pl.pinterest.com\/thonir\/joan-miro\/<\/a><br \/>\n<a href=\"https:\/\/pl.wikipedia.org\/wiki\/Joan_Mir%C3%B3\">https:\/\/pl.wikipedia.org\/wiki\/Joan_Mir%C3%B3<\/a><\/p>\n","protected":false},"excerpt":{"rendered":"<p>Mir\u00f3 Joan; rocznica \u015bmierci. Urodzony 20 kwietnia 1893 r. w Barcelonie, zmar\u0142 25 grudnia 1983 r. w Palma de Mallorca: katalo\u0144ski malarz, rze\u017abiarz i ceramik. Jego dzie\u0142a nale\u017c\u0105ce do nurtu surrealizmu s\u0105 wyrazem powrotu do dzieci\u0144stwa i interpretowane jako \u201epiaskownice dla pod\u015bwiadomo\u015bci\u201d. Styl Mir\u00f3 to po\u0142\u0105czenie prostej formy i bardzo \u017cywych kolor\u00f3w. Prace odzwierciedlaj\u0105 t\u0119sknot\u0119 artysty za dzieci\u0144stwem, kojarz\u0105 si\u0119 bowiem z rysunkami ma\u0142ego dziecka. Joan Mir\u00f3 urodzi\u0142 si\u0119 jako<span class=\"ellipsis\">&hellip;<\/span><\/p>\n<div class=\"read-more\"><a href=\"https:\/\/pbp.womczest.edu.pl\/new\/miro-joan\/\">Czytaj wi\u0119cej &#8250;<\/a><\/div>\n<p><!-- end of .read-more --><\/p>\n","protected":false},"author":6,"featured_media":0,"parent":0,"menu_order":0,"comment_status":"closed","ping_status":"closed","template":"","meta":{"footnotes":""},"jetpack_sharing_enabled":true,"jetpack_shortlink":"https:\/\/wp.me\/PgmV4H-4Jf","_links":{"self":[{"href":"https:\/\/pbp.womczest.edu.pl\/new\/wp-json\/wp\/v2\/pages\/18181"}],"collection":[{"href":"https:\/\/pbp.womczest.edu.pl\/new\/wp-json\/wp\/v2\/pages"}],"about":[{"href":"https:\/\/pbp.womczest.edu.pl\/new\/wp-json\/wp\/v2\/types\/page"}],"author":[{"embeddable":true,"href":"https:\/\/pbp.womczest.edu.pl\/new\/wp-json\/wp\/v2\/users\/6"}],"replies":[{"embeddable":true,"href":"https:\/\/pbp.womczest.edu.pl\/new\/wp-json\/wp\/v2\/comments?post=18181"}],"version-history":[{"count":3,"href":"https:\/\/pbp.womczest.edu.pl\/new\/wp-json\/wp\/v2\/pages\/18181\/revisions"}],"predecessor-version":[{"id":19835,"href":"https:\/\/pbp.womczest.edu.pl\/new\/wp-json\/wp\/v2\/pages\/18181\/revisions\/19835"}],"wp:attachment":[{"href":"https:\/\/pbp.womczest.edu.pl\/new\/wp-json\/wp\/v2\/media?parent=18181"}],"curies":[{"name":"wp","href":"https:\/\/api.w.org\/{rel}","templated":true}]}}