


{"id":18036,"date":"2021-06-10T10:36:58","date_gmt":"2021-06-10T08:36:58","guid":{"rendered":"https:\/\/pbp.womczest.edu.pl\/new\/?page_id=18036"},"modified":"2022-03-04T12:48:07","modified_gmt":"2022-03-04T11:48:07","slug":"kluba-henryk","status":"publish","type":"page","link":"https:\/\/pbp.womczest.edu.pl\/new\/kluba-henryk\/","title":{"rendered":"Kluba Henryk"},"content":{"rendered":"<p><strong>Kluba Henryk;<\/strong> 9 stycznia 1931 r. w Przystajni ko\u0142o Cz\u0119stochowy, zm. 11 czerwca 2005 r. w Koninie: polski re\u017cyser filmowy, aktor, producent filmowy, oraz pedagog i wieloletni rektor \u0142\u00f3dzkiej szko\u0142y filmowej. W roku 1951 uko\u0144czy\u0142 studium teatralne przy Teatrze im. A. Mickiewicza w Cz\u0119stochowie. Pracowa\u0142 jako dziennikarz i kierownik cz\u0119stochowskiej mutacji <em>Dziennika \u0141\u00f3dzkiego<\/em>. Studiowa\u0142 filologi\u0119 klasyczn\u0105 w Uniwersytecie we Wroc\u0142awiu. W 1958 r. uko\u0144czy\u0142 Studia w Wydziale Re\u017cyserii, w Pa\u0144stwowej Wy\u017cszej Szkole Filmowej, Telewizyjnej i Teatralnej im. Leona Schillera w \u0141odzi. Dyplom w roku 1969. Jako aktor debiutowa\u0142 w szkolnych filmach Romana Pola\u0144skiego. Gra\u0142 r\u00f3wnie\u017c w wi\u0119kszo\u015bci film\u00f3w re\u017cyserowanych przez siebie.\u00a0 Pocz\u0105tkowo by\u0142 asystentem re\u017cysera. W 1966 r. zadebiutowa\u0142 jako re\u017cyser film\u00f3w fabularnych filmem <em>Chudy i inni<\/em>. W 1986 r. zosta\u0142 przewodnicz\u0105cym Zespo\u0142u Filmowego Narodowej Rady Kultury. W latach 1987\u20131989 by\u0142 cz\u0142onkiem Komitetu Kinematografii. Od 1967 r. by\u0142 pracownikiem naukowym PWSFTviT w \u0141odzi. W latach 1978\u20131981 i 1993\u20131996 by\u0142 dziekanem wydzia\u0142u re\u017cyserii, w latach 1982 &#8211; 1990 i 1996 &#8211; 2002 by\u0142 rektorem tej uczelni. W grudniu 1987 r. zosta\u0142 mu nadany tytu\u0142 profesora nadzwyczajnego sztuki filmowej. Wyk\u0142adowca w Wy\u017cszej Szkole Sztuki i Projektowania w \u0141odzi. Zmar\u0142 nagle w pokoju hotelowym podczas 51. edycji festiwalu Film\u00f3w Amatorskich OKFA, gdzie przewodniczy\u0142 obradom jury. Spoczywa w Alei Zas\u0142u\u017conych\u00a0 Cmentarza Komunalnego na Do\u0142ach w \u0141odzi.<\/p>\n<p>\u0179r\u00f3d\u0142a:<br \/>\n<a href=\"https:\/\/filmpolski.pl\/fp\/index.php?osoba=111312\">https:\/\/filmpolski.pl\/fp\/index.php?osoba=111312<\/a>,<br \/>\n<a href=\"https:\/\/culture.pl\/pl\/tworca\/henryk-kluba\">https:\/\/culture.pl\/pl\/tworca\/henryk-kluba<\/a><\/p>\n","protected":false},"excerpt":{"rendered":"<p>Kluba Henryk; 9 stycznia 1931 r. w Przystajni ko\u0142o Cz\u0119stochowy, zm. 11 czerwca 2005 r. w Koninie: polski re\u017cyser filmowy, aktor, producent filmowy, oraz pedagog i wieloletni rektor \u0142\u00f3dzkiej szko\u0142y filmowej. W roku 1951 uko\u0144czy\u0142 studium teatralne przy Teatrze im. A. Mickiewicza w Cz\u0119stochowie. Pracowa\u0142 jako dziennikarz i kierownik cz\u0119stochowskiej mutacji Dziennika \u0141\u00f3dzkiego. Studiowa\u0142 filologi\u0119 klasyczn\u0105 w Uniwersytecie we Wroc\u0142awiu. W 1958 r. uko\u0144czy\u0142 Studia w Wydziale Re\u017cyserii, w Pa\u0144stwowej<span class=\"ellipsis\">&hellip;<\/span><\/p>\n<div class=\"read-more\"><a href=\"https:\/\/pbp.womczest.edu.pl\/new\/kluba-henryk\/\">Czytaj wi\u0119cej &#8250;<\/a><\/div>\n<p><!-- end of .read-more --><\/p>\n","protected":false},"author":6,"featured_media":0,"parent":0,"menu_order":0,"comment_status":"closed","ping_status":"closed","template":"","meta":{"footnotes":""},"jetpack_sharing_enabled":true,"jetpack_shortlink":"https:\/\/wp.me\/PgmV4H-4GU","_links":{"self":[{"href":"https:\/\/pbp.womczest.edu.pl\/new\/wp-json\/wp\/v2\/pages\/18036"}],"collection":[{"href":"https:\/\/pbp.womczest.edu.pl\/new\/wp-json\/wp\/v2\/pages"}],"about":[{"href":"https:\/\/pbp.womczest.edu.pl\/new\/wp-json\/wp\/v2\/types\/page"}],"author":[{"embeddable":true,"href":"https:\/\/pbp.womczest.edu.pl\/new\/wp-json\/wp\/v2\/users\/6"}],"replies":[{"embeddable":true,"href":"https:\/\/pbp.womczest.edu.pl\/new\/wp-json\/wp\/v2\/comments?post=18036"}],"version-history":[{"count":4,"href":"https:\/\/pbp.womczest.edu.pl\/new\/wp-json\/wp\/v2\/pages\/18036\/revisions"}],"predecessor-version":[{"id":19905,"href":"https:\/\/pbp.womczest.edu.pl\/new\/wp-json\/wp\/v2\/pages\/18036\/revisions\/19905"}],"wp:attachment":[{"href":"https:\/\/pbp.womczest.edu.pl\/new\/wp-json\/wp\/v2\/media?parent=18036"}],"curies":[{"name":"wp","href":"https:\/\/api.w.org\/{rel}","templated":true}]}}