


{"id":18032,"date":"2021-06-10T10:35:31","date_gmt":"2021-06-10T08:35:31","guid":{"rendered":"https:\/\/pbp.womczest.edu.pl\/new\/?page_id=18032"},"modified":"2022-03-04T12:47:23","modified_gmt":"2022-03-04T11:47:23","slug":"kern-jerzy-ludwik","status":"publish","type":"page","link":"https:\/\/pbp.womczest.edu.pl\/new\/kern-jerzy-ludwik\/","title":{"rendered":"Kern Jerzy Ludwik"},"content":{"rendered":"<p><strong>Kern Jerzy Ludwik; rocznica urodzin poety.<\/strong> Urodzi\u0142 si\u0119 w \u0141odzi 29 grudnia 1920 r. Zmar\u0142 29 pa\u017adziernika 2010 r. w Krakowie: polski poeta, dziennikarz i satyryk, znany jest przede wszystkim jako autor tekst\u00f3w piosenek. Tworzy\u0142 pod nast\u0119puj\u0105cymi pseudonimami literackimi: <em>Dr Wist, Eljotka, Fra Lodowico Giorgio Cern, H. Olekinaz, Holekinaz, Louis George Cern, Ludwik Jerzy Coeurn, Ludwik Jerzy \u017byczliwy, Ob. L., Ob. L.J.K., Top.<\/em> Poeta by\u0142 synem Ludwika Kerna i Marii Gertner. Ucz\u0119szcza\u0142 do Liceum Humanistycznego Aleksego Zimowskiego w \u0141odzi, gdzie zda\u0142 matur\u0119. Jako poeta debiutowa\u0142 w 1938 r. w <em>Ilustrowanym Kurierze Codziennym. <\/em>W czasie 2 Wojny \u015awiatowej walczy\u0142 w kampanii wrze\u015bniowej. Po tym za\u015b jak upad\u0142o Powstanie Warszawskie przeni\u00f3s\u0142 si\u0119 do Krakowa, by ju\u017c od 1947 r. zamieszka\u0107 ponownie w \u0141odzi. Tutaj pracowa\u0142 w Agencji Prasowej <em>Polpress<\/em>, a tak\u017ce na kr\u00f3tko podj\u0105\u0142 wsp\u00f3\u0142prac\u0119 z <em>G\u0142osem Robotniczym<\/em> oraz pismem <em>R\u00f3zgi bij\u0105 co tydzie\u0144.<\/em>\u00a0 R\u00f3wnocze\u015bnie podj\u0105\u0142 te\u017c studia, kt\u00f3rych jednak nie uda\u0142o mu si\u0119\u00a0 uko\u0144czy\u0107, w Pa\u0144stwowej Wy\u017cszej Szkole Teatralnej. W 1948 r. przeni\u00f3s\u0142 si\u0119 na sta\u0142e do Krakowa. W latach 1948 \u2013 1982 pracowa\u0142 jako redaktor tygodnika <em>Przekr\u00f3j.<\/em>\u00a0 By\u0142 nim a\u017c do momentu przeniesienia redakcji do Warszawy. Do planu przeniesienia redakcji odnosi\u0142 si\u0119 z dezaprobat\u0105. W <em>Przekroju<\/em> redagowa\u0142 dzia\u0142 <em>Rozmaito\u015bci<\/em>, gdzie publikowa\u0142 swe wiersze, m. in. cykle: <em>Gry i zabawy ludu polskiego, <\/em>\u00a0<em>Imiona nadwi\u015bla\u0144skie<\/em>, a tak\u017ce reporta\u017ce z: W. Brytanii, Japonii, przek\u0142ady literackie i recenzje. Ponadto swoje utwory publikowa\u0142 te\u017c m. in. w:\u00a0 <em>\u015awiecie<\/em>, <em>P\u0142omyku<\/em> i <em>P\u0142omyczku<\/em>. Pod koniec \u017cycia sporadycznie publikowa\u0142 swe utwory w miesi\u0119czniku Krak\u00f3w. Nale\u017ca\u0142 do <em>Zwi\u0105zku Zawodowego Dziennikarzy Polskich RP <\/em>i <em>Stowarzyszenia Dziennikarzy Polskich. P<\/em>onadto do <em>Zwi\u0105zku Literat\u00f3w Polskich<\/em> i <em>Stowarzyszenia Pisarzy Polskich. <\/em>\u00a0Ludwik Jerzy Kern by\u0142 dwukrotnie \u017conaty: z Adel\u0105 Nowick\u0105 w latach 1942 \u2013 1948 i z Mart\u0105 Stebnick\u0105 od 1954 r\u00a0 Ludwik Jerzy Kern da\u0142 si\u0119 pozna\u0107 zw\u0142aszcza jako satyryk i tw\u00f3rca piosenek dla dzieci. Pierwsze utwory satyryczne napisa\u0142 w 1945 r. i od razu drukowane by\u0142y w <em>Szpilkach.<\/em> W 2000 r. ukaza\u0142a si\u0119 jego ksi\u0105\u017cka <em>Moje abecad\u0142owo<\/em>, w kt\u00f3rej pisarz przedstawi\u0142 sylwetki przyjaci\u00f3\u0142 i znajomych zwi\u0105zanych z <em>Przekrojem<\/em>. Nast\u0119pna jego ksi\u0105\u017cka <em>Pogaduszki<\/em> ukaza\u0142a si\u0119 w 2002 r.. Zawarte by\u0142y w niej rozmowy Kerna o <em>Przekroju<\/em> i \u015brodowisku literacko \u2013 artystycznym Krakowa, m. in. z Tadeuszem Bazylewiczem, Marianem Eile, Jerzym Grohmanem czy Stefanem Kisielewskim. Kern zajmowa\u0142 si\u0119 te\u017c t\u0142umaczeniami. T\u0142umaczy\u0142 z j\u0119zyka francuskiego i angielskiego, m. in. ksi\u0105\u017cki Roalda Dahla, Uri Orleva, czy tw\u00f3rczo\u015b\u0107 Isaaca Bashevisa Singera oraz Ogdena Nasha. By\u0142 r\u00f3wnie\u017c wsp\u00f3\u0142autorem autorskich program\u00f3w satyrycznych nadawanych w telewizji, jak chocia\u017cby <em>Kernalia<\/em>, <em>Trzy tysi\u0105ce sekund z Ludwikiem Jerzym Kernem, Kuchenny walc<\/em>, czy <em>Kwadrans pod psem.<\/em> <em>Wiersze i piosenki<\/em>. W utworach satyrycznych Kern celnie opisywa\u0142 i wy\u015bmiewa\u0142 nasz obyczaj, ale nie da si\u0119 te\u017c zaprzeczy\u0107, \u017ce z jego wierszy satyrycznych wyziera spora dawka liryki. Ludwik Jerzy Kern stworzy\u0142 te\u017c teksty do wielu piosenek, np.: <em>W kalendarzu jest taki dzie\u0144, Lato, lato, Wojna domowa, Nie b\u0105d\u017a taki szybki Bill, Cicha woda, <\/em>kt\u00f3re w swym repertuarze mieli m. in.: Mieczys\u0142aw Fogg, Maria Koterbska, Halina Kunicka, czy Zbigniew Kurtycz. Dodatkowo piosenki te wykorzystywano\u00a0 w filmach fabularnych i serialach telewizyjnych: <em>Szatan z si\u00f3dmej klasy 1960 r., Wojna domowa 1965 r. <\/em>Do najbardziej popularnych utwor\u00f3w dla dzieci Ludwika Jerzego Kerna mo\u017cna zaliczy\u0107 ksi\u0105\u017cki: <em>Ferdynand Wspania\u0142y<\/em> czy <em>Prosz\u0119 s\u0142onia,<\/em> na podstawie kt\u00f3rych nakr\u0119cono znane dobranocki. Tw\u00f3rca spoczywa w grobie krakowskiego Cmentarza Rakowickiego.<\/p>\n<p>\u0179r\u00f3d\u0142a:<br \/>\n<a href=\"https:\/\/pl.wikipedia.org\/wiki\/Ludwik_Jerzy_Kern\">https:\/\/pl.wikipedia.org\/wiki\/Ludwik_Jerzy_Kern<\/a>,<br \/>\n<a href=\"https:\/\/filmpolski.pl\/fp\/index.php?film=429900\">https:\/\/filmpolski.pl\/fp\/index.php?film=429900<\/a>,<br \/>\n<a href=\"https:\/\/culture.pl\/pl\/tworca\/ludwik-jerzy-kern\">https:\/\/culture.pl\/pl\/tworca\/ludwik-jerzy-kern<\/a>,<br \/>\n<a href=\"https:\/\/wypracowania.pl\/biografie\/ludwik-jerzy-kern-biografia-i-charakterystyka-tworczosci\">https:\/\/wypracowania.pl\/biografie\/ludwik-jerzy-kern-biografia-i-charakterystyka-tworczosci<\/a><\/p>\n<p>&nbsp;<\/p>\n","protected":false},"excerpt":{"rendered":"<p>Kern Jerzy Ludwik; rocznica urodzin poety. Urodzi\u0142 si\u0119 w \u0141odzi 29 grudnia 1920 r. Zmar\u0142 29 pa\u017adziernika 2010 r. w Krakowie: polski poeta, dziennikarz i satyryk, znany jest przede wszystkim jako autor tekst\u00f3w piosenek. Tworzy\u0142 pod nast\u0119puj\u0105cymi pseudonimami literackimi: Dr Wist, Eljotka, Fra Lodowico Giorgio Cern, H. Olekinaz, Holekinaz, Louis George Cern, Ludwik Jerzy Coeurn, Ludwik Jerzy \u017byczliwy, Ob. L., Ob. L.J.K., Top. Poeta by\u0142 synem Ludwika Kerna i Marii<span class=\"ellipsis\">&hellip;<\/span><\/p>\n<div class=\"read-more\"><a href=\"https:\/\/pbp.womczest.edu.pl\/new\/kern-jerzy-ludwik\/\">Czytaj wi\u0119cej &#8250;<\/a><\/div>\n<p><!-- end of .read-more --><\/p>\n","protected":false},"author":6,"featured_media":0,"parent":0,"menu_order":0,"comment_status":"closed","ping_status":"closed","template":"","meta":{"footnotes":""},"jetpack_sharing_enabled":true,"jetpack_shortlink":"https:\/\/wp.me\/PgmV4H-4GQ","_links":{"self":[{"href":"https:\/\/pbp.womczest.edu.pl\/new\/wp-json\/wp\/v2\/pages\/18032"}],"collection":[{"href":"https:\/\/pbp.womczest.edu.pl\/new\/wp-json\/wp\/v2\/pages"}],"about":[{"href":"https:\/\/pbp.womczest.edu.pl\/new\/wp-json\/wp\/v2\/types\/page"}],"author":[{"embeddable":true,"href":"https:\/\/pbp.womczest.edu.pl\/new\/wp-json\/wp\/v2\/users\/6"}],"replies":[{"embeddable":true,"href":"https:\/\/pbp.womczest.edu.pl\/new\/wp-json\/wp\/v2\/comments?post=18032"}],"version-history":[{"count":4,"href":"https:\/\/pbp.womczest.edu.pl\/new\/wp-json\/wp\/v2\/pages\/18032\/revisions"}],"predecessor-version":[{"id":19903,"href":"https:\/\/pbp.womczest.edu.pl\/new\/wp-json\/wp\/v2\/pages\/18032\/revisions\/19903"}],"wp:attachment":[{"href":"https:\/\/pbp.womczest.edu.pl\/new\/wp-json\/wp\/v2\/media?parent=18032"}],"curies":[{"name":"wp","href":"https:\/\/api.w.org\/{rel}","templated":true}]}}