


{"id":17868,"date":"2021-06-09T09:28:08","date_gmt":"2021-06-09T07:28:08","guid":{"rendered":"https:\/\/pbp.womczest.edu.pl\/new\/?page_id=17868"},"modified":"2022-03-04T12:07:43","modified_gmt":"2022-03-04T11:07:43","slug":"chmielewski-jerzy-henryk-ps-papcio-chmiel","status":"publish","type":"page","link":"https:\/\/pbp.womczest.edu.pl\/new\/chmielewski-jerzy-henryk-ps-papcio-chmiel\/","title":{"rendered":"Chmielewski Jerzy Henryk, ps. \u201ePapcio Chmiel"},"content":{"rendered":"<p><strong>Chmielewski Jerzy Henryk, ps. \u201ePapcio Chmiel\u201d; rocznica urodzin.<\/strong> Ur. 7 czerwca 1923 r. w Warszawie: polski grafik, rysownik i publicysta, autor serii komiksowej <em>Tytus, Romek i A\u2019Tomek,<\/em> uczestnik Powstania Warszawskiego. Urodzi\u0142 si\u0119 i wychowa\u0142 w kamienicy nazywanej Piwnic\u0105 Gda\u0144sk\u0105 przy ul. Nowomiejskiej 18\/20 m. 7 w Warszawie. Zniszczony w 1944 r. budynek nie zosta\u0142 odbudowany po Wojnie. Na jego miejscu znajduje si\u0119 zrekonstruowany Barbakan. W latach 1930\u20131936 ucz\u0119szcza\u0142 do Publicznej Szko\u0142y Powszechnej nr 3 przy ul. Rybaki 32. W roku 1936 rozpocz\u0105\u0142 nauk\u0119 w prywatnym m\u0119skim Gimnazjum im. Stefana \u017beromskiego Towarzystwa Przyjaci\u00f3\u0142 Polskich Szk\u00f3\u0142 \u015arednich przy ul. Marsza\u0142kowskiej 150. By\u0142 cz\u0142onkiem 70 Warszawskiej Dru\u017cyny Harcerskiej. Opu\u015bci\u0142 miasto 7 wrze\u015bnia 1939 r. po radiowym apelu Romana Umiastowskiego, i dotar\u0142 do \u0141ukowa. Wr\u00f3ci\u0142 do Warszawy w pa\u017adzierniku 1939 r. W marcu 1943 r. z\u0142o\u017cy\u0142 przysi\u0119g\u0119 i zosta\u0142 \u017co\u0142nierzem Armii Krajowej. Otrzyma\u0142 pseudonim <em>Jupiter.<\/em> We wrze\u015bniu 1943 r. rozpocz\u0105\u0142 nauk\u0119 w nowo uruchomionej Pa\u0144stwowej Szkole Budownictwa. W czasie Powstania Warszawskiego by\u0142 \u017co\u0142nierzem w stopniu starszego strzelca w szeregach 7 pu\u0142ku piechoty AK <em>Gar\u0142uch.<\/em> Najwa\u017cniejszym zadaniem pu\u0142ku by\u0142o opanowanie lotniska na Ok\u0119ciu. Atak zosta\u0142 jednak odwo\u0142any. W dniach 1 i 2 sierpnia roku 1944 cz\u0119\u015b\u0107 \u017co\u0142nierzy <em>Gar\u0142ucha<\/em> poleg\u0142a lub zosta\u0142a wzi\u0119ta do niewoli, w tym 1 sierpnia Henryk Chmielewski. Wi\u0119kszo\u015bci uda\u0142o si\u0119 jednak wycofa\u0107 lub rozproszy\u0107 po okolicy. Z powodu zniszczenia lewobrze\u017cnej Warszawy w 1945 r. zamieszka\u0142 przy ul. Nawrot 8 m. 15 w \u0141odzi. W marcu roku 1945 rozpocz\u0105\u0142 prac\u0119 w Centralnym Zarz\u0105dzie Przemys\u0142u W\u0142\u00f3kienniczego jako kre\u015blarz w Wydziale Technicznym oraz rozpocz\u0105\u0142 nauk\u0119 w drugiej klasie licealnej prywatnego Gimnazjum im. Duczymi\u0144skiego. W lipcu 1945 r. zosta\u0142 powo\u0142any do wojska. S\u0142u\u017cy\u0142 w Toruniu. Karier\u0119 graficzn\u0105 rozpocz\u0105\u0142 w wojsku od opieki nad gazetk\u0105. Po przej\u015bciu do cywila w sierpniu 1947 r. pracowa\u0142 jako rysownik, pocz\u0105tkowo w <em>\u015awiecie Przyg\u00f3d,<\/em> nast\u0119pnie w <em>\u015awiecie M\u0142odych.<\/em> W latach 1950\u20131956 studiowa\u0142 w Akademii Sztuk Pi\u0119knych w Warszawie w Wydziale Grafiki. Jest autorem kontynuacji serii komiksowej <em>Sier\u017cant King z kr\u00f3lewskiej konnicy<\/em> 1947 r. oraz komiks\u00f3w w\u0142asnego pomys\u0142u <em>P\u00f3\u0142rocze<\/em> <em>bumelanta<\/em> 1951 r. i <em>Witek sprytek z lat<\/em> 1955\u20131956. Szerzej znany z bardzo popularnej, ukazuj\u0105cej si\u0119 od roku 1957 serii komiks\u00f3w <em>Tytus, Romek i A\u2019Tomek<\/em>, kt\u00f3ra rozesz\u0142a si\u0119 w \u0142\u0105cznym nak\u0142adzie 11 milion\u00f3w egzemplarzy. Przez wiele lat pracowa\u0142 w czasopi\u015bmie <em>\u015awiat<\/em> <em>M\u0142odych<\/em>, w kt\u00f3rym publikowa\u0142 kolejne odcinki. W latach 1989\u20131990 powsta\u0142y dwa dziesi\u0119ciominutowe odcinki serialu animowanego pt. <em>Narodziny Tytusa<\/em> oraz <em>Edukacja.<\/em> Dwana\u015bcie lat p\u00f3\u017aniej na podstawie scenariusza wy\u0142onionego w drodze konkursu powsta\u0142 pe\u0142nometra\u017cowy film animowany <em>Tytus, Romek i A\u2019Tomek w\u015br\u00f3d z\u0142odziei marze\u0144.<\/em> Do maja 2010 r. ukaza\u0142o si\u0119 31 cz\u0119\u015bci serii komiks\u00f3w <em>Tytus, Romek i A\u2019Tomek<\/em> oraz ksi\u0105\u017cki <em>W<\/em> <em>odwiedziny do rodziny.<\/em> Papcio Chmiel napisa\u0142 te\u017c autobiografi\u0119 <em>Urodzi\u0142em si\u0119 w<\/em> <em>Barbakanie<\/em> 1999 r. oraz b\u0119d\u0105c\u0105 jakby drugim tomem tej biografii ksi\u0105\u017ck\u0119 <em>Tytus zlustrowany <\/em>2007 r. Trzecia cz\u0119\u015b\u0107 autobiografii to <em>Tarabanie w Barbakanie<\/em>, rozszerzona wersja pierwszego tomu <em>Urodzi\u0142em si\u0119 w Barbakanie,<\/em> wydana pod koniec 2013 roku. Jest r\u00f3wnie\u017c autorem ilustracji do ksi\u0105\u017cki Barbary Tylickiej <em>Genera\u0142 Ociupinek.<\/em> W styczniu 2005 r. premier\u0119 mia\u0142a gra komputerowa <em>Tytus, Romek i A\u2019Tomek. Armia zbuntowanych<\/em> <em>robot\u00f3w<\/em>. W roku 2009 Poczta Polska wprowadzi\u0142a do obiegu znaczki pocztowe z <em>Tytusem,<\/em> <em>Romkiem i A\u2019Tomkiem<\/em>, a tak\u017ce kolekcjonersk\u0105 kopert\u0119 FDC. Pod koniec 2010 r. wydawnictwo <em>Agora<\/em> wyda\u0142o s\u0142uchowisko CD na podstawie 13 ksi\u0119gi przyg\u00f3d <em>Tytusa,<\/em> <em>Romka i A\u2019Tomka,<\/em> <em>wyprawa na wyspy nonsensu<\/em>\u00a0 z do\u0142\u0105czon\u0105 ksi\u0105\u017ceczk\u0105 z rysunkami Papcia Chmiela. Pod koniec 2010 r. Poczta Polska wyda\u0142a w wersji limitowanej kalendarz\u00a0 roku 2011 <em>4 pory u\u015bmiechu<\/em> z ilustracjami narysowanymi m.in. przez H. J. Chmielewskiego. W maju 2011 r. zosta\u0142a wydana ksi\u0105\u017cka autorstwa Papcia Chmiela pt. <em>Witek sprytek i inne<\/em> <em>opowie\u015bc\u201d<\/em>. W czerwcu 2015 r. wydawnictwo <em>Egmont<\/em> wyda\u0142o gr\u0119 planszow\u0105 <em>Tytus<\/em>, <em>Romek i A\u2019Tomek<\/em>, a w maju 2015 r. wyd. <em>Pr\u00f3szy\u0144ski i sp\u00f3\u0142ka<\/em> komiks <em>Elemelementarz.<\/em> Za swoj\u0105 tw\u00f3rczo\u015b\u0107 zosta\u0142 uhonorowany <em>Orderem U\u015bmiechu.<\/em> W roku 2005 by\u0142 cz\u0142onkiem Honorowego Komitetu Lecha Kaczy\u0144skiego w wyborach prezydenckich. W 2006 r. wspiera\u0142 kampani\u0119 Kazimierza Marcinkiewicza w wyborach na prezydenta stolicy. W 2007 r. popar\u0142 Prawo i Sprawiedliwo\u015b\u0107 w wyborach parlamentarnych i zasiada\u0142 w Komitecie Honorowego Poparcia PiS. 31 maja 2007 zosta\u0142 odznaczony Z\u0142otym Medalem <em>Zas\u0142u\u017cony Kulturze Gloria<\/em> <em>Artis.<\/em> Podczas uroczysto\u015bci z okazji 65. rocznicy wybuchu Powstania Warszawskiego 2 sierpnia 2009 r. w Parku Wolno\u015bci odznaczony Krzy\u017cem Komandorskim Orderu Odrodzenia Polski za wybitne zas\u0142ugi dla niepodleg\u0142o\u015bci Rzeczypospolitej Polskiej, za osi\u0105gni\u0119cia w dzia\u0142alno\u015bci na rzecz rozwoju polskiej kultury. 17 lipca 2013 r. w Biurze Rady m.st. Warszawy przewodnicz\u0105ca Rady Ewa Malinowska-Grupi\u0144ska wr\u0119czy\u0142a rysownikowi wyr\u00f3\u017cnienie <em>Zas\u0142u\u017cony dla Warszawy<\/em>. Jego ojcem by\u0142 J\u00f3zef Chmielewski 1879\u20131944, a matk\u0105 Antonina z d. Mikonowicz 1884\u20131974. Mia\u0142 dwie siostry: Wac\u0142aw\u0119 Ogrodowczyk 1910\u20131997 i Stanis\u0142aw\u0119 Ostrowsk\u0105 1912\u20131975. Ojciec pracowa\u0142 jako wo\u017any, a nast\u0119pnie kasjer w Banku Dyskontowym. Jego syn Artur Bart\u0142omiej Chmielewski jest pracownikiem Jet Propulsion Laboratory i w 2014 r. by\u0142 menad\u017cerem projektu <em>Rosetta<\/em> z ramienia NASA. C\u00f3rka Monique Lehman jest artystk\u0105, tw\u00f3rczyni\u0105 gobelin\u00f3w.<\/p>\n<p>\u0179r\u00f3d\u0142a:<br \/>\n<a href=\"https:\/\/www.rp.pl\/Kultura\/306079946-Papcio-Chmiel-Nie-biore-zycia-zbyt-powaznie.html\">https:\/\/www.rp.pl\/Kultura\/306079946-Papcio-Chmiel-Nie-biore-zycia-zbyt-powaznie.html,<br \/>\nhttps:\/\/pl.wikipedia.org\/wiki\/Henryk_Jerzy_Chmielewski<\/a><\/p>\n","protected":false},"excerpt":{"rendered":"<p>Chmielewski Jerzy Henryk, ps. \u201ePapcio Chmiel\u201d; rocznica urodzin. Ur. 7 czerwca 1923 r. w Warszawie: polski grafik, rysownik i publicysta, autor serii komiksowej Tytus, Romek i A\u2019Tomek, uczestnik Powstania Warszawskiego. Urodzi\u0142 si\u0119 i wychowa\u0142 w kamienicy nazywanej Piwnic\u0105 Gda\u0144sk\u0105 przy ul. Nowomiejskiej 18\/20 m. 7 w Warszawie. Zniszczony w 1944 r. budynek nie zosta\u0142 odbudowany po Wojnie. Na jego miejscu znajduje si\u0119 zrekonstruowany Barbakan. W latach 1930\u20131936 ucz\u0119szcza\u0142 do Publicznej<span class=\"ellipsis\">&hellip;<\/span><\/p>\n<div class=\"read-more\"><a href=\"https:\/\/pbp.womczest.edu.pl\/new\/chmielewski-jerzy-henryk-ps-papcio-chmiel\/\">Czytaj wi\u0119cej &#8250;<\/a><\/div>\n<p><!-- end of .read-more --><\/p>\n","protected":false},"author":6,"featured_media":0,"parent":0,"menu_order":0,"comment_status":"closed","ping_status":"closed","template":"","meta":{"footnotes":""},"jetpack_sharing_enabled":true,"jetpack_shortlink":"https:\/\/wp.me\/PgmV4H-4Ec","_links":{"self":[{"href":"https:\/\/pbp.womczest.edu.pl\/new\/wp-json\/wp\/v2\/pages\/17868"}],"collection":[{"href":"https:\/\/pbp.womczest.edu.pl\/new\/wp-json\/wp\/v2\/pages"}],"about":[{"href":"https:\/\/pbp.womczest.edu.pl\/new\/wp-json\/wp\/v2\/types\/page"}],"author":[{"embeddable":true,"href":"https:\/\/pbp.womczest.edu.pl\/new\/wp-json\/wp\/v2\/users\/6"}],"replies":[{"embeddable":true,"href":"https:\/\/pbp.womczest.edu.pl\/new\/wp-json\/wp\/v2\/comments?post=17868"}],"version-history":[{"count":3,"href":"https:\/\/pbp.womczest.edu.pl\/new\/wp-json\/wp\/v2\/pages\/17868\/revisions"}],"predecessor-version":[{"id":19858,"href":"https:\/\/pbp.womczest.edu.pl\/new\/wp-json\/wp\/v2\/pages\/17868\/revisions\/19858"}],"wp:attachment":[{"href":"https:\/\/pbp.womczest.edu.pl\/new\/wp-json\/wp\/v2\/media?parent=17868"}],"curies":[{"name":"wp","href":"https:\/\/api.w.org\/{rel}","templated":true}]}}