


{"id":17814,"date":"2021-06-08T12:05:09","date_gmt":"2021-06-08T10:05:09","guid":{"rendered":"https:\/\/pbp.womczest.edu.pl\/new\/?page_id=17814"},"modified":"2022-03-04T11:59:26","modified_gmt":"2022-03-04T10:59:26","slug":"andersen-christian-hans","status":"publish","type":"page","link":"https:\/\/pbp.womczest.edu.pl\/new\/andersen-christian-hans\/","title":{"rendered":"Andersen Christian Hans"},"content":{"rendered":"<p><strong>Andersen Christian Hans; <\/strong> 2 kwietnia 1805 r. w Odense, zm. 4 sierpnia 1875 r. w Rolighed ko\u0142o Kopenhagi: du\u0144ski pisarz i poeta, najbardziej znany ze swej tw\u00f3rczo\u015bci ba\u015bniopisarskiej. Urodzi\u0142 si\u0119 w najbiedniejszej dzielnicy Odense jako syn szewca Hansa Andersena i niepi\u015bmiennej praczki Anne Marie z domu Andersdatter. Ojciec zmar\u0142 w 1816 roku wskutek komplikacji zdrowotnych po udziale w wojnach napoleo\u0144skich, matka z powodu alkoholizmu. W dniu urodzenia ochrzczono go w domu ze wzgl\u0119du na \u015bmier\u0107 wielu noworodk\u00f3w tu\u017c po urodzeniu. 15 kwietnia zosta\u0142 ponownie ochrzczony w ko\u015bciele \u015bw. Jana w Odense. W \u015bwiat ba\u015bni pierwsza wprowadzi\u0142a go babka ze strony ojca, z kt\u00f3r\u0105 bywa\u0142 w przytu\u0142ku dla chorych, gdzie zajmowa\u0142a si\u0119 ogrodem i gdzie p\u00f3\u017aniej przebywa\u0142 jego chory psychicznie dziadek. Kilka motyw\u00f3w z opowie\u015bci babki Andersen wykorzysta\u0142 p\u00f3\u017aniej w swojej tw\u00f3rczo\u015bci. Po \u015bmierci ojca i powt\u00f3rnym ma\u0142\u017ce\u0144stwie matki z Nielsem Gunersenem, Andersen wyjecha\u0142 we wrze\u015bniu 1819 r. do Kopenhagi z zamiarem zostania aktorem. W latach 1820\u20131821 ucz\u0119szcza\u0142 do szko\u0142y baletowej w Kopenhadze. Pr\u00f3bowa\u0142 tak\u017ce gry w teatrze, lecz nie zosta\u0142 przyj\u0119ty. Karier\u0119 rozpocz\u0105\u0142 jako \u015bpiewak z wysokim sopranem, ale utraci\u0142 go po mutacji g\u0142osu. Dzi\u0119ki wytrwa\u0142o\u015bci i dostrze\u017ceniu jego talentu przez kr\u00f3la Fryderyka 6, kt\u00f3ry odwiedzi\u0142 go w szkole \u0142aci\u0144skiej w Slagelse, otrzyma\u0142 w roku 1822 stypendium kr\u00f3lewskie co umo\u017cliwi\u0142o mu dalsz\u0105 nauk\u0119 w szkole, a p\u00f3\u017aniej do roku 1828 studia. Pom\u00f3g\u0142 mu te\u017c Jonas Collins, kt\u00f3ry od pocz\u0105tku wspiera\u0142 jego talent. Pewniejsza sytuacja materialna pozwoli\u0142a na kontynuowanie pracy tw\u00f3rczej i rozwijanie zainteresowa\u0144. Za wszelk\u0105 cen\u0119 stara\u0142 si\u0119 zbli\u017cy\u0107 do teatru, w kt\u00f3rym zadebiutowa\u0142 jako autor w 1829 r. sztuk\u0105 <em>Mi\u0142o\u015b\u0107 na Wie\u017cy Miko\u0142aja.<\/em> Odt\u0105d pisa\u0142 sporo sztuk teatralnych, kt\u00f3re nie zawsze cieszy\u0142y si\u0119 powodzeniem. Wskutek braku wykszta\u0142cenia jego teksty pe\u0142ne by\u0142y b\u0142\u0119d\u00f3w ortograficznych, interpunkcyjnych i stylistycznych, a krytycy z miejsca je odrzucali. Zwiedzi\u0142 niemal ca\u0142\u0105 Europ\u0119. Podr\u00f3\u017ce przez Niemcy, W\u0142ochy i Francj\u0119 sk\u0142oni\u0142y go do studi\u00f3w impresjonistycznych. Ciekawo\u015b\u0107 \u015bwiata i ludzi, ale tak\u017ce nieustanny niepok\u00f3j ducha, poczucie osamotnienia, kompleksy, skomplikowany charakter, nadmierna wra\u017cliwo\u015b\u0107 i egocentryzm uniemo\u017cliwia\u0142y mu znalezienie sta\u0142ego miejsca i prowadzenie ustabilizowanego \u017cycia. Podobnie jak jego dziadek martwi\u0142 si\u0119, i\u017c oszaleje,. Miewa\u0142 stany depresyjne i melancholiczne, a pod koniec \u017cycia chorowa\u0142 na gru\u017alic\u0119. Wiele wsp\u00f3\u0142czesnych biografii charakteryzuje Andersena jako osob\u0119 biseksualn\u0105, co wynika m.in. z zachowanej korespondencji tw\u00f3rcy do: Riborg Voigt, Edvarda Collina czy Haralda Scharffa. Na przyk\u0142ad do Edvarda Collina Andersen pisa\u0142: <em>Usycham z t\u0119sknoty do ciebie tak, jak do pi\u0119knej kalabryjskiej dziewczyny&#8230; Moje uczucia do ciebie s\u0105 takie, jak uczucia kobiety. Ta moja kobieca natura musi pozosta\u0107 tajemnic\u0105.<\/em> Collin we w\u0142asnym pami\u0119tniku wspomina\u0142 o tym zauroczeniu Andersena: <em>Nie by\u0142em w stanie odwzajemni\u0107 tej mi\u0142o\u015b\u0107 i sprawi\u0142o to autorowi wiele cierpienia. <\/em>W kontek\u015bcie skrywanej seksualno\u015bci pisarza analizuje si\u0119 te\u017c wsp\u00f3\u0142cze\u015bnie jego tw\u00f3rczo\u015b\u0107. Mia\u0142 wielu wybitnych i s\u0142awnych znajomych, do kt\u00f3rych nale\u017celi: Bertel Thorvaldsen, Adam Oehlenschlager, Johanne Luise Heiberg, Jenny Lind, Bj\u00f8rnstjerne Bj\u00f8rnson, Charles Dickens, S\u00f8ren Kierkegaard czy bracia Grimm. W roku 1851 w wyrazie uznania dla wiedzy i zas\u0142ug Andersena przyznano mu tytu\u0142 profesora, a w 1874 r. tytu\u0142 radcy. Zmar\u0142 4 sierpnia 1875 roku na terenie posiad\u0142osci wiejskiej Rolighed ko\u0142o Kopenhagi. Debiutowa\u0142 w 1822 r. zbiorem utwor\u00f3w <em>M\u0142odzie\u0144cze pr\u00f3by<\/em> wydanym pod pseudonimem <em>William Christian Walter<\/em>. Wyda\u0142 kilka tom\u00f3w wierszy, wiele opowiada\u0144, szkic\u00f3w, powie\u015bci, sztuki teatralne, a tak\u017ce dziennik swojego \u017cycia. Do najbardziej znanych powie\u015bci\u00a0 Andersena nale\u017c\u0105: <em>Improwizator<\/em> 1835, wyd. pol. 1859; <em>OT <\/em>1836; <em>Tylko grajek<\/em> 1837. Wszystkie te powie\u015bci zawieraj\u0105 elementy autobiograficzne. Tw\u00f3rczo\u015bci dla dzieci pocz\u0105tkowo nie traktowa\u0142 powa\u017cnie, raczej jako zaj\u0119cie na marginesie pisarstwa dla doros\u0142ych. Cho\u0107 zastrzega\u0142, i\u017c jego ba\u015bnie to pude\u0142ka: dzieci ogl\u0105daj\u0105 opakowanie, a doro\u015bli maj\u0105 zajrze\u0107 do wn\u0119trza. Bardzo nie lubi\u0142 gdy jego ba\u015bnie od pocz\u0105tku uznano za dzie\u0142a dla dzieci, bez g\u0142\u0119bszego sensu. Jednak w\u0142a\u015bnie ba\u015bnie przynios\u0142y mu wielki rozg\u0142os i s\u0142aw\u0119. Pierwszy ich zbi\u00f3r <em>Ba\u015bnie opowiedziane dla dzieci<\/em> zosta\u0142 wydany w Kopenhadze w roku 1835, a kolejne tomy ukaza\u0142y si\u0119 w latach 1836 i 1837. Zach\u0119cony powodzeniem pierwszej serii pisarz wydawa\u0142 kolejne a\u017c do roku 1872. Upami\u0119tnienie w Polsce; Od 1973 r. na terenie obecnej dzielnicy Bielany w Warszawie znajduje si\u0119 ulica imienia Hansa Christiana Andersena. Ulica Andersena jest te\u017c w: Cz\u0119stochowie, Bydgoszczy, Poznaniu, Szczecinie i Tczewie. W Lublinie jest teatr im. Hansa Christiana Andersena.\u00a0 W Krakowie Szko\u0142a Podstawowa nr 101 nosi imi\u0119 Hansa Christiana Andersena, w \u0141odzi Szko\u0142a Podstawowa nr 64 nosi jego imi\u0119. 3 kwietnia 2004 r. Szkole Podstawowej w Bolechowie-Osiedlu nadano imi\u0119 Andersena. W Warszawie jest Szko\u0142a Podstawowa z Oddzia\u0142ami Integracyjnymi nr 318 im. Andersena, w Lublinie Spo\u0142eczne Liceum Og\u00f3lnokszta\u0142c\u0105ce im. H.C. Andersena. W Karsku oraz w Petrykozach istniej\u0105 szko\u0142y podstawowe im. Hansa Christiana Andersena. W Olsztynie Szko\u0142a Podstawowa nr 25 z Oddzia\u0142ami Integracyjnymi nosi imi\u0119 Andersena. Przedszkola im. H. Ch. Andersena znajduj\u0105 si\u0119 w: Katowicach; Miejskie Przedszkole nr 1, w \u017borach; Przedszkole Nr 13.\u00a0 <strong>Mi\u0119dzynarodowy Dzie\u0144 Ksi\u0105\u017cki Dla<\/strong> <strong>Dzieci. 2.04;<\/strong> \u015awi\u0119to obchodzone w dzie\u0144 urodzin du\u0144skiego ba\u015bniopisarza <strong>Hansa Christiana Andersena. <\/strong>Dzie\u0144 ten ma na celu rozpowszechnienie ksi\u0105\u017cek dla dzieci oraz wspieranie czytania przez najm\u0142odszych. \u015awi\u0119to zosta\u0142o ustanowione w 1967 roku przez Mi\u0119dzynarodow\u0105 Izb\u0119 ds. Ksi\u0105\u017cek dla M\u0142odych Ludzi. Co roku gospodarzem \u015bwi\u0119ta jest inne pa\u0144stwo. W Polsce od 2001 roku odbywa si\u0119 akcja spo\u0142eczna <em>Ca\u0142a Polska czyta dzieciom<\/em>, kt\u00f3ra ma za zadanie u\u015bwiadomienie spo\u0142ecze\u0144stwu wagi i warto\u015bci poznawania \u015bwiata ksi\u0105\u017cek przez dzieci, a tak\u017ce ma na celu zach\u0119cenie rodzic\u00f3w do czytania ksi\u0105\u017cek swoim dzieciom.<\/p>\n<p>\u0179r\u00f3d\u0142a:<br \/>\n<a href=\"https:\/\/wolnelektury.pl\/katalog\/autor\/hans-christian-andersen\/\">https:\/\/wolnelektury.pl\/katalog\/autor\/hans-christian-andersen\/<\/a>,<a href=\"https:\/\/niestatystyczny.pl\/2018\/04\/02\/hans-christian-andersen-historia-smutnego-dunczyka\/\"><br \/>\nhttps:\/\/niestatystyczny.pl\/2018\/04\/02\/hans-christian-andersen-historia-smutnego-dunczyka\/<\/a>,<br \/>\n<a href=\"https:\/\/www.polskieradio.pl\/39\/156\/Artykul\/990288,Hans-Christian-Andersen-%e2%80%93-krol-bajek\">https:\/\/www.polskieradio.pl\/39\/156\/Artykul\/990288,Hans-Christian-Andersen-%e2%80%93-krol-bajek<\/a>, <a href=\"https:\/\/ksiazkopedia.fandom.com\/wiki\/Hans_Christian_Andersen\">https:\/\/ksiazkopedia.fandom.com\/wiki\/Hans_Christian_Andersen<\/a><\/p>\n","protected":false},"excerpt":{"rendered":"<p>Andersen Christian Hans; 2 kwietnia 1805 r. w Odense, zm. 4 sierpnia 1875 r. w Rolighed ko\u0142o Kopenhagi: du\u0144ski pisarz i poeta, najbardziej znany ze swej tw\u00f3rczo\u015bci ba\u015bniopisarskiej. Urodzi\u0142 si\u0119 w najbiedniejszej dzielnicy Odense jako syn szewca Hansa Andersena i niepi\u015bmiennej praczki Anne Marie z domu Andersdatter. Ojciec zmar\u0142 w 1816 roku wskutek komplikacji zdrowotnych po udziale w wojnach napoleo\u0144skich, matka z powodu alkoholizmu. W dniu urodzenia ochrzczono go w<span class=\"ellipsis\">&hellip;<\/span><\/p>\n<div class=\"read-more\"><a href=\"https:\/\/pbp.womczest.edu.pl\/new\/andersen-christian-hans\/\">Czytaj wi\u0119cej &#8250;<\/a><\/div>\n<p><!-- end of .read-more --><\/p>\n","protected":false},"author":6,"featured_media":0,"parent":0,"menu_order":0,"comment_status":"closed","ping_status":"closed","template":"","meta":{"footnotes":""},"jetpack_sharing_enabled":true,"jetpack_shortlink":"https:\/\/wp.me\/PgmV4H-4Dk","_links":{"self":[{"href":"https:\/\/pbp.womczest.edu.pl\/new\/wp-json\/wp\/v2\/pages\/17814"}],"collection":[{"href":"https:\/\/pbp.womczest.edu.pl\/new\/wp-json\/wp\/v2\/pages"}],"about":[{"href":"https:\/\/pbp.womczest.edu.pl\/new\/wp-json\/wp\/v2\/types\/page"}],"author":[{"embeddable":true,"href":"https:\/\/pbp.womczest.edu.pl\/new\/wp-json\/wp\/v2\/users\/6"}],"replies":[{"embeddable":true,"href":"https:\/\/pbp.womczest.edu.pl\/new\/wp-json\/wp\/v2\/comments?post=17814"}],"version-history":[{"count":4,"href":"https:\/\/pbp.womczest.edu.pl\/new\/wp-json\/wp\/v2\/pages\/17814\/revisions"}],"predecessor-version":[{"id":19845,"href":"https:\/\/pbp.womczest.edu.pl\/new\/wp-json\/wp\/v2\/pages\/17814\/revisions\/19845"}],"wp:attachment":[{"href":"https:\/\/pbp.womczest.edu.pl\/new\/wp-json\/wp\/v2\/media?parent=17814"}],"curies":[{"name":"wp","href":"https:\/\/api.w.org\/{rel}","templated":true}]}}