


{"id":17801,"date":"2021-06-08T10:27:13","date_gmt":"2021-06-08T08:27:13","guid":{"rendered":"https:\/\/pbp.womczest.edu.pl\/new\/?page_id=17801"},"modified":"2021-06-08T10:27:13","modified_gmt":"2021-06-08T08:27:13","slug":"wojewodzki-konkurs-literacki-na-online-jest-mi-fajnie-jeden-dzien-z-e-lekcji","status":"publish","type":"page","link":"https:\/\/pbp.womczest.edu.pl\/new\/wojewodzki-konkurs-literacki-na-online-jest-mi-fajnie-jeden-dzien-z-e-lekcji\/","title":{"rendered":"Wojew\u00f3dzki Konkurs Literacki \u201eNa online jest mi fajnie \u2013 jeden dzie\u0144 z e-lekcji\u201d"},"content":{"rendered":"<p>2 maja 2021 r. odby\u0142o si\u0119 uroczyste podsumowanie <strong>Wojew\u00f3dzkiego Konkursu Literackiego \u201eNa online jest mi fajnie \u2013 jeden dzie\u0144 z\u00a0e-lekcji\u201d<\/strong>. Spotkanie podsumowuj\u0105ce mia\u0142o form\u0119 zdaln\u0105. Wzi\u0119li w\u00a0nim udzia\u0142 uczniowie, kt\u00f3rzy\u00a0uczestniczyli w\u00a0konkursie oraz\u00a0nauczyciele \u2013 ich opiekunowie.<\/p>\n<p>Organizatorem konkursu by\u0142a Szko\u0142a Podstawowa nr\u00a031 im.\u00a0Or\u0142a Bia\u0142ego w\u00a0Cz\u0119stochowie oraz\u00a0Publiczna Biblioteka Pedagogiczna Regionalnego O\u015brodka Doskonalenia Nauczycieli \u201eWOM\u201d w\u00a0Cz\u0119stochowie. Adresatami konkursu byli uczniowie klas IV-VIII szk\u00f3\u0142 podstawowych wojew\u00f3dztwa \u015bl\u0105skiego.<\/p>\n<p>Cele konkursu:<br \/>\n\u2013 popularyzacja czytelnictwa w\u015br\u00f3d m\u0142odzie\u017cy,<br \/>\n\u2013 rozwijanie kreatywno\u015bci oraz\u00a0wra\u017cliwo\u015bci artystycznej m\u0142odzie\u017cy,<br \/>\n\u2013 popularyzowanie r\u00f3\u017cnorodnych form literackich,<br \/>\n\u2013 rozwijanie w\u015br\u00f3d m\u0142odzie\u017cy wyobra\u017ani i\u00a0umiej\u0119tno\u015bci artystycznej wypowiedzi,<br \/>\n\u2013 doskonalenie umiej\u0119tno\u015bci j\u0119zykowych,<br \/>\n\u2013 zach\u0119canie do\u00a0aktywno\u015bci tw\u00f3rczej,<br \/>\n\u2013 propagowanie pozytywnego my\u015blenia o\u00a0kszta\u0142ceniu zdalnym.<\/p>\n<p>Przedmiotem konkursu by\u0142 opis jednego dnia nauki zdalnej w\u00a0dowolnej formie literackiej. Finalnie prace przes\u0142a\u0142o 28 uczni\u00f3w. Prace oceniane by\u0142y pod\u00a0wzgl\u0119dem zgodno\u015bci z\u00a0tematem konkursu, oryginalno\u015bci oraz\u00a0innowacyjno\u015bci, poprawno\u015bci j\u0119zykowej, ortograficznej i\u00a0interpunkcyjnej.<\/p>\n<p>Jury konkursowe w\u00a0sk\u0142adzie: przewodnicz\u0105ca \u2013 <strong>Agnieszka Grudzi\u0144ska<\/strong> \u2013 nauczyciel konsultant Regionalnego O\u015brodka Doskonalenia Nauczycieli \u201eWOM\u201d w\u00a0Cz\u0119stochowie, oraz\u00a0cz\u0142onkowie <strong>Monika G\u00f3rna<\/strong> \u2013 nauczyciel j\u0119zyka polskiego I\u00a0Liceum Og\u00f3lnokszta\u0142c\u0105cego im.\u00a0Juliusza S\u0142owackiego w\u00a0Cz\u0119stochowie i\u00a0<strong>Anna Kostrzewa<\/strong> \u2013 nauczyciel j\u0119zyka polskiego Prywatnej Szko\u0142y Podstawowej SOKRATES w\u00a0Cz\u0119stochowie, oceni\u0142y prace w\u00a0dw\u00f3ch kategoriach.<\/p>\n<p><strong>Klasy IV-VI<\/strong><\/p>\n<p><strong>I\u00a0miejsce<\/strong><\/p>\n<p>Alicja Matyszczak, Szko\u0142a Podstawowa nr\u00a049 w\u00a0Cz\u0119stochowie, opiekun: Marzena Wieczorek<\/p>\n<p><strong>II miejsce<\/strong><\/p>\n<p>Julia Handzel, Szko\u0142a Podstawowa nr\u00a041 im.\u00a0Jana Matejki w\u00a0Cz\u0119stochowie, opiekun: Monika Orszulak<\/p>\n<p><strong>III miejsce<\/strong><\/p>\n<p>Wiktor Kowalczyk, Szko\u0142a Podstawowa im.\u00a0Kazimierza Wielkiego w\u00a0Jastrz\u0119biu, opiekun: Aneta Hyra-G\u00f3recka<\/p>\n<p>Jakub Rymkiewicz, Szko\u0142a Podstawowa nr\u00a031 im.\u00a0Or\u0142a Bia\u0142ego w\u00a0Cz\u0119stochowie, opiekun: Ewa Ossowska<\/p>\n<p><strong>Wyr\u00f3\u017cnienie<\/strong><\/p>\n<p>Maja St\u0119pie\u0144, Szko\u0142a Podstawowa nr\u00a03 im.\u00a0Jana Paw\u0142a II w\u00a0K\u0142obucku, opiekun: Edyta Suchanek<\/p>\n<p>Natalia Leduchowska, Szko\u0142a Podstawowa nr\u00a029 w\u00a0Chorzowie, opiekun: Anna Szmit<\/p>\n<p><b>Klasy VII-VIII<\/b><\/p>\n<p><strong>I\u00a0miejsce<\/strong><\/p>\n<p>Dominik Trzci\u0144ski, Szko\u0142a Podstawowa im.\u00a0Marii Konopnickiej w\u00a0Koninie, opiekun: Alicja Piwowarczyk<\/p>\n<p><strong>II miejsce<\/strong><\/p>\n<p>Olgierd Zybert, Szko\u0142a Podstawowa nr\u00a024 im.\u00a0Jana Marcina Szancera w\u00a0Cz\u0119stochowie, opiekun: Anna Romianowska<\/p>\n<p><strong>III miejsce<\/strong><\/p>\n<p>Oliwier Kolmas, Szko\u0142a Podstawowa im.\u00a0Marii Konopnickiej w\u00a0Koninie, opiekun: Alicja Piwowarczyk<\/p>\n<p>Klaudia Urbaniec, Szko\u0142a Podstawowa im.\u00a0Marii Konopnickiej w\u00a0Koninie, opiekun: Alicja Piwowarczyk<\/p>\n<p><strong>Wyr\u00f3\u017cnienie<\/strong><\/p>\n<p>Anna Matyjaszczyk, Szko\u0142a Podstawowa nr\u00a031 im.\u00a0Or\u0142a Bia\u0142ego w\u00a0Cz\u0119stochowie, opiekun: Gra\u017cyna Bich<\/p>\n<p>Laureaci otrzymali nagrody rzeczowe, ufundowane przez\u00a0Szko\u0142\u0119 Podstawow\u0105 nr\u00a031 im.\u00a0Or\u0142a Bia\u0142ego w\u00a0Cz\u0119stochowie. Wszyscy uczestnicy konkursu otrzymali pami\u0105tkowe dyplomy a\u00a0nauczyciele przygotowuj\u0105cy uczni\u00f3w do\u00a0konkursu dyplomy z\u00a0podzi\u0119kowaniem, przygotowane przez\u00a0Izabel\u0119 Bajor \u2013 nauczyciela bibliotekarza Publicznej Biblioteki Pedagogicznej RODN \u201eWOM\u201d w\u00a0Cz\u0119stochowie.<\/p>\n<p>Za\u00a0organizacj\u0119 i\u00a0przygotowanie konkursu odpowiedzialne by\u0142y: Pani <strong>Anna P\u0142usa<\/strong> \u2013 nauczyciel bibliotekarz Publicznej Biblioteki Pedagogicznej Regionalnego O\u015brodka Doskonalenia Nauczycieli \u201eWOM\u201dw Cz\u0119stochowie oraz\u00a0Panie: <strong>Ewa Ossowska<\/strong> i\u00a0<strong>Aneta Bednarek<\/strong> \u2013 nauczyciele j\u0119zyka polskiego Szko\u0142y Podstawowej nr\u00a031 im.\u00a0Or\u0142a Bia\u0142ego w\u00a0Cz\u0119stochowie.<\/p>\n<p style=\"text-align: right;\"><em>Anna P\u0142usa<\/em><\/p>\n","protected":false},"excerpt":{"rendered":"<p>2 maja 2021 r. odby\u0142o si\u0119 uroczyste podsumowanie Wojew\u00f3dzkiego Konkursu Literackiego \u201eNa online jest mi fajnie \u2013 jeden dzie\u0144 z\u00a0e-lekcji\u201d. Spotkanie podsumowuj\u0105ce mia\u0142o form\u0119 zdaln\u0105. Wzi\u0119li w\u00a0nim udzia\u0142 uczniowie, kt\u00f3rzy\u00a0uczestniczyli w\u00a0konkursie oraz\u00a0nauczyciele \u2013 ich opiekunowie. Organizatorem konkursu by\u0142a Szko\u0142a Podstawowa nr\u00a031 im.\u00a0Or\u0142a Bia\u0142ego w\u00a0Cz\u0119stochowie oraz\u00a0Publiczna Biblioteka Pedagogiczna Regionalnego O\u015brodka Doskonalenia Nauczycieli \u201eWOM\u201d w\u00a0Cz\u0119stochowie. Adresatami konkursu byli uczniowie klas IV-VIII szk\u00f3\u0142 podstawowych wojew\u00f3dztwa \u015bl\u0105skiego. Cele konkursu: \u2013 popularyzacja czytelnictwa w\u015br\u00f3d m\u0142odzie\u017cy,<span class=\"ellipsis\">&hellip;<\/span><\/p>\n<div class=\"read-more\"><a href=\"https:\/\/pbp.womczest.edu.pl\/new\/wojewodzki-konkurs-literacki-na-online-jest-mi-fajnie-jeden-dzien-z-e-lekcji\/\">Czytaj wi\u0119cej &#8250;<\/a><\/div>\n<p><!-- end of .read-more --><\/p>\n","protected":false},"author":6,"featured_media":0,"parent":0,"menu_order":0,"comment_status":"closed","ping_status":"closed","template":"","meta":{"footnotes":""},"jetpack_sharing_enabled":true,"jetpack_shortlink":"https:\/\/wp.me\/PgmV4H-4D7","_links":{"self":[{"href":"https:\/\/pbp.womczest.edu.pl\/new\/wp-json\/wp\/v2\/pages\/17801"}],"collection":[{"href":"https:\/\/pbp.womczest.edu.pl\/new\/wp-json\/wp\/v2\/pages"}],"about":[{"href":"https:\/\/pbp.womczest.edu.pl\/new\/wp-json\/wp\/v2\/types\/page"}],"author":[{"embeddable":true,"href":"https:\/\/pbp.womczest.edu.pl\/new\/wp-json\/wp\/v2\/users\/6"}],"replies":[{"embeddable":true,"href":"https:\/\/pbp.womczest.edu.pl\/new\/wp-json\/wp\/v2\/comments?post=17801"}],"version-history":[{"count":1,"href":"https:\/\/pbp.womczest.edu.pl\/new\/wp-json\/wp\/v2\/pages\/17801\/revisions"}],"predecessor-version":[{"id":17802,"href":"https:\/\/pbp.womczest.edu.pl\/new\/wp-json\/wp\/v2\/pages\/17801\/revisions\/17802"}],"wp:attachment":[{"href":"https:\/\/pbp.womczest.edu.pl\/new\/wp-json\/wp\/v2\/media?parent=17801"}],"curies":[{"name":"wp","href":"https:\/\/api.w.org\/{rel}","templated":true}]}}