


{"id":17641,"date":"2021-05-05T11:15:44","date_gmt":"2021-05-05T09:15:44","guid":{"rendered":"https:\/\/pbp.womczest.edu.pl\/new\/?page_id=17641"},"modified":"2021-06-17T11:31:49","modified_gmt":"2021-06-17T09:31:49","slug":"wojewodzki-konkurs-na-prezentacje-multimedialna-zycie-jest-wieksze-od-legend-bo-w-zyciu-jest-prawda-rzecz-o-kardynale-stefanie-wyszynskim","status":"publish","type":"page","link":"https:\/\/pbp.womczest.edu.pl\/new\/wojewodzki-konkurs-na-prezentacje-multimedialna-zycie-jest-wieksze-od-legend-bo-w-zyciu-jest-prawda-rzecz-o-kardynale-stefanie-wyszynskim\/","title":{"rendered":"Wojew\u00f3dzki\u00a0 Konkurs na prezentacj\u0119 multimedialn\u0105 \u201e\u017bycie jest wi\u0119ksze od legend, bo w \u017cyciu jest prawda. Rzecz o\u00a0kardynale Stefanie Wyszy\u0144skim\u201d"},"content":{"rendered":"<p>Publiczna Biblioteka Pedagogiczna Regionalnego O\u015brodka Doskonalenia Nauczycieli \u201eWOM\u201d w\u00a0Cz\u0119stochowie 25 marca 2021 r. zorganizowa\u0142a konferencj\u0119 online podsumowuj\u0105c\u0105\u00a0 <strong>Wojew\u00f3dzki\u00a0 Konkurs na prezentacj\u0119 multimedialn\u0105<\/strong> <strong>\u201e\u017bycie jest wi\u0119ksze od legend, bo w \u017cyciu jest prawda. Rzecz o\u00a0kardynale Stefanie Wyszy\u0144skim\u201d. <\/strong><strong>\u00a0<\/strong>Wsp\u00f3\u0142organizatorem tego przedsi\u0119wzi\u0119cia by\u0142a Katolicka Szko\u0142a Podstawowa Stowarzyszenia Przyjaci\u00f3\u0142 Szk\u00f3\u0142 Katolickich im. \u015bw. Kr\u00f3lowej Jadwigi w Cz\u0119stochowie.<\/p>\n<p>Pani El\u017cbieta Doroszuk, dyrektor Regionalnego O\u015brodka Doskonalenia Nauczycieli \u201eWOM\u201d w Cz\u0119stochowie powita\u0142a uczestnik\u00f3w spotkania i przedstawi\u0142a kr\u00f3tk\u0105 informacje na temat\u00a0 konkursu zainicjowanego w 2020 r. z okazji uchwalonego przez Sejmik Wojew\u00f3dztwa \u015al\u0105skiego roku 2020 <em>Rokiem Kardyna\u0142a Stefana Wyszy\u0144skiego<\/em> \u2013 <em>Prymasa Tysi\u0105clecia.<\/em> Uchwa\u0142\u0105 Sejmu i Senatu Rzeczypospolitej Polskiej Prymas Stefan Wyszy\u0144ski zosta\u0142 patronem 2021 roku. Honorowy patronat nad konkursem przyj\u0119li Metropolita Cz\u0119stochowski Arcybiskup Wac\u0142aw Depo oraz Marsza\u0142ek Wojew\u00f3dztwa \u015al\u0105skiego Pan\u00a0Jakub\u00a0Che\u0142stowski. Patronatem medialnym konkurs obj\u0119\u0142o Radio \u201eJasna G\u00f3ra\u201d oraz Tygodnik katolicki \u201eNiedziela\u201d i \u201eGazeta Cz\u0119stochowska\u201d \u2013 Tygodnik Regionalny.<\/p>\n<p>Nast\u0119pnie g\u0142os zabra\u0142a Pani Marsza\u0142ek Beata Bia\u0142ow\u0105s, Cz\u0142onek Zarz\u0105du Wojew\u00f3dztwa \u015al\u0105skiego, kt\u00f3ra podzi\u0119kowa\u0142a i pogratulowa\u0142a uczestnikom oraz organizatorom konkursu. Pani Marsza\u0142ek podkre\u015bli\u0142a, \u017ce uczniowie szk\u00f3\u0142 podstawowych wojew\u00f3dztwa \u015bl\u0105skiego tak licznie uczestniczyli w konkursie, przez co niew\u0105tpliwie wzbogacili swoj\u0105 wiedz\u0119 o \u017cyciu i dzia\u0142alno\u015bci Kardyna\u0142a Stefana Wyszy\u0144skiego.<\/p>\n<p>G\u0142os zabra\u0142 r\u00f3wnie\u017c Pan Grzegorz Nawrocki, wiceprezes Stowarzyszenia Przyjaci\u00f3\u0142 Szk\u00f3\u0142 Katolickich, kt\u00f3ry w szczeg\u00f3lno\u015bci doceni\u0142 wysoki poziom merytoryczny i artystyczny prezentacji konkursowych.<\/p>\n<p>Pani Renata Lipniewska, wicedyrektor RODN \u201eWOM\u201d W Cz\u0119stochowie ds. bibliotek pedagogicznych og\u0142osi\u0142a wyniki konkursu rozstrzygni\u0119tego przez komisj\u0119 konkursow\u0105 w sk\u0142adzie:<\/p>\n<ul>\n<li>Pani Izabela Bajor, nauczyciel bibliotekarz PBP RODN \u201eWOM\u201d w Cz\u0119stochowie, przewodnicz\u0105ca komisji,<\/li>\n<li>Pan dr Artur D\u0105browski, Prezes Akcji Katolickiej Archidiecezji Cz\u0119stochowskiej,<\/li>\n<li>nauczyciel-konsultant RODN \u201eWOM\u201d w Cz\u0119stochowie,<\/li>\n<li>Pani Dagmara Karo\u0144, nauczyciel Katolickiego Liceum Og\u00f3lnokszta\u0142c\u0105cego SPSK im. Matki Bo\u017cej Jasnog\u00f3rskiej w Cz\u0119stochowie,<\/li>\n<li>Pan Leszek Szel\u0105g, nauczyciel Katolickiego Liceum Og\u00f3lnokszta\u0142c\u0105cego SPSK im. Matki Bo\u017cej Jasnog\u00f3rskiej w Cz\u0119stochowie,<\/li>\n<\/ul>\n<p><strong>W kategorii szko\u0142y podstawowe nagrody otrzymali: <\/strong><\/p>\n<p><strong>I miejsce:<\/strong><\/p>\n<p><strong>Hanna Sikora<\/strong>, \u00a0uczennica klasy VIII Szko\u0142y Podstawowej im. K. Makuszy\u0144skiego w\u00a0\u0141ojkach, opiekun: Beata Gaudy<\/p>\n<p><strong>Franciszek Zbrojkiewicz<\/strong>, ucze\u0144 klasy V Katolickiej Szko\u0142y Podstawowej Stowarzyszenia Przyjaci\u00f3\u0142 Szk\u00f3\u0142 Katolickich w Cz\u0119stochowie, opiekun: Anna Kolczarek<\/p>\n<p><strong>II miejsce:<\/strong><\/p>\n<p><strong>Daniel Krupa<\/strong>, ucze\u0144 klasy VIII Zespo\u0142u Szkolno-Przedszkolnego w Sierakowie \u015al\u0105skim, opiekun: Ma\u0142gorzata Go\u0142\u0105b<\/p>\n<p><strong>III miejsce:<\/strong><\/p>\n<p><strong>Aleksandra Mierczak<\/strong>, uczennica klasy VIII Szko\u0142y Podstawowej im. Powsta\u0144c\u00f3w Styczniowych w Kruszynie, opiekun: Urszula Ognik<\/p>\n<p><strong><u>Wyr\u00f3\u017cnienia:<\/u><\/strong><\/p>\n<p><strong>Anna Malmur<\/strong>, uczennica klasy VIII\u00a0 Szko\u0142y Podstawowej nr 48 im. Armii Krajowej w\u00a0Cz\u0119stochowie, opiekun: ks. Emil Ka\u0142u\u017ca<\/p>\n<p><strong>Nikola Szewczykowska<\/strong>, uczennica klasy VIII Szko\u0142y Podstawowej im. Henryka Sienkiewicza w Konopiskach, opiekun: Izabela Stanisz<\/p>\n<p><strong>Micha\u0142 Romianowski<\/strong>, ucze\u0144 klasy VIII Szko\u0142y Podstawowej w K\u0142omnicach, opiekun:\u00a0 ks. Piotr Molenda<\/p>\n<p><strong>Bruno B\u0142och<\/strong>, ucze\u0144 klasy VIII Szko\u0142y Podstawowej nr 2 im. K. K. Baczy\u0144skiego w Cz\u0119stochowie, opiekun: s. Helena Kowalczyk<\/p>\n<p><strong>W kategorii szko\u0142y ponadpodstawowe<\/strong> wyr\u00f3\u017cnienie otrzyma\u0142<strong> \u0141ukasz Ma\u0142achowski, <\/strong>ucze\u0144 klasy I Technikum nr 3 w Lubli\u0144cu, opiekun: S\u0142awomir Doma\u0144ski<\/p>\n<p>Uczniom i nauczycielom bior\u0105cym udzia\u0142 w konkursie gratulujemy pomys\u0142owo\u015bci i dzi\u0119kujemy za zaanga\u017cowanie.\u00a0 W szczeg\u00f3lno\u015bci gratulujemy laureatom konkursu. Wszyscy uczestnicy otrzymaj\u0105 pami\u0105tkowe dyplomy, a nauczyciele przygotowuj\u0105cy uczni\u00f3w do konkursu dyplomy z podzi\u0119kowaniem.<\/p>\n<p>Laureaci konkursu otrzymaj\u0105 nagrody przekazane przez Marsza\u0142ka Wojew\u00f3dztwa \u015al\u0105skiego Pana Jakuba Che\u0142stowskiego oraz nagrody ksi\u0105\u017ckowe\u00a0 ufundowane przez Akcj\u0119 Katolick\u0105 Archidiecezji Cz\u0119stochowskiej oraz Stowarzyszenie Przyjaci\u00f3\u0142 Szk\u00f3\u0142 Katolickich. Zwyci\u0119zcy konkursu b\u0119d\u0105 mieli okazj\u0119 udzieli\u0107 wywiadu w Radiu \u201eJasna G\u00f3ra\u201d oraz zwiedzi\u0107 Muzeum Monet i Medali Jana Paw\u0142a II w Cz\u0119stochowie.<\/p>\n<p>Serdecznie dzi\u0119kujemy wszystkim sponsorom za ufundowanie nagr\u00f3d i wsparcie organizacyjne. Szczeg\u00f3lne podzi\u0119kowania kierujemy do Pani Marsza\u0142ek Beaty Bia\u0142ow\u0105s \u2013 Cz\u0142onka Zarz\u0105du Wojew\u00f3dztwa \u015al\u0105skiego oraz Pani Danuty Ma\u0107kowskiej \u2013 Dyrektora Departamentu Edukacji, Nauki i Wsp\u00f3\u0142pracy z M\u0142odzie\u017c\u0105 Urz\u0119du Marsza\u0142kowskiego Wojew\u00f3dztwa \u015al\u0105skiego.<\/p>\n<p>14 czerwca 2021 r. o godz. 10:30 w Radiu \u201eJasna G\u00f3ra\u201d go\u015bciem\u00a0 audycji \u201eSenior w eterze\u201d by\u0142 Daniel Krupa, laureat Wojew\u00f3dzkiego Konkursu na prezentacj\u0119 multimedialn\u0105 \u201e\u017bycie jest wi\u0119ksze od legend, bo w \u017cyciu jest prawda. Rzecz o kardynale Stefanie Wyszy\u0144skim\u201d, zorganizowanego przez PBP RODN \u201eWOM\u201d w Cz\u0119stochowie. Daniel wraz z s. Ma\u0142gorzat\u0105 Go\u0142\u0105b opowiedzieli o pracy nad prezentacj\u0105 konkursow\u0105 oraz o swoich osobistych do\u015bwiadczeniach zwi\u0105zanych z postaci\u0105 kard. Stefana Wyszy\u0144skiego. Wywiad w Radiu \u201eJasna G\u00f3ra\u201d by\u0142 jedn\u0105 z nagr\u00f3d dla zwyci\u0119zc\u00f3w konkursu.<\/p>\n<p>&nbsp;<\/p>\n<p style=\"text-align: right;\"><em>Tekst i ilustracje: Renata Lipniewska, <\/em><em>Anna D\u0105browska<\/em><\/p>\n<p>&nbsp;<\/p>\n<style id=\"bwg-style-0\">    #bwg_container1_0 #bwg_container2_0 .bwg-container-0.bwg-standard-thumbnails {      width: 904px;              justify-content: center;        margin:0 auto !important;              background-color: rgba(255, 255, 255, 0.00);            padding-left: 4px;      padding-top: 4px;      max-width: 100%;            }        #bwg_container1_0 #bwg_container2_0 .bwg-container-0.bwg-standard-thumbnails .bwg-item {    justify-content: flex-start;      max-width: 180px;            width: 180px !important;          }    #bwg_container1_0 #bwg_container2_0 .bwg-container-0.bwg-standard-thumbnails .bwg-item a {       margin-right: 4px;       margin-bottom: 4px;    }    #bwg_container1_0 #bwg_container2_0 .bwg-container-0.bwg-standard-thumbnails .bwg-item0 {      padding: 0px;            background-color:rgba(255,255,255, 0.30);      border: 0px none #CCCCCC;      opacity: 1.00;      border-radius: 0;      box-shadow: 0px 0px 0px #888888;    }    #bwg_container1_0 #bwg_container2_0 .bwg-container-0.bwg-standard-thumbnails .bwg-item1 img {      max-height: none;      max-width: none;      padding: 0 !important;    }        @media only screen and (min-width: 480px) {      #bwg_container1_0 #bwg_container2_0 .bwg-container-0.bwg-standard-thumbnails .bwg-item0 {        transition: all 0.3s ease 0s;-webkit-transition: all 0.3s ease 0s;      }      #bwg_container1_0 #bwg_container2_0 .bwg-container-0.bwg-standard-thumbnails .bwg-item0:hover {        -ms-transform: scale(1.1);        -webkit-transform: scale(1.1);        transform: scale(1.1);      }    }          #bwg_container1_0 #bwg_container2_0 .bwg-container-0.bwg-standard-thumbnails .bwg-item1 {      padding-top: 50%;    }        #bwg_container1_0 #bwg_container2_0 .bwg-container-0.bwg-standard-thumbnails .bwg-title2,    #bwg_container1_0 #bwg_container2_0 .bwg-container-0.bwg-standard-thumbnails .bwg-ecommerce2 {      color: #CCCCCC;      font-family: segoe ui;      font-size: 16px;      font-weight: bold;      padding: 2px;      text-shadow: 0px 0px 0px #888888;      max-height: 100%;    }    #bwg_container1_0 #bwg_container2_0 .bwg-container-0.bwg-standard-thumbnails .bwg-thumb-description span {    color: #323A45;    font-family: Ubuntu;    font-size: 12px;    max-height: 100%;    word-wrap: break-word;    }    #bwg_container1_0 #bwg_container2_0 .bwg-container-0.bwg-standard-thumbnails .bwg-play-icon2 {      font-size: 32px;    }    #bwg_container1_0 #bwg_container2_0 .bwg-container-0.bwg-standard-thumbnails .bwg-ecommerce2 {      font-size: 19.2px;      color: #CCCCCC;    }    <\/style>    <div id=\"bwg_container1_0\"         class=\"bwg_container bwg_thumbnail bwg_thumbnails \"         data-right-click-protection=\"0\"         data-bwg=\"0\"         data-scroll=\"0\"         data-gallery-type=\"thumbnails\"         data-gallery-view-type=\"thumbnails\"         data-current-url=\"\/new\/wp-json\/wp\/v2\/pages\/17641\"         data-lightbox-url=\"https:\/\/pbp.womczest.edu.pl\/new\/wp-admin\/admin-ajax.php?action=GalleryBox&#038;current_view=0&#038;gallery_id=284&#038;tag=0&#038;theme_id=1&#038;shortcode_id=691&#038;sort_by=order&#038;order_by=asc&#038;current_url=%2Fnew%2Fwp-json%2Fwp%2Fv2%2Fpages%2F17641\"         data-gallery-id=\"284\"         data-popup-width=\"800\"         data-popup-height=\"500\"         data-is-album=\"gallery\"         data-buttons-position=\"bottom\">      <div id=\"bwg_container2_0\">             <div id=\"ajax_loading_0\" class=\"bwg_loading_div_1\">      <div class=\"bwg_loading_div_2\">        <div class=\"bwg_loading_div_3\">          <div id=\"loading_div_0\" class=\"bwg_spider_ajax_loading\">          <\/div>        <\/div>      <\/div>    <\/div>            <form id=\"gal_front_form_0\"              class=\"bwg-hidden\"              method=\"post\"              action=\"#\"              data-current=\"0\"              data-shortcode-id=\"691\"              data-gallery-type=\"thumbnails\"              data-gallery-id=\"284\"              data-tag=\"0\"              data-album-id=\"0\"              data-theme-id=\"1\"              data-ajax-url=\"https:\/\/pbp.womczest.edu.pl\/new\/wp-admin\/admin-ajax.php?action=bwg_frontend_data\">          <div id=\"bwg_container3_0\" class=\"bwg-background bwg-background-0\">                <div data-max-count=\"5\"         data-thumbnail-width=\"180\"         data-bwg=\"0\"         data-gallery-id=\"284\"         data-lightbox-url=\"https:\/\/pbp.womczest.edu.pl\/new\/wp-admin\/admin-ajax.php?action=GalleryBox&amp;current_view=0&amp;gallery_id=284&amp;tag=0&amp;theme_id=1&amp;shortcode_id=691&amp;sort_by=order&amp;order_by=asc&amp;current_url=%2Fnew%2Fwp-json%2Fwp%2Fv2%2Fpages%2F17641\"         id=\"bwg_thumbnails_0\"         class=\"bwg-container-0 bwg-thumbnails bwg-standard-thumbnails bwg-container bwg-border-box\">            <div class=\"bwg-item\">        <a class=\"bwg-a  bwg_lightbox\"  data-image-id=\"5114\" href=\"https:\/\/pbp.womczest.edu.pl\/new\/wp-content\/uploads\/photo-gallery\/2021_wyszynski\/nagrody_Marszalek.jpg?bwg=1616747166\" data-elementor-open-lightbox=\"no\">                <div class=\"bwg-item0 \">          <div class=\"bwg-item1 \">            <div class=\"bwg-item2\">              <img class=\"skip-lazy bwg_standart_thumb_img_0 \"                   data-id=\"5114\"                   data-width=\"1200\"                   data-height=\"673\"                   data-src=\"https:\/\/pbp.womczest.edu.pl\/new\/wp-content\/uploads\/photo-gallery\/2021_wyszynski\/thumb\/nagrody_Marszalek.jpg?bwg=1616747166\"                   src=\"https:\/\/pbp.womczest.edu.pl\/new\/wp-content\/uploads\/photo-gallery\/2021_wyszynski\/thumb\/nagrody_Marszalek.jpg?bwg=1616747166\"                   alt=\"nagrody Marszalek\"                   title=\"nagrody Marszalek\" \/>            <\/div>            <div class=\"\">                                                      <\/div>          <\/div>        <\/div>                        <\/a>              <\/div>            <div class=\"bwg-item\">        <a class=\"bwg-a  bwg_lightbox\"  data-image-id=\"5113\" href=\"https:\/\/pbp.womczest.edu.pl\/new\/wp-content\/uploads\/photo-gallery\/2021_wyszynski\/slajd_4.jpg?bwg=1616747066\" data-elementor-open-lightbox=\"no\">                <div class=\"bwg-item0 \">          <div class=\"bwg-item1 \">            <div class=\"bwg-item2\">              <img class=\"skip-lazy bwg_standart_thumb_img_0 \"                   data-id=\"5113\"                   data-width=\"1200\"                   data-height=\"681\"                   data-src=\"https:\/\/pbp.womczest.edu.pl\/new\/wp-content\/uploads\/photo-gallery\/2021_wyszynski\/thumb\/slajd_4.jpg?bwg=1616747066\"                   src=\"https:\/\/pbp.womczest.edu.pl\/new\/wp-content\/uploads\/photo-gallery\/2021_wyszynski\/thumb\/slajd_4.jpg?bwg=1616747066\"                   alt=\"slajd 4\"                   title=\"slajd 4\" \/>            <\/div>            <div class=\"\">                                                      <\/div>          <\/div>        <\/div>                        <\/a>              <\/div>            <div class=\"bwg-item\">        <a class=\"bwg-a  bwg_lightbox\"  data-image-id=\"5112\" href=\"https:\/\/pbp.womczest.edu.pl\/new\/wp-content\/uploads\/photo-gallery\/2021_wyszynski\/nagrody_Akcja_Katolicka.jpg?bwg=1616747066\" data-elementor-open-lightbox=\"no\">                <div class=\"bwg-item0 \">          <div class=\"bwg-item1 \">            <div class=\"bwg-item2\">              <img class=\"skip-lazy bwg_standart_thumb_img_0 \"                   data-id=\"5112\"                   data-width=\"1200\"                   data-height=\"661\"                   data-src=\"https:\/\/pbp.womczest.edu.pl\/new\/wp-content\/uploads\/photo-gallery\/2021_wyszynski\/thumb\/nagrody_Akcja_Katolicka.jpg?bwg=1616747066\"                   src=\"https:\/\/pbp.womczest.edu.pl\/new\/wp-content\/uploads\/photo-gallery\/2021_wyszynski\/thumb\/nagrody_Akcja_Katolicka.jpg?bwg=1616747066\"                   alt=\"nagrody Akcja Katolicka\"                   title=\"nagrody Akcja Katolicka\" \/>            <\/div>            <div class=\"\">                                                      <\/div>          <\/div>        <\/div>                        <\/a>              <\/div>            <div class=\"bwg-item\">        <a class=\"bwg-a  bwg_lightbox\"  data-image-id=\"5111\" href=\"https:\/\/pbp.womczest.edu.pl\/new\/wp-content\/uploads\/photo-gallery\/2021_wyszynski\/nagrody_SPSK.jpg?bwg=1616747066\" data-elementor-open-lightbox=\"no\">                <div class=\"bwg-item0 \">          <div class=\"bwg-item1 \">            <div class=\"bwg-item2\">              <img class=\"skip-lazy bwg_standart_thumb_img_0 \"                   data-id=\"5111\"                   data-width=\"1200\"                   data-height=\"648\"                   data-src=\"https:\/\/pbp.womczest.edu.pl\/new\/wp-content\/uploads\/photo-gallery\/2021_wyszynski\/thumb\/nagrody_SPSK.jpg?bwg=1616747066\"                   src=\"https:\/\/pbp.womczest.edu.pl\/new\/wp-content\/uploads\/photo-gallery\/2021_wyszynski\/thumb\/nagrody_SPSK.jpg?bwg=1616747066\"                   alt=\"nagrody SPSK\"                   title=\"nagrody SPSK\" \/>            <\/div>            <div class=\"\">                                                      <\/div>          <\/div>        <\/div>                        <\/a>              <\/div>          <\/div>    <style>      \/*pagination styles*\/      #bwg_container1_0 #bwg_container2_0 .tablenav-pages_0 {\t\t\t\ttext-align: center;\t\t\t\tfont-size: 12px;\t\t\t\tfont-family: segoe ui;\t\t\t\tfont-weight: bold;\t\t\t\tcolor: #666666;\t\t\t\tmargin: 6px 0 4px;\t\t\t\tdisplay: block;      }      @media only screen and (max-width : 320px) {      #bwg_container1_0 #bwg_container2_0 .displaying-num_0 {     \t display: none;      }      }      #bwg_container1_0 #bwg_container2_0 .displaying-num_0 {\t\t\t\tfont-size: 12px;\t\t\t\tfont-family: segoe ui;\t\t\t\tfont-weight: bold;\t\t\t\tcolor: #666666;\t\t\t\tmargin-right: 10px;\t\t\t\tvertical-align: middle;      }      #bwg_container1_0 #bwg_container2_0 .paging-input_0 {\t\t\t\tfont-size: 12px;\t\t\t\tfont-family: segoe ui;\t\t\t\tfont-weight: bold;\t\t\t\tcolor: #666666;\t\t\t\tvertical-align: middle;      }      #bwg_container1_0 #bwg_container2_0 .tablenav-pages_0 a.disabled,      #bwg_container1_0 #bwg_container2_0 .tablenav-pages_0 a.disabled:hover,      #bwg_container1_0 #bwg_container2_0 .tablenav-pages_0 a.disabled:focus,\t\t\t#bwg_container1_0 #bwg_container2_0 .tablenav-pages_0 input.bwg_current_page {\t\t\t\tcursor: default;\t\t\t\tcolor: rgba(102, 102, 102, 0.5);      }      #bwg_container1_0 #bwg_container2_0 .tablenav-pages_0 a,      #bwg_container1_0 #bwg_container2_0 .tablenav-pages_0 input.bwg_current_page {\t\t\t\tcursor: pointer;\t\t\t\ttext-align: center;\t\t\t\tfont-size: 12px;\t\t\t\tfont-family: segoe ui;\t\t\t\tfont-weight: bold;\t\t\t\tcolor: #666666;\t\t\t\ttext-decoration: none;\t\t\t\tpadding: 3px 6px;\t\t\t\tmargin: 0;\t\t\t\tborder-radius: 0;\t\t\t\tborder-style: solid;\t\t\t\tborder-width: 1px;\t\t\t\tborder-color: #E3E3E3;\t\t\t\t\t\t\t\tbackground-color: rgba(255, 255, 255, 1.00);\t\t\t\tbox-shadow: 0;\t\t\t\ttransition: all 0.3s ease 0s;-webkit-transition: all 0.3s ease 0s;      }      <\/style>      <span class=\"bwg_nav_cont_0\">              <div class=\"tablenav-pages_0\">                  <\/div>                <input type=\"hidden\" id=\"page_number_0\" name=\"page_number_0\" value=\"1\" \/>      <script type=\"text\/javascript\">        if( jQuery('.bwg_nav_cont_0').length > 1 ) {          jQuery('.bwg_nav_cont_0').first().remove()        }        function spider_page_0(cur, x, y, load_more) {          if (typeof load_more == \"undefined\") {            var load_more = false;          }          if (jQuery(cur).hasClass('disabled')) {            return false;          }          var items_county_0 = 1;          switch (y) {            case 1:              if (x >= items_county_0) {                document.getElementById('page_number_0').value = items_county_0;              }              else {                document.getElementById('page_number_0').value = x + 1;              }              break;            case 2:              document.getElementById('page_number_0').value = items_county_0;              break;            case -1:              if (x == 1) {                document.getElementById('page_number_0').value = 1;              }              else {                document.getElementById('page_number_0').value = x - 1;              }              break;            case -2:              document.getElementById('page_number_0').value = 1;              break;\t\t\t\t\t\tcase 0:              document.getElementById('page_number_0').value = x;              break;            default:              document.getElementById('page_number_0').value = 1;          }          bwg_ajax('gal_front_form_0', '0', 'bwg_thumbnails_0', '0', '', 'gallery', 0, '', '', load_more, '', 1);        }                    jQuery('.first-page-0').on('click', function () {              spider_page_0(this, 1, -2, 'numeric');              return false;            });            jQuery('.prev-page-0').on('click', function () {              spider_page_0(this, 1, -1, 'numeric');              return false;            });            jQuery('.next-page-0').on('click', function () {              spider_page_0(this, 1, 1, 'numeric');              return false;            });            jQuery('.last-page-0').on('click', function () {              spider_page_0(this, 1, 2, 'numeric');              return false;            });        \t\t\t\t\/* Change page on input enter. *\/        function bwg_change_page_0( e, that ) {          if (  e.key == 'Enter' ) {            var to_page = parseInt(jQuery(that).val());            var pages_count = jQuery(that).parents(\".pagination-links\").data(\"pages-count\");            var current_url_param = jQuery(that).attr('data-url-info');            if (to_page > pages_count) {              to_page = 1;            }\t \t\t\t\t\t\t\t\t\t\t\t\tspider_page_0(this, to_page, 0, 'numeric');\t\t\t\t\t\t\treturn false;\t\t\t\t\t\t          }          return true;        }        jQuery('.bwg_load_btn_0').on('click', function () {            spider_page_0(this, 1, 1, true);            return false;        });      <\/script>      <\/span>                <\/div>        <\/form>        <style>          #bwg_container1_0 #bwg_container2_0 #spider_popup_overlay_0 {          background-color: #000000;          opacity: 0.70;          }          <\/style>        <div id=\"bwg_spider_popup_loading_0\" class=\"bwg_spider_popup_loading\"><\/div>        <div id=\"spider_popup_overlay_0\" class=\"spider_popup_overlay\" onclick=\"spider_destroypopup(1000)\"><\/div>        <input type=\"hidden\" id=\"bwg_random_seed_0\" value=\"1161351011\">                <\/div>    <\/div>    <script>      if (document.readyState === 'complete') {        if( typeof bwg_main_ready == 'function' ) {          if ( jQuery(\"#bwg_container1_0\").height() ) {            bwg_main_ready(jQuery(\"#bwg_container1_0\"));          }        }      } else {        document.addEventListener('DOMContentLoaded', function() {          if( typeof bwg_main_ready == 'function' ) {            if ( jQuery(\"#bwg_container1_0\").height() ) {             bwg_main_ready(jQuery(\"#bwg_container1_0\"));            }          }        });      }    <\/script>    \n","protected":false},"excerpt":{"rendered":"<p>Publiczna Biblioteka Pedagogiczna Regionalnego O\u015brodka Doskonalenia Nauczycieli \u201eWOM\u201d w\u00a0Cz\u0119stochowie 25 marca 2021 r. zorganizowa\u0142a konferencj\u0119 online podsumowuj\u0105c\u0105\u00a0 Wojew\u00f3dzki\u00a0 Konkurs na prezentacj\u0119 multimedialn\u0105 \u201e\u017bycie jest wi\u0119ksze od legend, bo w \u017cyciu jest prawda. Rzecz o\u00a0kardynale Stefanie Wyszy\u0144skim\u201d. \u00a0Wsp\u00f3\u0142organizatorem tego przedsi\u0119wzi\u0119cia by\u0142a Katolicka Szko\u0142a Podstawowa Stowarzyszenia Przyjaci\u00f3\u0142 Szk\u00f3\u0142 Katolickich im. \u015bw. Kr\u00f3lowej Jadwigi w Cz\u0119stochowie. Pani El\u017cbieta Doroszuk, dyrektor Regionalnego O\u015brodka Doskonalenia Nauczycieli \u201eWOM\u201d w Cz\u0119stochowie powita\u0142a uczestnik\u00f3w spotkania i przedstawi\u0142a kr\u00f3tk\u0105<span class=\"ellipsis\">&hellip;<\/span><\/p>\n<div class=\"read-more\"><a href=\"https:\/\/pbp.womczest.edu.pl\/new\/wojewodzki-konkurs-na-prezentacje-multimedialna-zycie-jest-wieksze-od-legend-bo-w-zyciu-jest-prawda-rzecz-o-kardynale-stefanie-wyszynskim\/\">Czytaj wi\u0119cej &#8250;<\/a><\/div>\n<p><!-- end of .read-more --><\/p>\n","protected":false},"author":6,"featured_media":0,"parent":0,"menu_order":0,"comment_status":"closed","ping_status":"closed","template":"","meta":{"footnotes":""},"jetpack_sharing_enabled":true,"jetpack_shortlink":"https:\/\/wp.me\/PgmV4H-4Ax","_links":{"self":[{"href":"https:\/\/pbp.womczest.edu.pl\/new\/wp-json\/wp\/v2\/pages\/17641"}],"collection":[{"href":"https:\/\/pbp.womczest.edu.pl\/new\/wp-json\/wp\/v2\/pages"}],"about":[{"href":"https:\/\/pbp.womczest.edu.pl\/new\/wp-json\/wp\/v2\/types\/page"}],"author":[{"embeddable":true,"href":"https:\/\/pbp.womczest.edu.pl\/new\/wp-json\/wp\/v2\/users\/6"}],"replies":[{"embeddable":true,"href":"https:\/\/pbp.womczest.edu.pl\/new\/wp-json\/wp\/v2\/comments?post=17641"}],"version-history":[{"count":3,"href":"https:\/\/pbp.womczest.edu.pl\/new\/wp-json\/wp\/v2\/pages\/17641\/revisions"}],"predecessor-version":[{"id":18339,"href":"https:\/\/pbp.womczest.edu.pl\/new\/wp-json\/wp\/v2\/pages\/17641\/revisions\/18339"}],"wp:attachment":[{"href":"https:\/\/pbp.womczest.edu.pl\/new\/wp-json\/wp\/v2\/media?parent=17641"}],"curies":[{"name":"wp","href":"https:\/\/api.w.org\/{rel}","templated":true}]}}