


{"id":17589,"date":"2021-04-20T09:46:57","date_gmt":"2021-04-20T07:46:57","guid":{"rendered":"https:\/\/pbp.womczest.edu.pl\/new\/?page_id=17589"},"modified":"2022-06-22T11:54:13","modified_gmt":"2022-06-22T09:54:13","slug":"narzedzia-edukacji-zdalnej","status":"publish","type":"page","link":"https:\/\/pbp.womczest.edu.pl\/new\/narzedzia-edukacji-zdalnej\/","title":{"rendered":"Narz\u0119dzia edukacji zdalnej"},"content":{"rendered":"<p>Nauczanie zdalne to jeden z priorytet\u00f3w zwi\u0105zanych z doskonaleniem nauczycieli. W roku szkolnym 2020\/2021 wi\u0119kszo\u015b\u0107 szk\u00f3\u0142 i plac\u00f3wek zosta\u0142o obj\u0119tych e-nauczaniem. Nauczyciele stan\u0119li ponownie przed problemem zwi\u0105zanym z wykorzystywaniem nowych metod i form w pracy z uczniami przy wykorzystaniu technologii informacyjno-komunikacyjnych. Na przeciw ich potrzebom \u00a0zainicjowana zosta\u0142a sie\u0107 wsp\u00f3\u0142pracy i samokszta\u0142cenia \u201eNarz\u0119dzia edukacji zdalnej\u201d, kt\u00f3ra skierowana zosta\u0142a do nauczycieli i nauczycieli bibliotekarzy. Koordynatorami sieci s\u0105 nauczyciele bibliotekarze PBP RODN &#8222;WOM&#8221; w Cz\u0119stochowie: <strong>dr Agata Arkabus i Anna P\u0142usa<\/strong>.<\/p>\n<p>Czas trwania sieci: kwiecie\u0144-maj 2021 r.<\/p>\n<p>Cele pracy sieci:<br \/>\n&#8211; Rola technologii informacyjno-komunikacyjnych w nauczaniu zdalnym.<br \/>\n&#8211; Zasady odpowiedzialnego, zgodnie z prawem, publikowania informacji.<br \/>\n&#8211; Wykorzystanie narz\u0119dzi TIK w procesie nauczania zdalnego.<br \/>\n&#8211; Urz\u0105dzenia i aplikacje mobilne, czyli jak wykorzysta\u0107 smartfon w e-nauczaniu.<br \/>\n&#8211; Tworzenie materia\u0142\u00f3w i \u0107wicze\u0144 dla uczni\u00f3w z wykorzystaniem poznanych zasob\u00f3w i narz\u0119dzi TIK.<\/p>\n<p>W dniu 13 kwietnia 2021 r. odby\u0142o si\u0119 pierwsze spotkanie online sieci wsp\u00f3\u0142pracy i samokszta\u0142cenia &#8222;Narz\u0119dzia edukacji zdalnej\u201d. Podczas spotkania na platformie Skype om\u00f3wiona zosta\u0142a organizacja sieci, cele poszczeg\u00f3lnych modu\u0142\u00f3w, materia\u0142y do wypracowania. Anna P\u0142usa zaprezentowa\u0142a r\u00f3\u017cne narz\u0119dzia pracy zdalnej przydatne w pracy nauczyciela, a nast\u0119pnie uczestnicy pod kierunkiem nauczycieli bibliotekarzy opracowali w\u0142asne \u0107wiczenia na platformie Wordwall, kt\u00f3re b\u0119d\u0105 udost\u0119pniane innym nauczycielom w ramach wymiany do\u015bwiadcze\u0144 na platformie Google.<\/p>\n<p style=\"text-align: right;\"><em>dr Agata Arkabus<\/em><\/p>\n<hr \/>\n<p>Drugie spotkanie sieci wsp\u00f3\u0142pracy i samokszta\u0142cenia odby\u0142o si\u0119 27 kwietnia 2021 r. na platformie Skype. Uczestnicy szkolenia wys\u0142uchali wyk\u0142adu dr Agaty Arkabus na temat \u201eJak organizowa\u0107 zdalne ko\u0142a zainteresowa\u0144 w szkole?\u201d podczas kt\u00f3rego prowadz\u0105ca zaprezentowa\u0142a metody i formy pracy zdalnych k\u00f3\u0142 zainteresowa\u0144 oraz narz\u0119dzia i programy komputerowe przydatne w ich organizacji. Druga cz\u0119\u015b\u0107 spotkania po\u015bwi\u0119cona zosta\u0142a pracy warsztatowej. Nauczyciele zapoznali si\u0119 z funkcjonalno\u015bciami platformy Genially oraz dokonali pr\u00f3b tworzenia autorskiego projektu edukacyjnego przy jej wykorzystaniu. Zadaniem uczestnik\u00f3w by\u0142o utworzenie interaktywnego obrazu: <a href=\"https:\/\/view.genial.ly\/6081308c83f09d0d343fc0c0\/interactive-image-konstytucja-3-maja-1971-roku-jan-matejko\">https:\/\/view.genial.ly\/6081308c83f09d0d343fc0c0\/interactive-image-konstytucja-3-maja-1971-roku-jan-matejko.\u00a0<\/a><\/p>\n<p>Uczestnicy utworzyli w\u0142asne materia\u0142y autorskie, kt\u00f3re zosta\u0142y indywidualnie om\u00f3wione przez dr Agat\u0119 Arkabus w ramach konsultacji indywidualnych.<\/p>\n<p>Koordynatorzy sieci udost\u0119pnili tak\u017ce poradniki i materia\u0142y dla nauczycieli, przydatne w \u00a0tworzeniu zasob\u00f3w na platformie Genially oraz w innych interaktywnych aplikacjach:<\/p>\n<p><a href=\"https:\/\/pbp.womczest.edu.pl\/new\/wp-content\/uploads\/2022\/06\/Anna-Plusa_Mentimeter-poradnik-dla-nauczycieli.pdf\">Anna P\u0142usa_Mentimeter &#8211; poradnik dla nauczycieli<\/a><\/p>\n<p><a href=\"https:\/\/pbp.womczest.edu.pl\/new\/wp-content\/uploads\/2022\/06\/A.Plusa_Funkcjonalnosci-aplikacji-Quizizz-poradnik-dla-nauczycieli.pdf\">A.P\u0142usa_Funkcjonalno\u015bci aplikacji Quizizz-poradnik dla nauczycieli<\/a><\/p>\n<p><a href=\"https:\/\/pbp.womczest.edu.pl\/new\/wp-content\/uploads\/2022\/06\/A.Plusa_Story-Jumper-poradnik-dla-nauczycieli.pdf\">A.P\u0142usa_Story Jumper &#8211; poradnik dla nauczycieli<\/a><\/p>\n<p><a href=\"https:\/\/pbp.womczest.edu.pl\/new\/wp-content\/uploads\/2022\/06\/A.Plusa_Padlet-poradnik-dla-nauczycieli.pdf\">A.P\u0142usa_Padlet &#8211; poradnik dla nauczycieli<\/a><\/p>\n<p>&nbsp;<\/p>\n<p>Podzi\u0119kowali r\u00f3wnie\u017c wszystkim uczestnikom, kt\u00f3rzy wykonali \u0107wiczenia interaktywne w programie Wordwall i zamie\u015bcili je na Dysku Google w ramach wymiany do\u015bwiadcze\u0144.<\/p>\n<p style=\"text-align: right;\"><em>dr Agata Arkabus<\/em><\/p>\n<hr \/>\n<p>Trzecie spotkanie sieci wsp\u00f3\u0142pracy i samokszta\u0142cenia odby\u0142o si\u0119 24 maja 2021 r. przy wykorzystaniu platformy Skype. Tematyka warsztat\u00f3w obejmowa\u0142a dwa modu\u0142y:<\/p>\n<p>&#8211; Organizacja konkurs\u00f3w online w szkole podstawowej i ponadpodstawowej.<br \/>\n&#8211; Wykorzystanie programu Artsteps do tworzenia wirtualnych galerii prac uczni\u00f3w.<\/p>\n<p>W pierwszej cz\u0119\u015bci spotkania uczestnicy podzielili si\u0119 swoimi do\u015bwiadczeniami w zakresie organizacji i prowadzenia konkurs\u00f3w online w roku szkolnym 2020\/2021 w swoich plac\u00f3wkach. Nast\u0119pnie nauczyciele przy wykorzystaniu Dysku Google udost\u0119pniali swoje pomys\u0142y i uwagi dotycz\u0105ce tworzenia i organizacji tego typu przedsi\u0119wzi\u0119\u0107.<\/p>\n<p>Druga cz\u0119\u015b\u0107 szkolenia po\u015bwi\u0119cona zosta\u0142a om\u00f3wieniu przez dr Agat\u0119 Arkabus programu Artsteps, kt\u00f3ry umo\u017cliwia tworzenie online galerii prac uczni\u00f3w, podsumowaniu tw\u00f3rczo\u015bci dzia\u0142a\u0144 dzieci i m\u0142odzie\u017cy w zakresie uczestnictwa w konkursach i innych wydarzeniach edukacyjnych. Uczestnicy warsztat\u00f3w otrzymali instrukcj\u0119 korzystania z wy\u017cej wymienionego programu.<\/p>\n<p>Sie\u0107 wsp\u00f3\u0142pracy i samokszta\u0142cenia \u201eNarz\u0119dzia edukacji zdalnej\u201d umo\u017cliwi\u0142a nauczycielom zdobycie wiedzy, wymian\u0119 do\u015bwiadcze\u0144, wykorzystanie narz\u0119dzi TIK w pracy w\u0142asnej oraz dzielenie si\u0119 pomys\u0142ami i wykonanymi zadaniami z innymi uczestnikami sieci. Narz\u0119dzia zdalne zastosowane i prezentowane podczas warsztat\u00f3w ugruntowa\u0142y wiedz\u0119 uczestnik\u00f3w oraz wskaza\u0142y ich istotny wp\u0142yw i rol\u0119 w procesie nauczania i uczenia si\u0119.<\/p>\n<p><img decoding=\"async\" loading=\"lazy\" class=\"wp-image-17795 alignleft\" src=\"https:\/\/pbp.womczest.edu.pl\/new\/wp-content\/uploads\/2021\/06\/20210524_102010-scaled.jpg\" alt=\"\" width=\"270\" height=\"203\" srcset=\"https:\/\/pbp.womczest.edu.pl\/new\/wp-content\/uploads\/2021\/06\/20210524_102010-scaled.jpg 2560w, https:\/\/pbp.womczest.edu.pl\/new\/wp-content\/uploads\/2021\/06\/20210524_102010-300x226.jpg 300w, https:\/\/pbp.womczest.edu.pl\/new\/wp-content\/uploads\/2021\/06\/20210524_102010-1000x752.jpg 1000w, https:\/\/pbp.womczest.edu.pl\/new\/wp-content\/uploads\/2021\/06\/20210524_102010-768x577.jpg 768w, https:\/\/pbp.womczest.edu.pl\/new\/wp-content\/uploads\/2021\/06\/20210524_102010-1536x1155.jpg 1536w, https:\/\/pbp.womczest.edu.pl\/new\/wp-content\/uploads\/2021\/06\/20210524_102010-2048x1540.jpg 2048w, https:\/\/pbp.womczest.edu.pl\/new\/wp-content\/uploads\/2021\/06\/20210524_102010-100x75.jpg 100w, https:\/\/pbp.womczest.edu.pl\/new\/wp-content\/uploads\/2021\/06\/20210524_102010-150x113.jpg 150w, https:\/\/pbp.womczest.edu.pl\/new\/wp-content\/uploads\/2021\/06\/20210524_102010-200x150.jpg 200w, https:\/\/pbp.womczest.edu.pl\/new\/wp-content\/uploads\/2021\/06\/20210524_102010-450x338.jpg 450w, https:\/\/pbp.womczest.edu.pl\/new\/wp-content\/uploads\/2021\/06\/20210524_102010-600x451.jpg 600w, https:\/\/pbp.womczest.edu.pl\/new\/wp-content\/uploads\/2021\/06\/20210524_102010-900x677.jpg 900w\" sizes=\"(max-width: 270px) 100vw, 270px\" \/> <img decoding=\"async\" loading=\"lazy\" class=\"wp-image-17796 alignleft\" src=\"https:\/\/pbp.womczest.edu.pl\/new\/wp-content\/uploads\/2021\/06\/20210524_114104-scaled.jpg\" alt=\"\" width=\"274\" height=\"206\" srcset=\"https:\/\/pbp.womczest.edu.pl\/new\/wp-content\/uploads\/2021\/06\/20210524_114104-scaled.jpg 2560w, https:\/\/pbp.womczest.edu.pl\/new\/wp-content\/uploads\/2021\/06\/20210524_114104-300x226.jpg 300w, https:\/\/pbp.womczest.edu.pl\/new\/wp-content\/uploads\/2021\/06\/20210524_114104-1000x752.jpg 1000w, https:\/\/pbp.womczest.edu.pl\/new\/wp-content\/uploads\/2021\/06\/20210524_114104-768x577.jpg 768w, https:\/\/pbp.womczest.edu.pl\/new\/wp-content\/uploads\/2021\/06\/20210524_114104-1536x1155.jpg 1536w, https:\/\/pbp.womczest.edu.pl\/new\/wp-content\/uploads\/2021\/06\/20210524_114104-2048x1540.jpg 2048w, https:\/\/pbp.womczest.edu.pl\/new\/wp-content\/uploads\/2021\/06\/20210524_114104-100x75.jpg 100w, https:\/\/pbp.womczest.edu.pl\/new\/wp-content\/uploads\/2021\/06\/20210524_114104-150x113.jpg 150w, https:\/\/pbp.womczest.edu.pl\/new\/wp-content\/uploads\/2021\/06\/20210524_114104-200x150.jpg 200w, https:\/\/pbp.womczest.edu.pl\/new\/wp-content\/uploads\/2021\/06\/20210524_114104-450x338.jpg 450w, https:\/\/pbp.womczest.edu.pl\/new\/wp-content\/uploads\/2021\/06\/20210524_114104-600x451.jpg 600w, https:\/\/pbp.womczest.edu.pl\/new\/wp-content\/uploads\/2021\/06\/20210524_114104-900x677.jpg 900w\" sizes=\"(max-width: 274px) 100vw, 274px\" \/> <img decoding=\"async\" loading=\"lazy\" class=\"wp-image-17797 alignnone\" src=\"https:\/\/pbp.womczest.edu.pl\/new\/wp-content\/uploads\/2021\/06\/20210524_114116-scaled.jpg\" alt=\"\" width=\"284\" height=\"213\" srcset=\"https:\/\/pbp.womczest.edu.pl\/new\/wp-content\/uploads\/2021\/06\/20210524_114116-scaled.jpg 2560w, https:\/\/pbp.womczest.edu.pl\/new\/wp-content\/uploads\/2021\/06\/20210524_114116-300x226.jpg 300w, https:\/\/pbp.womczest.edu.pl\/new\/wp-content\/uploads\/2021\/06\/20210524_114116-1000x752.jpg 1000w, https:\/\/pbp.womczest.edu.pl\/new\/wp-content\/uploads\/2021\/06\/20210524_114116-768x577.jpg 768w, https:\/\/pbp.womczest.edu.pl\/new\/wp-content\/uploads\/2021\/06\/20210524_114116-1536x1155.jpg 1536w, https:\/\/pbp.womczest.edu.pl\/new\/wp-content\/uploads\/2021\/06\/20210524_114116-2048x1540.jpg 2048w, https:\/\/pbp.womczest.edu.pl\/new\/wp-content\/uploads\/2021\/06\/20210524_114116-100x75.jpg 100w, https:\/\/pbp.womczest.edu.pl\/new\/wp-content\/uploads\/2021\/06\/20210524_114116-150x113.jpg 150w, https:\/\/pbp.womczest.edu.pl\/new\/wp-content\/uploads\/2021\/06\/20210524_114116-200x150.jpg 200w, https:\/\/pbp.womczest.edu.pl\/new\/wp-content\/uploads\/2021\/06\/20210524_114116-450x338.jpg 450w, https:\/\/pbp.womczest.edu.pl\/new\/wp-content\/uploads\/2021\/06\/20210524_114116-600x451.jpg 600w, https:\/\/pbp.womczest.edu.pl\/new\/wp-content\/uploads\/2021\/06\/20210524_114116-900x677.jpg 900w\" sizes=\"(max-width: 284px) 100vw, 284px\" \/><\/p>\n<p>W ramach dzielenia si\u0119 wiedz\u0105 i do\u015bwiadczeniami nauczyciele wykonali i udost\u0119pnili zadania i \u0107wiczenia:<\/p>\n<p>W PROGRAMIE WORDWALL:<\/p>\n<p>&#8211;<a href=\"https:\/\/wordwall.net\/play\/14428\/140\/423\">Czy znasz bibliotek\u0119 szkoln\u0105?<\/a><br \/>\n&#8211;<a href=\"https:\/\/wordwall.net\/play\/9662\/080\/701\">Powt\u00f3rzenie &#8211; style w sztuce<\/a><br \/>\n&#8211;<a href=\"https:\/\/wordwall.net\/play\/8555\/540\/236\">Rozpoznaj &#8211; urz\u0105dzenia peryferyjne<\/a><br \/>\n&#8211;<a href=\"https:\/\/wordwall.net\/play\/8030\/401\/827\">Zestaw komputerowy<\/a><br \/>\n&#8211;<a href=\"https:\/\/wordwall.net\/play\/8027\/028\/142\">Nazwy kolor\u00f3w<\/a><br \/>\n&#8211;<a href=\"https:\/\/wordwall.net\/pl\/resource\/14593173\/autor-i-tytu%c5%82-ksi%c4%85%c5%bcki\"><span class=\"js-activity-title-value\" dir=\"auto\">Autor i tytu\u0142 ksi\u0105\u017cki<\/span><\/a><br \/>\n&#8211;<a href=\"https:\/\/wordwall.net\/pl\/resource\/14900262\/polski\/patroni-roku-2021\"><span class=\"js-activity-title-value\" dir=\"auto\">Patroni roku 2021<\/span><\/a><br \/>\n&#8211;<a href=\"https:\/\/wordwall.net\/pl\/resource\/14742501\/zwierz%c4%99ta-po-angielsku\"><span class=\"js-activity-title-value\" dir=\"auto\">Zwierz\u0119ta po angielsku<\/span><\/a><br \/>\n&#8211;<a href=\"https:\/\/wordwall.net\/pl\/resource\/14541928\/znani-literaccy-kochankowie\"><span class=\"js-activity-title-value\" dir=\"auto\">Znani literaccy kochankowie<\/span><\/a><br \/>\n&#8211;<a href=\"https:\/\/wordwall.net\/pl\/resource\/16324242\/polski\/bezokolicznik\"><span class=\"js-activity-title-value\" dir=\"auto\">Bezokolicznik<\/span><\/a><\/p>\n<p>W PROGRAMIE GENIALLY:<\/p>\n<p>&#8211;<a href=\"https:\/\/view.genial.ly\/609900aef72e040d45edd85d\/horizontal-infographic-review-tajemnice-zycia-i-tworczosci-oscara-wilde\">Tajemnice \u017cycia i tw\u00f3rczo\u015bci Oscara Wilde<\/a><br \/>\n&#8211;<a href=\"https:\/\/view.genial.ly\/5ea981cabcafac0d9fde44f1\/presentation-majowe-swieta\">Majowe \u015bwi\u0119ta<\/a><\/p>\n<p>Na zako\u0144czenie spotkania Pani Anna P\u0142usa zaprezentowa\u0142a publikacj\u0119 dla nauczycieli szk\u00f3\u0142 ponadpodstawowych, dotycz\u0105c\u0105 wykorzystywania zasob\u00f3w internetu w zgodzie z prawem:<\/p>\n<p><a href=\"https:\/\/pbp.womczest.edu.pl\/new\/wp-content\/uploads\/2022\/06\/Korzystamy-z-zasobow-internetu-w-zgodzie-z-prawem.pdf\">Korzystamy z zasob\u00f3w internetu w zgodzie z prawem<\/a><\/p>\n<p style=\"text-align: right;\"><em>dr Agata Arkabus<\/em><\/p>\n","protected":false},"excerpt":{"rendered":"<p>Nauczanie zdalne to jeden z priorytet\u00f3w zwi\u0105zanych z doskonaleniem nauczycieli. W roku szkolnym 2020\/2021 wi\u0119kszo\u015b\u0107 szk\u00f3\u0142 i plac\u00f3wek zosta\u0142o obj\u0119tych e-nauczaniem. Nauczyciele stan\u0119li ponownie przed problemem zwi\u0105zanym z wykorzystywaniem nowych metod i form w pracy z uczniami przy wykorzystaniu technologii informacyjno-komunikacyjnych. Na przeciw ich potrzebom \u00a0zainicjowana zosta\u0142a sie\u0107 wsp\u00f3\u0142pracy i samokszta\u0142cenia \u201eNarz\u0119dzia edukacji zdalnej\u201d, kt\u00f3ra skierowana zosta\u0142a do nauczycieli i nauczycieli bibliotekarzy. Koordynatorami sieci s\u0105 nauczyciele bibliotekarze PBP RODN &#8222;WOM&#8221;<span class=\"ellipsis\">&hellip;<\/span><\/p>\n<div class=\"read-more\"><a href=\"https:\/\/pbp.womczest.edu.pl\/new\/narzedzia-edukacji-zdalnej\/\">Czytaj wi\u0119cej &#8250;<\/a><\/div>\n<p><!-- end of .read-more --><\/p>\n","protected":false},"author":6,"featured_media":0,"parent":0,"menu_order":0,"comment_status":"closed","ping_status":"closed","template":"","meta":{"footnotes":""},"jetpack_sharing_enabled":true,"jetpack_shortlink":"https:\/\/wp.me\/PgmV4H-4zH","_links":{"self":[{"href":"https:\/\/pbp.womczest.edu.pl\/new\/wp-json\/wp\/v2\/pages\/17589"}],"collection":[{"href":"https:\/\/pbp.womczest.edu.pl\/new\/wp-json\/wp\/v2\/pages"}],"about":[{"href":"https:\/\/pbp.womczest.edu.pl\/new\/wp-json\/wp\/v2\/types\/page"}],"author":[{"embeddable":true,"href":"https:\/\/pbp.womczest.edu.pl\/new\/wp-json\/wp\/v2\/users\/6"}],"replies":[{"embeddable":true,"href":"https:\/\/pbp.womczest.edu.pl\/new\/wp-json\/wp\/v2\/comments?post=17589"}],"version-history":[{"count":18,"href":"https:\/\/pbp.womczest.edu.pl\/new\/wp-json\/wp\/v2\/pages\/17589\/revisions"}],"predecessor-version":[{"id":20749,"href":"https:\/\/pbp.womczest.edu.pl\/new\/wp-json\/wp\/v2\/pages\/17589\/revisions\/20749"}],"wp:attachment":[{"href":"https:\/\/pbp.womczest.edu.pl\/new\/wp-json\/wp\/v2\/media?parent=17589"}],"curies":[{"name":"wp","href":"https:\/\/api.w.org\/{rel}","templated":true}]}}