


{"id":17306,"date":"2021-03-31T09:50:03","date_gmt":"2021-03-31T07:50:03","guid":{"rendered":"https:\/\/pbp.womczest.edu.pl\/new\/?page_id=17306"},"modified":"2021-04-29T10:56:33","modified_gmt":"2021-04-29T08:56:33","slug":"konkursu-na-prezentacje-bohatera-lektury-zadanie-aktorskie-wcielam-sie-w-role","status":"publish","type":"page","link":"https:\/\/pbp.womczest.edu.pl\/new\/konkursu-na-prezentacje-bohatera-lektury-zadanie-aktorskie-wcielam-sie-w-role\/","title":{"rendered":"Konkursu na prezentacj\u0119 bohatera lektury \u201eZadanie aktorskie \u2013 wcielam si\u0119 w rol\u0119\u2026\u201d"},"content":{"rendered":"<p><img decoding=\"async\" loading=\"lazy\" class=\"wp-image-17066 aligncenter\" src=\"https:\/\/pbp.womczest.edu.pl\/new\/wp-content\/uploads\/2021\/02\/logo_2.png\" alt=\"\" width=\"197\" height=\"205\" srcset=\"https:\/\/pbp.womczest.edu.pl\/new\/wp-content\/uploads\/2021\/02\/logo_2.png 784w, https:\/\/pbp.womczest.edu.pl\/new\/wp-content\/uploads\/2021\/02\/logo_2-288x300.png 288w, https:\/\/pbp.womczest.edu.pl\/new\/wp-content\/uploads\/2021\/02\/logo_2-768x799.png 768w, https:\/\/pbp.womczest.edu.pl\/new\/wp-content\/uploads\/2021\/02\/logo_2-100x104.png 100w, https:\/\/pbp.womczest.edu.pl\/new\/wp-content\/uploads\/2021\/02\/logo_2-150x156.png 150w, https:\/\/pbp.womczest.edu.pl\/new\/wp-content\/uploads\/2021\/02\/logo_2-200x208.png 200w, https:\/\/pbp.womczest.edu.pl\/new\/wp-content\/uploads\/2021\/02\/logo_2-300x312.png 300w, https:\/\/pbp.womczest.edu.pl\/new\/wp-content\/uploads\/2021\/02\/logo_2-450x468.png 450w, https:\/\/pbp.womczest.edu.pl\/new\/wp-content\/uploads\/2021\/02\/logo_2-600x624.png 600w\" sizes=\"(max-width: 197px) 100vw, 197px\" \/><\/p>\n<p>W roku szkolnym 2020\/2021 odby\u0142 si\u0119 <em>Konkurs\u00a0 na prezentacj\u0119 bohatera lektury \u201eZadanie aktorskie \u2013 wcielam si\u0119 w rol\u0119\u2026\u201d<\/em> , kt\u00f3rego organizatorami byli Szko\u0142a Podstawowa\u00a0 nr 21 im. Ks. Stanis\u0142awa Konarskiego w Cz\u0119stochowie oraz Publiczna Biblioteka Pedagogiczna RODN \u201eWOM\u201d w Cz\u0119stochowie. Adresatami konkursu byli uczniowie szk\u00f3\u0142 podstawowych z Cz\u0119stochowy, powiatu cz\u0119stochowskiego i lublinieckiego. Patronat honorowy nad konkursem obj\u0105\u0142 Teatr\u00a0 im. Adama Mickiewicza w Cz\u0119stochowie. Rozstrzygni\u0119cie konkursu nast\u0105pi\u0142o 29 marca 2021 roku.<\/p>\n<p>Cele konkursu obejmowa\u0142y:<\/p>\n<p>&#8211; Inspirowanie m\u0142odzie\u017cy do dzia\u0142a\u0144 tw\u00f3rczych.<\/p>\n<p>&#8211; Popularyzacja bohater\u00f3w lektur szkolnych.<\/p>\n<p>&#8211; Prezentacja umiej\u0119tno\u015bci teatralnych (wcielenie si\u0119 w rol\u0119 bohatera).<\/p>\n<p>&#8211; Zastosowanie narz\u0119dzi TIK w edukacji i promocji czytelnictwa.<\/p>\n<p>W zwi\u0105zku z przej\u015bciem szk\u00f3\u0142 na nauczanie zdalne i sytuacj\u0105 epidemiologiczn\u0105 zwi\u0105zan\u0105 z pandemi\u0105 koronawirusa (SARS-CoV-2) konkurs odby\u0142 si\u0119 w formie online. Warunkiem uczestnictwa by\u0142o nagranie filmu, w kt\u00f3rym uczestnik wcieli\u0142 si\u0119 w rol\u0119 wybranego bohatera lektury szkolnej. Film nale\u017ca\u0142o nagra\u0107 przy wykorzystaniu telefonu kom\u00f3rkowego i przes\u0142a\u0107 na adres e-mail podany przez organizator\u00f3w. D\u0142ugo\u015b\u0107 filmu nie mog\u0142a przekracza\u0107 4 min.<\/p>\n<p>Konkurs cieszy\u0142 si\u0119 du\u017cym zainteresowaniem uczni\u00f3w i nauczycieli. Do udzia\u0142u zg\u0142oszono 39 prac z 21 szk\u00f3\u0142 z Cz\u0119stochowy oraz powiatu cz\u0119stochowskiego i lublinieckiego. Uczniowie przygotowali\u00a0 ciekawe i barwne prezentacje wcielaj\u0105c si\u0119 w role r\u00f3\u017cnych bohater\u00f3w literackich, mi\u0119dzy innymi: Balladyny, Ani z Zielonego Wzg\u00f3rza, Ma\u0142ego Ksi\u0119cia, Pana Kleksa, Haikyuu! Uczestnicy konkursu wykorzystali nie tylko ciekawe interpretacje postaci, ale tak\u017ce podk\u0142ady d\u017awi\u0119kowe, dekoracje oraz rekwizyty. Odpowiedni przekaz film\u00f3w wzbogacony multimedialnymi efektami specjalnymi wskaza\u0142 na wysokie umiej\u0119tno\u015bci uczni\u00f3w w wykorzystaniu nowoczesnych technologii.<\/p>\n<p>W sk\u0142ad komisji konkursowej powo\u0142ano:<\/p>\n<p>Ew\u0119 Ole\u015b \u2013 sekretarza literackiego Teatru im. A. Mickiewicza w Cz\u0119stochowie,<\/p>\n<p>dr Agat\u0119 Arkabus \u2013 nauczyciela bibliotekarza Publicznej Biblioteki Pedagogicznej RODN \u201eWOM\u201d<br \/>\nw Cz\u0119stochowie,<\/p>\n<p>Joann\u0119 Otto \u2013 wicedyrektora Szko\u0142y Podstawowej nr 21 im. Ks. Stanis\u0142awa Konarskiego<br \/>\nw Cz\u0119stochowie,<\/p>\n<p>Iwon\u0119 Walczak \u2013 nauczyciela bibliotekarza Szko\u0142y Podstawowej nr 21 im. Ks. Stanis\u0142awa Konarskiego w Cz\u0119stochowie.<\/p>\n<p>Nagrody otrzymali:<\/p>\n<ul>\n<li>I miejsce \u2013 za autentyczno\u015b\u0107, sp\u00f3jn\u0105 koncepcj\u0119, oryginalny scenariusz, stworzenie wiarygodnej<br \/>\ni wielowymiarowej postaci oraz tw\u00f3rcz\u0105 i kreatywn\u0105 wypowied\u017a:<\/li>\n<\/ul>\n<p>Emilia Musieli\u0144ska, uczennica klasy IV Szko\u0142y Podstawowej im. Janusza Korczaka w Zawadzie, opiekun: Bogus\u0142awa Woldan.<\/p>\n<ul>\n<li>II miejsce \u2013 za ciekaw\u0105 inscenizacj\u0119 scen plenerowych, interesuj\u0105cy dob\u00f3r muzyki, niezaprzeczalny urok i bezpretensjonalno\u015b\u0107 m\u0142odej wykonawczyni oraz og\u00f3lny wyraz artystyczny:<\/li>\n<\/ul>\n<p>Bianka Schabowska, uczennica klasy VI Szko\u0142y Podstawowej nr 1 im. M. Konopnickiej w Lubli\u0144cu, opiekun: Gra\u017cyna Kempa.<\/p>\n<ul>\n<li>III miejsce (ex aequo) \u2013 za autentyczno\u015b\u0107, prawd\u0119 przekazu i ciekaw\u0105 interpretacj\u0119:<\/li>\n<\/ul>\n<p>Dagmara Kubica, uczennica klasy IV Szko\u0142y Podstawowej nr 4 im. 74 G\u00f3rno\u015bl\u0105skiego Pu\u0142ku Piechoty w Lubli\u0144cu, opiekun: Barbara Szuster.<\/p>\n<p>Amelia Deska, uczennica klasy VII Szko\u0142y Podstawowej nr 7 im. K. I. Ga\u0142czy\u0144skiego w Cz\u0119stochowie, opiekun: Beata Jarz\u0119bowska.<\/p>\n<p>Maja D\u0105browska, uczennica klasy VII Szko\u0142y Podstawowej nr 21 im. Ks. Stanis\u0142awa Konarskiego<br \/>\nw Cz\u0119stochowie.<\/p>\n<ul>\n<li>Wyr\u00f3\u017cnienia:<\/li>\n<\/ul>\n<p>Jakub Napierski, ucze\u0144 Niepublicznej Szko\u0142y Podstawowej \u201ePi\u0119kny Umys\u0142\u201d w Cz\u0119stochowie, opiekun: Magdalena Teklak.<\/p>\n<p>Maja Kosta, uczennica klasy VI Szko\u0142y Podstawowej Stowarzyszenia Przyjaci\u00f3\u0142 Szk\u00f3\u0142 Katolickich<br \/>\nim. Matki Bo\u017cej Nieustaj\u0105cej Pomocy, opiekun: Katarzyna Urba\u0144czyk.<\/p>\n<p>Amelia Borecka, uczennica klasy VI Szko\u0142y Podstawowej im. W\u0142. Reymonta w Starokrzepicach, opiekun: Magdalena Por\u0119bska.<\/p>\n<p>Liwia Tom\u017cy\u0144ska, uczennica klasy VII Szko\u0142y Podstawowej nr 34 im. Aleksandra Hrabiego Fredry<br \/>\nw Cz\u0119stochowie, opiekun: Olga Kluba.<\/p>\n<p>Laureaci Konkursu otrzymali nagrody rzeczowe i dyplomy ufundowane przez Szko\u0142\u0119 Podstawow\u0105 nr 21 im Ks. Stanis\u0142awa Konarskiego w Cz\u0119stochowie, Publiczn\u0105 Bibliotek\u0119 Pedagogiczn\u0105 RODN \u201eWOM\u201d w Cz\u0119stochowie oraz Teatr im. A. Mickiewicza w Cz\u0119stochowie.<\/p>\n<p style=\"text-align: right;\"><em>dr Agata Arkabus<\/em><\/p>\n","protected":false},"excerpt":{"rendered":"<p>W roku szkolnym 2020\/2021 odby\u0142 si\u0119 Konkurs\u00a0 na prezentacj\u0119 bohatera lektury \u201eZadanie aktorskie \u2013 wcielam si\u0119 w rol\u0119\u2026\u201d , kt\u00f3rego organizatorami byli Szko\u0142a Podstawowa\u00a0 nr 21 im. Ks. Stanis\u0142awa Konarskiego w Cz\u0119stochowie oraz Publiczna Biblioteka Pedagogiczna RODN \u201eWOM\u201d w Cz\u0119stochowie. Adresatami konkursu byli uczniowie szk\u00f3\u0142 podstawowych z Cz\u0119stochowy, powiatu cz\u0119stochowskiego i lublinieckiego. Patronat honorowy nad konkursem obj\u0105\u0142 Teatr\u00a0 im. Adama Mickiewicza w Cz\u0119stochowie. Rozstrzygni\u0119cie konkursu nast\u0105pi\u0142o 29 marca 2021 roku.<span class=\"ellipsis\">&hellip;<\/span><\/p>\n<div class=\"read-more\"><a href=\"https:\/\/pbp.womczest.edu.pl\/new\/konkursu-na-prezentacje-bohatera-lektury-zadanie-aktorskie-wcielam-sie-w-role\/\">Czytaj wi\u0119cej &#8250;<\/a><\/div>\n<p><!-- end of .read-more --><\/p>\n","protected":false},"author":6,"featured_media":0,"parent":0,"menu_order":0,"comment_status":"closed","ping_status":"closed","template":"full-width-page.php","meta":{"footnotes":""},"jetpack_sharing_enabled":true,"jetpack_shortlink":"https:\/\/wp.me\/PgmV4H-4v8","_links":{"self":[{"href":"https:\/\/pbp.womczest.edu.pl\/new\/wp-json\/wp\/v2\/pages\/17306"}],"collection":[{"href":"https:\/\/pbp.womczest.edu.pl\/new\/wp-json\/wp\/v2\/pages"}],"about":[{"href":"https:\/\/pbp.womczest.edu.pl\/new\/wp-json\/wp\/v2\/types\/page"}],"author":[{"embeddable":true,"href":"https:\/\/pbp.womczest.edu.pl\/new\/wp-json\/wp\/v2\/users\/6"}],"replies":[{"embeddable":true,"href":"https:\/\/pbp.womczest.edu.pl\/new\/wp-json\/wp\/v2\/comments?post=17306"}],"version-history":[{"count":7,"href":"https:\/\/pbp.womczest.edu.pl\/new\/wp-json\/wp\/v2\/pages\/17306\/revisions"}],"predecessor-version":[{"id":17615,"href":"https:\/\/pbp.womczest.edu.pl\/new\/wp-json\/wp\/v2\/pages\/17306\/revisions\/17615"}],"wp:attachment":[{"href":"https:\/\/pbp.womczest.edu.pl\/new\/wp-json\/wp\/v2\/media?parent=17306"}],"curies":[{"name":"wp","href":"https:\/\/api.w.org\/{rel}","templated":true}]}}