


{"id":17194,"date":"2021-03-23T13:01:13","date_gmt":"2021-03-23T12:01:13","guid":{"rendered":"https:\/\/pbp.womczest.edu.pl\/new\/?page_id=17194"},"modified":"2021-03-25T11:59:23","modified_gmt":"2021-03-25T10:59:23","slug":"powiatowy-konkurs-recytatorski-poetyckie-krajobrazy-swiety-jan-pawel-ii-w-poezji-polskiej-pod-honorowym-patronatem-starosty-czestochowskiego-oraz-prezes-rady-glownej-towarzystwa-nauczyciel","status":"publish","type":"page","link":"https:\/\/pbp.womczest.edu.pl\/new\/powiatowy-konkurs-recytatorski-poetyckie-krajobrazy-swiety-jan-pawel-ii-w-poezji-polskiej-pod-honorowym-patronatem-starosty-czestochowskiego-oraz-prezes-rady-glownej-towarzystwa-nauczyciel\/","title":{"rendered":"Powiatowy Konkurs Recytatorski &#8222;Poetyckie Krajobrazy \u2013  \u015awi\u0119ty Jan Pawe\u0142 II w poezji polskiej&#8221; pod honorowym patronatem  Starosty Cz\u0119stochowskiego oraz Prezes Rady G\u0142\u00f3wnej Towarzystwa Nauczycieli Bibliotekarzy Szk\u00f3\u0142 Polskich"},"content":{"rendered":"<p>18 marca 2021 roku w Regionalnym O\u015brodku Doskonalenia Nauczycieli \u201eWOM\u201d w Cz\u0119stochowie odby\u0142a si\u0119 dziesi\u0105ta edycja Powiatowego Konkursu Recytatorskiego <em>Poetyckie Krajobrazy<\/em> <em>\u2013 \u015awi\u0119ty Jan Pawe\u0142 II w poezji polskiej. <\/em>Konkurs zorganizowa\u0142a Publiczna Biblioteka Pedagogiczna RODN \u201eWOM\u201d w Cz\u0119stochowie z okazji 100. rocznicy urodzin oraz 15. rocznicy \u015bmierci Papie\u017ca Jana Paw\u0142a II. Wydarzenie adresowane by\u0142o do uczni\u00f3w klas VII i VIII szk\u00f3\u0142 podstawowych z terenu miasta Cz\u0119stochowy oraz powiatu cz\u0119stochowskiego. Realizacja konkursu zaplanowana by\u0142a na 17 listopada 2020 r., jednak w wyniku rozwoju pandemii COVID-19 i wprowadzeniu nowych obostrze\u0144 sanitarnych, konkurs nie odby\u0142 si\u0119 w planowanym terminie i zosta\u0142 prze\u0142o\u017cony na 18 marca 2021 roku.<\/p>\n<p>Honorowy patronat nad konkursem obj\u0105\u0142 Pan Krzysztof Smela &#8211; Starosta Cz\u0119stochowski oraz Pani Danuta Brzezi\u0144ska &#8211; Prezes Rady G\u0142\u00f3wnej Towarzystwa Nauczycieli Bibliotekarzy Szk\u00f3\u0142 Polskich.<\/p>\n<p>Mottem konkursu by\u0142y s\u0142owa \u015aw. Jana Paw\u0142a II: <em>\u015awiat bez sztuki nara\u017ca si\u0119 na to, \u017ce b\u0119dzie \u015bwiatem zamkni\u0119tym na mi\u0142o\u015b\u0107.<\/em><\/p>\n<p>Celem konkursu by\u0142o upami\u0119tnienie osoby \u015bw. Jana Paw\u0142a II \u2013 Wielkiego Polaka, duszpasterza, poety, popularyzacja utwor\u00f3w i poet\u00f3w pisz\u0105cych o pontyfikacie i nauczaniu Papie\u017ca, rozwijanie recytatorskich i aktorskich uzdolnie\u0144 m\u0142odzie\u017cy, upowszechnianie kultury j\u0119zyka polskiego, inspirowanie m\u0142odego pokolenia do aktywnego uczestnictwa w kulturze, wzbudzenie zainteresowania poezj\u0105 polsk\u0105 oraz krzewienie kultury \u017cywego s\u0142owa.<\/p>\n<p>W konkursie udzia\u0142 wzi\u0119\u0142o 6 uczni\u00f3w z klas VII i VIII szk\u00f3\u0142 podstawowych z powiatu cz\u0119stochowskiego. Opiek\u0119 merytoryczn\u0105 nad uczniami sprawowali nauczyciele z danej szko\u0142y:<\/p>\n<ol>\n<li>Szko\u0142a Podstawowa im. Boles\u0142awa Prusa w Garnku (Filip Fresel, nauczyciel Joanna W\u00f3jcik).<\/li>\n<li>Szko\u0142a Podstawowa im. Henryka Drzazgi w Lgocie Ma\u0142ej (Nikola Domaga\u0142a, nauczyciel Monika Kluska).<\/li>\n<li>Szko\u0142a Podstawowa im. Kornela Makuszy\u0144skiego w \u0141ojkach (Karolina Ratajczak, nauczyciel Kinga Zaj\u0105c).<\/li>\n<li>Szko\u0142a Podstawowa w Nieradzie (Eliza Musia\u0142, nauczyciel Anna Lula).<\/li>\n<li>Szko\u0142a Podstawowa im. Adama Mickiewicza w Zespole Szkolno-Przedszkolnym w Przyrowie (Martyna Migalska, nauczyciel Alicja St\u0119pniewska-Nawaratne).<\/li>\n<li>Szko\u0142a Podstawowa im. Tadeusza Ko\u015bciuszki w Zespole Szkolno-Przedszkolnym w Wierzchowisku (Karolina Paw\u0142owska, nauczyciel Katarzyna Gaw\u0142owska).<\/li>\n<\/ol>\n<p>Uczniowie prezentowali jeden z\u00a0wybranych przez\u00a0siebie utwor\u00f3w o \u015bw. Janie Pawle II. Recytacja odbywa\u0142a si\u0119 bez\u00a0mikrofonu i\u00a0materia\u0142\u00f3w audiowizualnych.<\/p>\n<p>Prezentacje uczestnik\u00f3w ocenia\u0142a komisja konkursowa w\u00a0sk\u0142adzie:<\/p>\n<p><strong>-Beata Raczy\u0144ska <\/strong>\u2013 przewodnicz\u0105ca komisji, nauczyciel bibliotekarz Publicznej Biblioteki Pedagogicznej RODN \u201eWOM\u201d w Cz\u0119stochowie.<\/p>\n<p><strong>-Beata Gendek-Barhoumi \u2013<\/strong> nauczyciel j\u0119zyka polskiego VII Liceum Og\u00f3lnokszta\u0142c\u0105cego im. Miko\u0142aja Kopernika w Cz\u0119stochowie, nauczyciel-doradca metodyczny j\u0119zyka polskiego w Regionalnym O\u015brodku Doskonalenia Nauczycieli \u201eWOM\u201d w Cz\u0119stochowie, prowadz\u0105ca teatr szkolny <em>Grupa pod\u00a0Wisz\u0105cym Kotem.<\/em><\/p>\n<p><strong>-Ewa Ossowska \u2013<\/strong> nauczyciel j\u0119zyka polskiego Szko\u0142y Podstawowej nr 31 im. Or\u0142a Bia\u0142ego w Cz\u0119stochowie.<\/p>\n<p>Zgodnie z\u00a0regulaminem na\u00a0ocen\u0119 recytacji mia\u0142y wp\u0142yw nast\u0119puj\u0105ce elementy: dob\u00f3r repertuaru, stopie\u0144 opanowania tekstu, artystyczna interpretacja utworu, kultura s\u0142owa i\u00a0og\u00f3lne wra\u017cenia artystyczne.<\/p>\n<p>Decyzj\u0105 jury przyznano nast\u0119puj\u0105ce miejsca:<\/p>\n<p><strong>I miejsce<\/strong><\/p>\n<p><strong>Karolina Paw\u0142owska,<\/strong> Szko\u0142a Podstawowa im. Tadeusza Ko\u015bciuszki w Zespole Szkolno-Przedszkolnym w Wierzchowisku, wiersz \u201eJan Pawe\u0142 II\u201d autor Konrad Kurzawa;<\/p>\n<p><strong>II miejsce <\/strong><\/p>\n<p><strong>Nikola Domaga\u0142a,<\/strong> Szko\u0142a Podstawowa im. Henryka Drzazgi w Lgocie Ma\u0142ej, wiersz Hymn \u201eUn uomo venuto\u201d (wersja Amedeo Minghi z 2000 r.);<\/p>\n<p><strong>III miejsce<\/strong><\/p>\n<p><strong>Filip Fresel,<\/strong> Szko\u0142a Podstawowa im. Boles\u0142awa Prusa w Garnku, wiersz \u201e[*]\u20262.04.2005 godz. 21.37\u201d autor Marek Fibic;<\/p>\n<p><strong>Wyr\u00f3\u017cnienia:<\/strong><\/p>\n<p><strong>Martyna Migalska,<\/strong> Szko\u0142a Podstawowa im. Adama Mickiewicza w Zespole Szkolno-Przedszkolnym w Przyrowie, wiersz \u201e\u015ani\u0142em, \u017ce Papie\u017c w kom\u017cy tak skrwawionej\u201d autor Ernest Bryll;<\/p>\n<p><strong>Eliza Musia\u0142, <\/strong>Szko\u0142a Podstawowa w Nieradzie, wiersz \u201e[*]\u20262.04.2005 godz. 21.37\u201d autor Marek Fibic;<\/p>\n<p><strong>Karolina Ratajczak,<\/strong> Szko\u0142a Podstawowa im. Kornela Makuszy\u0144skiego w\u00a0\u0141ojkach, wiersz \u201eMa duma dzi\u015b ro\u015bnie, \u017ce jestem Polakiem\u201d (autor nieznany).<\/p>\n<p>Zwyci\u0119zcy otrzymali nagrody ksi\u0105\u017ckowe i upominki ufundowane przez\u00a0Starost\u0119 Cz\u0119stochowskiego oraz Towarzystwo Nauczycieli Bibliotekarzy Szk\u00f3\u0142 Polskich.<\/p>\n<p>W czasie przerwy konkursowej uczniowie wraz z nauczycielami obejrzeli film pt. \u201eSpacer po Cz\u0119stochowie\u201d (re\u017c. Jurek Joniec, Miros\u0142awa Sikorska). Film zawiera obrazy archiwalne, nigdy wcze\u015bniej nie publikowane z uroczysto\u015bci wr\u0119czenia Honorowego Obywatelstwa Cz\u0119stochowy Ojcu \u015awi\u0119temu Janowi Paw\u0142owi II. Projekcja odby\u0142a si\u0119 w Auli \u201eForum\u201d Regionalnego O\u015brodka Doskonalenia Nauczycieli \u201eWOM\u201d.<\/p>\n<p>Konkursowi towarzyszy\u0142y nast\u0119puj\u0105ce wystawy po\u015bwi\u0119cone \u015bw. Janowi Paw\u0142owi II:<\/p>\n<ul>\n<li>Wystawka okoliczno\u015bciowa po\u015bwi\u0119cona osobie Papie\u017ca i jego tw\u00f3rczo\u015bci.<\/li>\n<li>Wystawa prac uczni\u00f3w Mi\u0119dzyszkolnego Konkursu Plastycznego pt. <em>Zanim Karolek zosta\u0142 Papie\u017cem. Portret ma\u0142ego Lolka.<\/em><\/li>\n<li>Wystawa pt. <em>Z Wadowic do Watykanu.<\/em><\/li>\n<\/ul>\n<p>Wydarzenie odby\u0142o si\u0119 z\u00a0zachowaniem zasad re\u017cimu sanitarnego.<\/p>\n<p style=\"text-align: right;\"><em>Katarzyna Kucharzewska<br \/>\n<\/em><em>Zdj\u0119cia: Izabela Bajor<br \/>\n<a href=\"https:\/\/pbp.womczest.edu.pl\/new\/galeria\/powiatowy-konkurs-recytatorski-poetyckie-krajobrazy-swiety-jan-pawel-ii-w-poezji-polskiej-2021\/\">galeria<\/a><br \/>\n<\/em><\/p>\n","protected":false},"excerpt":{"rendered":"<p>18 marca 2021 roku w Regionalnym O\u015brodku Doskonalenia Nauczycieli \u201eWOM\u201d w Cz\u0119stochowie odby\u0142a si\u0119 dziesi\u0105ta edycja Powiatowego Konkursu Recytatorskiego Poetyckie Krajobrazy \u2013 \u015awi\u0119ty Jan Pawe\u0142 II w poezji polskiej. Konkurs zorganizowa\u0142a Publiczna Biblioteka Pedagogiczna RODN \u201eWOM\u201d w Cz\u0119stochowie z okazji 100. rocznicy urodzin oraz 15. rocznicy \u015bmierci Papie\u017ca Jana Paw\u0142a II. Wydarzenie adresowane by\u0142o do uczni\u00f3w klas VII i VIII szk\u00f3\u0142 podstawowych z terenu miasta Cz\u0119stochowy oraz powiatu cz\u0119stochowskiego. Realizacja<span class=\"ellipsis\">&hellip;<\/span><\/p>\n<div class=\"read-more\"><a href=\"https:\/\/pbp.womczest.edu.pl\/new\/powiatowy-konkurs-recytatorski-poetyckie-krajobrazy-swiety-jan-pawel-ii-w-poezji-polskiej-pod-honorowym-patronatem-starosty-czestochowskiego-oraz-prezes-rady-glownej-towarzystwa-nauczyciel\/\">Czytaj wi\u0119cej &#8250;<\/a><\/div>\n<p><!-- end of .read-more --><\/p>\n","protected":false},"author":6,"featured_media":0,"parent":0,"menu_order":0,"comment_status":"closed","ping_status":"closed","template":"","meta":{"footnotes":""},"jetpack_sharing_enabled":true,"jetpack_shortlink":"https:\/\/wp.me\/PgmV4H-4tk","_links":{"self":[{"href":"https:\/\/pbp.womczest.edu.pl\/new\/wp-json\/wp\/v2\/pages\/17194"}],"collection":[{"href":"https:\/\/pbp.womczest.edu.pl\/new\/wp-json\/wp\/v2\/pages"}],"about":[{"href":"https:\/\/pbp.womczest.edu.pl\/new\/wp-json\/wp\/v2\/types\/page"}],"author":[{"embeddable":true,"href":"https:\/\/pbp.womczest.edu.pl\/new\/wp-json\/wp\/v2\/users\/6"}],"replies":[{"embeddable":true,"href":"https:\/\/pbp.womczest.edu.pl\/new\/wp-json\/wp\/v2\/comments?post=17194"}],"version-history":[{"count":6,"href":"https:\/\/pbp.womczest.edu.pl\/new\/wp-json\/wp\/v2\/pages\/17194\/revisions"}],"predecessor-version":[{"id":17235,"href":"https:\/\/pbp.womczest.edu.pl\/new\/wp-json\/wp\/v2\/pages\/17194\/revisions\/17235"}],"wp:attachment":[{"href":"https:\/\/pbp.womczest.edu.pl\/new\/wp-json\/wp\/v2\/media?parent=17194"}],"curies":[{"name":"wp","href":"https:\/\/api.w.org\/{rel}","templated":true}]}}