


{"id":17095,"date":"2021-03-05T09:13:41","date_gmt":"2021-03-05T08:13:41","guid":{"rendered":"https:\/\/pbp.womczest.edu.pl\/new\/?page_id=17095"},"modified":"2021-03-05T09:18:00","modified_gmt":"2021-03-05T08:18:00","slug":"dzien-bezpiecznego-internetu-2021-r-relacja-z-zajec","status":"publish","type":"page","link":"https:\/\/pbp.womczest.edu.pl\/new\/dzien-bezpiecznego-internetu-2021-r-relacja-z-zajec\/","title":{"rendered":"Dzie\u0144 Bezpiecznego Internetu 2021 r.- relacja z zaj\u0119\u0107"},"content":{"rendered":"<p>10 lutego i 4 marca 2021 r. w Szkole Podstawowej nr 38 w Cz\u0119stochowie w ramach obchod\u00f3w Dnia Bezpiecznego Internetu odby\u0142y si\u0119 zaj\u0119cia pt. \u201eJak wygl\u0105da\u0142by \u015bwiat bez smartfon\u00f3w, komputer\u00f3w i internetu?\u201d<br \/>\nZaj\u0119cia przeprowadzi\u0142a Marta Ma\u0142ek- nauczyciel bibliotekarz Publicznej Biblioteki Pedagogicznej RODN \u201eWOM\u201d w Cz\u0119stochowie.<\/p>\n<p>G\u0142\u00f3wne obchody DBI w tym roku przypad\u0142y na 9 lutego.\u00a0 Dzie\u0144 Bezpiecznego Internetu obchodzony jest od 17 lat na ca\u0142ym \u015bwiecie. Ma na celu przede wszystkim inicjowanie i propagowanie dzia\u0142a\u0144 na rzecz bezpiecznego dost\u0119pu dzieci i m\u0142odzie\u017cy do zasob\u00f3w internetowych, zaznajomienie rodzic\u00f3w, nauczycieli i wychowawc\u00f3w<br \/>\nz problematyk\u0105 bezpiecze\u0144stwa online oraz promocj\u0119 pozytywnego wykorzystywania internetu.<\/p>\n<p>W trakcie zaj\u0119\u0107, wsp\u00f3lnie z uczniami klas pierwszych SP nr 38, szukali\u015bmy odpowiedzi na pytanie : jak wygl\u0105da\u0142by \u015bwiat bez internetu i urz\u0105dze\u0144 ekranowych? Dzieci przedstawia\u0142y sposoby sp\u0119dzania czasu bez internetu i nowoczesnych technologii.<\/p>\n<p>Uczestnicy wys\u0142uchali r\u00f3wnie\u017c opowiadania pt. \u201eO s\u00f3wce Huhu i puchaczu Bubu\u201d. Dzieci dowiedzia\u0142y si\u0119 dlaczego urz\u0105dzenia ekranowe mo\u017cemy nazywa\u0107 \u00a0\u201ez\u0142odziejami czasu\u201d. Prowadz\u0105ca przedstawi\u0142a negatywne skutki sp\u0119dzania zbyt du\u017cej ilo\u015bci czasu przed ekranem telewizora, laptopa czy smartfona. Uczniowie stworzyli r\u00f3wnie\u017c list\u0119 zaj\u0119\u0107 i aktywno\u015bci, kt\u00f3re mog\u0105 stanowi\u0107 alternatyw\u0119 dla nowoczesnych technologii.<\/p>\n<p>Nast\u0119pnie uczestnicy obejrzeli kr\u00f3tki filmik przedstawiaj\u0105cy konsekwencje i zagro\u017cenia wynikaj\u0105ce z nadu\u017cywania internetu czy komputera.<\/p>\n<p>G\u0142\u00f3wnym celem zaj\u0119\u0107 by\u0142o poszerzenie wiedzy na temat miejsca i roli nowych technologii w codziennym \u017cyciu. Ponadto, u\u015bwiadomienie sobie w\u0142asnych potrzeb dotycz\u0105cych dobrostanu cyfrowego i aktywnych sposob\u00f3w sp\u0119dzania wolnego czasu. Prowadz\u0105ca zapozna\u0142a uczni\u00f3w z zasadami korzystania<br \/>\nz urz\u0105dze\u0144 ekranowych i zasob\u00f3w sieci, kt\u00f3re powinny obowi\u0105zywa\u0107 w ka\u017cdym domu.<\/p>\n<p>Zaj\u0119cia wzbogacone by\u0142y elementami kodowania, nie zabrak\u0142o r\u00f3wnie\u017c zabaw ruchowych.<\/p>\n<p style=\"text-align: right;\"><em>Tekst i zdj\u0119cia: Marta Ma\u0142ek<\/em><\/p>\n","protected":false},"excerpt":{"rendered":"<p>10 lutego i 4 marca 2021 r. w Szkole Podstawowej nr 38 w Cz\u0119stochowie w ramach obchod\u00f3w Dnia Bezpiecznego Internetu odby\u0142y si\u0119 zaj\u0119cia pt. \u201eJak wygl\u0105da\u0142by \u015bwiat bez smartfon\u00f3w, komputer\u00f3w i internetu?\u201d Zaj\u0119cia przeprowadzi\u0142a Marta Ma\u0142ek- nauczyciel bibliotekarz Publicznej Biblioteki Pedagogicznej RODN \u201eWOM\u201d w Cz\u0119stochowie. G\u0142\u00f3wne obchody DBI w tym roku przypad\u0142y na 9 lutego.\u00a0 Dzie\u0144 Bezpiecznego Internetu obchodzony jest od 17 lat na ca\u0142ym \u015bwiecie. Ma na celu przede<span class=\"ellipsis\">&hellip;<\/span><\/p>\n<div class=\"read-more\"><a href=\"https:\/\/pbp.womczest.edu.pl\/new\/dzien-bezpiecznego-internetu-2021-r-relacja-z-zajec\/\">Czytaj wi\u0119cej &#8250;<\/a><\/div>\n<p><!-- end of .read-more --><\/p>\n","protected":false},"author":6,"featured_media":17099,"parent":0,"menu_order":0,"comment_status":"closed","ping_status":"closed","template":"","meta":{"footnotes":""},"jetpack_sharing_enabled":true,"jetpack_shortlink":"https:\/\/wp.me\/PgmV4H-4rJ","_links":{"self":[{"href":"https:\/\/pbp.womczest.edu.pl\/new\/wp-json\/wp\/v2\/pages\/17095"}],"collection":[{"href":"https:\/\/pbp.womczest.edu.pl\/new\/wp-json\/wp\/v2\/pages"}],"about":[{"href":"https:\/\/pbp.womczest.edu.pl\/new\/wp-json\/wp\/v2\/types\/page"}],"author":[{"embeddable":true,"href":"https:\/\/pbp.womczest.edu.pl\/new\/wp-json\/wp\/v2\/users\/6"}],"replies":[{"embeddable":true,"href":"https:\/\/pbp.womczest.edu.pl\/new\/wp-json\/wp\/v2\/comments?post=17095"}],"version-history":[{"count":1,"href":"https:\/\/pbp.womczest.edu.pl\/new\/wp-json\/wp\/v2\/pages\/17095\/revisions"}],"predecessor-version":[{"id":17096,"href":"https:\/\/pbp.womczest.edu.pl\/new\/wp-json\/wp\/v2\/pages\/17095\/revisions\/17096"}],"wp:featuredmedia":[{"embeddable":true,"href":"https:\/\/pbp.womczest.edu.pl\/new\/wp-json\/wp\/v2\/media\/17099"}],"wp:attachment":[{"href":"https:\/\/pbp.womczest.edu.pl\/new\/wp-json\/wp\/v2\/media?parent=17095"}],"curies":[{"name":"wp","href":"https:\/\/api.w.org\/{rel}","templated":true}]}}