


{"id":16955,"date":"2021-01-29T13:19:01","date_gmt":"2021-01-29T12:19:01","guid":{"rendered":"https:\/\/pbp.womczest.edu.pl\/new\/?page_id=16955"},"modified":"2022-04-26T11:02:48","modified_gmt":"2022-04-26T09:02:48","slug":"powiatowy-konkurs-plastyczny-moj-ekslibris","status":"publish","type":"page","link":"https:\/\/pbp.womczest.edu.pl\/new\/powiatowy-konkurs-plastyczny-moj-ekslibris\/","title":{"rendered":"Powiatowy Konkurs Plastyczny M\u00f3j ekslibris"},"content":{"rendered":"<p><img decoding=\"async\" loading=\"lazy\" class=\"wp-image-16575 alignleft\" src=\"https:\/\/pbp.womczest.edu.pl\/new\/wp-content\/uploads\/2020\/11\/exlibris.jpg\" alt=\"\" width=\"307\" height=\"289\" srcset=\"https:\/\/pbp.womczest.edu.pl\/new\/wp-content\/uploads\/2020\/11\/exlibris.jpg 1146w, https:\/\/pbp.womczest.edu.pl\/new\/wp-content\/uploads\/2020\/11\/exlibris-300x283.jpg 300w, https:\/\/pbp.womczest.edu.pl\/new\/wp-content\/uploads\/2020\/11\/exlibris-768x724.jpg 768w, https:\/\/pbp.womczest.edu.pl\/new\/wp-content\/uploads\/2020\/11\/exlibris-1000x942.jpg 1000w, https:\/\/pbp.womczest.edu.pl\/new\/wp-content\/uploads\/2020\/11\/exlibris-100x94.jpg 100w, https:\/\/pbp.womczest.edu.pl\/new\/wp-content\/uploads\/2020\/11\/exlibris-150x141.jpg 150w, https:\/\/pbp.womczest.edu.pl\/new\/wp-content\/uploads\/2020\/11\/exlibris-200x188.jpg 200w, https:\/\/pbp.womczest.edu.pl\/new\/wp-content\/uploads\/2020\/11\/exlibris-450x424.jpg 450w, https:\/\/pbp.womczest.edu.pl\/new\/wp-content\/uploads\/2020\/11\/exlibris-600x565.jpg 600w, https:\/\/pbp.womczest.edu.pl\/new\/wp-content\/uploads\/2020\/11\/exlibris-900x848.jpg 900w\" sizes=\"(max-width: 307px) 100vw, 307px\" \/>Publiczna Biblioteka Pedagogiczna Regionalnego O\u015brodka Doskonalenia Nauczycieli \u201eWOM\u201d w Cz\u0119stochowie zorganizowa\u0142a w grudniu 2020 r. <strong>Powiatowy Konkurs Plastyczny <em>M\u00f3j ekslibris<\/em><\/strong>, pod honorowym patronatem Towarzystwa Nauczycieli Bibliotekarzy Szk\u00f3\u0142 Polskich Oddzia\u0142 w Cz\u0119stochowie. Adresatami konkursu byli uczniowie klas VII szk\u00f3\u0142 podstawowych z powiat\u00f3w: cz\u0119stochowskiego, k\u0142obuckiego, lublinieckiego, myszkowskiego. Celem konkursu by\u0142o upowszechnianie wiedzy na temat ekslibrisu, poznanie jego historii, kszta\u0142towanie wra\u017cliwo\u015bci czytelniczych, rozwijanie umiej\u0119tno\u015bci plastycznych oraz inspirowanie m\u0142odego pokolenia do aktywnego uczestnictwa w kulturze.<\/p>\n<p>Zadaniem uczestnika konkursu by\u0142o autorskie wykonanie w\u0142asnego ekslibrisu. Ekslibris nale\u017ca\u0142o zaprojektowa\u0107 na kartce A4 z bia\u0142ego bloku technicznego (grubo\u015b\u0107 kartki min. 190g\/m<sup>2<\/sup>) zachowuj\u0105c pionow\u0105 orientacj\u0119 kartki,\u00a0 w barwach bia\u0142o-czarnych, wy\u0142\u0105cznie czarnym mazakiem. Projekt ekslibrisu musia\u0142 by\u0107 wykonany samodzielnie i odr\u0119cznie. Wielko\u015b\u0107 ekslibrisu nie mog\u0142a przekroczy\u0107 obramowania wybranego wzoru &#8211; ko\u0142a, kwadratu lub prostok\u0105ta. Nie wolno by\u0142o zastosowa\u0107 cieniowania.<\/p>\n<p>Ka\u017cdy z wykonanych ekslibris\u00f3w zwi\u0105zany by\u0142 z zainteresowaniami, sposobami sp\u0119dzania czasu wolnego ucznia oraz opatrzony napisem, np. EX LIBRIS Jana Kowalskiego (imi\u0119 i nazwisko autora pracy). Uczniowie r\u00f3wnie\u017c w\u0142asnor\u0119cznie nanie\u015bli powy\u017cszy przyk\u0142adowy napis, wykonany technik\u0105 kaligrafii. Uczniom zosta\u0142y udost\u0119pnione linki do stron, z kt\u00f3rych dowiedzieli si\u0119 o historii ekslibrisu oraz o og\u00f3lnych zasadach ich tworzenia.<\/p>\n<p><strong>Komisja konkursowa w sk\u0142adzie:<\/strong><\/p>\n<p>Alina Grabna \u2013 przewodnicz\u0105ca<br \/>\nIzabela Bajor<br \/>\nErnest Pidzik<br \/>\nAneta Przyby\u0142owicz<\/p>\n<p>uwzgl\u0119dniaj\u0105c poni\u017csze kryteria:<br \/>\n&#8211; zgodno\u015b\u0107 wykonania ekslibrisu z regulaminem,<br \/>\n&#8211; jako\u015b\u0107 ekslibrisu,<br \/>\n&#8211; pomys\u0142 na w\u0142asny ekslibris,<br \/>\n&#8211; technik\u0119 kaligrafii napisu,<br \/>\n&#8211; og\u00f3lny wyraz artystyczny,<\/p>\n<p>spo\u015br\u00f3d 20 nades\u0142anych prac z 10 szk\u00f3\u0142 podstawowych, przyzna\u0142a nast\u0119puj\u0105ce miejsca i wyr\u00f3\u017cnienia:<\/p>\n<p><strong>I miejsce<\/strong><\/p>\n<ul>\n<li><em>Jan Zyglewicz, ucze\u0144 Szko\u0142y Podstawowej im. Syn\u00f3w Pu\u0142ku w W\u0119glowicach<\/em><br \/>\n<em>Opiekun: Agata Kiepura<\/em><\/li>\n<\/ul>\n<p><strong>II miejsce<\/strong> (Ex aequo)<\/p>\n<ul>\n<li><em>Laura Lewczy\u0144ska, uczennica Publicznej Szko\u0142y Podstawowej Si\u00f3str Zmartwychwstanek im. Matki Zofii Szulc w Cz\u0119stochowie<\/em><br \/>\n<em>Opiekun: Aleksandra Kotarska<\/em><\/li>\n<li>Kaja \u0141yd\u017cba, uczennica Publicznej Szko\u0142y Podstawowej Si\u00f3str Zmartwychwstanek im. Matki Zofii Szulc w Cz\u0119stochowie<br \/>\nOpiekun: Aleksandra Kotarska<\/li>\n<\/ul>\n<p><strong>III miejsce <\/strong>(Ex aequo)<\/p>\n<ul>\n<li><em>Natalia \u015awi\u0105tkowska, uczennica Szko\u0142y Podstawowej nr 35 w Cz\u0119stochowie<\/em><br \/>\n<em>Opiekun: Beata Wi\u015bniewska<\/em><\/li>\n<li><em>Milena Osi\u0144ska, uczennica Szko\u0142y Podstawowej im. Syn\u00f3w Pu\u0142ku w W\u0119glowicach<\/em><br \/>\n<em>Opiekun: Agata Kiepura<\/em><\/li>\n<li><em>Inga Dyrdzik, uczennica Szko\u0142y Podstawowej im. Kazimierza Wielkiego w Hucie Starej \u201eB\u201d<\/em><br \/>\n<em>Opiekun: Ewa Jasi\u0144ska<\/em><\/li>\n<\/ul>\n<p><strong>Wyr\u00f3\u017cnienia:<\/strong><\/p>\n<ul>\n<li><em>Gabriela Bajor, uczennica Publicznej Szko\u0142y Podstawowej Si\u00f3str Zmartwychwstanek <\/em><br \/>\n<em>im. Matki Zofii Szulc w Cz\u0119stochowie<\/em><br \/>\n<em>Opiekun: Aleksandra Kotarska<\/em><\/li>\n<li><em>Magdalena Bielak, uczennica Publicznej Szko\u0142y Podstawowej Si\u00f3str Zmartwychwstanek <\/em><br \/>\n<em>im. Matki Zofii Szulc w Cz\u0119stochowie<br \/>\n<\/em>Opiekun: Aleksandra Kotarska<\/li>\n<li><em>Wiktoria Ujma, uczennica Szko\u0142y Podstawowej nr 35 w Cz\u0119stochowie<\/em><br \/>\n<em>Opiekun: Beata Wi\u015bniewska<\/em><\/li>\n<li><em>Alicja Z\u0142otnicka, uczennica Szko\u0142y Podstawowej nr 1 im. Hetmana Stanis\u0142awa Koniecpolskiego w Koniecpolu<\/em><br \/>\n<em>Opiekun: Anna G\u0142adysi\u0144ska &#8211; Z\u0142otnicka<\/em><\/li>\n<li><em>Oliwia Po\u015bpiech, uczennica Szko\u0142y Podstawowej nr 1 im. Hetmana Stanis\u0142awa Koniecpolskiego w Koniecpolu<\/em><br \/>\n<em>Opiekun: Anna G\u0142adysi\u0144ska \u2013 Z\u0142otnicka<\/em><\/li>\n<li><em>Dominik Trzci\u0144ski, ucze\u0144 Szko\u0142y Podstawowej im. Marii Konopnickiej w Koninie<\/em><br \/>\n<em>Opiekun: Aneta Biernacka\u2013Francik<\/em><\/li>\n<\/ul>\n<p>&nbsp;<\/p>\n<p>Dyplom za pierwsze miejsce oraz nagroda rzeczowa w postaci piecz\u0105tki ekslibrisu wg projektu ucznia <strong>Jana Zyglewicza<\/strong>, zosta\u0142 przes\u0142any poczt\u0105 na adres szko\u0142y.<\/p>\n<p>Prace konkursowe nawi\u0105zywa\u0142y do zainteresowa\u0144 i form sp\u0119dzania czasu wolnego uczni\u00f3w. Na ekslibrisach umieszczono motywy zwi\u0105zane z ksi\u0105\u017ckami, drzewami, kwiatami, ro\u015blinami, podr\u00f3\u017cami (mapa \u015bwiata, kompas), zwierz\u0119tami (guziec, lew, ko\u0144, motyle, jednoro\u017cec, ptaki, kot, s\u0142onik), ze sztuk\u0105 (obrazy, p\u0119dzle), z ta\u0144cem, muzyk\u0105 (baletki, baletnica, ta\u0144cz\u0105ca para, nuty) oraz ze sportem (rolki).<\/p>\n<p>28 stycznia 2021 r. w Publicznej Bibliotece Pedagogicznej RODN &#8222;WOM&#8221; w Cz\u0119stochowie odby\u0142o si\u0119 spotkanie online, na platformie ClickMeeting, podczas kt\u00f3rego uczestnicy i nauczyciele zostali poinformowani o wynikach konkursu. Wydarzenie rozpocz\u0119\u0142a wyst\u0105pieniem pani Renata Lipniewska \u2013 wicedyrektor Regionalnego O\u015brodka Doskonalenia Nauczycieli RODN \u201eWOM\u201d w Cz\u0119stochowie ds. bibliotek pedagogicznych oraz pani Alina Grabna \u2013 prezes Towarzystwa Nauczycieli Bibliotekarzy Szk\u00f3\u0142 Polskich Oddzia\u0142 w Cz\u0119stochowie. Odczytano tak\u017ce list pana Tomasza Sumy skierowany do uczestnik\u00f3w i organizator\u00f3w konkursu. Pan Tomasz Suma jest kolekcjonerem ekslibris\u00f3w i autorem strony internetowej, po\u015bwi\u0119conej polskiemu ekslibrisowi: <a href=\"http:\/\/ekslibrispolski.pl\/\">http:\/\/ekslibrispolski.pl\/<\/a>.<\/p>\n<p>Gratulujemy wszystkim uczniom oraz dzi\u0119kujemy nauczycielom za wsparcie naszych m\u0142odych artyst\u00f3w.<\/p>\n<p>Prezentacje w Genially:<\/p>\n<p><a href=\"https:\/\/view.genial.ly\/6013c4dca7a0a40daa41d92e\/presentation-ekslibris\" target=\"_blank\" rel=\"noopener\">https:\/\/view.genial.ly\/6013c4dca7a0a40daa41d92e\/presentation-ekslibris<\/a><\/p>\n<p><a href=\"https:\/\/view.genial.ly\/5fe30d25fa68050cfca40f8a\/game-konkurs-2020\" target=\"_blank\" rel=\"noopener\">https:\/\/view.genial.ly\/5fe30d25fa68050cfca40f8a\/game-konkurs-2020<\/a><\/p>\n<p>Wizyta w muzeum \u2013 prezentacja w Emaze:<\/p>\n<p><a href=\"https:\/\/www.emaze.com\/@AOTRQFFLW\/rozstrzygnicie-konkursu\" target=\"_blank\" rel=\"noopener\">https:\/\/www.emaze.com\/@AOTRQFFLW\/rozstrzygnicie-konkursu<\/a><\/p>\n<p>Filmik w Animoto:<\/p>\n<p><a href=\"https:\/\/animoto.com\/play\/rRJOvKRQtfA1QNCq0haUdg\" target=\"_blank\" rel=\"noopener\">https:\/\/animoto.com\/play\/rRJOvKRQtfA1QNCq0haUdg<\/a><\/p>\n<p style=\"text-align: right;\"><em>Tekst Aneta Przyby\u0142owicz<br \/>\n<em>Ernest Pidzik<br \/>\n<style id=\"bwg-style-0\">    #bwg_container1_0 #bwg_container2_0 .bwg-container-0.bwg-standard-thumbnails {      width: 904px;              justify-content: center;        margin:0 auto !important;              background-color: rgba(255, 255, 255, 0.00);            padding-left: 4px;      padding-top: 4px;      max-width: 100%;            }        #bwg_container1_0 #bwg_container2_0 .bwg-container-0.bwg-standard-thumbnails .bwg-item {    justify-content: flex-start;      max-width: 180px;            width: 180px !important;          }    #bwg_container1_0 #bwg_container2_0 .bwg-container-0.bwg-standard-thumbnails .bwg-item a {       margin-right: 4px;       margin-bottom: 4px;    }    #bwg_container1_0 #bwg_container2_0 .bwg-container-0.bwg-standard-thumbnails .bwg-item0 {      padding: 0px;            background-color:rgba(255,255,255, 0.30);      border: 0px none #CCCCCC;      opacity: 1.00;      border-radius: 0;      box-shadow: 0px 0px 0px #888888;    }    #bwg_container1_0 #bwg_container2_0 .bwg-container-0.bwg-standard-thumbnails .bwg-item1 img {      max-height: none;      max-width: none;      padding: 0 !important;    }        @media only screen and (min-width: 480px) {      #bwg_container1_0 #bwg_container2_0 .bwg-container-0.bwg-standard-thumbnails .bwg-item0 {        transition: all 0.3s ease 0s;-webkit-transition: all 0.3s ease 0s;      }      #bwg_container1_0 #bwg_container2_0 .bwg-container-0.bwg-standard-thumbnails .bwg-item0:hover {        -ms-transform: scale(1.1);        -webkit-transform: scale(1.1);        transform: scale(1.1);      }    }          #bwg_container1_0 #bwg_container2_0 .bwg-container-0.bwg-standard-thumbnails .bwg-item1 {      padding-top: 50%;    }        #bwg_container1_0 #bwg_container2_0 .bwg-container-0.bwg-standard-thumbnails .bwg-title2,    #bwg_container1_0 #bwg_container2_0 .bwg-container-0.bwg-standard-thumbnails .bwg-ecommerce2 {      color: #CCCCCC;      font-family: segoe ui;      font-size: 16px;      font-weight: bold;      padding: 2px;      text-shadow: 0px 0px 0px #888888;      max-height: 100%;    }    #bwg_container1_0 #bwg_container2_0 .bwg-container-0.bwg-standard-thumbnails .bwg-thumb-description span {    color: #323A45;    font-family: Ubuntu;    font-size: 12px;    max-height: 100%;    word-wrap: break-word;    }    #bwg_container1_0 #bwg_container2_0 .bwg-container-0.bwg-standard-thumbnails .bwg-play-icon2 {      font-size: 32px;    }    #bwg_container1_0 #bwg_container2_0 .bwg-container-0.bwg-standard-thumbnails .bwg-ecommerce2 {      font-size: 19.2px;      color: #CCCCCC;    }    <\/style>    <div id=\"bwg_container1_0\"         class=\"bwg_container bwg_thumbnail bwg_thumbnails \"         data-right-click-protection=\"0\"         data-bwg=\"0\"         data-scroll=\"0\"         data-gallery-type=\"thumbnails\"         data-gallery-view-type=\"thumbnails\"         data-current-url=\"\/new\/wp-json\/wp\/v2\/pages\/16955\"         data-lightbox-url=\"https:\/\/pbp.womczest.edu.pl\/new\/wp-admin\/admin-ajax.php?action=GalleryBox&#038;current_view=0&#038;gallery_id=369&#038;tag=0&#038;theme_id=1&#038;shortcode_id=900&#038;sort_by=order&#038;order_by=asc&#038;current_url=%2Fnew%2Fwp-json%2Fwp%2Fv2%2Fpages%2F16955\"         data-gallery-id=\"369\"         data-popup-width=\"800\"         data-popup-height=\"500\"         data-is-album=\"gallery\"         data-buttons-position=\"bottom\">      <div id=\"bwg_container2_0\">             <div id=\"ajax_loading_0\" class=\"bwg_loading_div_1\">      <div class=\"bwg_loading_div_2\">        <div class=\"bwg_loading_div_3\">          <div id=\"loading_div_0\" class=\"bwg_spider_ajax_loading\">          <\/div>        <\/div>      <\/div>    <\/div>            <form id=\"gal_front_form_0\"              class=\"bwg-hidden\"              method=\"post\"              action=\"#\"              data-current=\"0\"              data-shortcode-id=\"900\"              data-gallery-type=\"thumbnails\"              data-gallery-id=\"369\"              data-tag=\"0\"              data-album-id=\"0\"              data-theme-id=\"1\"              data-ajax-url=\"https:\/\/pbp.womczest.edu.pl\/new\/wp-admin\/admin-ajax.php?action=bwg_frontend_data\">          <div id=\"bwg_container3_0\" class=\"bwg-background bwg-background-0\">                <div data-max-count=\"5\"         data-thumbnail-width=\"180\"         data-bwg=\"0\"         data-gallery-id=\"369\"         data-lightbox-url=\"https:\/\/pbp.womczest.edu.pl\/new\/wp-admin\/admin-ajax.php?action=GalleryBox&amp;current_view=0&amp;gallery_id=369&amp;tag=0&amp;theme_id=1&amp;shortcode_id=900&amp;sort_by=order&amp;order_by=asc&amp;current_url=%2Fnew%2Fwp-json%2Fwp%2Fv2%2Fpages%2F16955\"         id=\"bwg_thumbnails_0\"         class=\"bwg-container-0 bwg-thumbnails bwg-standard-thumbnails bwg-container bwg-border-box\">            <div class=\"bwg-item\">        <a class=\"bwg-a  bwg_lightbox\"  data-image-id=\"5955\" href=\"https:\/\/pbp.womczest.edu.pl\/new\/wp-content\/uploads\/photo-gallery\/2021_01_21_Ekslibris_konkurs\/1.jpg?bwg=1650963660\" data-elementor-open-lightbox=\"no\">                <div class=\"bwg-item0 \">          <div class=\"bwg-item1 \">            <div class=\"bwg-item2\">              <img class=\"skip-lazy bwg_standart_thumb_img_0 \"                   data-id=\"5955\"                   data-width=\"1200\"                   data-height=\"776\"                   data-src=\"https:\/\/pbp.womczest.edu.pl\/new\/wp-content\/uploads\/photo-gallery\/2021_01_21_Ekslibris_konkurs\/thumb\/1.jpg?bwg=1650963660\"                   src=\"https:\/\/pbp.womczest.edu.pl\/new\/wp-content\/uploads\/photo-gallery\/2021_01_21_Ekslibris_konkurs\/thumb\/1.jpg?bwg=1650963660\"                   alt=\"1\"                   title=\"1\" \/>            <\/div>            <div class=\"\">                                                      <\/div>          <\/div>        <\/div>                        <\/a>              <\/div>            <div class=\"bwg-item\">        <a class=\"bwg-a  bwg_lightbox\"  data-image-id=\"5954\" href=\"https:\/\/pbp.womczest.edu.pl\/new\/wp-content\/uploads\/photo-gallery\/2021_01_21_Ekslibris_konkurs\/DSC_0403.jpg?bwg=1650963660\" data-elementor-open-lightbox=\"no\">                <div class=\"bwg-item0 \">          <div class=\"bwg-item1 \">            <div class=\"bwg-item2\">              <img class=\"skip-lazy bwg_standart_thumb_img_0 \"                   data-id=\"5954\"                   data-width=\"1200\"                   data-height=\"676\"                   data-src=\"https:\/\/pbp.womczest.edu.pl\/new\/wp-content\/uploads\/photo-gallery\/2021_01_21_Ekslibris_konkurs\/thumb\/DSC_0403.jpg?bwg=1650963660\"                   src=\"https:\/\/pbp.womczest.edu.pl\/new\/wp-content\/uploads\/photo-gallery\/2021_01_21_Ekslibris_konkurs\/thumb\/DSC_0403.jpg?bwg=1650963660\"                   alt=\"DSC 0403\"                   title=\"DSC 0403\" \/>            <\/div>            <div class=\"\">                                                      <\/div>          <\/div>        <\/div>                        <\/a>              <\/div>            <div class=\"bwg-item\">        <a class=\"bwg-a  bwg_lightbox\"  data-image-id=\"5953\" href=\"https:\/\/pbp.womczest.edu.pl\/new\/wp-content\/uploads\/photo-gallery\/2021_01_21_Ekslibris_konkurs\/20210128_094429-150x150.jpg?bwg=1650963660\" data-elementor-open-lightbox=\"no\">                <div class=\"bwg-item0 \">          <div class=\"bwg-item1 \">            <div class=\"bwg-item2\">              <img class=\"skip-lazy bwg_standart_thumb_img_0 \"                   data-id=\"5953\"                   data-width=\"150\"                   data-height=\"150\"                   data-src=\"https:\/\/pbp.womczest.edu.pl\/new\/wp-content\/uploads\/photo-gallery\/2021_01_21_Ekslibris_konkurs\/thumb\/20210128_094429-150x150.jpg?bwg=1650963660\"                   src=\"https:\/\/pbp.womczest.edu.pl\/new\/wp-content\/uploads\/photo-gallery\/2021_01_21_Ekslibris_konkurs\/thumb\/20210128_094429-150x150.jpg?bwg=1650963660\"                   alt=\"20210128 094429-150x150\"                   title=\"20210128 094429-150x150\" \/>            <\/div>            <div class=\"\">                                                      <\/div>          <\/div>        <\/div>                        <\/a>              <\/div>            <div class=\"bwg-item\">        <a class=\"bwg-a  bwg_lightbox\"  data-image-id=\"5952\" href=\"https:\/\/pbp.womczest.edu.pl\/new\/wp-content\/uploads\/photo-gallery\/2021_01_21_Ekslibris_konkurs\/20210129_101519-150x150.jpg?bwg=1650963660\" data-elementor-open-lightbox=\"no\">                <div class=\"bwg-item0 \">          <div class=\"bwg-item1 \">            <div class=\"bwg-item2\">              <img class=\"skip-lazy bwg_standart_thumb_img_0 \"                   data-id=\"5952\"                   data-width=\"150\"                   data-height=\"150\"                   data-src=\"https:\/\/pbp.womczest.edu.pl\/new\/wp-content\/uploads\/photo-gallery\/2021_01_21_Ekslibris_konkurs\/thumb\/20210129_101519-150x150.jpg?bwg=1650963660\"                   src=\"https:\/\/pbp.womczest.edu.pl\/new\/wp-content\/uploads\/photo-gallery\/2021_01_21_Ekslibris_konkurs\/thumb\/20210129_101519-150x150.jpg?bwg=1650963660\"                   alt=\"20210129 101519-150x150\"                   title=\"20210129 101519-150x150\" \/>            <\/div>            <div class=\"\">                                                      <\/div>          <\/div>        <\/div>                        <\/a>              <\/div>          <\/div>    <style>      \/*pagination styles*\/      #bwg_container1_0 #bwg_container2_0 .tablenav-pages_0 {\t\t\t\ttext-align: center;\t\t\t\tfont-size: 12px;\t\t\t\tfont-family: segoe ui;\t\t\t\tfont-weight: bold;\t\t\t\tcolor: #666666;\t\t\t\tmargin: 6px 0 4px;\t\t\t\tdisplay: block;      }      @media only screen and (max-width : 320px) {      #bwg_container1_0 #bwg_container2_0 .displaying-num_0 {     \t display: none;      }      }      #bwg_container1_0 #bwg_container2_0 .displaying-num_0 {\t\t\t\tfont-size: 12px;\t\t\t\tfont-family: segoe ui;\t\t\t\tfont-weight: bold;\t\t\t\tcolor: #666666;\t\t\t\tmargin-right: 10px;\t\t\t\tvertical-align: middle;      }      #bwg_container1_0 #bwg_container2_0 .paging-input_0 {\t\t\t\tfont-size: 12px;\t\t\t\tfont-family: segoe ui;\t\t\t\tfont-weight: bold;\t\t\t\tcolor: #666666;\t\t\t\tvertical-align: middle;      }      #bwg_container1_0 #bwg_container2_0 .tablenav-pages_0 a.disabled,      #bwg_container1_0 #bwg_container2_0 .tablenav-pages_0 a.disabled:hover,      #bwg_container1_0 #bwg_container2_0 .tablenav-pages_0 a.disabled:focus,\t\t\t#bwg_container1_0 #bwg_container2_0 .tablenav-pages_0 input.bwg_current_page {\t\t\t\tcursor: default;\t\t\t\tcolor: rgba(102, 102, 102, 0.5);      }      #bwg_container1_0 #bwg_container2_0 .tablenav-pages_0 a,      #bwg_container1_0 #bwg_container2_0 .tablenav-pages_0 input.bwg_current_page {\t\t\t\tcursor: pointer;\t\t\t\ttext-align: center;\t\t\t\tfont-size: 12px;\t\t\t\tfont-family: segoe ui;\t\t\t\tfont-weight: bold;\t\t\t\tcolor: #666666;\t\t\t\ttext-decoration: none;\t\t\t\tpadding: 3px 6px;\t\t\t\tmargin: 0;\t\t\t\tborder-radius: 0;\t\t\t\tborder-style: solid;\t\t\t\tborder-width: 1px;\t\t\t\tborder-color: #E3E3E3;\t\t\t\t\t\t\t\tbackground-color: rgba(255, 255, 255, 1.00);\t\t\t\tbox-shadow: 0;\t\t\t\ttransition: all 0.3s ease 0s;-webkit-transition: all 0.3s ease 0s;      }      <\/style>      <span class=\"bwg_nav_cont_0\">              <div class=\"tablenav-pages_0\">                  <\/div>                <input type=\"hidden\" id=\"page_number_0\" name=\"page_number_0\" value=\"1\" \/>      <script type=\"text\/javascript\">        if( jQuery('.bwg_nav_cont_0').length > 1 ) {          jQuery('.bwg_nav_cont_0').first().remove()        }        function spider_page_0(cur, x, y, load_more) {          if (typeof load_more == \"undefined\") {            var load_more = false;          }          if (jQuery(cur).hasClass('disabled')) {            return false;          }          var items_county_0 = 1;          switch (y) {            case 1:              if (x >= items_county_0) {                document.getElementById('page_number_0').value = items_county_0;              }              else {                document.getElementById('page_number_0').value = x + 1;              }              break;            case 2:              document.getElementById('page_number_0').value = items_county_0;              break;            case -1:              if (x == 1) {                document.getElementById('page_number_0').value = 1;              }              else {                document.getElementById('page_number_0').value = x - 1;              }              break;            case -2:              document.getElementById('page_number_0').value = 1;              break;\t\t\t\t\t\tcase 0:              document.getElementById('page_number_0').value = x;              break;            default:              document.getElementById('page_number_0').value = 1;          }          bwg_ajax('gal_front_form_0', '0', 'bwg_thumbnails_0', '0', '', 'gallery', 0, '', '', load_more, '', 1);        }                    jQuery('.first-page-0').on('click', function () {              spider_page_0(this, 1, -2, 'numeric');              return false;            });            jQuery('.prev-page-0').on('click', function () {              spider_page_0(this, 1, -1, 'numeric');              return false;            });            jQuery('.next-page-0').on('click', function () {              spider_page_0(this, 1, 1, 'numeric');              return false;            });            jQuery('.last-page-0').on('click', function () {              spider_page_0(this, 1, 2, 'numeric');              return false;            });        \t\t\t\t\/* Change page on input enter. *\/        function bwg_change_page_0( e, that ) {          if (  e.key == 'Enter' ) {            var to_page = parseInt(jQuery(that).val());            var pages_count = jQuery(that).parents(\".pagination-links\").data(\"pages-count\");            var current_url_param = jQuery(that).attr('data-url-info');            if (to_page > pages_count) {              to_page = 1;            }\t \t\t\t\t\t\t\t\t\t\t\t\tspider_page_0(this, to_page, 0, 'numeric');\t\t\t\t\t\t\treturn false;\t\t\t\t\t\t          }          return true;        }        jQuery('.bwg_load_btn_0').on('click', function () {            spider_page_0(this, 1, 1, true);            return false;        });      <\/script>      <\/span>                <\/div>        <\/form>        <style>          #bwg_container1_0 #bwg_container2_0 #spider_popup_overlay_0 {          background-color: #000000;          opacity: 0.70;          }          <\/style>        <div id=\"bwg_spider_popup_loading_0\" class=\"bwg_spider_popup_loading\"><\/div>        <div id=\"spider_popup_overlay_0\" class=\"spider_popup_overlay\" onclick=\"spider_destroypopup(1000)\"><\/div>        <input type=\"hidden\" id=\"bwg_random_seed_0\" value=\"1662163195\">                <\/div>    <\/div>    <script>      if (document.readyState === 'complete') {        if( typeof bwg_main_ready == 'function' ) {          if ( jQuery(\"#bwg_container1_0\").height() ) {            bwg_main_ready(jQuery(\"#bwg_container1_0\"));          }        }      } else {        document.addEventListener('DOMContentLoaded', function() {          if( typeof bwg_main_ready == 'function' ) {            if ( jQuery(\"#bwg_container1_0\").height() ) {             bwg_main_ready(jQuery(\"#bwg_container1_0\"));            }          }        });      }    <\/script>    \n<\/em><\/em><\/p>\n","protected":false},"excerpt":{"rendered":"<p>Publiczna Biblioteka Pedagogiczna Regionalnego O\u015brodka Doskonalenia Nauczycieli \u201eWOM\u201d w Cz\u0119stochowie zorganizowa\u0142a w grudniu 2020 r. Powiatowy Konkurs Plastyczny M\u00f3j ekslibris, pod honorowym patronatem Towarzystwa Nauczycieli Bibliotekarzy Szk\u00f3\u0142 Polskich Oddzia\u0142 w Cz\u0119stochowie. Adresatami konkursu byli uczniowie klas VII szk\u00f3\u0142 podstawowych z powiat\u00f3w: cz\u0119stochowskiego, k\u0142obuckiego, lublinieckiego, myszkowskiego. Celem konkursu by\u0142o upowszechnianie wiedzy na temat ekslibrisu, poznanie jego historii, kszta\u0142towanie wra\u017cliwo\u015bci czytelniczych, rozwijanie umiej\u0119tno\u015bci plastycznych oraz inspirowanie m\u0142odego pokolenia do aktywnego uczestnictwa w<span class=\"ellipsis\">&hellip;<\/span><\/p>\n<div class=\"read-more\"><a href=\"https:\/\/pbp.womczest.edu.pl\/new\/powiatowy-konkurs-plastyczny-moj-ekslibris\/\">Czytaj wi\u0119cej &#8250;<\/a><\/div>\n<p><!-- end of .read-more --><\/p>\n","protected":false},"author":6,"featured_media":0,"parent":0,"menu_order":0,"comment_status":"closed","ping_status":"closed","template":"full-width-page.php","meta":{"footnotes":""},"jetpack_sharing_enabled":true,"jetpack_shortlink":"https:\/\/wp.me\/PgmV4H-4pt","_links":{"self":[{"href":"https:\/\/pbp.womczest.edu.pl\/new\/wp-json\/wp\/v2\/pages\/16955"}],"collection":[{"href":"https:\/\/pbp.womczest.edu.pl\/new\/wp-json\/wp\/v2\/pages"}],"about":[{"href":"https:\/\/pbp.womczest.edu.pl\/new\/wp-json\/wp\/v2\/types\/page"}],"author":[{"embeddable":true,"href":"https:\/\/pbp.womczest.edu.pl\/new\/wp-json\/wp\/v2\/users\/6"}],"replies":[{"embeddable":true,"href":"https:\/\/pbp.womczest.edu.pl\/new\/wp-json\/wp\/v2\/comments?post=16955"}],"version-history":[{"count":8,"href":"https:\/\/pbp.womczest.edu.pl\/new\/wp-json\/wp\/v2\/pages\/16955\/revisions"}],"predecessor-version":[{"id":20276,"href":"https:\/\/pbp.womczest.edu.pl\/new\/wp-json\/wp\/v2\/pages\/16955\/revisions\/20276"}],"wp:attachment":[{"href":"https:\/\/pbp.womczest.edu.pl\/new\/wp-json\/wp\/v2\/media?parent=16955"}],"curies":[{"name":"wp","href":"https:\/\/api.w.org\/{rel}","templated":true}]}}