


{"id":16871,"date":"2020-12-21T12:50:47","date_gmt":"2020-12-21T11:50:47","guid":{"rendered":"https:\/\/pbp.womczest.edu.pl\/new\/?page_id=16871"},"modified":"2020-12-21T12:51:14","modified_gmt":"2020-12-21T11:51:14","slug":"miedzyszkolny-konkurs-plastyczny-zanim-karolek-zostal-papiezem-portret-malego-lolka","status":"publish","type":"page","link":"https:\/\/pbp.womczest.edu.pl\/new\/miedzyszkolny-konkurs-plastyczny-zanim-karolek-zostal-papiezem-portret-malego-lolka\/","title":{"rendered":"Mi\u0119dzyszkolny konkurs plastyczny &#8222;Zanim Karolek zosta\u0142 Papie\u017cem. Portret ma\u0142ego Lolka&#8221;"},"content":{"rendered":"<p>W rocznic\u0119 wyboru Karola Wojty\u0142y na Papie\u017ca Publiczna Biblioteka Pedagogiczna Regionalnego O\u015brodka Doskonalenia Nauczycieli \u201eWOM\u201d w\u00a0Cz\u0119stochowie zorganizowa\u0142a <strong>Mi\u0119dzyszkolny konkurs plastyczny<\/strong> <strong><em>Zanim Karolek zosta\u0142 Papie\u017cem. Portret ma\u0142ego Lolka<\/em><\/strong>, pod honorowym patronatem Muzeum Dom Rodzinny Ojca \u015awi\u0119tego Jana Paw\u0142a II w\u00a0Wadowicach oraz Muzeum Monet i Medali Jana Paw\u0142a II w Cz\u0119stochowie. Patronat medialny nad wydarzeniem obj\u0105\u0142 Tygodnik Katolicki \u201eNiedziela\u201d. \u00a0Konkurs skierowany by\u0142 do uczni\u00f3w szk\u00f3\u0142 podstawowych miasta Cz\u0119stochowy, powiatu cz\u0119stochowskiego, k\u0142obuckiego, lublinieckiego i myszkowskiego. Celem konkursu by\u0142o zach\u0119cenie uczni\u00f3w do pracy tw\u00f3rczej, rozbudzanie indywidualnych zdolno\u015bci i zainteresowa\u0144 uczni\u00f3w oraz rozwijanie ich umiej\u0119tno\u015bci plastycznych. Zadaniem uczestnika konkursu by\u0142o opracowanie i wykonanie pracy plastycznej w\u00a0formacie A4, dowoln\u0105 technik\u0105, zgodnej z\u00a0tematyk\u0105 konkursu. Na konkurs wp\u0142yn\u0119\u0142o 27 prac.<\/p>\n<p>17 grudnia 2020 r. komisja konkursowa w sk\u0142adzie:<br \/>\n&#8211; Krzysztof Witkowski\u2013 przewodnicz\u0105cy<br \/>\n&#8211; Alicja Kowalska<br \/>\n&#8211; Izabela Bajor<\/p>\n<p>oceni\u0142a prace pod wzgl\u0119dem merytorycznym, estetycznym oraz artystycznym i przyzna\u0142a nagrody w dw\u00f3ch kategoriach:<\/p>\n<p><span style=\"color: #800000;\"><strong><em>Klasy I-IV szko\u0142y podstawowej:<\/em><\/strong><\/span><\/p>\n<p><strong>I miejsce<br \/>\n<em>Patryk We\u017cgowiec<\/em><\/strong> &#8211; ucze\u0144 Szko\u0142y Podstawowej im. Tadeusza Ko\u015bciuszki we Mstowie filia w Kucharach, opiekun: Aldona Tomzik<\/p>\n<p><strong>II miejsce<br \/>\n<em>Zofia Dobrowolska<\/em><\/strong> &#8211; uczennica Szko\u0142y Podstawowej nr 25 im. Stanis\u0142awa Staszica w Cz\u0119stochowie, opiekun: Edyta Tomza<\/p>\n<p><strong>III miejsce<br \/>\n<em>Weronika Nowak<\/em><\/strong> &#8211; uczennica Szko\u0142y Podstawowej Stowarzyszenia Przyjaci\u00f3\u0142 Szk\u00f3\u0142 Katolickich im. \u015aw. Ojca Pio w Winownie, opiekun: Iwona Filipczyk<\/p>\n<p><strong>Wyr\u00f3\u017cnienie<br \/>\n<em>Dominika Umlauf<\/em><\/strong> &#8211; uczennica Szko\u0142y Podstawowej im. 74 G\u00f3rno\u015bl\u0105skiego Pu\u0142ku Piechoty w Sadowie, opiekun: Sylwia Duda<\/p>\n<p><span style=\"color: #800000;\"><strong><em>Klasy V-VIII szko\u0142y podstawowej:<\/em><\/strong><\/span><\/p>\n<p><strong>I miejsce<br \/>\n<em>Zuzanna Smu\u017cy\u0144ska<\/em><\/strong> &#8211; uczennica Szko\u0142y Podstawowej nr 14 im. Henryka Sienkiewicza w Cz\u0119stochowie, opiekun: Renata Smu\u017cy\u0144ska<\/p>\n<p><strong>II miejsce<br \/>\n<em>Zuzanna Piasecka<\/em><\/strong> &#8211; uczennica Szko\u0142y Podstawowej nr 14 im. Henryka Sienkiewicza w Cz\u0119stochowie, opiekun: Ewa Harciarek<\/p>\n<p><strong>III miejsce<br \/>\n<em>Karolina Borek<\/em><\/strong> &#8211; uczennica Szko\u0142y Podstawowej Stowarzyszenia Przyjaci\u00f3\u0142 Szk\u00f3\u0142 Katolickich im. \u015aw. Ojca Pio w Winownie, opiekun: Iwona Filipczyk<\/p>\n<p><strong>Wyr\u00f3\u017cnienie<br \/>\n<em>Maja Gaworska<\/em><\/strong> &#8211; uczennica Szko\u0142y Podstawowej im. Henryka Sienkiewicza w Kamienicy Polskiej, opiekun: Ewa S\u0119dzina-Gaworska<\/p>\n<p>Nagrody w konkursie ufundowa\u0142 Pan Krzysztof Witkowski &#8211; za\u0142o\u017cyciel oraz dyrektor Muzeum Monet i Medali Jana Paw\u0142a II w Cz\u0119stochowie.<\/p>\n<p>Wszystkim uczestnikom dzi\u0119kujemy za zaanga\u017cowanie i pi\u0119kne prace plastyczne, opiekunom i nauczycielom za przygotowanie uczni\u00f3w, a komisji konkursowej za trud oceny prac i wsparcie merytoryczne.<\/p>\n<p><a href=\"https:\/\/www.youtube.com\/watch?v=C5_FC_gMiMI\"><strong><em>Wirtualna wystawa prac konkursowych<\/em><\/strong><\/a><\/p>\n<p style=\"text-align: right;\"><em>Tekst, oprac. filmu: Anna D\u0105browska, <\/em><em>Anna Hiller<\/em><\/p>\n<p><em>\u00a0<\/em><\/p>\n<p><strong><em>\u00a0<\/em><\/strong><\/p>\n<p>&nbsp;<\/p>\n<p>&nbsp;<\/p>\n<p>&nbsp;<\/p>\n","protected":false},"excerpt":{"rendered":"<p>W rocznic\u0119 wyboru Karola Wojty\u0142y na Papie\u017ca Publiczna Biblioteka Pedagogiczna Regionalnego O\u015brodka Doskonalenia Nauczycieli \u201eWOM\u201d w\u00a0Cz\u0119stochowie zorganizowa\u0142a Mi\u0119dzyszkolny konkurs plastyczny Zanim Karolek zosta\u0142 Papie\u017cem. Portret ma\u0142ego Lolka, pod honorowym patronatem Muzeum Dom Rodzinny Ojca \u015awi\u0119tego Jana Paw\u0142a II w\u00a0Wadowicach oraz Muzeum Monet i Medali Jana Paw\u0142a II w Cz\u0119stochowie. Patronat medialny nad wydarzeniem obj\u0105\u0142 Tygodnik Katolicki \u201eNiedziela\u201d. \u00a0Konkurs skierowany by\u0142 do uczni\u00f3w szk\u00f3\u0142 podstawowych miasta Cz\u0119stochowy, powiatu cz\u0119stochowskiego, k\u0142obuckiego, lublinieckiego<span class=\"ellipsis\">&hellip;<\/span><\/p>\n<div class=\"read-more\"><a href=\"https:\/\/pbp.womczest.edu.pl\/new\/miedzyszkolny-konkurs-plastyczny-zanim-karolek-zostal-papiezem-portret-malego-lolka\/\">Czytaj wi\u0119cej &#8250;<\/a><\/div>\n<p><!-- end of .read-more --><\/p>\n","protected":false},"author":6,"featured_media":0,"parent":0,"menu_order":0,"comment_status":"closed","ping_status":"closed","template":"","meta":{"footnotes":""},"jetpack_sharing_enabled":true,"jetpack_shortlink":"https:\/\/wp.me\/PgmV4H-4o7","_links":{"self":[{"href":"https:\/\/pbp.womczest.edu.pl\/new\/wp-json\/wp\/v2\/pages\/16871"}],"collection":[{"href":"https:\/\/pbp.womczest.edu.pl\/new\/wp-json\/wp\/v2\/pages"}],"about":[{"href":"https:\/\/pbp.womczest.edu.pl\/new\/wp-json\/wp\/v2\/types\/page"}],"author":[{"embeddable":true,"href":"https:\/\/pbp.womczest.edu.pl\/new\/wp-json\/wp\/v2\/users\/6"}],"replies":[{"embeddable":true,"href":"https:\/\/pbp.womczest.edu.pl\/new\/wp-json\/wp\/v2\/comments?post=16871"}],"version-history":[{"count":3,"href":"https:\/\/pbp.womczest.edu.pl\/new\/wp-json\/wp\/v2\/pages\/16871\/revisions"}],"predecessor-version":[{"id":16874,"href":"https:\/\/pbp.womczest.edu.pl\/new\/wp-json\/wp\/v2\/pages\/16871\/revisions\/16874"}],"wp:attachment":[{"href":"https:\/\/pbp.womczest.edu.pl\/new\/wp-json\/wp\/v2\/media?parent=16871"}],"curies":[{"name":"wp","href":"https:\/\/api.w.org\/{rel}","templated":true}]}}