


{"id":16845,"date":"2020-12-18T12:45:10","date_gmt":"2020-12-18T11:45:10","guid":{"rendered":"https:\/\/pbp.womczest.edu.pl\/new\/?page_id=16845"},"modified":"2025-01-30T12:13:53","modified_gmt":"2025-01-30T11:13:53","slug":"teksty-kultury-lektury-szkolne","status":"publish","type":"page","link":"https:\/\/pbp.womczest.edu.pl\/new\/filie\/lelow\/teksty-kultury-lektury-szkolne\/","title":{"rendered":"Wydarzenia edukacyjne"},"content":{"rendered":"<p>&nbsp;<\/p>\n<ul>\n<li><a href=\"https:\/\/pbp.womczest.edu.pl\/new\/projekt-edukacyjny-czytanie-wartosci-2024-2025\/\">Czytanie warto\u015bci 2024\/2025<\/a><\/li>\n<li><a href=\"https:\/\/pbp.womczest.edu.pl\/new\/122-urodziny-pluszowego-misia\/\">Dzie\u0144 Pluszowego Misia &#8211; 2024<\/a><\/li>\n<li><a href=\"https:\/\/pbp.womczest.edu.pl\/new\/statuetka-przyjaciel-osrodka-szkolno-wychowawczego-im-jana-brzechwy-w-bogumilku\/\">Statuetka \u201ePrzyjaciel O\u015brodka Szkolno-Wychowawczego im. Jana Brzechwy w Bogumi\u0142ku\u201d &#8211; 2024<\/a><\/li>\n<li><a href=\"https:\/\/pbp.womczest.edu.pl\/new\/x-jubileuszowa-edycja-konkursu-ortograficznego-o-statuetke-i-tytul-miedzygminnego-mistrza-i-wicemistrza-ortografii-2024\/\">X Jubileuszowa Edycja Konkursu Ortograficznego o statuetk\u0119 i tytu\u0142 Mi\u0119dzygminnego Mistrza i Wicemistrza Ortografii 2024<\/a><\/li>\n<li><a href=\"https:\/\/pbp.womczest.edu.pl\/new\/konkurs-pieknego-czytania-litery-znam-wiec-czytam-sam\/\">Litery znam wi\u0119c, czytam sam &#8211; 2024<\/a><\/li>\n<li><a href=\"https:\/\/pbp.womczest.edu.pl\/new\/bylo-nie-ma-jest-akcja-zonkile-dlaczego-pamiec-jest-wazna\/\">\u201eBy\u0142o \u2013 nie ma \u2013 jest\u201d \u2013 akcja \u017conkile \u2013 dlaczego pami\u0119\u0107 jest wa\u017cna? &#8211; 2024<\/a><\/li>\n<li><a href=\"https:\/\/pbp.womczest.edu.pl\/new\/czytanie-na-drugie-sniadanie\/\">Czytanie na drugie \u015bniadanie 2023\/2024<\/a><\/li>\n<li><a href=\"https:\/\/pbp.womczest.edu.pl\/new\/pasowanie-na-czytelnika\/\">Pasowanie na Czytelnika 2024<\/a><\/li>\n<li><a href=\"https:\/\/pbp.womczest.edu.pl\/new\/czytanie-wartosci-2023-2024\/\">Czytanie warto\u015bci 2023\/2024<\/a><\/li>\n<li><a href=\"https:\/\/pbp.womczest.edu.pl\/new\/dzien-pluszowego-misia-2023\/\">Dzie\u0144 Pluszowego Misia &#8211; 2023<\/a><\/li>\n<li><a href=\"https:\/\/pbp.womczest.edu.pl\/new\/laczy-nas-pamiec-akcja-zonkile-2\/\">\u0141\u0105czy nas pami\u0119\u0107 &#8211; 2023<\/a><\/li>\n<li><a href=\"https:\/\/pbp.womczest.edu.pl\/new\/bajka-z-moralem-3\/\">Bajka z mora\u0142em &#8211; 2023<\/a><\/li>\n<li><a href=\"https:\/\/pbp.womczest.edu.pl\/new\/czytanie-wartosci-2022-2023\/\">Czytanie warto\u015bci 2022\/2023<\/a><\/li>\n<li><a href=\"https:\/\/pbp.womczest.edu.pl\/new\/pasowanie-na-czytelnika-biblioteki-2022-r\/\">Pasowanie na Czytelnika biblioteki &#8211; 2022<\/a><\/li>\n<li><a href=\"https:\/\/pbp.womczest.edu.pl\/new\/120-urodziny-pluszowego-misia\/\">120 urodziny Pluszowego Misia<\/a><\/li>\n<li><a href=\"https:\/\/pbp.womczest.edu.pl\/new\/bajka-z-moralem-2\/\">Bajka z mora\u0142em &#8211; 2022<\/a><\/li>\n<li><a href=\"https:\/\/pbp.womczest.edu.pl\/new\/pasowanie-na-czytelnika-biblioteki\/\">Pasowanie na Czytelnika biblioteki &#8211; 2022<\/a><\/li>\n<li><a href=\"https:\/\/pbp.womczest.edu.pl\/new\/czytanie-wartosci-2021-2022\/\">Czytanie warto\u015bci 2021\/2022<\/a><\/li>\n<li><a href=\"https:\/\/pbp.womczest.edu.pl\/new\/119-urodziny-pluszowego-misia\/\">119 urodziny Pluszowego Misia<\/a><\/li>\n<li><a href=\"https:\/\/pbp.womczest.edu.pl\/new\/bajka-dobra-na-wszystko-nawet-na-covid-19\/\">Bajka dobra na wszystko nawet na COVID-19 &#8211; 2021<\/a><\/li>\n<li><a href=\"https:\/\/pbp.womczest.edu.pl\/new\/czytanie-wartosci-2020-2021\/\">Czytanie warto\u015bci 2020\/2021<\/a><\/li>\n<li><a href=\"https:\/\/pbp.womczest.edu.pl\/new\/bajka-z-moralem\/\">Bajka z mora\u0142em &#8211; 2021<\/a><\/li>\n<li><a href=\"https:\/\/pbp.womczest.edu.pl\/new\/pasowanie-na-czytelnika-biblioteki-2021\/\">Pasowanie na czytelnika biblioteki &#8211; 2021<\/a><\/li>\n<li><a href=\"https:\/\/pbp.womczest.edu.pl\/new\/dzien-pluszowego-misia-2020\/\">Dzie\u0144 Pluszowego Misia &#8211; 2020<\/a><\/li>\n<li><a href=\"https:\/\/pbp.womczest.edu.pl\/new\/karol-chlopiec-ktory-zostal-papiezem\/\">\u201eKarol \u2013 ch\u0142opiec, kt\u00f3ry zosta\u0142 papie\u017cem\u201d &#8211; 2020<\/a><\/li>\n<li><a href=\"https:\/\/pbp.womczest.edu.pl\/new\/czytanie-wartosci-2019-2020\/\">Czytanie warto\u015bci &#8211; 2019\/2020<\/a><\/li>\n<li><a href=\"https:\/\/pbp.womczest.edu.pl\/new\/?page_id=22170&amp;preview=true\">Urodziny Pluszowego Misia &#8211; 2019<\/a><\/li>\n<li><a href=\"https:\/\/pbp.womczest.edu.pl\/new\/pasowanie-na-czytelnika-biblioteki-2019\/\" target=\"_blank\" rel=\"noopener noreferrer\">Pasowanie na czytelnika biblioteki &#8211; 2019<\/a><\/li>\n<li><a href=\"https:\/\/pbp.womczest.edu.pl\/new\/kontakt\/lelow\/spotkania-czytelnicze-filia-lelow\/w-krainie-bajek-podsumowanie-cyklu-zajec\/\" target=\"_blank\" rel=\"noopener noreferrer\">W krainie bajek \u2013 podsumowanie cyklu zaj\u0119\u0107 &#8211; 2019<\/a><\/li>\n<li><a href=\"https:\/\/pbp.womczest.edu.pl\/new\/czytanie-wartosci-2018-2019\/\" target=\"_blank\" rel=\"noopener noreferrer\">&#8222;Czytanie warto\u015bci&#8221; &#8211; cykl spotka\u0144 czytelniczych realizowanych w roku szkolnym 2018\/2019<\/a><\/li>\n<li><a href=\"https:\/\/pbp.womczest.edu.pl\/new\/z-bajka-w-przedszkolu\/\" target=\"_blank\" rel=\"noopener noreferrer\">Z bajk\u0105 w przedszkolu 2018<\/a><\/li>\n<li><a href=\"https:\/\/pbp.womczest.edu.pl\/new\/swiatowy-dzien-pluszowego-misia-2018\/\" target=\"_blank\" rel=\"noopener noreferrer\">\u015awiatowy Dzie\u0144 Pluszowego Misia 2018<\/a><\/li>\n<li><a href=\"https:\/\/pbp.womczest.edu.pl\/new\/pasowanie-na-czytelnika-biblioteki-2018\/\" target=\"_blank\" rel=\"noopener noreferrer\">Pasowanie na czytelnika biblioteki &#8211; 2018<\/a><\/li>\n<li><a href=\"https:\/\/pbp.womczest.edu.pl\/new\/czytanie-wartosci-2017-2018\/\" target=\"_blank\" rel=\"noopener noreferrer\">Czytanie warto\u015bci 2017<\/a><\/li>\n<li><a href=\"https:\/\/pbp.womczest.edu.pl\/new\/wp-admin\/post.php?post=10216&amp;action=edit\" target=\"_blank\" rel=\"noopener noreferrer\">Pasowanie na czytelnika biblioteki &#8211; 2017<\/a><\/li>\n<li><a href=\"https:\/\/pbp.womczest.edu.pl\/new\/kontakt\/lelow\/spotkania-czytelnicze-filia-lelow\/swiatowy-dzien-pluszowego-misia-2017\/\" target=\"_blank\" rel=\"noopener noreferrer\">\u015awiatowy Dzie\u0144 Pluszowego Misia 2017<\/a><\/li>\n<li><a href=\"https:\/\/pbp.womczest.edu.pl\/new\/kontakt\/lelow\/spotkania-czytelnicze-filia-lelow\/czytanie-wartosci-2016-2017\/\" target=\"_blank\" rel=\"noopener noreferrer\">Czytanie warto\u015bci 2016\/2017<\/a><\/li>\n<li><a href=\"https:\/\/pbp.womczest.edu.pl\/new\/swiatowy-dzien-pluszowego-misia-2016\/\" target=\"_blank\" rel=\"noopener noreferrer\">\u015awiatowy Dzie\u0144 Pluszowego Misia 2016<\/a><\/li>\n<li><a href=\"https:\/\/pbp.womczest.edu.pl\/new\/kontakt\/lelow\/spotkania-czytelnicze-filia-lelow\/pasowanie-na-czytelnika-biblioteki-2\/\">Pasowanie na czytelnika biblioteki 2016<\/a><\/li>\n<li><a href=\"https:\/\/pbp.womczest.edu.pl\/new\/bezpiecznie-zyc-czyli-jak-nie-miec-klopotow-2016\/\">Bezpiecznie \u017cy\u0107 &#8211; czyli jak nie mie\u0107 k\u0142opot\u00f3w 2016<\/a><\/li>\n<li><a href=\"https:\/\/pbp.womczest.edu.pl\/new\/swiatowy-dzien-pluszowego-misia-2015\/\">\u015awiatowy Dzie\u0144\u00a0Pluszowego Misia 2015<\/a><\/li>\n<li><a href=\"https:\/\/pbp.womczest.edu.pl\/new\/kontakt\/lelow\/spotkania-czytelnicze-filia-lelow\/pasowani-na-czytelnika-biblioteki-2015\/\">Pasowanie na czytelnika biblioteki 2015<\/a><\/li>\n<li>&#8222;<a href=\"https:\/\/pbp.womczest.edu.pl\/new\/kontakt\/lelow\/spotkania-czytelnicze-filia-lelow\/czytam-sobie-w-bibliotece-sprawozdanie\/\">Czytam sobie w bibliotece&#8221; &#8211; 2015<\/a><\/li>\n<li><a href=\"https:\/\/pbp.womczest.edu.pl\/new\/kontakt\/lelow\/spotkania-czytelnicze-filia-lelow\/dziecieca-podroz-przez-kontynenty-z-janem-pawlem-ii\/\">Dzieci\u0119ca podr\u00f3\u017c przez kontynenty z Janem Paw\u0142em II &#8211; 2015<\/a><\/li>\n<li>&#8222;<a href=\"https:\/\/pbp.womczest.edu.pl\/new\/kontakt\/lelow\/spotkania-czytelnicze-filia-lelow\/czytanie-wartosci-cykl-spotkan-czytelniczych-realizowanych-od-01-10-2014-r-do-28-02-2015-r\/\">Czytanie warto\u015bci&#8221; \u2013 cykl spotka\u0144 czytelniczych realizowanych w roku szkolnym 2014\/2015<\/a><\/li>\n<li><a href=\"https:\/\/pbp.womczest.edu.pl\/new\/kontakt\/lelow\/spotkania-czytelnicze-filia-lelow\/dzien-pluszowego-misia-2014\/\" target=\"_blank\" rel=\"noopener noreferrer\">\u015awiatowy Dzie\u0144 Pluszowego Misia &#8211; 2014<\/a><\/li>\n<li><a href=\"https:\/\/pbp.womczest.edu.pl\/new\/kontakt\/lelow\/spotkania-czytelnicze-filia-lelow\/skarby-przyjazni-spotkanie-czytelnicze-z-wychowankami-specjalnego-osrodka-szkolno-wychowawczego-im-jana-brzechwy-w-bogumilku\/\">Skarby przyja\u017ani- spotkanie czytelnicze z wychowankami SOSW w Bogumi\u0142ku &#8211; 2014<\/a><\/li>\n<li><a href=\"https:\/\/pbp.womczest.edu.pl\/new\/kontakt\/lelow\/spotkania-czytelnicze-filia-lelow\/pasowanie-na-czytelnika-biblioteki\/\" target=\"_blank\" rel=\"noopener noreferrer\">Pasowanie na czytelnika biblioteki &#8211; 2014<\/a><\/li>\n<li><a href=\"https:\/\/pbp.womczest.edu.pl\/new\/kontakt\/lelow\/spotkania-czytelnicze-filia-lelow\/rok-2013-rokiem-juliana-tuwima\/\" target=\"_blank\" rel=\"noopener noreferrer\">Rok 2013 Rokiem Juliana Tuwima &#8211; 2013<\/a><\/li>\n<li><a href=\"https:\/\/pbp.womczest.edu.pl\/new\/kontakt\/lelow\/spotkania-czytelnicze-filia-lelow\/pasowanie-na-czytelnika-2013\/\" target=\"_blank\" rel=\"noopener noreferrer\">Pasowanie na czytelnika \u2013 2013<\/a><\/li>\n<li><a href=\"https:\/\/pbp.womczest.edu.pl\/new\/kontakt\/lelow\/spotkania-czytelnicze-filia-lelow\/spotkanie-z-jubilatem\/\" target=\"_blank\" rel=\"noopener noreferrer\">Spotkanie z Jubilatem &#8211; 2013<\/a><\/li>\n<li><a href=\"https:\/\/pbp.womczest.edu.pl\/new\/kontakt\/lelow\/spotkania-czytelnicze-filia-lelow\/swieto-pluszowego-misia-w-przedszkolu-2013\/\" target=\"_blank\" rel=\"noopener noreferrer\">\u015awi\u0119to Pluszowego Misia w przedszkolu \u2013 2013<\/a><\/li>\n<li><a href=\"https:\/\/pbp.womczest.edu.pl\/new\/kontakt\/lelow\/spotkania-czytelnicze-filia-lelow\/zajecia-biblioteczne-z-elementami-biblioterapii\/\" target=\"_blank\" rel=\"noopener noreferrer\">Zaj\u0119cia biblioteczne z elementami biblioterapii &#8211; 2013<\/a><\/li>\n<li><a href=\"https:\/\/pbp.womczest.edu.pl\/new\/kontakt\/lelow\/spotkania-czytelnicze-filia-lelow\/swieto-pluszowego-misia-2012\/\" target=\"_blank\" rel=\"noopener noreferrer\">\u015awi\u0119to Pluszowego Misia w przedszkolu \u2013 2012<\/a><\/li>\n<\/ul>\n","protected":false},"excerpt":{"rendered":"<p>&nbsp; Czytanie warto\u015bci 2024\/2025 Dzie\u0144 Pluszowego Misia &#8211; 2024 Statuetka \u201ePrzyjaciel O\u015brodka Szkolno-Wychowawczego im. Jana Brzechwy w Bogumi\u0142ku\u201d &#8211; 2024 X Jubileuszowa Edycja Konkursu Ortograficznego o statuetk\u0119 i tytu\u0142 Mi\u0119dzygminnego Mistrza i Wicemistrza Ortografii 2024 Litery znam wi\u0119c, czytam sam &#8211; 2024 \u201eBy\u0142o \u2013 nie ma \u2013 jest\u201d \u2013 akcja \u017conkile \u2013 dlaczego pami\u0119\u0107 jest wa\u017cna? &#8211; 2024 Czytanie na drugie \u015bniadanie 2023\/2024 Pasowanie na Czytelnika 2024 Czytanie warto\u015bci 2023\/2024<span class=\"ellipsis\">&hellip;<\/span><\/p>\n<div class=\"read-more\"><a href=\"https:\/\/pbp.womczest.edu.pl\/new\/filie\/lelow\/teksty-kultury-lektury-szkolne\/\">Czytaj wi\u0119cej &#8250;<\/a><\/div>\n<p><!-- end of .read-more --><\/p>\n","protected":false},"author":2,"featured_media":0,"parent":4855,"menu_order":0,"comment_status":"closed","ping_status":"closed","template":"","meta":{"footnotes":""},"jetpack_sharing_enabled":true,"jetpack_shortlink":"https:\/\/wp.me\/PgmV4H-4nH","_links":{"self":[{"href":"https:\/\/pbp.womczest.edu.pl\/new\/wp-json\/wp\/v2\/pages\/16845"}],"collection":[{"href":"https:\/\/pbp.womczest.edu.pl\/new\/wp-json\/wp\/v2\/pages"}],"about":[{"href":"https:\/\/pbp.womczest.edu.pl\/new\/wp-json\/wp\/v2\/types\/page"}],"author":[{"embeddable":true,"href":"https:\/\/pbp.womczest.edu.pl\/new\/wp-json\/wp\/v2\/users\/2"}],"replies":[{"embeddable":true,"href":"https:\/\/pbp.womczest.edu.pl\/new\/wp-json\/wp\/v2\/comments?post=16845"}],"version-history":[{"count":50,"href":"https:\/\/pbp.womczest.edu.pl\/new\/wp-json\/wp\/v2\/pages\/16845\/revisions"}],"predecessor-version":[{"id":26352,"href":"https:\/\/pbp.womczest.edu.pl\/new\/wp-json\/wp\/v2\/pages\/16845\/revisions\/26352"}],"up":[{"embeddable":true,"href":"https:\/\/pbp.womczest.edu.pl\/new\/wp-json\/wp\/v2\/pages\/4855"}],"wp:attachment":[{"href":"https:\/\/pbp.womczest.edu.pl\/new\/wp-json\/wp\/v2\/media?parent=16845"}],"curies":[{"name":"wp","href":"https:\/\/api.w.org\/{rel}","templated":true}]}}