


{"id":16688,"date":"2020-11-18T13:19:23","date_gmt":"2020-11-18T12:19:23","guid":{"rendered":"https:\/\/pbp.womczest.edu.pl\/new\/?page_id=16688"},"modified":"2020-12-03T09:50:09","modified_gmt":"2020-12-03T08:50:09","slug":"przeglad-piesni-i-piosenek-o-swietym-janie-pawle-ii-17-listopada-2020-r","status":"publish","type":"page","link":"https:\/\/pbp.womczest.edu.pl\/new\/przeglad-piesni-i-piosenek-o-swietym-janie-pawle-ii-17-listopada-2020-r\/","title":{"rendered":"Przegl\u0105d  Pie\u015bni i Piosenek o \u015awi\u0119tym Janie Pawle II  &#8211; 17 listopada 2020 r."},"content":{"rendered":"<p>Rok 2020 zosta\u0142 og\u0142oszony Rokiem \u015awi\u0119tego Jana Paw\u0142a II. W uchwale Sejmu Rzeczypospolitej Polskiej z dnia 13 czerwca 2019 r. zaakcentowano<em>: \u201e\u017byciow\u0105 misj\u0105 papie\u017ca by\u0142a walka o godno\u015b\u0107 i szacunek ka\u017cdej istoty ludzkiej, czemu wielokrotnie dawa\u0142 wyraz w swoich encyklikach. Nazywany \u201epapie\u017cem pielgrzymem\u201d, odby\u0142 104 podr\u00f3\u017ce duszpasterskie do ka\u017cdego zak\u0105tka \u015bwiata. W swoich homiliach otwarcie krytykowa\u0142 kapitalistyczny wyzysk cz\u0142owieka przez cz\u0142owieka, apelowa\u0142 o pok\u00f3j i braterstwo\u201d<\/em>. Upami\u0119tnienie dzia\u0142alno\u015bci i misji \u015awi\u0119tego Jana Paw\u0142a II sta\u0142o si\u0119 g\u0142\u00f3wnym celem organizacji <em>Przegl\u0105du Pie\u015bni i Piosenek o \u015awi\u0119tym Janie Pawle II.<\/em><\/p>\n<p>W zwi\u0105zku z panuj\u0105c\u0105 w kraju sytuacj\u0105 epidemiologiczn\u0105 konkurs odby\u0142 si\u0119 w formie online na podstawie nades\u0142anych przez uczestnik\u00f3w nagra\u0144 audio-wideo. Wyst\u0119py ocenia\u0142o profesjonalne jury sk\u0142adaj\u0105ce si\u0119 z muzyk\u00f3w, pedagog\u00f3w oraz os\u00f3b zwi\u0105zanych ze \u015brodowiskiem artystycznym. Organizatorami <em>Przegl\u0105du<\/em> byli nauczyciele bibliotekarze dr Agata Arkabus i mgr Anna P\u0142usa z Publicznej Biblioteki Pedagogicznej Regionalnego O\u015brodka Doskonalenia Nauczycieli \u201eWOM\u201d w Cz\u0119stochowie oraz nauczyciele z Miejskiego Przedszkola nr 25 im. Przyjaci\u00f3\u0142 Kubusia Puchatka w Cz\u0119stochowie &#8211; mgr Ma\u0142gorzata Stachurska i mgr Iwona Ledwo\u0144.<\/p>\n<p><em>Przegl\u0105d Pie\u015bni i Piosenek o \u015awi\u0119tym Janie Pawle II <\/em>adresowany by\u0142 do dzieci w wieku przedszkolnym (sze\u015bciolatki) z terenu miasta Cz\u0119stochowy i powiatu cz\u0119stochowskiego. Cele konkursu obejmowa\u0142y:<\/p>\n<ol>\n<li>Wspieranie integralnego rozwoju dzieci w zakresie tw\u00f3rczo\u015bci artystycznej poprzez umo\u017cliwienie prezentacji ich umiej\u0119tno\u015bci wokalnych.<\/li>\n<li>Popularyzacja pie\u015bni i piosenek o \u015awi\u0119tym Janie Pawle II.<\/li>\n<li>Pog\u0142\u0119bienie wiedzy na temat \u017cycia i dzia\u0142alno\u015bci Papie\u017ca Jana Paw\u0142a II.<\/li>\n<li>Wychowanie w duchu szacunku dla warto\u015bci chrze\u015bcija\u0144skich, narodowych i rodzinnych.<\/li>\n<li>Rozbudzanie potrzeb kulturalnych i ich zaspokajanie przy zastosowaniu nowych form (online) przeprowadzania konkurs\u00f3w w czasie trwania stanu epidemii w kraju.<\/li>\n<\/ol>\n<p>W sk\u0142ad komisji konkursowej <em>Przegl\u0105du Pie\u015bni i Piosenek o \u015awi\u0119tym Janie Pawle II <\/em>weszli:<\/p>\n<p>&#8211; Maria Magdalena Rogowska \u2013 przewodnicz\u0105ca komisji &#8211; Dyrektor Cz\u0119stochowskiej Szko\u0142y Suzuki. Absolwentka Akademii Muzycznej w Bydgoszczy w klasie skrzypiec prof. Stanis\u0142awa Lewandowskiego. Maria Magdalena Rogowska jest nauczycielem w klasie skrzypiec. W swojej pracy zawodowej wykorzystuje Metod\u0119 Suzuki w nauczaniu gry na skrzypcach zar\u00f3wno u dzieci jak i u doros\u0142ych. Jest inicjatork\u0105 wielu wydarze\u0144 muzycznych i edukacyjnych; nauczyciel w og\u00f3lnopolskich warsztatach muzycznych organizowanych przez Centrum Rozwoju Uzdolnie\u0144 Metod\u0105 Suzuki.<\/p>\n<p>&#8211; Sabina Warzyszy\u0144ska \u2013 cz\u0142onek komisji &#8211; absolwentka Akademii Muzycznej w \u0141odzi oraz Spo\u0142ecznego Ogniska Baletowego w Cz\u0119stochowie. Nauczyciel Jasnog\u00f3rskiej Publicznej Og\u00f3lnokszta\u0142c\u0105cej Szko\u0142y Muzycznej I Stopnia w Cz\u0119stochowie. Specjalizuje si\u0119 w pracy z dzie\u0107mi i m\u0142odzie\u017c\u0105 w zakresie nauki na gry na pianinie oraz prowadzi zaj\u0119cia z rytmiki i ta\u0144ca.<\/p>\n<p>&#8211; Marta Uchacz &#8211; absolwentka Akademii Muzycznej w Katowicach im. Karola Szymanowskiegow klasie fortepianu. Obecnie nauczyciel w Pa\u0144stwowej Szkole Muzycznej im. Marcina J\u00f3zefa \u017bebrowskiego w Cz\u0119stochowie w klasie fortepianu.<\/p>\n<p>Komisja konkursowa dokona\u0142a oceny wed\u0142ug nast\u0119puj\u0105cych kryteri\u00f3w:<\/p>\n<p>a) dob\u00f3r repertuaru &#8211; tre\u015b\u0107 i charakter zgodne z za\u0142o\u017ceniami regulaminu;<br \/>\nb) warto\u015b\u0107 artystyczna utwor\u00f3w oraz ich dob\u00f3r do mo\u017cliwo\u015bci wykonawczych uczestnika;<br \/>\nc) muzykalno\u015b\u0107 i warunki g\u0142osowe wykonawc\u00f3w (emisja, dykcja, intonacja);<br \/>\nd) interpretacja utwor\u00f3w;<br \/>\ne) og\u00f3lny wyraz artystyczny i estetyczny.<\/p>\n<p>Laureatami <em>Przegl\u0105du Pie\u015bni i Piosenek o \u015awi\u0119tym Janie Pawle II<\/em> zostali:<\/p>\n<p><u>I miejsce<\/u><br \/>\n&#8211; Ignacy Tomczak \u2013 Publiczne Przedszkole Si\u00f3str Nazaretanek im. \u015awi\u0119tej Rodziny w Cz\u0119stochowie<br \/>\n&#8211; Liwia Makulska \u2013 Szko\u0142a Podstawowa im.\u00a0Jana Paw\u0142a II Oddzia\u0142 Przedszkolny w\u00a0\u0141a\u017acu<\/p>\n<p><u>II miejsce<\/u><\/p>\n<p>&#8211; Borys Piesakowski \u2013 Miejskie Przedszkole nr\u00a025 im.\u00a0Przyjaci\u00f3\u0142 Kubusia Puchatka w\u00a0Cz\u0119stochowie<br \/>\n&#8211; Maja Wrona \u2013 Miejskie Przedszkole nr\u00a012 im.\u00a0Ireny Szewi\u0144skiej w\u00a0Cz\u0119stochowie<\/p>\n<p><u>III miejsce<\/u><br \/>\n&#8211; Magdalena Pluta \u2013 Zesp\u00f3\u0142 Szkolno-Przedszkolny w Mykanowie<\/p>\n<p>Nagrody rzeczowe dla zwyci\u0119zc\u00f3w oraz upominki dla wszystkich uczestnik\u00f3w ufundowa\u0142o Wydawnictwo Edycja \u015awi\u0119tego Paw\u0142a w Cz\u0119stochowie oraz \u00a0Miejskie Przedszkole nr 25 im. Przyjaci\u00f3\u0142 Kubusia Puchatka w Cz\u0119stochowie.<\/p>\n<p style=\"text-align: right;\"><em>dr Agata Arkabus<\/em><\/p>\n<p>&nbsp;<\/p>\n","protected":false},"excerpt":{"rendered":"<p>Rok 2020 zosta\u0142 og\u0142oszony Rokiem \u015awi\u0119tego Jana Paw\u0142a II. W uchwale Sejmu Rzeczypospolitej Polskiej z dnia 13 czerwca 2019 r. zaakcentowano: \u201e\u017byciow\u0105 misj\u0105 papie\u017ca by\u0142a walka o godno\u015b\u0107 i szacunek ka\u017cdej istoty ludzkiej, czemu wielokrotnie dawa\u0142 wyraz w swoich encyklikach. Nazywany \u201epapie\u017cem pielgrzymem\u201d, odby\u0142 104 podr\u00f3\u017ce duszpasterskie do ka\u017cdego zak\u0105tka \u015bwiata. W swoich homiliach otwarcie krytykowa\u0142 kapitalistyczny wyzysk cz\u0142owieka przez cz\u0142owieka, apelowa\u0142 o pok\u00f3j i braterstwo\u201d. Upami\u0119tnienie dzia\u0142alno\u015bci i misji<span class=\"ellipsis\">&hellip;<\/span><\/p>\n<div class=\"read-more\"><a href=\"https:\/\/pbp.womczest.edu.pl\/new\/przeglad-piesni-i-piosenek-o-swietym-janie-pawle-ii-17-listopada-2020-r\/\">Czytaj wi\u0119cej &#8250;<\/a><\/div>\n<p><!-- end of .read-more --><\/p>\n","protected":false},"author":6,"featured_media":0,"parent":0,"menu_order":0,"comment_status":"closed","ping_status":"closed","template":"","meta":{"footnotes":""},"jetpack_sharing_enabled":true,"jetpack_shortlink":"https:\/\/wp.me\/PgmV4H-4la","_links":{"self":[{"href":"https:\/\/pbp.womczest.edu.pl\/new\/wp-json\/wp\/v2\/pages\/16688"}],"collection":[{"href":"https:\/\/pbp.womczest.edu.pl\/new\/wp-json\/wp\/v2\/pages"}],"about":[{"href":"https:\/\/pbp.womczest.edu.pl\/new\/wp-json\/wp\/v2\/types\/page"}],"author":[{"embeddable":true,"href":"https:\/\/pbp.womczest.edu.pl\/new\/wp-json\/wp\/v2\/users\/6"}],"replies":[{"embeddable":true,"href":"https:\/\/pbp.womczest.edu.pl\/new\/wp-json\/wp\/v2\/comments?post=16688"}],"version-history":[{"count":7,"href":"https:\/\/pbp.womczest.edu.pl\/new\/wp-json\/wp\/v2\/pages\/16688\/revisions"}],"predecessor-version":[{"id":16753,"href":"https:\/\/pbp.womczest.edu.pl\/new\/wp-json\/wp\/v2\/pages\/16688\/revisions\/16753"}],"wp:attachment":[{"href":"https:\/\/pbp.womczest.edu.pl\/new\/wp-json\/wp\/v2\/media?parent=16688"}],"curies":[{"name":"wp","href":"https:\/\/api.w.org\/{rel}","templated":true}]}}