


{"id":15544,"date":"2020-04-08T14:36:25","date_gmt":"2020-04-08T12:36:25","guid":{"rendered":"https:\/\/pbp.womczest.edu.pl\/new\/?page_id=15544"},"modified":"2022-07-29T10:03:21","modified_gmt":"2022-07-29T08:03:21","slug":"dzien-bezpiecznego-internetu-w-pbp-rodn-wom-w-czestochowie","status":"publish","type":"page","link":"https:\/\/pbp.womczest.edu.pl\/new\/dzien-bezpiecznego-internetu-w-pbp-rodn-wom-w-czestochowie\/","title":{"rendered":"Dzie\u0144 Bezpiecznego Internetu w PBP RODN &#8222;WOM&#8221; w Cz\u0119stochowie"},"content":{"rendered":"<p>G\u0142\u00f3wnym celem Dnia Bezpiecznego Internetu jest inicjowanie i\u00a0propagowanie dzia\u0142a\u0144 na\u00a0rzecz bezpiecznego dost\u0119pu dzieci i\u00a0m\u0142odzie\u017cy do\u00a0zasob\u00f3w internetowych, zaznajomienie rodzic\u00f3w, nauczycieli i\u00a0wychowawc\u00f3w z\u00a0problematyk\u0105 bezpiecze\u0144stwa online oraz\u00a0promocja pozytywnego wykorzystywania internetu.<\/p>\n<p>DBI 2020 odbywa si\u0119 pod\u00a0has\u0142em \u201eDzie\u0144 Bezpiecznego Internetu: Dzia\u0142ajmy razem!\u201d. Tegoroczne obchody maj\u0105 na\u00a0celu zach\u0119ci\u0107 wszystkich do\u00a0aktywnego uczestnictwa we\u00a0wsp\u00f3\u0142tworzeniu tw\u00f3rczego i\u00a0bezpiecznego \u015brodowiska online. Wszyscy powinni\u015bmy anga\u017cowa\u0107 si\u0119 w\u00a0promowanie pozytywnych zastosowa\u0144 internetu, promocj\u0119 tolerancji oraz\u00a0tworzenie kultury zrozumienia.<\/p>\n<p>12 lutego 2020 r. w\u00a0PBP RODN \u201eWOM\u201d, w\u00a0ramach obchod\u00f3w DBI, odby\u0142y si\u0119 zaj\u0119cia dla uczni\u00f3w klasy III Szko\u0142y Podstawowej nr\u00a040 w\u00a0Cz\u0119stochowie.<\/p>\n<p>G\u0142\u00f3wnymi celami zaj\u0119\u0107 by\u0142o:<br \/>\n\u2013 u\u015bwiadomienie skutk\u00f3w uzale\u017cnienia od\u00a0gier komputerowych, internetu czy\u00a0telewizji;<br \/>\n\u2013 poznanie wp\u0142ywu \u015bwiata wirtualnego na\u00a0psychik\u0119 dziecka i\u00a0przyczyn \u201ezagubienia si\u0119\u201d w\u00a0\u015bwiecie rzeczywistym;<br \/>\n\u2013 wskazanie innych, alternatywnych, zdrowych sposob\u00f3w sp\u0119dzania wolnego czasu.<\/p>\n<p>Na\u00a0wst\u0119pie uczniowie wymieniali zastosowania internetu oraz\u00a0zagro\u017cenia z\u00a0nim zwi\u0105zane, tj.\u00a0niebezpieczne kontakty, hejt, cyberprzemoc czy\u00a0uzale\u017cnienie. W\u00a0trakcie zaj\u0119\u0107 uczestnicy wys\u0142uchali opowiadania \u201eO s\u00f3wce Huhu i\u00a0puchaczu Bubu\u201d, a\u00a0nast\u0119pnie szukali odpowiedzi na\u00a0pytania: Co to\u00a0s\u0105 z\u0142odzieje czasu? Jakie s\u0105 skutki nadmiernego korzystania z\u00a0nowoczesnych technologii i\u00a0urz\u0105dze\u0144 ekranowych? Jakie s\u0105 inne sposoby sp\u0119dzania wolnego czasu?<\/p>\n<p>Na\u00a0zako\u0144czenie uczniowie obejrzeli filmik, kt\u00f3rego\u00a0bohaterem by\u0142 ch\u0142opiec uzale\u017cniony od\u00a0komputera, internetu i\u00a0gier. Prowadz\u0105ca zaj\u0119cia Marta Ma\u0142ek \u2013 przeprowadzi\u0142a z\u00a0uczniami rozmow\u0119 na\u00a0temat skutk\u00f3w nadmiernego korzystania z\u00a0internetu i\u00a0urz\u0105dze\u0144 ekranowych oraz\u00a0na\u00a0temat innych form sp\u0119dzania wolnego czasu.<\/p>\n<p style=\"text-align: right;\"><em>Tekst i zdj\u0119cia: Marta Ma\u0142ek<br \/>\n<style id=\"bwg-style-0\">    #bwg_container1_0 #bwg_container2_0 .bwg-container-0.bwg-standard-thumbnails {      width: 904px;              justify-content: center;        margin:0 auto !important;              background-color: rgba(255, 255, 255, 0.00);            padding-left: 4px;      padding-top: 4px;      max-width: 100%;            }        #bwg_container1_0 #bwg_container2_0 .bwg-container-0.bwg-standard-thumbnails .bwg-item {    justify-content: flex-start;      max-width: 180px;            width: 180px !important;          }    #bwg_container1_0 #bwg_container2_0 .bwg-container-0.bwg-standard-thumbnails .bwg-item a {       margin-right: 4px;       margin-bottom: 4px;    }    #bwg_container1_0 #bwg_container2_0 .bwg-container-0.bwg-standard-thumbnails .bwg-item0 {      padding: 0px;            background-color:rgba(255,255,255, 0.30);      border: 0px none #CCCCCC;      opacity: 1.00;      border-radius: 0;      box-shadow: 0px 0px 0px #888888;    }    #bwg_container1_0 #bwg_container2_0 .bwg-container-0.bwg-standard-thumbnails .bwg-item1 img {      max-height: none;      max-width: none;      padding: 0 !important;    }        @media only screen and (min-width: 480px) {      #bwg_container1_0 #bwg_container2_0 .bwg-container-0.bwg-standard-thumbnails .bwg-item0 {        transition: all 0.3s ease 0s;-webkit-transition: all 0.3s ease 0s;      }      #bwg_container1_0 #bwg_container2_0 .bwg-container-0.bwg-standard-thumbnails .bwg-item0:hover {        -ms-transform: scale(1.1);        -webkit-transform: scale(1.1);        transform: scale(1.1);      }    }          #bwg_container1_0 #bwg_container2_0 .bwg-container-0.bwg-standard-thumbnails .bwg-item1 {      padding-top: 50%;    }        #bwg_container1_0 #bwg_container2_0 .bwg-container-0.bwg-standard-thumbnails .bwg-title2,    #bwg_container1_0 #bwg_container2_0 .bwg-container-0.bwg-standard-thumbnails .bwg-ecommerce2 {      color: #CCCCCC;      font-family: segoe ui;      font-size: 16px;      font-weight: bold;      padding: 2px;      text-shadow: 0px 0px 0px #888888;      max-height: 100%;    }    #bwg_container1_0 #bwg_container2_0 .bwg-container-0.bwg-standard-thumbnails .bwg-thumb-description span {    color: #323A45;    font-family: Ubuntu;    font-size: 12px;    max-height: 100%;    word-wrap: break-word;    }    #bwg_container1_0 #bwg_container2_0 .bwg-container-0.bwg-standard-thumbnails .bwg-play-icon2 {      font-size: 32px;    }    #bwg_container1_0 #bwg_container2_0 .bwg-container-0.bwg-standard-thumbnails .bwg-ecommerce2 {      font-size: 19.2px;      color: #CCCCCC;    }    <\/style>    <div id=\"bwg_container1_0\"         class=\"bwg_container bwg_thumbnail bwg_thumbnails \"         data-right-click-protection=\"0\"         data-bwg=\"0\"         data-scroll=\"0\"         data-gallery-type=\"thumbnails\"         data-gallery-view-type=\"thumbnails\"         data-current-url=\"\/new\/wp-json\/wp\/v2\/pages\/15544\"         data-lightbox-url=\"https:\/\/pbp.womczest.edu.pl\/new\/wp-admin\/admin-ajax.php?action=GalleryBox&#038;current_view=0&#038;gallery_id=269&#038;tag=0&#038;theme_id=1&#038;shortcode_id=947&#038;sort_by=order&#038;order_by=asc&#038;current_url=%2Fnew%2Fwp-json%2Fwp%2Fv2%2Fpages%2F15544\"         data-gallery-id=\"269\"         data-popup-width=\"800\"         data-popup-height=\"500\"         data-is-album=\"gallery\"         data-buttons-position=\"bottom\">      <div id=\"bwg_container2_0\">             <div id=\"ajax_loading_0\" class=\"bwg_loading_div_1\">      <div class=\"bwg_loading_div_2\">        <div class=\"bwg_loading_div_3\">          <div id=\"loading_div_0\" class=\"bwg_spider_ajax_loading\">          <\/div>        <\/div>      <\/div>    <\/div>            <form id=\"gal_front_form_0\"              class=\"bwg-hidden\"              method=\"post\"              action=\"#\"              data-current=\"0\"              data-shortcode-id=\"947\"              data-gallery-type=\"thumbnails\"              data-gallery-id=\"269\"              data-tag=\"0\"              data-album-id=\"0\"              data-theme-id=\"1\"              data-ajax-url=\"https:\/\/pbp.womczest.edu.pl\/new\/wp-admin\/admin-ajax.php?action=bwg_frontend_data\">          <div id=\"bwg_container3_0\" class=\"bwg-background bwg-background-0\">                <div data-max-count=\"5\"         data-thumbnail-width=\"180\"         data-bwg=\"0\"         data-gallery-id=\"269\"         data-lightbox-url=\"https:\/\/pbp.womczest.edu.pl\/new\/wp-admin\/admin-ajax.php?action=GalleryBox&amp;current_view=0&amp;gallery_id=269&amp;tag=0&amp;theme_id=1&amp;shortcode_id=947&amp;sort_by=order&amp;order_by=asc&amp;current_url=%2Fnew%2Fwp-json%2Fwp%2Fv2%2Fpages%2F15544\"         id=\"bwg_thumbnails_0\"         class=\"bwg-container-0 bwg-thumbnails bwg-standard-thumbnails bwg-container bwg-border-box\">            <div class=\"bwg-item\">        <a class=\"bwg-a  bwg_lightbox\"  data-image-id=\"4929\" href=\"https:\/\/pbp.womczest.edu.pl\/new\/wp-content\/uploads\/photo-gallery\/2020_DBI\/dbi7.jpg?bwg=1581579613\" data-elementor-open-lightbox=\"no\">                <div class=\"bwg-item0 \">          <div class=\"bwg-item1 \">            <div class=\"bwg-item2\">              <img class=\"skip-lazy bwg_standart_thumb_img_0 \"                   data-id=\"4929\"                   data-width=\"1200\"                   data-height=\"900\"                   data-src=\"https:\/\/pbp.womczest.edu.pl\/new\/wp-content\/uploads\/photo-gallery\/2020_DBI\/thumb\/dbi7.jpg?bwg=1581579613\"                   src=\"https:\/\/pbp.womczest.edu.pl\/new\/wp-content\/uploads\/photo-gallery\/2020_DBI\/thumb\/dbi7.jpg?bwg=1581579613\"                   alt=\"dbi7\"                   title=\"dbi7\" \/>            <\/div>            <div class=\"\">                                                      <\/div>          <\/div>        <\/div>                        <\/a>              <\/div>            <div class=\"bwg-item\">        <a class=\"bwg-a  bwg_lightbox\"  data-image-id=\"4928\" href=\"https:\/\/pbp.womczest.edu.pl\/new\/wp-content\/uploads\/photo-gallery\/2020_DBI\/dbi10.jpg?bwg=1581579613\" data-elementor-open-lightbox=\"no\">                <div class=\"bwg-item0 \">          <div class=\"bwg-item1 \">            <div class=\"bwg-item2\">              <img class=\"skip-lazy bwg_standart_thumb_img_0 \"                   data-id=\"4928\"                   data-width=\"1200\"                   data-height=\"900\"                   data-src=\"https:\/\/pbp.womczest.edu.pl\/new\/wp-content\/uploads\/photo-gallery\/2020_DBI\/thumb\/dbi10.jpg?bwg=1581579613\"                   src=\"https:\/\/pbp.womczest.edu.pl\/new\/wp-content\/uploads\/photo-gallery\/2020_DBI\/thumb\/dbi10.jpg?bwg=1581579613\"                   alt=\"dbi10\"                   title=\"dbi10\" \/>            <\/div>            <div class=\"\">                                                      <\/div>          <\/div>        <\/div>                        <\/a>              <\/div>            <div class=\"bwg-item\">        <a class=\"bwg-a  bwg_lightbox\"  data-image-id=\"4927\" href=\"https:\/\/pbp.womczest.edu.pl\/new\/wp-content\/uploads\/photo-gallery\/2020_DBI\/dbi2.jpg?bwg=1581579613\" data-elementor-open-lightbox=\"no\">                <div class=\"bwg-item0 \">          <div class=\"bwg-item1 \">            <div class=\"bwg-item2\">              <img class=\"skip-lazy bwg_standart_thumb_img_0 \"                   data-id=\"4927\"                   data-width=\"1200\"                   data-height=\"900\"                   data-src=\"https:\/\/pbp.womczest.edu.pl\/new\/wp-content\/uploads\/photo-gallery\/2020_DBI\/thumb\/dbi2.jpg?bwg=1581579613\"                   src=\"https:\/\/pbp.womczest.edu.pl\/new\/wp-content\/uploads\/photo-gallery\/2020_DBI\/thumb\/dbi2.jpg?bwg=1581579613\"                   alt=\"dbi2\"                   title=\"dbi2\" \/>            <\/div>            <div class=\"\">                                                      <\/div>          <\/div>        <\/div>                        <\/a>              <\/div>            <div class=\"bwg-item\">        <a class=\"bwg-a  bwg_lightbox\"  data-image-id=\"4926\" href=\"https:\/\/pbp.womczest.edu.pl\/new\/wp-content\/uploads\/photo-gallery\/2020_DBI\/dbi6.jpg?bwg=1581579613\" data-elementor-open-lightbox=\"no\">                <div class=\"bwg-item0 \">          <div class=\"bwg-item1 \">            <div class=\"bwg-item2\">              <img class=\"skip-lazy bwg_standart_thumb_img_0 \"                   data-id=\"4926\"                   data-width=\"1200\"                   data-height=\"900\"                   data-src=\"https:\/\/pbp.womczest.edu.pl\/new\/wp-content\/uploads\/photo-gallery\/2020_DBI\/thumb\/dbi6.jpg?bwg=1581579613\"                   src=\"https:\/\/pbp.womczest.edu.pl\/new\/wp-content\/uploads\/photo-gallery\/2020_DBI\/thumb\/dbi6.jpg?bwg=1581579613\"                   alt=\"dbi6\"                   title=\"dbi6\" \/>            <\/div>            <div class=\"\">                                                      <\/div>          <\/div>        <\/div>                        <\/a>              <\/div>            <div class=\"bwg-item\">        <a class=\"bwg-a  bwg_lightbox\"  data-image-id=\"4925\" href=\"https:\/\/pbp.womczest.edu.pl\/new\/wp-content\/uploads\/photo-gallery\/2020_DBI\/dbi4.jpg?bwg=1581579613\" data-elementor-open-lightbox=\"no\">                <div class=\"bwg-item0 \">          <div class=\"bwg-item1 \">            <div class=\"bwg-item2\">              <img class=\"skip-lazy bwg_standart_thumb_img_0 \"                   data-id=\"4925\"                   data-width=\"1200\"                   data-height=\"900\"                   data-src=\"https:\/\/pbp.womczest.edu.pl\/new\/wp-content\/uploads\/photo-gallery\/2020_DBI\/thumb\/dbi4.jpg?bwg=1581579613\"                   src=\"https:\/\/pbp.womczest.edu.pl\/new\/wp-content\/uploads\/photo-gallery\/2020_DBI\/thumb\/dbi4.jpg?bwg=1581579613\"                   alt=\"dbi4\"                   title=\"dbi4\" \/>            <\/div>            <div class=\"\">                                                      <\/div>          <\/div>        <\/div>                        <\/a>              <\/div>            <div class=\"bwg-item\">        <a class=\"bwg-a  bwg_lightbox\"  data-image-id=\"4924\" href=\"https:\/\/pbp.womczest.edu.pl\/new\/wp-content\/uploads\/photo-gallery\/2020_DBI\/dbi5.jpg?bwg=1581579613\" data-elementor-open-lightbox=\"no\">                <div class=\"bwg-item0 \">          <div class=\"bwg-item1 \">            <div class=\"bwg-item2\">              <img class=\"skip-lazy bwg_standart_thumb_img_0 \"                   data-id=\"4924\"                   data-width=\"1200\"                   data-height=\"900\"                   data-src=\"https:\/\/pbp.womczest.edu.pl\/new\/wp-content\/uploads\/photo-gallery\/2020_DBI\/thumb\/dbi5.jpg?bwg=1581579613\"                   src=\"https:\/\/pbp.womczest.edu.pl\/new\/wp-content\/uploads\/photo-gallery\/2020_DBI\/thumb\/dbi5.jpg?bwg=1581579613\"                   alt=\"dbi5\"                   title=\"dbi5\" \/>            <\/div>            <div class=\"\">                                                      <\/div>          <\/div>        <\/div>                        <\/a>              <\/div>          <\/div>    <style>      \/*pagination styles*\/      #bwg_container1_0 #bwg_container2_0 .tablenav-pages_0 {\t\t\t\ttext-align: center;\t\t\t\tfont-size: 12px;\t\t\t\tfont-family: segoe ui;\t\t\t\tfont-weight: bold;\t\t\t\tcolor: #666666;\t\t\t\tmargin: 6px 0 4px;\t\t\t\tdisplay: block;      }      @media only screen and (max-width : 320px) {      #bwg_container1_0 #bwg_container2_0 .displaying-num_0 {     \t display: none;      }      }      #bwg_container1_0 #bwg_container2_0 .displaying-num_0 {\t\t\t\tfont-size: 12px;\t\t\t\tfont-family: segoe ui;\t\t\t\tfont-weight: bold;\t\t\t\tcolor: #666666;\t\t\t\tmargin-right: 10px;\t\t\t\tvertical-align: middle;      }      #bwg_container1_0 #bwg_container2_0 .paging-input_0 {\t\t\t\tfont-size: 12px;\t\t\t\tfont-family: segoe ui;\t\t\t\tfont-weight: bold;\t\t\t\tcolor: #666666;\t\t\t\tvertical-align: middle;      }      #bwg_container1_0 #bwg_container2_0 .tablenav-pages_0 a.disabled,      #bwg_container1_0 #bwg_container2_0 .tablenav-pages_0 a.disabled:hover,      #bwg_container1_0 #bwg_container2_0 .tablenav-pages_0 a.disabled:focus,\t\t\t#bwg_container1_0 #bwg_container2_0 .tablenav-pages_0 input.bwg_current_page {\t\t\t\tcursor: default;\t\t\t\tcolor: rgba(102, 102, 102, 0.5);      }      #bwg_container1_0 #bwg_container2_0 .tablenav-pages_0 a,      #bwg_container1_0 #bwg_container2_0 .tablenav-pages_0 input.bwg_current_page {\t\t\t\tcursor: pointer;\t\t\t\ttext-align: center;\t\t\t\tfont-size: 12px;\t\t\t\tfont-family: segoe ui;\t\t\t\tfont-weight: bold;\t\t\t\tcolor: #666666;\t\t\t\ttext-decoration: none;\t\t\t\tpadding: 3px 6px;\t\t\t\tmargin: 0;\t\t\t\tborder-radius: 0;\t\t\t\tborder-style: solid;\t\t\t\tborder-width: 1px;\t\t\t\tborder-color: #E3E3E3;\t\t\t\t\t\t\t\tbackground-color: rgba(255, 255, 255, 1.00);\t\t\t\tbox-shadow: 0;\t\t\t\ttransition: all 0.3s ease 0s;-webkit-transition: all 0.3s ease 0s;      }      <\/style>      <span class=\"bwg_nav_cont_0\">              <div class=\"tablenav-pages_0\">                  <\/div>                <input type=\"hidden\" id=\"page_number_0\" name=\"page_number_0\" value=\"1\" \/>      <script type=\"text\/javascript\">        if( jQuery('.bwg_nav_cont_0').length > 1 ) {          jQuery('.bwg_nav_cont_0').first().remove()        }        function spider_page_0(cur, x, y, load_more) {          if (typeof load_more == \"undefined\") {            var load_more = false;          }          if (jQuery(cur).hasClass('disabled')) {            return false;          }          var items_county_0 = 1;          switch (y) {            case 1:              if (x >= items_county_0) {                document.getElementById('page_number_0').value = items_county_0;              }              else {                document.getElementById('page_number_0').value = x + 1;              }              break;            case 2:              document.getElementById('page_number_0').value = items_county_0;              break;            case -1:              if (x == 1) {                document.getElementById('page_number_0').value = 1;              }              else {                document.getElementById('page_number_0').value = x - 1;              }              break;            case -2:              document.getElementById('page_number_0').value = 1;              break;\t\t\t\t\t\tcase 0:              document.getElementById('page_number_0').value = x;              break;            default:              document.getElementById('page_number_0').value = 1;          }          bwg_ajax('gal_front_form_0', '0', 'bwg_thumbnails_0', '0', '', 'gallery', 0, '', '', load_more, '', 1);        }                    jQuery('.first-page-0').on('click', function () {              spider_page_0(this, 1, -2, 'numeric');              return false;            });            jQuery('.prev-page-0').on('click', function () {              spider_page_0(this, 1, -1, 'numeric');              return false;            });            jQuery('.next-page-0').on('click', function () {              spider_page_0(this, 1, 1, 'numeric');              return false;            });            jQuery('.last-page-0').on('click', function () {              spider_page_0(this, 1, 2, 'numeric');              return false;            });        \t\t\t\t\/* Change page on input enter. *\/        function bwg_change_page_0( e, that ) {          if (  e.key == 'Enter' ) {            var to_page = parseInt(jQuery(that).val());            var pages_count = jQuery(that).parents(\".pagination-links\").data(\"pages-count\");            var current_url_param = jQuery(that).attr('data-url-info');            if (to_page > pages_count) {              to_page = 1;            }\t \t\t\t\t\t\t\t\t\t\t\t\tspider_page_0(this, to_page, 0, 'numeric');\t\t\t\t\t\t\treturn false;\t\t\t\t\t\t          }          return true;        }        jQuery('.bwg_load_btn_0').on('click', function () {            spider_page_0(this, 1, 1, true);            return false;        });      <\/script>      <\/span>                <\/div>        <\/form>        <style>          #bwg_container1_0 #bwg_container2_0 #spider_popup_overlay_0 {          background-color: #000000;          opacity: 0.70;          }          <\/style>        <div id=\"bwg_spider_popup_loading_0\" class=\"bwg_spider_popup_loading\"><\/div>        <div id=\"spider_popup_overlay_0\" class=\"spider_popup_overlay\" onclick=\"spider_destroypopup(1000)\"><\/div>        <input type=\"hidden\" id=\"bwg_random_seed_0\" value=\"2038427958\">                <\/div>    <\/div>    <script>      if (document.readyState === 'complete') {        if( typeof bwg_main_ready == 'function' ) {          if ( jQuery(\"#bwg_container1_0\").height() ) {            bwg_main_ready(jQuery(\"#bwg_container1_0\"));          }        }      } else {        document.addEventListener('DOMContentLoaded', function() {          if( typeof bwg_main_ready == 'function' ) {            if ( jQuery(\"#bwg_container1_0\").height() ) {             bwg_main_ready(jQuery(\"#bwg_container1_0\"));            }          }        });      }    <\/script>    \n<\/em><\/p>\n","protected":false},"excerpt":{"rendered":"<p>G\u0142\u00f3wnym celem Dnia Bezpiecznego Internetu jest inicjowanie i\u00a0propagowanie dzia\u0142a\u0144 na\u00a0rzecz bezpiecznego dost\u0119pu dzieci i\u00a0m\u0142odzie\u017cy do\u00a0zasob\u00f3w internetowych, zaznajomienie rodzic\u00f3w, nauczycieli i\u00a0wychowawc\u00f3w z\u00a0problematyk\u0105 bezpiecze\u0144stwa online oraz\u00a0promocja pozytywnego wykorzystywania internetu. DBI 2020 odbywa si\u0119 pod\u00a0has\u0142em \u201eDzie\u0144 Bezpiecznego Internetu: Dzia\u0142ajmy razem!\u201d. Tegoroczne obchody maj\u0105 na\u00a0celu zach\u0119ci\u0107 wszystkich do\u00a0aktywnego uczestnictwa we\u00a0wsp\u00f3\u0142tworzeniu tw\u00f3rczego i\u00a0bezpiecznego \u015brodowiska online. Wszyscy powinni\u015bmy anga\u017cowa\u0107 si\u0119 w\u00a0promowanie pozytywnych zastosowa\u0144 internetu, promocj\u0119 tolerancji oraz\u00a0tworzenie kultury zrozumienia. 12 lutego 2020 r. w\u00a0PBP RODN \u201eWOM\u201d,<span class=\"ellipsis\">&hellip;<\/span><\/p>\n<div class=\"read-more\"><a href=\"https:\/\/pbp.womczest.edu.pl\/new\/dzien-bezpiecznego-internetu-w-pbp-rodn-wom-w-czestochowie\/\">Czytaj wi\u0119cej &#8250;<\/a><\/div>\n<p><!-- end of .read-more --><\/p>\n","protected":false},"author":6,"featured_media":0,"parent":0,"menu_order":0,"comment_status":"closed","ping_status":"closed","template":"","meta":{"footnotes":""},"jetpack_sharing_enabled":true,"jetpack_shortlink":"https:\/\/wp.me\/PgmV4H-42I","_links":{"self":[{"href":"https:\/\/pbp.womczest.edu.pl\/new\/wp-json\/wp\/v2\/pages\/15544"}],"collection":[{"href":"https:\/\/pbp.womczest.edu.pl\/new\/wp-json\/wp\/v2\/pages"}],"about":[{"href":"https:\/\/pbp.womczest.edu.pl\/new\/wp-json\/wp\/v2\/types\/page"}],"author":[{"embeddable":true,"href":"https:\/\/pbp.womczest.edu.pl\/new\/wp-json\/wp\/v2\/users\/6"}],"replies":[{"embeddable":true,"href":"https:\/\/pbp.womczest.edu.pl\/new\/wp-json\/wp\/v2\/comments?post=15544"}],"version-history":[{"count":2,"href":"https:\/\/pbp.womczest.edu.pl\/new\/wp-json\/wp\/v2\/pages\/15544\/revisions"}],"predecessor-version":[{"id":20947,"href":"https:\/\/pbp.womczest.edu.pl\/new\/wp-json\/wp\/v2\/pages\/15544\/revisions\/20947"}],"wp:attachment":[{"href":"https:\/\/pbp.womczest.edu.pl\/new\/wp-json\/wp\/v2\/media?parent=15544"}],"curies":[{"name":"wp","href":"https:\/\/api.w.org\/{rel}","templated":true}]}}