


{"id":15326,"date":"2020-03-03T11:08:10","date_gmt":"2020-03-03T10:08:10","guid":{"rendered":"https:\/\/pbp.womczest.edu.pl\/new\/?page_id=15326"},"modified":"2020-03-03T11:08:10","modified_gmt":"2020-03-03T10:08:10","slug":"orzel-bialy-w-tle-konkurs-wojewodzki","status":"publish","type":"page","link":"https:\/\/pbp.womczest.edu.pl\/new\/orzel-bialy-w-tle-konkurs-wojewodzki\/","title":{"rendered":"\u201eOrze\u0142 bia\u0142y w tle\u201d &#8211; konkurs wojew\u00f3dzki"},"content":{"rendered":"<div class=\"post-entry\">\n<p>Publiczna Biblioteka Pedagogiczna Regionalnego O\u015brodka Doskonalenia Nauczycieli \u201eWOM\u201d w\u00a0Cz\u0119stochowie oraz\u00a0Szko\u0142a Podstawowa nr\u00a031 im.\u00a0Or\u0142a Bia\u0142ego w\u00a0Cz\u0119stochowie by\u0142a organizatorem <strong>Wojew\u00f3dzkim Konkursie na\u00a0Komiks <\/strong><strong>\u201eOrze\u0142 bia\u0142y w\u00a0tle\u201d<\/strong>. Konkurs zosta\u0142 obj\u0119ty patronatem Kuratorium O\u015bwiaty w\u00a0Katowicach Delegatura w\u00a0Cz\u0119stochowie.<\/p>\n<p>Przedmiotem konkursu by\u0142o wykonanie komiksu, kt\u00f3ry w ciekawy i nowatorski spos\u00f3b nawi\u0105zywa\u0142 do utworu (prozatorskiego lub poetyckiego) o tematyce patriotycznej, om\u00f3wionego \u00a0w szkole na lekcjach j\u0119zyka polskiego.<\/p>\n<p>Cele konkursu to:<\/p>\n<ul>\n<li>popularyzacja czytelnictwa w\u015br\u00f3d m\u0142odzie\u017cy,<\/li>\n<li>kszta\u0142towanie postaw patriotycznych,<\/li>\n<li>popularyzowanie komiksu jako formy prezentacji lektur o\u00a0tematyce patriotycznej,<\/li>\n<li>rozwijanie w\u015br\u00f3d m\u0142odzie\u017cy wyobra\u017ani i\u00a0umiej\u0119tno\u015bci artystycznej wypowiedzi,<\/li>\n<li>doskonalenie\u00a0 umiej\u0119tno\u015bci j\u0119zykowo-plastycznych,<\/li>\n<li>zach\u0119canie do\u00a0aktywno\u015bci tw\u00f3rczej.<\/li>\n<\/ul>\n<p>Wyniki konkursu:<\/p>\n<p>I\u00a0miejsce<\/p>\n<p><strong>Marcelina Oczko \u201eKim ja jestem?\u201d<\/strong>, Szko\u0142a Podstawowa nr\u00a031 im.\u00a0Or\u0142a Bia\u0142ego w\u00a0Cz\u0119stochowie, opiekun: Ma\u0142gorzata Marchewka<\/p>\n<p>II miejsce<\/p>\n<p><strong>Oliwia Maszczyk \u201eKamienie na\u00a0szaniec\u201d<\/strong>, Szko\u0142a Podstawowa nr\u00a053 z\u00a0Oddzia\u0142ami Integracyjnymi im.\u00a0M. Sk\u0142odowskiej-Curie w\u00a0Cz\u0119stochowie, opiekun: Miros\u0142awa Wtorkowska<\/p>\n<p>III miejsce<\/p>\n<p><strong>Urszula Matczak \u201eAkcja \u201aKopernik&#8217;\u201d<\/strong>, Szko\u0142a Podstawowa nr\u00a049 im.\u00a0J. Kusoci\u0144skiego w\u00a0Cz\u0119stochowie, opiekun: Marzena Wieczorek<\/p>\n<p>Wyr\u00f3\u017cnienia<\/p>\n<p><strong>Daria Dzionek \u201eBlask przesz\u0142o\u015bci\u201d<\/strong>, Szko\u0142a Podstawowa nr\u00a036 im.\u00a0Polskich Olimpijczyk\u00f3w w\u00a0Cz\u0119stochowie, opiekun: Anna Najman<\/p>\n<p><strong>Maria Szewczyk \u201eKamienie na\u00a0szaniec\u201d<\/strong>, Szko\u0142a Podstawowa nr\u00a053 z\u00a0Oddzia\u0142ami Integracyjnymi im.\u00a0M. Sk\u0142odowskiej-Curie w\u00a0Cz\u0119stochowie, opiekun: Miros\u0142awa Wtorkowska<\/p>\n<p><strong>Stefan Bandurski \u201eOrze\u0142 bia\u0142y w\u00a0tle\u201d<\/strong>, Szko\u0142a Podstawowa nr\u00a031 im.\u00a0Or\u0142a Bia\u0142ego w\u00a0Cz\u0119stochowie, opiekun: Gra\u017cyna Bich<\/p>\n<p><strong>Julia Caban \u201eEmilia Plater pierwsza walcz\u0105ca kobieta (\u2026)\u201d<\/strong>, Szko\u0142a Podstawowa im.\u00a0J. D\u0105browskiego\u00a0 w\u00a0Zr\u0119bicach, opiekun: Anna Zarzycka-Tomalska<\/p>\n<p><strong>Maja St\u0119pie\u0144 \u201eOrze\u0142 bia\u0142y w\u00a0tle\u201d<\/strong>, Szko\u0142a Podstawowa nr\u00a03 im.\u00a0Jana Paw\u0142a II w\u00a0K\u0142obucku, opiekun: Karina St\u0119pie\u0144<\/p>\n<p style=\"text-align: right;\"><em>Tekst: Anna P\u0142usa<\/em><\/p>\n<p>&nbsp;<\/p>\n<\/div>\n","protected":false},"excerpt":{"rendered":"<p>Publiczna Biblioteka Pedagogiczna Regionalnego O\u015brodka Doskonalenia Nauczycieli \u201eWOM\u201d w\u00a0Cz\u0119stochowie oraz\u00a0Szko\u0142a Podstawowa nr\u00a031 im.\u00a0Or\u0142a Bia\u0142ego w\u00a0Cz\u0119stochowie by\u0142a organizatorem Wojew\u00f3dzkim Konkursie na\u00a0Komiks \u201eOrze\u0142 bia\u0142y w\u00a0tle\u201d. Konkurs zosta\u0142 obj\u0119ty patronatem Kuratorium O\u015bwiaty w\u00a0Katowicach Delegatura w\u00a0Cz\u0119stochowie. Przedmiotem konkursu by\u0142o wykonanie komiksu, kt\u00f3ry w ciekawy i nowatorski spos\u00f3b nawi\u0105zywa\u0142 do utworu (prozatorskiego lub poetyckiego) o tematyce patriotycznej, om\u00f3wionego \u00a0w szkole na lekcjach j\u0119zyka polskiego. Cele konkursu to: popularyzacja czytelnictwa w\u015br\u00f3d m\u0142odzie\u017cy, kszta\u0142towanie postaw patriotycznych, popularyzowanie<span class=\"ellipsis\">&hellip;<\/span><\/p>\n<div class=\"read-more\"><a href=\"https:\/\/pbp.womczest.edu.pl\/new\/orzel-bialy-w-tle-konkurs-wojewodzki\/\">Czytaj wi\u0119cej &#8250;<\/a><\/div>\n<p><!-- end of .read-more --><\/p>\n","protected":false},"author":6,"featured_media":0,"parent":0,"menu_order":0,"comment_status":"closed","ping_status":"closed","template":"","meta":{"footnotes":""},"jetpack_sharing_enabled":true,"jetpack_shortlink":"https:\/\/wp.me\/PgmV4H-3Zc","_links":{"self":[{"href":"https:\/\/pbp.womczest.edu.pl\/new\/wp-json\/wp\/v2\/pages\/15326"}],"collection":[{"href":"https:\/\/pbp.womczest.edu.pl\/new\/wp-json\/wp\/v2\/pages"}],"about":[{"href":"https:\/\/pbp.womczest.edu.pl\/new\/wp-json\/wp\/v2\/types\/page"}],"author":[{"embeddable":true,"href":"https:\/\/pbp.womczest.edu.pl\/new\/wp-json\/wp\/v2\/users\/6"}],"replies":[{"embeddable":true,"href":"https:\/\/pbp.womczest.edu.pl\/new\/wp-json\/wp\/v2\/comments?post=15326"}],"version-history":[{"count":1,"href":"https:\/\/pbp.womczest.edu.pl\/new\/wp-json\/wp\/v2\/pages\/15326\/revisions"}],"predecessor-version":[{"id":15327,"href":"https:\/\/pbp.womczest.edu.pl\/new\/wp-json\/wp\/v2\/pages\/15326\/revisions\/15327"}],"wp:attachment":[{"href":"https:\/\/pbp.womczest.edu.pl\/new\/wp-json\/wp\/v2\/media?parent=15326"}],"curies":[{"name":"wp","href":"https:\/\/api.w.org\/{rel}","templated":true}]}}