


{"id":15322,"date":"2020-03-03T11:03:40","date_gmt":"2020-03-03T10:03:40","guid":{"rendered":"https:\/\/pbp.womczest.edu.pl\/new\/?page_id=15322"},"modified":"2021-04-01T12:33:44","modified_gmt":"2021-04-01T10:33:44","slug":"siec-wspolpracy-wykorzystanie-technologii-informacyjno-komunikacyjnych-w-procesie-uczenia-sie-i-nauczania","status":"publish","type":"page","link":"https:\/\/pbp.womczest.edu.pl\/new\/siec-wspolpracy-wykorzystanie-technologii-informacyjno-komunikacyjnych-w-procesie-uczenia-sie-i-nauczania\/","title":{"rendered":"Sie\u0107 wsp\u00f3\u0142pracy Wykorzystanie technologii informacyjno-komunikacyjnych w procesie uczenia si\u0119 i nauczania"},"content":{"rendered":"<p>W roku szkolnym 2019\/2020 zapocz\u0105tkowa\u0142a sw\u0105 dzia\u0142alno\u015b\u0107 sie\u0107 wsp\u00f3\u0142pracy i samokszta\u0142cenia <em>Wykorzystanie technologii informacyjno-komunikacyjnych w procesie uczenia si\u0119 i nauczania.<\/em> Koordynatorami sieci zosta\u0142y dr Agata Arkabus i Anna P\u0142usa \u2013 nauczyciele bibliotekarze Publicznej Biblioteki Pedagogicznej RODN \u201eWOM\u201d w Cz\u0119stochowie. Uczestnikami sieci byli nauczyciele szk\u00f3\u0142 podstawowych i ponadpodstawowych Cz\u0119stochowy i powiatu cz\u0119stochowskiego.<\/p>\n<p>Czas trwania sieci: stycze\u0144 \u2013 czerwiec 2020 r.<\/p>\n<p>Cele pracy sieci:<\/p>\n<p>&#8211; Rola technologii informacyjno-komunikacyjnych w kszta\u0142ceniu kompetencji kluczowych ucznia.<br \/>\n&#8211; Zasady odpowiedzialnego, zgodnie z prawem, publikowania informacji.<br \/>\n&#8211; Sposoby zapewnienia bezpiecze\u0144stwa pracy w sieci.<br \/>\n&#8211; Znaczenie otwartych zasob\u00f3w edukacyjnych w tworzeniu materia\u0142\u00f3w dydaktycznych dla ucznia i nauczyciela.<br \/>\n&#8211; Wykorzystanie narz\u0119dzi TIK w procesie nauczania i uczenia si\u0119.<br \/>\n&#8211; Urz\u0105dzenia i aplikacje mobilne, czyli smartfon w dydaktyce szkolnej.<br \/>\n&#8211; Stworzenie scenariusza z obszaru kszta\u0142cenia kompetencji kluczowych z wykorzystaniem zasob\u00f3w i narz\u0119dzi TIK.<\/p>\n<p>Pierwsze stacjonarne spotkanie sieci wsp\u00f3\u0142pracy i samokszta\u0142cenia odby\u0142o si\u0119 28 stycznia 2020 r. Podczas spotkania nauczyciele opracowali zasady wsp\u00f3\u0142pracy oraz sformu\u0142owali cele szczeg\u00f3\u0142owe i obszary tematyczne pracy sieci. Przy wykorzystaniu metody balonu lotniczego nauczyciele okre\u015blili swoje mocne strony, oczekiwania oraz obawy. Nast\u0119pnie \u00a0Anna P\u0142usa wyg\u0142osi\u0142a wyk\u0142ad <em>Wykorzystanie technologii informacyjno-komunikacyjnych a kompetencje kluczowe. <\/em>Na zako\u0144czenie spotkania uczestnicy poznali program do tworzenia krzy\u017c\u00f3wek online i wykonali pomoce dydaktyczne w postaci krzy\u017c\u00f3wki oraz wykre\u015blanki.<\/p>\n<p>Drugie spotkanie sieci odby\u0142o si\u0119 2 marca 2020 r. Program spotkania obejmowa\u0142 zagadnienia:<\/p>\n<p>&#8211; Prawo autorskie w procesie uczenia si\u0119 i nauczania.<br \/>\n&#8211; Wykorzystywanie zasob\u00f3w internetowych w zgodzie z prawem.<br \/>\n&#8211; Czy sie\u0107 internetowa jest bezpieczna? &#8211; grywalizacja.<br \/>\n&#8211; Rola narz\u0119dzi i aplikacji TIK w tworzeniu grywalizacji.<\/p>\n<p>Nauczyciele wys\u0142uchali wyk\u0142adu dotycz\u0105cego podstawowych zagadnie\u0144 prawa autorskiego oraz bezpiecznego wykorzystywania zasob\u00f3w internetowych w pracy zawodowej. Zdobyt\u0105 wiedz\u0119 utrwalili podczas zorganizowanej przez koordynator\u00f3w grywalizacji, w kt\u00f3rej cztery grupy uczestnik\u00f3w musia\u0142y wykona\u0107 zdania z zakresu znajomo\u015bci termin\u00f3w: dozwolony u\u017cytek edukacyjny, prawo cytatu, domena publiczna, licencje Creative Commons oraz z zakresu wykorzystania TIK.<\/p>\n<p>Na zako\u0144czenie materia\u0142y opracowane przez uczestnik\u00f3w zosta\u0142y ustnie zrecenzowane w zakresie zgodno\u015bci z prawem autorskim przez prowadz\u0105c\u0105 spotkanie.<\/p>\n<p style=\"text-align: right;\"><em>Tekst i zdj\u0119cia: dr Agata Arkabus<br \/>\n<style id=\"bwg-style-0\">    #bwg_container1_0 #bwg_container2_0 .bwg-container-0.bwg-standard-thumbnails {      width: 904px;              justify-content: center;        margin:0 auto !important;              background-color: rgba(255, 255, 255, 0.00);            padding-left: 4px;      padding-top: 4px;      max-width: 100%;            }        #bwg_container1_0 #bwg_container2_0 .bwg-container-0.bwg-standard-thumbnails .bwg-item {    justify-content: flex-start;      max-width: 180px;            width: 180px !important;          }    #bwg_container1_0 #bwg_container2_0 .bwg-container-0.bwg-standard-thumbnails .bwg-item a {       margin-right: 4px;       margin-bottom: 4px;    }    #bwg_container1_0 #bwg_container2_0 .bwg-container-0.bwg-standard-thumbnails .bwg-item0 {      padding: 0px;            background-color:rgba(255,255,255, 0.30);      border: 0px none #CCCCCC;      opacity: 1.00;      border-radius: 0;      box-shadow: 0px 0px 0px #888888;    }    #bwg_container1_0 #bwg_container2_0 .bwg-container-0.bwg-standard-thumbnails .bwg-item1 img {      max-height: none;      max-width: none;      padding: 0 !important;    }        @media only screen and (min-width: 480px) {      #bwg_container1_0 #bwg_container2_0 .bwg-container-0.bwg-standard-thumbnails .bwg-item0 {        transition: all 0.3s ease 0s;-webkit-transition: all 0.3s ease 0s;      }      #bwg_container1_0 #bwg_container2_0 .bwg-container-0.bwg-standard-thumbnails .bwg-item0:hover {        -ms-transform: scale(1.1);        -webkit-transform: scale(1.1);        transform: scale(1.1);      }    }          #bwg_container1_0 #bwg_container2_0 .bwg-container-0.bwg-standard-thumbnails .bwg-item1 {      padding-top: 50%;    }        #bwg_container1_0 #bwg_container2_0 .bwg-container-0.bwg-standard-thumbnails .bwg-title2,    #bwg_container1_0 #bwg_container2_0 .bwg-container-0.bwg-standard-thumbnails .bwg-ecommerce2 {      color: #CCCCCC;      font-family: segoe ui;      font-size: 16px;      font-weight: bold;      padding: 2px;      text-shadow: 0px 0px 0px #888888;      max-height: 100%;    }    #bwg_container1_0 #bwg_container2_0 .bwg-container-0.bwg-standard-thumbnails .bwg-thumb-description span {    color: #323A45;    font-family: Ubuntu;    font-size: 12px;    max-height: 100%;    word-wrap: break-word;    }    #bwg_container1_0 #bwg_container2_0 .bwg-container-0.bwg-standard-thumbnails .bwg-play-icon2 {      font-size: 32px;    }    #bwg_container1_0 #bwg_container2_0 .bwg-container-0.bwg-standard-thumbnails .bwg-ecommerce2 {      font-size: 19.2px;      color: #CCCCCC;    }    <\/style>    <div id=\"bwg_container1_0\"         class=\"bwg_container bwg_thumbnail bwg_thumbnails \"         data-right-click-protection=\"0\"         data-bwg=\"0\"         data-scroll=\"0\"         data-gallery-type=\"thumbnails\"         data-gallery-view-type=\"thumbnails\"         data-current-url=\"\/new\/wp-json\/wp\/v2\/pages\/15322\"         data-lightbox-url=\"https:\/\/pbp.womczest.edu.pl\/new\/wp-admin\/admin-ajax.php?action=GalleryBox&#038;current_view=0&#038;gallery_id=271&#038;tag=0&#038;theme_id=1&#038;shortcode_id=654&#038;sort_by=order&#038;order_by=asc&#038;current_url=%2Fnew%2Fwp-json%2Fwp%2Fv2%2Fpages%2F15322\"         data-gallery-id=\"271\"         data-popup-width=\"800\"         data-popup-height=\"500\"         data-is-album=\"gallery\"         data-buttons-position=\"bottom\">      <div id=\"bwg_container2_0\">             <div id=\"ajax_loading_0\" class=\"bwg_loading_div_1\">      <div class=\"bwg_loading_div_2\">        <div class=\"bwg_loading_div_3\">          <div id=\"loading_div_0\" class=\"bwg_spider_ajax_loading\">          <\/div>        <\/div>      <\/div>    <\/div>            <form id=\"gal_front_form_0\"              class=\"bwg-hidden\"              method=\"post\"              action=\"#\"              data-current=\"0\"              data-shortcode-id=\"654\"              data-gallery-type=\"thumbnails\"              data-gallery-id=\"271\"              data-tag=\"0\"              data-album-id=\"0\"              data-theme-id=\"1\"              data-ajax-url=\"https:\/\/pbp.womczest.edu.pl\/new\/wp-admin\/admin-ajax.php?action=bwg_frontend_data\">          <div id=\"bwg_container3_0\" class=\"bwg-background bwg-background-0\">                <div data-max-count=\"5\"         data-thumbnail-width=\"180\"         data-bwg=\"0\"         data-gallery-id=\"271\"         data-lightbox-url=\"https:\/\/pbp.womczest.edu.pl\/new\/wp-admin\/admin-ajax.php?action=GalleryBox&amp;current_view=0&amp;gallery_id=271&amp;tag=0&amp;theme_id=1&amp;shortcode_id=654&amp;sort_by=order&amp;order_by=asc&amp;current_url=%2Fnew%2Fwp-json%2Fwp%2Fv2%2Fpages%2F15322\"         id=\"bwg_thumbnails_0\"         class=\"bwg-container-0 bwg-thumbnails bwg-standard-thumbnails bwg-container bwg-border-box\">            <div class=\"bwg-item\">        <a class=\"bwg-a  bwg_lightbox\"  data-image-id=\"4961\" href=\"https:\/\/pbp.womczest.edu.pl\/new\/wp-content\/uploads\/photo-gallery\/2020_03_sieci\/IMG_0862.jpg?bwg=1583486740\" data-elementor-open-lightbox=\"no\">                <div class=\"bwg-item0 \">          <div class=\"bwg-item1 \">            <div class=\"bwg-item2\">              <img class=\"skip-lazy bwg_standart_thumb_img_0 \"                   data-id=\"4961\"                   data-width=\"800\"                   data-height=\"533\"                   data-src=\"https:\/\/pbp.womczest.edu.pl\/new\/wp-content\/uploads\/photo-gallery\/2020_03_sieci\/thumb\/IMG_0862.jpg?bwg=1583486740\"                   src=\"https:\/\/pbp.womczest.edu.pl\/new\/wp-content\/uploads\/photo-gallery\/2020_03_sieci\/thumb\/IMG_0862.jpg?bwg=1583486740\"                   alt=\"IMG 0862\"                   title=\"IMG 0862\" \/>            <\/div>            <div class=\"\">                                                      <\/div>          <\/div>        <\/div>                        <\/a>              <\/div>            <div class=\"bwg-item\">        <a class=\"bwg-a  bwg_lightbox\"  data-image-id=\"4960\" href=\"https:\/\/pbp.womczest.edu.pl\/new\/wp-content\/uploads\/photo-gallery\/2020_03_sieci\/IMG_0860.jpg?bwg=1583486740\" data-elementor-open-lightbox=\"no\">                <div class=\"bwg-item0 \">          <div class=\"bwg-item1 \">            <div class=\"bwg-item2\">              <img class=\"skip-lazy bwg_standart_thumb_img_0 \"                   data-id=\"4960\"                   data-width=\"800\"                   data-height=\"533\"                   data-src=\"https:\/\/pbp.womczest.edu.pl\/new\/wp-content\/uploads\/photo-gallery\/2020_03_sieci\/thumb\/IMG_0860.jpg?bwg=1583486740\"                   src=\"https:\/\/pbp.womczest.edu.pl\/new\/wp-content\/uploads\/photo-gallery\/2020_03_sieci\/thumb\/IMG_0860.jpg?bwg=1583486740\"                   alt=\"IMG 0860\"                   title=\"IMG 0860\" \/>            <\/div>            <div class=\"\">                                                      <\/div>          <\/div>        <\/div>                        <\/a>              <\/div>            <div class=\"bwg-item\">        <a class=\"bwg-a  bwg_lightbox\"  data-image-id=\"4959\" href=\"https:\/\/pbp.womczest.edu.pl\/new\/wp-content\/uploads\/photo-gallery\/2020_03_sieci\/IMG_0865.jpg?bwg=1583486740\" data-elementor-open-lightbox=\"no\">                <div class=\"bwg-item0 \">          <div class=\"bwg-item1 \">            <div class=\"bwg-item2\">              <img class=\"skip-lazy bwg_standart_thumb_img_0 \"                   data-id=\"4959\"                   data-width=\"800\"                   data-height=\"533\"                   data-src=\"https:\/\/pbp.womczest.edu.pl\/new\/wp-content\/uploads\/photo-gallery\/2020_03_sieci\/thumb\/IMG_0865.jpg?bwg=1583486740\"                   src=\"https:\/\/pbp.womczest.edu.pl\/new\/wp-content\/uploads\/photo-gallery\/2020_03_sieci\/thumb\/IMG_0865.jpg?bwg=1583486740\"                   alt=\"IMG 0865\"                   title=\"IMG 0865\" \/>            <\/div>            <div class=\"\">                                                      <\/div>          <\/div>        <\/div>                        <\/a>              <\/div>            <div class=\"bwg-item\">        <a class=\"bwg-a  bwg_lightbox\"  data-image-id=\"4958\" href=\"https:\/\/pbp.womczest.edu.pl\/new\/wp-content\/uploads\/photo-gallery\/2020_03_sieci\/IMG_0873.jpg?bwg=1583486740\" data-elementor-open-lightbox=\"no\">                <div class=\"bwg-item0 \">          <div class=\"bwg-item1 \">            <div class=\"bwg-item2\">              <img class=\"skip-lazy bwg_standart_thumb_img_0 \"                   data-id=\"4958\"                   data-width=\"800\"                   data-height=\"533\"                   data-src=\"https:\/\/pbp.womczest.edu.pl\/new\/wp-content\/uploads\/photo-gallery\/2020_03_sieci\/thumb\/IMG_0873.jpg?bwg=1583486740\"                   src=\"https:\/\/pbp.womczest.edu.pl\/new\/wp-content\/uploads\/photo-gallery\/2020_03_sieci\/thumb\/IMG_0873.jpg?bwg=1583486740\"                   alt=\"IMG 0873\"                   title=\"IMG 0873\" \/>            <\/div>            <div class=\"\">                                                      <\/div>          <\/div>        <\/div>                        <\/a>              <\/div>            <div class=\"bwg-item\">        <a class=\"bwg-a  bwg_lightbox\"  data-image-id=\"4957\" href=\"https:\/\/pbp.womczest.edu.pl\/new\/wp-content\/uploads\/photo-gallery\/2020_03_sieci\/IMG_0871.jpg?bwg=1583486740\" data-elementor-open-lightbox=\"no\">                <div class=\"bwg-item0 \">          <div class=\"bwg-item1 \">            <div class=\"bwg-item2\">              <img class=\"skip-lazy bwg_standart_thumb_img_0 \"                   data-id=\"4957\"                   data-width=\"800\"                   data-height=\"533\"                   data-src=\"https:\/\/pbp.womczest.edu.pl\/new\/wp-content\/uploads\/photo-gallery\/2020_03_sieci\/thumb\/IMG_0871.jpg?bwg=1583486740\"                   src=\"https:\/\/pbp.womczest.edu.pl\/new\/wp-content\/uploads\/photo-gallery\/2020_03_sieci\/thumb\/IMG_0871.jpg?bwg=1583486740\"                   alt=\"IMG 0871\"                   title=\"IMG 0871\" \/>            <\/div>            <div class=\"\">                                                      <\/div>          <\/div>        <\/div>                        <\/a>              <\/div>            <div class=\"bwg-item\">        <a class=\"bwg-a  bwg_lightbox\"  data-image-id=\"4956\" href=\"https:\/\/pbp.womczest.edu.pl\/new\/wp-content\/uploads\/photo-gallery\/2020_03_sieci\/IMG_0869.jpg?bwg=1583486740\" data-elementor-open-lightbox=\"no\">                <div class=\"bwg-item0 \">          <div class=\"bwg-item1 \">            <div class=\"bwg-item2\">              <img class=\"skip-lazy bwg_standart_thumb_img_0 \"                   data-id=\"4956\"                   data-width=\"800\"                   data-height=\"533\"                   data-src=\"https:\/\/pbp.womczest.edu.pl\/new\/wp-content\/uploads\/photo-gallery\/2020_03_sieci\/thumb\/IMG_0869.jpg?bwg=1583486740\"                   src=\"https:\/\/pbp.womczest.edu.pl\/new\/wp-content\/uploads\/photo-gallery\/2020_03_sieci\/thumb\/IMG_0869.jpg?bwg=1583486740\"                   alt=\"IMG 0869\"                   title=\"IMG 0869\" \/>            <\/div>            <div class=\"\">                                                      <\/div>          <\/div>        <\/div>                        <\/a>              <\/div>            <div class=\"bwg-item\">        <a class=\"bwg-a  bwg_lightbox\"  data-image-id=\"4955\" href=\"https:\/\/pbp.womczest.edu.pl\/new\/wp-content\/uploads\/photo-gallery\/2020_03_sieci\/IMG_0870.jpg?bwg=1583486740\" data-elementor-open-lightbox=\"no\">                <div class=\"bwg-item0 \">          <div class=\"bwg-item1 \">            <div class=\"bwg-item2\">              <img class=\"skip-lazy bwg_standart_thumb_img_0 \"                   data-id=\"4955\"                   data-width=\"800\"                   data-height=\"533\"                   data-src=\"https:\/\/pbp.womczest.edu.pl\/new\/wp-content\/uploads\/photo-gallery\/2020_03_sieci\/thumb\/IMG_0870.jpg?bwg=1583486740\"                   src=\"https:\/\/pbp.womczest.edu.pl\/new\/wp-content\/uploads\/photo-gallery\/2020_03_sieci\/thumb\/IMG_0870.jpg?bwg=1583486740\"                   alt=\"IMG 0870\"                   title=\"IMG 0870\" \/>            <\/div>            <div class=\"\">                                                      <\/div>          <\/div>        <\/div>                        <\/a>              <\/div>          <\/div>    <style>      \/*pagination styles*\/      #bwg_container1_0 #bwg_container2_0 .tablenav-pages_0 {\t\t\t\ttext-align: center;\t\t\t\tfont-size: 12px;\t\t\t\tfont-family: segoe ui;\t\t\t\tfont-weight: bold;\t\t\t\tcolor: #666666;\t\t\t\tmargin: 6px 0 4px;\t\t\t\tdisplay: block;      }      @media only screen and (max-width : 320px) {      #bwg_container1_0 #bwg_container2_0 .displaying-num_0 {     \t display: none;      }      }      #bwg_container1_0 #bwg_container2_0 .displaying-num_0 {\t\t\t\tfont-size: 12px;\t\t\t\tfont-family: segoe ui;\t\t\t\tfont-weight: bold;\t\t\t\tcolor: #666666;\t\t\t\tmargin-right: 10px;\t\t\t\tvertical-align: middle;      }      #bwg_container1_0 #bwg_container2_0 .paging-input_0 {\t\t\t\tfont-size: 12px;\t\t\t\tfont-family: segoe ui;\t\t\t\tfont-weight: bold;\t\t\t\tcolor: #666666;\t\t\t\tvertical-align: middle;      }      #bwg_container1_0 #bwg_container2_0 .tablenav-pages_0 a.disabled,      #bwg_container1_0 #bwg_container2_0 .tablenav-pages_0 a.disabled:hover,      #bwg_container1_0 #bwg_container2_0 .tablenav-pages_0 a.disabled:focus,\t\t\t#bwg_container1_0 #bwg_container2_0 .tablenav-pages_0 input.bwg_current_page {\t\t\t\tcursor: default;\t\t\t\tcolor: rgba(102, 102, 102, 0.5);      }      #bwg_container1_0 #bwg_container2_0 .tablenav-pages_0 a,      #bwg_container1_0 #bwg_container2_0 .tablenav-pages_0 input.bwg_current_page {\t\t\t\tcursor: pointer;\t\t\t\ttext-align: center;\t\t\t\tfont-size: 12px;\t\t\t\tfont-family: segoe ui;\t\t\t\tfont-weight: bold;\t\t\t\tcolor: #666666;\t\t\t\ttext-decoration: none;\t\t\t\tpadding: 3px 6px;\t\t\t\tmargin: 0;\t\t\t\tborder-radius: 0;\t\t\t\tborder-style: solid;\t\t\t\tborder-width: 1px;\t\t\t\tborder-color: #E3E3E3;\t\t\t\t\t\t\t\tbackground-color: rgba(255, 255, 255, 1.00);\t\t\t\tbox-shadow: 0;\t\t\t\ttransition: all 0.3s ease 0s;-webkit-transition: all 0.3s ease 0s;      }      <\/style>      <span class=\"bwg_nav_cont_0\">              <div class=\"tablenav-pages_0\">                  <\/div>                <input type=\"hidden\" id=\"page_number_0\" name=\"page_number_0\" value=\"1\" \/>      <script type=\"text\/javascript\">        if( jQuery('.bwg_nav_cont_0').length > 1 ) {          jQuery('.bwg_nav_cont_0').first().remove()        }        function spider_page_0(cur, x, y, load_more) {          if (typeof load_more == \"undefined\") {            var load_more = false;          }          if (jQuery(cur).hasClass('disabled')) {            return false;          }          var items_county_0 = 1;          switch (y) {            case 1:              if (x >= items_county_0) {                document.getElementById('page_number_0').value = items_county_0;              }              else {                document.getElementById('page_number_0').value = x + 1;              }              break;            case 2:              document.getElementById('page_number_0').value = items_county_0;              break;            case -1:              if (x == 1) {                document.getElementById('page_number_0').value = 1;              }              else {                document.getElementById('page_number_0').value = x - 1;              }              break;            case -2:              document.getElementById('page_number_0').value = 1;              break;\t\t\t\t\t\tcase 0:              document.getElementById('page_number_0').value = x;              break;            default:              document.getElementById('page_number_0').value = 1;          }          bwg_ajax('gal_front_form_0', '0', 'bwg_thumbnails_0', '0', '', 'gallery', 0, '', '', load_more, '', 1);        }                    jQuery('.first-page-0').on('click', function () {              spider_page_0(this, 1, -2, 'numeric');              return false;            });            jQuery('.prev-page-0').on('click', function () {              spider_page_0(this, 1, -1, 'numeric');              return false;            });            jQuery('.next-page-0').on('click', function () {              spider_page_0(this, 1, 1, 'numeric');              return false;            });            jQuery('.last-page-0').on('click', function () {              spider_page_0(this, 1, 2, 'numeric');              return false;            });        \t\t\t\t\/* Change page on input enter. *\/        function bwg_change_page_0( e, that ) {          if (  e.key == 'Enter' ) {            var to_page = parseInt(jQuery(that).val());            var pages_count = jQuery(that).parents(\".pagination-links\").data(\"pages-count\");            var current_url_param = jQuery(that).attr('data-url-info');            if (to_page > pages_count) {              to_page = 1;            }\t \t\t\t\t\t\t\t\t\t\t\t\tspider_page_0(this, to_page, 0, 'numeric');\t\t\t\t\t\t\treturn false;\t\t\t\t\t\t          }          return true;        }        jQuery('.bwg_load_btn_0').on('click', function () {            spider_page_0(this, 1, 1, true);            return false;        });      <\/script>      <\/span>                <\/div>        <\/form>        <style>          #bwg_container1_0 #bwg_container2_0 #spider_popup_overlay_0 {          background-color: #000000;          opacity: 0.70;          }          <\/style>        <div id=\"bwg_spider_popup_loading_0\" class=\"bwg_spider_popup_loading\"><\/div>        <div id=\"spider_popup_overlay_0\" class=\"spider_popup_overlay\" onclick=\"spider_destroypopup(1000)\"><\/div>        <input type=\"hidden\" id=\"bwg_random_seed_0\" value=\"182357294\">                <\/div>    <\/div>    <script>      if (document.readyState === 'complete') {        if( typeof bwg_main_ready == 'function' ) {          if ( jQuery(\"#bwg_container1_0\").height() ) {            bwg_main_ready(jQuery(\"#bwg_container1_0\"));          }        }      } else {        document.addEventListener('DOMContentLoaded', function() {          if( typeof bwg_main_ready == 'function' ) {            if ( jQuery(\"#bwg_container1_0\").height() ) {             bwg_main_ready(jQuery(\"#bwg_container1_0\"));            }          }        });      }    <\/script>    <\/em><\/p>\n<p>&nbsp;<\/p>\n<p>&nbsp;<\/p>\n","protected":false},"excerpt":{"rendered":"<p>W roku szkolnym 2019\/2020 zapocz\u0105tkowa\u0142a sw\u0105 dzia\u0142alno\u015b\u0107 sie\u0107 wsp\u00f3\u0142pracy i samokszta\u0142cenia Wykorzystanie technologii informacyjno-komunikacyjnych w procesie uczenia si\u0119 i nauczania. Koordynatorami sieci zosta\u0142y dr Agata Arkabus i Anna P\u0142usa \u2013 nauczyciele bibliotekarze Publicznej Biblioteki Pedagogicznej RODN \u201eWOM\u201d w Cz\u0119stochowie. Uczestnikami sieci byli nauczyciele szk\u00f3\u0142 podstawowych i ponadpodstawowych Cz\u0119stochowy i powiatu cz\u0119stochowskiego. Czas trwania sieci: stycze\u0144 \u2013 czerwiec 2020 r. Cele pracy sieci: &#8211; Rola technologii informacyjno-komunikacyjnych w kszta\u0142ceniu kompetencji kluczowych<span class=\"ellipsis\">&hellip;<\/span><\/p>\n<div class=\"read-more\"><a href=\"https:\/\/pbp.womczest.edu.pl\/new\/siec-wspolpracy-wykorzystanie-technologii-informacyjno-komunikacyjnych-w-procesie-uczenia-sie-i-nauczania\/\">Czytaj wi\u0119cej &#8250;<\/a><\/div>\n<p><!-- end of .read-more --><\/p>\n","protected":false},"author":6,"featured_media":0,"parent":0,"menu_order":0,"comment_status":"closed","ping_status":"closed","template":"","meta":{"footnotes":""},"jetpack_sharing_enabled":true,"jetpack_shortlink":"https:\/\/wp.me\/PgmV4H-3Z8","_links":{"self":[{"href":"https:\/\/pbp.womczest.edu.pl\/new\/wp-json\/wp\/v2\/pages\/15322"}],"collection":[{"href":"https:\/\/pbp.womczest.edu.pl\/new\/wp-json\/wp\/v2\/pages"}],"about":[{"href":"https:\/\/pbp.womczest.edu.pl\/new\/wp-json\/wp\/v2\/types\/page"}],"author":[{"embeddable":true,"href":"https:\/\/pbp.womczest.edu.pl\/new\/wp-json\/wp\/v2\/users\/6"}],"replies":[{"embeddable":true,"href":"https:\/\/pbp.womczest.edu.pl\/new\/wp-json\/wp\/v2\/comments?post=15322"}],"version-history":[{"count":5,"href":"https:\/\/pbp.womczest.edu.pl\/new\/wp-json\/wp\/v2\/pages\/15322\/revisions"}],"predecessor-version":[{"id":17351,"href":"https:\/\/pbp.womczest.edu.pl\/new\/wp-json\/wp\/v2\/pages\/15322\/revisions\/17351"}],"wp:attachment":[{"href":"https:\/\/pbp.womczest.edu.pl\/new\/wp-json\/wp\/v2\/media?parent=15322"}],"curies":[{"name":"wp","href":"https:\/\/api.w.org\/{rel}","templated":true}]}}