


{"id":14981,"date":"2019-12-10T11:59:12","date_gmt":"2019-12-10T10:59:12","guid":{"rendered":"https:\/\/pbp.womczest.edu.pl\/new\/?page_id=14981"},"modified":"2019-12-10T11:59:12","modified_gmt":"2019-12-10T10:59:12","slug":"konkurs-literacki-czerwcowe-dni-1979-roku-moich-bliskich-z-janem-pawlem-ii-w-czestochowie","status":"publish","type":"page","link":"https:\/\/pbp.womczest.edu.pl\/new\/konkurs-literacki-czerwcowe-dni-1979-roku-moich-bliskich-z-janem-pawlem-ii-w-czestochowie\/","title":{"rendered":"Konkurs Literacki \u201eCzerwcowe dni 1979 roku moich bliskich z Janem Paw\u0142em II w Cz\u0119stochowie\u201d"},"content":{"rendered":"<p>Konkurs Literacki \u201eCzerwcowe dni 1979 roku moich bliskich z Janem Paw\u0142em II w Cz\u0119stochowie\u201d realizowany by\u0142 w ramach projektu NADZIEJA, ZWYCI\u0118STWO. Organizatorem konkursu by\u0142 Regionalny O\u015brodek Doskonalenia Nauczycieli \u201eWOM\u201d w\u00a0Cz\u0119stochowie we\u00a0wsp\u00f3\u0142pracy z\u00a0Kuratorium O\u015bwiaty w\u00a0Katowicach Delegatura w\u00a0Cz\u0119stochowie i\u00a0Towarzystwem Patriotycznym Kresy w\u00a0Cz\u0119stochowie.<\/p>\n<p>Honorowy Patronat nad\u00a0przedsi\u0119wzi\u0119ciem obj\u0119li:<\/p>\n<ul>\n<li>Pani Urszula Bauer \u2013 \u015al\u0105ski Kurator O\u015bwiaty,<\/li>\n<li>Arcybiskup dr\u00a0Wac\u0142aw Depo \u2013 Metropolita Cz\u0119stochowski.<\/li>\n<\/ul>\n<p>Konkurs adresowany by\u0142 do\u00a0uczni\u00f3w wojew\u00f3dztwa \u015bl\u0105skiego i\u00a0obejmowa\u0142 dwie kategorie wiekowe:<\/p>\n<ul>\n<li>uczni\u00f3w si\u00f3dmej i\u00a0\u00f3smej klasy szko\u0142y podstawowej \u2013 tutaj prac\u0119 konkursow\u0105 stanowi\u0142a forma wywiadu ze\u00a0\u015bwiadkiem historii,<\/li>\n<li>uczni\u00f3w liceum, technikum i\u00a0bran\u017cowej szko\u0142y I\u00a0stopnia \u2013 gdzie prac\u0119 konkursow\u0105 stanowi\u0142a forma opowiadania z\u00a0u\u017cyciem dialogu, w\u00a0kt\u00f3rym\u00a0bohaterem jest \u015bwiadek historii.<\/li>\n<\/ul>\n<p>Warunkiem uczestnictwa w\u00a0tym konkursie by\u0142o odnalezienie \u015bwiadka tamtych wydarze\u0144 i\u00a0przedstawienie jego wspomnie\u0144 oraz\u00a0prze\u017cy\u0107.<\/p>\n<p>Cele konkursu:<\/p>\n<ul>\n<li>Upami\u0119tnienie I\u00a0Pielgrzymki Papie\u017ca Jana Paw\u0142a II do\u00a0Ojczyzny i\u00a0podkre\u015blenie jej prze\u0142omowego znaczenia dla Polak\u00f3w \u2013 w\u00a0wymiarze duchowym i\u00a0historycznym.<\/li>\n<li>Zainteresowanie m\u0142odzie\u017cy szkolnej najnowsz\u0105 histori\u0105 Polski. Kszta\u0142towanie \u015bwiadomo\u015bci narodowej, spo\u0142ecznej i\u00a0obywatelskiej uczni\u00f3w.<\/li>\n<li>Budowanie wi\u0119zi mi\u0119dzypokoleniowych w\u00a0oparciu o\u00a0warto\u015bci.<\/li>\n<li>Rozwijanie kultury j\u0119zyka polskiego i\u00a0zdolno\u015bci literackich m\u0142odzie\u017cy szkolnej.<\/li>\n<li>Promocja talent\u00f3w uczniowskich.<\/li>\n<li>Wzmacnianie wychowawczej roli szko\u0142y.<\/li>\n<\/ul>\n<p>Kryteria oceny:<\/p>\n<ul>\n<li>Zgodno\u015b\u0107 z\u00a0tematem konkursu (0-1).<\/li>\n<li>Walory literackie tekstu: kreatywno\u015b\u0107 w\u00a0uj\u0119ciu tematu, umiej\u0119tno\u015b\u0107 literackiej rekonstrukcji wydarze\u0144, bogactwo j\u0119zyka (0-5).<\/li>\n<li>Obecno\u015b\u0107 w\u0142asnych przemy\u015ble\u0144, ocen, refleksji, uczu\u0107 i\u00a0emocji oraz\u00a0ich forma artystyczna (0-5).<\/li>\n<li>Odniesienia faktograficzne: opis wydarze\u0144, realia przedstawione w\u00a0zwi\u0105zku z\u00a0relacjami \u015bwiadk\u00f3w historii (0-3).<\/li>\n<li>Warto\u015b\u0107 przes\u0142ania zawartego w\u00a0tek\u015bcie (0-3).<\/li>\n<li>Indywidualny i\u00a0autorski charakter pracy (0-3).<\/li>\n<\/ul>\n<p>W konkursie wzi\u0119\u0142o udzia\u0142 119 uczestnik\u00f3w z 52 plac\u00f3wek wojew\u00f3dztwa \u015bl\u0105skiego. W wi\u0119kszo\u015bci byli to uczniowie szk\u00f3\u0142 podstawowych. Prace konkursowe reprezentowa\u0142y bardzo wysoki poziom merytoryczny i literacki. Nale\u017cy podkre\u015bli\u0107 wysoko ocenione przez jury walory literackie tekst\u00f3w, takie jak: kreatywno\u015b\u0107 w uj\u0119ciu tematu, umiej\u0119tno\u015b\u0107 literackiej rekonstrukcji wydarze\u0144 czy bogactwo j\u0119zyka. Wi\u0119kszo\u015b\u0107 prac zawiera\u0142a bardzo bogate odniesienia faktograficzne. Dominowa\u0142y realnie przedstawione opisy wydarze\u0144. Zar\u00f3wno wywiady, jak i\u00a0opowiadania posiada\u0142y przemy\u015blane i\u00a0poprawne gatunkowo, formy.<\/p>\n<p>Na uwag\u0119 zas\u0142ugiwa\u0142a tak\u017ce obecno\u015b\u0107 w\u0142asnych przemy\u015ble\u0144, ocen, refleksji i emocji oraz poprawnie wybrana ich forma artystyczna. J\u0119zyk \u015bwiadk\u00f3w historii charakteryzowa\u0142 si\u0119 bogactwem emocji, kt\u00f3re towarzyszy\u0142y opisywanym, donios\u0142ym wydarzeniom. Nale\u017cy podkre\u015bli\u0107 r\u00f3wnie\u017c indywidualny i\u00a0autorski charakter wi\u0119kszo\u015bci prac konkursowych oraz\u00a0obecno\u015b\u0107 warto\u015bciowych przes\u0142a\u0144 zawartych w\u00a0nades\u0142anych tekstach.<\/p>\n<p>Komisja konkursowa w\u00a0sk\u0142adzie:<\/p>\n<p>Przewodnicz\u0105ca \u2013 kategoria szko\u0142y podstawowe: Anna P\u0142usa \u2013 nauczyciel bibliotekarz Publicznej Biblioteki Pedagogicznej Regionalnego O\u015brodka Doskonalenia Nauczycieli \u201eWOM\u201d w\u00a0Cz\u0119stochowie<\/p>\n<p>Przewodnicz\u0105ca \u2013 kategoria szko\u0142y ponadpodstawowe: Agnieszka Grudzi\u0144ska \u2013 nauczyciel-konsultant Regionalnego O\u015brodka Doskonalenia Nauczycieli \u201eWOM\u201d w\u00a0Cz\u0119stochowie,<\/p>\n<p>Cz\u0142onkowie:<\/p>\n<p>Gra\u017cyna Bochenkiewicz \u2013 wicedyrektor ds.\u00a0doskonalenia nauczycieli Regionalnego\u00a0 O\u015brodka Doskonalenia Nauczycieli \u201eWOM\u201d w\u00a0Cz\u0119stochowie,<\/p>\n<p>oraz\u00a0nauczyciele j\u0119zyka polskiego z\u00a0cz\u0119stochowskich szk\u00f3\u0142 podstawowych i\u00a0ponadpodstawowych: Monika G\u00f3rna, Marta Furma\u0144ska, Ewa Zyngier, Joanna Garncarek, Dorota Ociepa, wy\u0142oni\u0142a laureat\u00f3w konkursu oraz\u00a0przyzna\u0142a nast\u0119puj\u0105ce wyr\u00f3\u017cnienia:<\/p>\n<p><em>Kategoria: szko\u0142y podstawowe<\/em><\/p>\n<p>Wiktor Krocz, Szko\u0142a Podstawowa\u00a0 nr\u00a033 im.\u00a0Marii Kownackiej w\u00a0Cz\u0119stochowie, opiekunowie: Anna Roskosz, Iwona B\u0119dkowska<\/p>\n<p>Bartosz Ceg\u0142a, Szko\u0142a Podstawowa nr\u00a03 w\u00a0\u0141azach, opiekunowie: Agata Ceg\u0142a, Aneta \u0141\u0105giewka<\/p>\n<p>Katarzyna Lewandowska, Szko\u0142a Podstawowa nr\u00a018 im.\u00a0ks.\u00a0Konstantego Damrota w\u00a0Rudzie \u015al\u0105skiej, opiekun\u00a0 Iwona Merczyk<\/p>\n<p>Franciszek Suchecki, Szko\u0142a Podstawowa nr\u00a07 im.\u00a0Konstantego Ildefonsa Ga\u0142czy\u0144skiego w\u00a0Cz\u0119stochowie, opiekun Katarzyna Kosmala<\/p>\n<p>Oskar Cierpia\u0142, Szko\u0142a Podstawowa w\u00a0Nieradzie, opiekun Alicja Golis<\/p>\n<p><em>Kategoria: szko\u0142y ponadpodstawowe<\/em><\/p>\n<p>Wiktoria St\u0119pie\u0144, VIII Liceum Og\u00f3lnokszta\u0142c\u0105ce Samorz\u0105dowe w\u00a0Cz\u0119stochowie, opiekun Iwona Krysian<\/p>\n<p>Nikola Rad\u0142owska, VIII Liceum Og\u00f3lnokszta\u0142c\u0105ce Samorz\u0105dowe w\u00a0Cz\u0119stochowie, opiekun Iwona Krysian<\/p>\n<p>Adam G\u00f3rski, V Liceum Og\u00f3lnokszta\u0142c\u0105ce im.\u00a0Adama Mickiewicza w\u00a0Cz\u0119stochowie, opiekun Danuta Zieli\u0144ska.<\/p>\n<p><u>Laureatami konkursu zostali:<\/u><\/p>\n<p><em>Kategoria: szko\u0142y podstawowe<\/em><\/p>\n<p><u>I\u00a0miejsce<\/u><\/p>\n<p>Mateusz Rymkiewicz, Szko\u0142a Podstawowa nr\u00a031 im.\u00a0Or\u0142a Bia\u0142ego w\u00a0Cz\u0119stochowie, opiekun Ewa Ossowska<\/p>\n<p><u>II miejsce<\/u><\/p>\n<p>Nikola Karo\u0144, Szko\u0142a Podstawowa im.\u00a06. Pu\u0142ku Piechoty w\u00a0Starym Broniszewie, opiekun Monika Kasprzyk<br \/>\nMa\u0142gorzata Gacek, Szko\u0142a Podstawowa nr\u00a01 im.\u00a0Heleny i\u00a0Ignacego Fik\u00f3w w\u00a0Mys\u0142owicach, opiekun Monika Krajewska-Ho\u0142da<br \/>\nUrszula Purgal, Szko\u0142a Podstawowa nr\u00a031 im.\u00a0Or\u0142a Bia\u0142ego w\u00a0Cz\u0119stochowie, opiekun Aleksandra Bednarska-Ch\u0142opa\u015b<\/p>\n<p>III miejsce<\/p>\n<p>Martyna Rozp\u0119dek, Szko\u0142a Podstawowa im.\u00a0Jaros\u0142awa D\u0105browskiego w\u00a0Zr\u0119bicach, opiekun Anna Zarzycka-Tomalska<br \/>\nLaura Nyki\u015b, Szko\u0142a Podstawowa nr\u00a02 im.\u00a0Adama Mickiewicza w\u00a0K\u0142obucku, opiekun Stefania Szczepaniec<br \/>\nJakub Paj\u0105k, Szko\u0142a Podstawowa im.\u00a0Jaros\u0142awa D\u0105browskiego w\u00a0Zr\u0119bicach, opiekun Anna Zarzycka-Tomalska<\/p>\n<p><em>Kategoria: szko\u0142y ponadpodstawowe<\/em><\/p>\n<p><u>I\u00a0miejsce<\/u><\/p>\n<p>Natalia Kuligowska, Liceum Og\u00f3lnokszta\u0142c\u0105ce im.\u00a0Noblist\u00f3w Polskich w\u00a0Rydu\u0142towach, opiekun Maria Firut<\/p>\n<p><u>II miejsce<\/u><\/p>\n<p>Julia Najnigier, Liceum Og\u00f3lnokszta\u0142c\u0105ce w\u00a0Kamienicy Polskiej, opiekun Magdalena Gojowczyk<\/p>\n<p><u>III miejsce<\/u><\/p>\n<p>Emila Kos, IV Liceum Og\u00f3lnokszta\u0142c\u0105ce im.\u00a0Henryka Sienkiewicza w\u00a0Cz\u0119stochowie, opiekun\u00a0 Zbigniew Miszczak<br \/>\nKlaudia Tkacz, Zesp\u00f3\u0142 Szk\u00f3\u0142 im.\u00a0Tadeusza Ko\u015bciuszki w\u00a0\u017barkach, opiekun Beata Placek<\/p>\n<p style=\"text-align: right;\"><em>Tekst Anna P\u0142usa<\/em><\/p>\n","protected":false},"excerpt":{"rendered":"<p>Konkurs Literacki \u201eCzerwcowe dni 1979 roku moich bliskich z Janem Paw\u0142em II w Cz\u0119stochowie\u201d realizowany by\u0142 w ramach projektu NADZIEJA, ZWYCI\u0118STWO. Organizatorem konkursu by\u0142 Regionalny O\u015brodek Doskonalenia Nauczycieli \u201eWOM\u201d w\u00a0Cz\u0119stochowie we\u00a0wsp\u00f3\u0142pracy z\u00a0Kuratorium O\u015bwiaty w\u00a0Katowicach Delegatura w\u00a0Cz\u0119stochowie i\u00a0Towarzystwem Patriotycznym Kresy w\u00a0Cz\u0119stochowie. Honorowy Patronat nad\u00a0przedsi\u0119wzi\u0119ciem obj\u0119li: Pani Urszula Bauer \u2013 \u015al\u0105ski Kurator O\u015bwiaty, Arcybiskup dr\u00a0Wac\u0142aw Depo \u2013 Metropolita Cz\u0119stochowski. Konkurs adresowany by\u0142 do\u00a0uczni\u00f3w wojew\u00f3dztwa \u015bl\u0105skiego i\u00a0obejmowa\u0142 dwie kategorie wiekowe: uczni\u00f3w si\u00f3dmej i\u00a0\u00f3smej<span class=\"ellipsis\">&hellip;<\/span><\/p>\n<div class=\"read-more\"><a href=\"https:\/\/pbp.womczest.edu.pl\/new\/konkurs-literacki-czerwcowe-dni-1979-roku-moich-bliskich-z-janem-pawlem-ii-w-czestochowie\/\">Czytaj wi\u0119cej &#8250;<\/a><\/div>\n<p><!-- end of .read-more --><\/p>\n","protected":false},"author":6,"featured_media":14752,"parent":0,"menu_order":0,"comment_status":"closed","ping_status":"closed","template":"","meta":{"footnotes":""},"jetpack_sharing_enabled":true,"jetpack_shortlink":"https:\/\/wp.me\/PgmV4H-3TD","_links":{"self":[{"href":"https:\/\/pbp.womczest.edu.pl\/new\/wp-json\/wp\/v2\/pages\/14981"}],"collection":[{"href":"https:\/\/pbp.womczest.edu.pl\/new\/wp-json\/wp\/v2\/pages"}],"about":[{"href":"https:\/\/pbp.womczest.edu.pl\/new\/wp-json\/wp\/v2\/types\/page"}],"author":[{"embeddable":true,"href":"https:\/\/pbp.womczest.edu.pl\/new\/wp-json\/wp\/v2\/users\/6"}],"replies":[{"embeddable":true,"href":"https:\/\/pbp.womczest.edu.pl\/new\/wp-json\/wp\/v2\/comments?post=14981"}],"version-history":[{"count":1,"href":"https:\/\/pbp.womczest.edu.pl\/new\/wp-json\/wp\/v2\/pages\/14981\/revisions"}],"predecessor-version":[{"id":14982,"href":"https:\/\/pbp.womczest.edu.pl\/new\/wp-json\/wp\/v2\/pages\/14981\/revisions\/14982"}],"wp:featuredmedia":[{"embeddable":true,"href":"https:\/\/pbp.womczest.edu.pl\/new\/wp-json\/wp\/v2\/media\/14752"}],"wp:attachment":[{"href":"https:\/\/pbp.womczest.edu.pl\/new\/wp-json\/wp\/v2\/media?parent=14981"}],"curies":[{"name":"wp","href":"https:\/\/api.w.org\/{rel}","templated":true}]}}