


{"id":14974,"date":"2019-12-10T11:53:25","date_gmt":"2019-12-10T10:53:25","guid":{"rendered":"https:\/\/pbp.womczest.edu.pl\/new\/?page_id=14974"},"modified":"2024-10-25T13:45:43","modified_gmt":"2024-10-25T11:45:43","slug":"powiatowy-konkurs-recytatorski-poetyckie-krajobrazy","status":"publish","type":"page","link":"https:\/\/pbp.womczest.edu.pl\/new\/powiatowy-konkurs-recytatorski-poetyckie-krajobrazy\/","title":{"rendered":"Powiatowy Konkurs Recytatorski &#8222;Poetyckie Krajobrazy&#8221;"},"content":{"rendered":"<p>&nbsp;<\/p>\n<ul>\n<li><a href=\"https:\/\/pbp.womczest.edu.pl\/new\/powiatowy-konkurs-recytatorski-poetyckie-krajobrazy-poswiecony-poezji-kazimierza-wierzynskiego-pod-honorowym-patronatem-starosty-czestochowskiego-oraz-towarzystwa-nauczycieli-bibliotekarzy-s\/\">Powiatowy Konkurs Recytatorski <em>Poetyckie Krajobrazy<\/em> po\u015bwi\u0119cony poezji Kazimierza Wierzy\u0144skiego &#8211; 2024<\/a><\/li>\n<li><a href=\"https:\/\/pbp.womczest.edu.pl\/new\/powiatowy-konkurs-recytatorski-poetyckie-krajobrazy-pod-honorowym-patronatem-starosty-czestochowskiego-oraz-towarzystwa-nauczycieli-bibliotekarzy-szkol-polskich-oddzial-w-czestochowie\/\">Powiatowy Konkurs Recytatorski <em>Poetyckie Krajobrazy<\/em> po\u015bwi\u0119cony poezji Konstantego Ildefonsa Ga\u0142czy\u0144skiego &#8211; 2023<\/a><\/li>\n<li><a href=\"https:\/\/pbp.womczest.edu.pl\/new\/powiatowy-konkurs-recytatorski-poetyckie-krajobrazy-poswiecony-poezji-polskiego-romantyzmu-pod-honorowym-patronatem-starosty-czestochowskiego-oraz-towarzystwa-nauczycieli-bibliotekarzy-szkol-polskich\/\">Powiatowy Konkurs Recytatorski <em>Poetyckie Krajobrazy <\/em>po\u015bwi\u0119cony poezji polskiego romantyzmu &#8211; 2022<\/a><\/li>\n<li><a href=\"https:\/\/pbp.womczest.edu.pl\/new\/powiatowy-konkurs-recytatorski-poetyckie-krajobrazy-pod-honorowym-patronatem-starosty-czestochowskiego-oraz-towarzystwa-nauczycieli-bibliotekarzy-szkol-polskich-oddzial-w-czestochowi\/\">Powiatowy Konkurs Recytatorski \u201ePoetyckie Krajobrazy\u201d, po\u015bwi\u0119cony poezji Krzysztofa Kamila Baczy\u0144skiego &#8211; 2021<\/a><\/li>\n<li><a href=\"https:\/\/pbp.womczest.edu.pl\/new\/powiatowy-konkurs-recytatorski-poetyckie-krajobrazy-swiety-jan-pawel-ii-w-poezji-polskiej-pod-honorowym-patronatem-starosty-czestochowskiego-oraz-prezes-rady-glownej-towarzystwa-nauczyciel\/\">Powiatowy Konkurs Recytatorski &#8222;Poetyckie Krajobrazy \u2013 \u015awi\u0119ty Jan Pawe\u0142 II w poezji polskiej&#8221; &#8211; 2021<\/a><\/li>\n<li><a href=\"https:\/\/pbp.womczest.edu.pl\/new\/powiatowy-konkurs-recytatorski-poetyckie-krajobrazy-poswiecony-tworczosci-poetow-czestochowy-i-regionu-czestochowskiego\/\">Powiatowy Konkurs Recytatorski &#8222;Poetyckie Krajobrazy&#8221; po\u015bwi\u0119cony tw\u00f3rczo\u015bci poet\u00f3w Cz\u0119stochowy i regionu cz\u0119stochowskiego &#8211; 2019<\/a><\/li>\n<li><a href=\"https:\/\/pbp.womczest.edu.pl\/new\/powiatowy-konkurs-recytatorski-poetyckie-krajobrazy-poswiecony-poezji-zbigniewa-herberta\/\">Powiatowy Konkurs Recytatorski &#8222;Poetyckie Krajobrazy&#8221; po\u015bwi\u0119cony poezji Zbigniewa Herberta &#8211; 2018<\/a><\/li>\n<li><a href=\"https:\/\/pbp.womczest.edu.pl\/new\/powiatowy-konkurs-recytatorski-poetyckie-krajobrazy-2017\/\">Powiatowy Konkurs Recytatorski &#8222;Poetyckie Krajobrazy&#8221; po\u015bwi\u0119cony poezji Agnieszki Osieckiej &#8211; 2017<\/a><\/li>\n<li><a href=\"https:\/\/pbp.womczest.edu.pl\/new\/galeria\/powiatowy-konkurs-recytatorski-poetyckie-krajobrazy-poswiecony-poezji-ks-jana-twardowskiego-2016\/\">Powiatowy Konkurs Recytatorski &#8222;Poetyckie Krajobrazy&#8221; po\u015bwi\u0119cony poezji ks. Jana Twardowskiego &#8211; 2016<\/a><\/li>\n<li><a href=\"https:\/\/pbp.womczest.edu.pl\/new\/powiatowy-konkurs-recytatorski-poetyckie-krajobrazy-poswiecony-poezji-haliny-poswiatowskiej\/\">Powiatowy Konkurs Recytatorski &#8222;Poetyckie Krajobrazy&#8221; po\u015bwi\u0119cony poezji Haliny Po\u015bwiatowskiej &#8211; 2015<\/a><\/li>\n<li><a href=\"https:\/\/pbp.womczest.edu.pl\/new\/edukacja\/konkursy\/powiatowy-konkurs-recytatorski-poetyckie-krajobrazy-poswiecony-poezji-tadeusza-rozewicza-pod-honorowym-patronatem-starosty-czestochowskiego\/\" target=\"_blank\" rel=\"noopener noreferrer\">Powiatowy Konkurs Recytatorski \u201ePoetyckie Krajobrazy\u201d po\u015bwi\u0119cony poezji Tadeusza R\u00f3\u017cewicza &#8211; 2014<\/a><\/li>\n<li><a href=\"https:\/\/pbp.womczest.edu.pl\/new\/edukacja\/konkursy\/sprawozdanie-z-powiatowego-konkursu-recytatorskiego-poetyckie-krajobrazy-poswieconego-poezji-juliana-tuwima\/\" target=\"_blank\" rel=\"noopener noreferrer\">Powiatowy Konkurs Recytatorski \u201ePoetyckie Krajobrazy\u201d po\u015bwi\u0119cony poezji Juliana Tuwima &#8211; 2013<\/a><\/li>\n<li><a href=\"https:\/\/pbp.womczest.edu.pl\/new\/edukacja\/konkursy\/sprawozdanie-z-powiatowego-konkursu-recytatorskiego-poetyckie-krajobrazy-poswieconego-poezji-wislawy-szymborskiej\/\" target=\"_blank\" rel=\"noopener noreferrer\">Powiatowy Konkurs Recytatorski \u201ePoetyckie Krajobrazy\u201d po\u015bwi\u0119cony poezji Wis\u0142awy Szymborskiej &#8211; 2012<\/a><\/li>\n<li><a href=\"https:\/\/pbp.womczest.edu.pl\/new\/edukacja\/konkursy\/poetyckie-krajobrazy-konkurs-poswiecony-poezji-czeslawa-milosza\/\">Powiatowy Konkurs Recytatorski &#8222;Poetyckie Krajobrazy&#8221; po\u015bwi\u0119cony poezji Czes\u0142awa Mi\u0142osza &#8211; 2011<\/a><\/li>\n<\/ul>\n","protected":false},"excerpt":{"rendered":"<p>&nbsp; Powiatowy Konkurs Recytatorski Poetyckie Krajobrazy po\u015bwi\u0119cony poezji Kazimierza Wierzy\u0144skiego &#8211; 2024 Powiatowy Konkurs Recytatorski Poetyckie Krajobrazy po\u015bwi\u0119cony poezji Konstantego Ildefonsa Ga\u0142czy\u0144skiego &#8211; 2023 Powiatowy Konkurs Recytatorski Poetyckie Krajobrazy po\u015bwi\u0119cony poezji polskiego romantyzmu &#8211; 2022 Powiatowy Konkurs Recytatorski \u201ePoetyckie Krajobrazy\u201d, po\u015bwi\u0119cony poezji Krzysztofa Kamila Baczy\u0144skiego &#8211; 2021 Powiatowy Konkurs Recytatorski &#8222;Poetyckie Krajobrazy \u2013 \u015awi\u0119ty Jan Pawe\u0142 II w poezji polskiej&#8221; &#8211; 2021 Powiatowy Konkurs Recytatorski &#8222;Poetyckie Krajobrazy&#8221; po\u015bwi\u0119cony tw\u00f3rczo\u015bci poet\u00f3w<span class=\"ellipsis\">&hellip;<\/span><\/p>\n<div class=\"read-more\"><a href=\"https:\/\/pbp.womczest.edu.pl\/new\/powiatowy-konkurs-recytatorski-poetyckie-krajobrazy\/\">Czytaj wi\u0119cej &#8250;<\/a><\/div>\n<p><!-- end of .read-more --><\/p>\n","protected":false},"author":6,"featured_media":0,"parent":0,"menu_order":0,"comment_status":"closed","ping_status":"closed","template":"","meta":{"footnotes":""},"jetpack_sharing_enabled":true,"jetpack_shortlink":"https:\/\/wp.me\/PgmV4H-3Tw","_links":{"self":[{"href":"https:\/\/pbp.womczest.edu.pl\/new\/wp-json\/wp\/v2\/pages\/14974"}],"collection":[{"href":"https:\/\/pbp.womczest.edu.pl\/new\/wp-json\/wp\/v2\/pages"}],"about":[{"href":"https:\/\/pbp.womczest.edu.pl\/new\/wp-json\/wp\/v2\/types\/page"}],"author":[{"embeddable":true,"href":"https:\/\/pbp.womczest.edu.pl\/new\/wp-json\/wp\/v2\/users\/6"}],"replies":[{"embeddable":true,"href":"https:\/\/pbp.womczest.edu.pl\/new\/wp-json\/wp\/v2\/comments?post=14974"}],"version-history":[{"count":15,"href":"https:\/\/pbp.womczest.edu.pl\/new\/wp-json\/wp\/v2\/pages\/14974\/revisions"}],"predecessor-version":[{"id":25834,"href":"https:\/\/pbp.womczest.edu.pl\/new\/wp-json\/wp\/v2\/pages\/14974\/revisions\/25834"}],"wp:attachment":[{"href":"https:\/\/pbp.womczest.edu.pl\/new\/wp-json\/wp\/v2\/media?parent=14974"}],"curies":[{"name":"wp","href":"https:\/\/api.w.org\/{rel}","templated":true}]}}