


{"id":14768,"date":"2019-10-31T11:51:27","date_gmt":"2019-10-31T10:51:27","guid":{"rendered":"https:\/\/pbp.womczest.edu.pl\/new\/?page_id=14768"},"modified":"2019-11-04T09:40:11","modified_gmt":"2019-11-04T08:40:11","slug":"przeglad-piesni-ludowych-zespolu-piesni-i-tanca-slask-im-stanislawa-hadyny","status":"publish","type":"page","link":"https:\/\/pbp.womczest.edu.pl\/new\/przeglad-piesni-ludowych-zespolu-piesni-i-tanca-slask-im-stanislawa-hadyny\/","title":{"rendered":"Przegl\u0105d pie\u015bni ludowych Zespo\u0142u Pie\u015bni i Ta\u0144ca \u201c\u015al\u0105sk\u201d im. Stanis\u0142awa Hadyny"},"content":{"rendered":"<p>30 pa\u017adziernika 2019 r. w\u00a0Publicznej Bibliotece Pedagogicznej RODN \u201eWOM\u201d w\u00a0Cz\u0119stochowie odby\u0142 si\u0119 <em>Przegl\u0105d pie\u015bni ludowych Zespo\u0142u Pie\u015bni i\u00a0Ta\u0144ca \u201c\u015al\u0105sk\u201d im.\u00a0 Stanis\u0142awa Hadyny. <\/em>Organizatorami konkursu by\u0142a Publiczna Biblioteka Pedagogiczna RODN \u201eWOM\u201d w\u00a0Cz\u0119stochowie i\u00a0Miejskie Przedszkole nr\u00a025 im.\u00a0Przyjaci\u00f3\u0142 Kubusia Puchatka w\u00a0Cz\u0119stochowie. W\u00a0organizacj\u0119 konkursu zaanga\u017cowali si\u0119 nauczyciele bibliotekarze \u2013 dr\u00a0Agata Arkabus i\u00a0Anna P\u0142usa oraz\u00a0nauczyciele Miejskiego Przedszkola nr\u00a025\u00a0 \u2013 dyrektor plac\u00f3wki Ma\u0142gorzata Stachurska i\u00a0Iwona Ledwo\u0144.<\/p>\n<p>W\u00a02019 roku przypad\u0142a 100. rocznica urodzin Stanis\u0142awa Hadyny w\u00a0Kosz\u0119cinie \u2013 wszechstronnego tw\u00f3rcy: kompozytora, dyrygenta, pedagoga i\u00a0literata, a\u00a0przede wszystkim za\u0142o\u017cyciela i\u00a0wieloletniego dyrektora Zespo\u0142u Pie\u015bni i\u00a0Ta\u0144ca \u201e\u015al\u0105sk\u201d. Tegoroczna edycja konkursu by\u0142a jedn\u0105 z\u00a0inicjatyw promuj\u0105cych w\u00a0bibliotece dzie\u0142o i\u00a0tw\u00f3rczo\u015b\u0107 Stanis\u0142awa Hadyny.<\/p>\n<p>Agnieszka Kuku\u0142a \u2013 rzecznik prasowy Zespo\u0142u Pie\u015bni Ta\u0144ca \u015al\u0105sk im.\u00a0Stanis\u0142awa Hadyny \u2013 prezentuje artyst\u00f3w: <em>Zesp\u00f3\u0142 \u015al\u0105sk rozs\u0142awia polsk\u0105 kultur\u0119 na\u00a0ca\u0142ym \u015bwiecie. By\u0142 niemal na\u00a0wszystkich kontynentach \u015bwiata, wyst\u0105pi\u0142 dla ponad 25 milion\u00f3w ludzi, daj\u0105c blisko 9 tysi\u0119cy koncert\u00f3w! Te \u017cywio\u0142owe, barwne spektakle, bogactwo ludowych kostium\u00f3w, popisy solist\u00f3w i\u00a0kunszt artyst\u00f3w ch\u00f3ru, baletu i\u00a0orkiestry \u2013 to\u00a0wizyt\u00f3wka Zespo\u0142u \u015al\u0105sk. Perfekcyjne po\u0142\u0105czenie muzyki, \u015bpiewu i\u00a0ta\u0144ca zachwyca nie\u00a0tylko\u00a0Polak\u00f3w. Zesp\u00f3\u0142 zdobywa uznanie i\u00a0podziw w\u015br\u00f3d widz\u00f3w na\u00a0ca\u0142ym \u015bwiecie, cz\u0119sto pochodz\u0105cych z\u00a0r\u00f3\u017cnych kulturowo kraj\u00f3w. Dzisiejszy Zesp\u00f3\u0142 Pie\u015bni Ta\u0144ca \u015al\u0105sk im.\u00a0Stanis\u0142awa Hadyny to\u00a0nowoczesna instytucja kultury tworzona przez\u00a0ludzi z\u00a0pasj\u0105, otwartych na\u00a0nowe dzia\u0142ania artystyczne i\u00a0edukacyjne, dzi\u0119ki kt\u00f3rym\u00a0nie\u00a0tylko\u00a0nie\u00a0zaginie polska kultura ludowa, ale\u00a0i\u00a0pami\u0119\u0107 o\u00a0Stanis\u0142awie Hadynie. \u0179r\u00f3d\u0142o: Andrzej \u017bak \u201ePan Hadyna i\u00a0magiczna \u0142aweczka\u201d, Warszawa, Oficyna Wydawnicza Rytm, 2019.<\/em><\/p>\n<p>W\u00a0<em>Przegl\u0105dzie pie\u015bni ludowych Zespo\u0142u Pie\u015bni i\u00a0Ta\u0144ca \u201c\u015al\u0105sk\u201d im.\u00a0Stanis\u0142awa Hadyny<\/em> \u00a0udzia\u0142 wzi\u0119\u0142o dwunastu solist\u00f3w z\u00a0przedszkoli Cz\u0119stochowy i\u00a0powiatu cz\u0119stochowskiego. Wykonawc\u00f3w ocenia\u0142a komisja konkursowa w\u00a0sk\u0142adzie:<\/p>\n<p>Przewodnicz\u0105cy:<br \/>\nPiotr Hankus \u2013 wieloletni solista Zespo\u0142u \u201e\u015al\u0105sk\u201d, obecnie pracownik \u015al\u0105skiego Centrum Edukacji Regionalnej w\u00a0Kosz\u0119cinie.<\/p>\n<p>Cz\u0142onkowie:<br \/>\nUrszula Brylewska \u2013 dyrektor Spo\u0142ecznej Szko\u0142y Baletowej i\u00a0Spo\u0142ecznego Ogniska Baletowego w\u00a0Cz\u0119stochowie. Wieloletnia tancerka, solistka i\u00a0pedagog baletu Pa\u0144stwowego Zespo\u0142u Pie\u015bni i\u00a0Ta\u0144ca \u201e\u015al\u0105sk\u201d im.\u00a0Stanis\u0142awa Hadyny w\u00a0Kosz\u0119cinie.<\/p>\n<p>Marta Uchacz \u2013 absolwentka Akademii Muzycznej w\u00a0Katowicach im.\u00a0Karola Szymanowskiego w\u00a0klasie fortepianu. Obecnie nauczyciel w\u00a0Pa\u0144stwowej Szkole Muzycznej im.\u00a0Marcina J\u00f3zefa \u017bebrowskiego w\u00a0Cz\u0119stochowie w\u00a0klasie fortepianu.<\/p>\n<p>Cele konkursu obejmowa\u0142y:<br \/>\n\u2013 wspieranie integralnego rozwoju dzieci w\u00a0zakresie tw\u00f3rczo\u015bci artystycznej poprzez umo\u017cliwienie prezentacji ich umiej\u0119tno\u015bci wokalnych;<br \/>\n\u2013 popularyzacj\u0119 pie\u015bni i\u00a0piosenek ludowych opracowanych i\u00a0wykonywanych przez\u00a0Zesp\u00f3\u0142 Pie\u015bni i\u00a0Ta\u0144ca \u201c\u015al\u0105sk\u201d im.\u00a0Stanis\u0142awa Hadyny;<br \/>\n\u2013 zach\u0119cenie dzieci i\u00a0m\u0142odzie\u017cy do\u00a0piel\u0119gnowania tradycji i\u00a0kulturowego dziedzictwa narodowego;<br \/>\n\u2013 kszta\u0142towanie w\u015br\u00f3d dzieci postaw prioregionalnych oraz\u00a0przywi\u0105zania do\u00a0Ojczyzny i\u00a0regionu.<\/p>\n<p>Nagrody oraz\u00a0pocz\u0119stunek dla dzieci, nauczycieli i\u00a0rodzic\u00f3w ufundowali sponsorzy: Zesp\u00f3\u0142 Pie\u015bni i\u00a0Ta\u0144ca \u201d\u015al\u0105sk\u201d im.\u00a0Stanis\u0142awa Hadyny w\u00a0Kosz\u0119cinie, Firma Grupa Delicpol w\u00a0Kamyku, Powszechna Sp\u00f3\u0142dzielnia Spo\u017cywc\u00f3w Jedno\u015b\u0107 \u201eSpo\u0142em\u201d w\u00a0Cz\u0119stochowie oraz\u00a0Miejskie Przedszkole nr\u00a025 im.\u00a0Przyjaci\u00f3\u0142 Kubusia Puchatka w\u00a0Cz\u0119stochowie.<\/p>\n<p><strong>Komisja konkursowa wy\u0142oni\u0142a nast\u0119puj\u0105cych zwyci\u0119zc\u00f3w:<\/strong><\/p>\n<p>I\u00a0miejsce \u2013 Maja Stefa\u0144ska, Miejskie Przedszkole nr\u00a029 w\u00a0Cz\u0119stochowie, utw\u00f3r: \u201eBy\u0142a babule\u0144ka\u201d<\/p>\n<p>II miejsce \u2013 Rosie Crawford, Publiczne Przedszkole w\u00a0Konopiskach, utw\u00f3r: \u201ePosz\u0142a Karolinka do\u00a0Gogolina\u201d<\/p>\n<p>III miejsce \u2013 Franciszek \u0141yko, Kreatywne Przedszkole Niepubliczne Ma\u0142e Skarby \u2013 Stradom w\u00a0Cz\u0119stochowie, utw\u00f3r: \u201ePiek\u0142a baba chleb\u201d<\/p>\n<p>Wyr\u00f3\u017cnienie: Nina Ma\u0142ek, Miejskie Przedszkole nr\u00a038 w\u00a0Cz\u0119stochowie, \u201eKarolinka\u201d<\/p>\n<p>Wyr\u00f3\u017cnienie: Hanna Borkowska, Miejskie Przedszkole nr 12 w Cz\u0119stochowie, utw\u00f3r: \u201eSz\u0142a dzieweczka\u201d.<\/p>\n<p>Organizatorzy gratuluj\u0105 uczestnikom konkursu oraz\u00a0sk\u0142adaj podzi\u0119kowania sponsorom i\u00a0wszystkim osobom zaanga\u017cowanym w\u00a0organizacj\u0119 przedsi\u0119wzi\u0119cia.<\/p>\n<p style=\"text-align: right;\"><em>Tekst: dr\u00a0Agata Arkabus<\/em><br \/>\n<em>Zdj\u0119cia: Pawe\u0142 W\u0142odarczyk<br \/>\n<a href=\"https:\/\/pbp.womczest.edu.pl\/new\/galeria\/przeglad-piesni-ludowych-zespolu-piesni-i-tanca-slask-im-stanislawa-hadyny-2019\/\">galeria<\/a><br \/>\n<\/em><\/p>\n","protected":false},"excerpt":{"rendered":"<p>30 pa\u017adziernika 2019 r. w\u00a0Publicznej Bibliotece Pedagogicznej RODN \u201eWOM\u201d w\u00a0Cz\u0119stochowie odby\u0142 si\u0119 Przegl\u0105d pie\u015bni ludowych Zespo\u0142u Pie\u015bni i\u00a0Ta\u0144ca \u201c\u015al\u0105sk\u201d im.\u00a0 Stanis\u0142awa Hadyny. Organizatorami konkursu by\u0142a Publiczna Biblioteka Pedagogiczna RODN \u201eWOM\u201d w\u00a0Cz\u0119stochowie i\u00a0Miejskie Przedszkole nr\u00a025 im.\u00a0Przyjaci\u00f3\u0142 Kubusia Puchatka w\u00a0Cz\u0119stochowie. W\u00a0organizacj\u0119 konkursu zaanga\u017cowali si\u0119 nauczyciele bibliotekarze \u2013 dr\u00a0Agata Arkabus i\u00a0Anna P\u0142usa oraz\u00a0nauczyciele Miejskiego Przedszkola nr\u00a025\u00a0 \u2013 dyrektor plac\u00f3wki Ma\u0142gorzata Stachurska i\u00a0Iwona Ledwo\u0144. W\u00a02019 roku przypad\u0142a 100. rocznica urodzin Stanis\u0142awa Hadyny w\u00a0Kosz\u0119cinie \u2013<span class=\"ellipsis\">&hellip;<\/span><\/p>\n<div class=\"read-more\"><a href=\"https:\/\/pbp.womczest.edu.pl\/new\/przeglad-piesni-ludowych-zespolu-piesni-i-tanca-slask-im-stanislawa-hadyny\/\">Czytaj wi\u0119cej &#8250;<\/a><\/div>\n<p><!-- end of .read-more --><\/p>\n","protected":false},"author":6,"featured_media":14297,"parent":0,"menu_order":0,"comment_status":"closed","ping_status":"closed","template":"","meta":{"footnotes":""},"jetpack_sharing_enabled":true,"jetpack_shortlink":"https:\/\/wp.me\/PgmV4H-3Qc","_links":{"self":[{"href":"https:\/\/pbp.womczest.edu.pl\/new\/wp-json\/wp\/v2\/pages\/14768"}],"collection":[{"href":"https:\/\/pbp.womczest.edu.pl\/new\/wp-json\/wp\/v2\/pages"}],"about":[{"href":"https:\/\/pbp.womczest.edu.pl\/new\/wp-json\/wp\/v2\/types\/page"}],"author":[{"embeddable":true,"href":"https:\/\/pbp.womczest.edu.pl\/new\/wp-json\/wp\/v2\/users\/6"}],"replies":[{"embeddable":true,"href":"https:\/\/pbp.womczest.edu.pl\/new\/wp-json\/wp\/v2\/comments?post=14768"}],"version-history":[{"count":3,"href":"https:\/\/pbp.womczest.edu.pl\/new\/wp-json\/wp\/v2\/pages\/14768\/revisions"}],"predecessor-version":[{"id":14781,"href":"https:\/\/pbp.womczest.edu.pl\/new\/wp-json\/wp\/v2\/pages\/14768\/revisions\/14781"}],"wp:featuredmedia":[{"embeddable":true,"href":"https:\/\/pbp.womczest.edu.pl\/new\/wp-json\/wp\/v2\/media\/14297"}],"wp:attachment":[{"href":"https:\/\/pbp.womczest.edu.pl\/new\/wp-json\/wp\/v2\/media?parent=14768"}],"curies":[{"name":"wp","href":"https:\/\/api.w.org\/{rel}","templated":true}]}}