


{"id":14759,"date":"2019-10-30T12:36:58","date_gmt":"2019-10-30T11:36:58","guid":{"rendered":"https:\/\/pbp.womczest.edu.pl\/new\/?page_id=14759"},"modified":"2020-01-10T09:25:58","modified_gmt":"2020-01-10T08:25:58","slug":"powiatowy-konkurs-recytatorski-poetyckie-krajobrazy-poswiecony-tworczosci-poetow-czestochowy-i-regionu-czestochowskiego","status":"publish","type":"page","link":"https:\/\/pbp.womczest.edu.pl\/new\/powiatowy-konkurs-recytatorski-poetyckie-krajobrazy-poswiecony-tworczosci-poetow-czestochowy-i-regionu-czestochowskiego\/","title":{"rendered":"Powiatowy Konkurs Recytatorski Poetyckie Krajobrazy po\u015bwi\u0119cony tw\u00f3rczo\u015bci poet\u00f3w Cz\u0119stochowy i regionu cz\u0119stochowskiego"},"content":{"rendered":"<p><strong>Powiatowy Konkurs Recytatorski <\/strong><strong><em>Poetyckie Krajobrazy <\/em><\/strong><strong>pod honorowym patronatem Starosty Cz\u0119stochowskiego oraz Prezes Rady G\u0142\u00f3wnej <\/strong><strong>Towarzystwa Nauczycieli Bibliotekarzy Szk\u00f3\u0142 Polskich <\/strong><strong>po\u015bwi\u0119cony tw\u00f3rczo\u015bci poet\u00f3w Cz\u0119stochowy i regionu cz\u0119stochowskiego<\/strong><\/p>\n<p>24 pa\u017adziernika 2019 roku w Regionalnym O\u015brodku Doskonalenia Nauczycieli \u201eWOM\u201d w Cz\u0119stochowie odby\u0142 si\u0119 Powiatowy Konkurs Recytatorski <em>Poetyckie Krajobrazy<\/em>, po\u015bwi\u0119cony tw\u00f3rczo\u015bci poet\u00f3w zwi\u0105zanych z Cz\u0119stochow\u0105 i regionem cz\u0119stochowskim.<\/p>\n<p>Konkurs adresowany do uczni\u00f3w klas VII i VIII szk\u00f3\u0142 podstawowych z miasta Cz\u0119stochowy oraz powiatu cz\u0119stochowskiego zorganizowa\u0142a Publiczna Biblioteka Pedagogiczna RODN \u201eWOM\u201d w Cz\u0119stochowie.<\/p>\n<p>Honorowy patronat nad konkursem obj\u0105\u0142 Pan Krzysztof Smela, Starosta Cz\u0119stochowski oraz Pani Danuta Brzezi\u0144ska, Prezes Rady G\u0142\u00f3wnej Towarzystwa Nauczycieli Bibliotekarzy Szk\u00f3\u0142 Polskich. Go\u015bciem konkursu by\u0142 Pan Janusz Krakowian \u2013 Naczelnik Wydzia\u0142u Edukacji, Zdrowia, Kultury, Sportu i Promocji Powiatu reprezentuj\u0105cy Starost\u0119 Cz\u0119stochowskiego.<\/p>\n<p>Mottem konkursu by\u0142y s\u0142owa Tadeusza Gierymskiego \u201e[***] <em>ka\u017cdy ma w sobie cich\u0105 prawd\u0119\u201d<\/em>.<\/p>\n<p>Celem konkursu by\u0142o upami\u0119tnienie tw\u00f3rczo\u015bci poet\u00f3w zwi\u0105zanych z Cz\u0119stochow\u0105 i regionem, popularyzacja ich dorobku artystycznego, rozwijanie recytatorskich i\u00a0aktorskich uzdolnie\u0144 m\u0142odzie\u017cy, upowszechnianie kultury j\u0119zyka polskiego, inspirowanie m\u0142odego pokolenia do aktywnego uczestnictwa w kulturze, wzbudzenie zainteresowania poezj\u0105 polsk\u0105 oraz krzewienie kultury \u017cywego s\u0142owa.<\/p>\n<p>W tegorocznej dziewi\u0105tej edycji udzia\u0142 wzi\u0119\u0142o 16 uczni\u00f3w z Cz\u0119stochowy i powiatu cz\u0119stochowskiego (8 uczni\u00f3w z Cz\u0119stochowy i 8 uczni\u00f3w z powiatu cz\u0119stochowskiego). Opiek\u0119 merytoryczn\u0105 nad uczniami sprawowali nauczyciele z\u00a0danej szko\u0142y.<\/p>\n<p>Uczniowie prezentowali jeden z wybranych przez siebie utwor\u00f3w napisanych przez poet\u00f3w regionu cz\u0119stochowskiego: El\u017cbiet\u0119 Cichl\u0119-Czarniawsk\u0105, Arkadiusza Frani\u0119, Jerzego Lieberta, Barbar\u0119 \u0141\u0105giewk\u0119, Ludmi\u0142\u0119 Marja\u0144sk\u0105, Ryszarda Sidorkiewicza \u201eSidora\u201d, Irit Amiel (ur. Irena Librowicz), El\u017cbiet\u0119 Jeziorowsk\u0105-Wr\u00f3bel.<\/p>\n<p>Recytacja odbywa\u0142a si\u0119 bez mikrofonu i materia\u0142\u00f3w audiowizualnych.<\/p>\n<p>Prezentacje uczestnik\u00f3w ocenia\u0142a komisja konkursowa w sk\u0142adzie:<\/p>\n<p><strong>Beata Raczy\u0144ska <\/strong>\u2013 przewodnicz\u0105ca komisji, nauczyciel bibliotekarz Publicznej Biblioteki Pedagogicznej RODN \u201eWOM\u201d w Cz\u0119stochowie.<\/p>\n<p><strong>Alina Grabna <\/strong>\u2013 nauczyciel bibliotekarz Zespo\u0142u Szk\u00f3\u0142 Samochodowo-Budowlanych w Cz\u0119stochowie, prezes Towarzystwa Nauczycieli Bibliotekarzy Szk\u00f3\u0142 Polskich Oddzia\u0142 w Cz\u0119stochowie.<\/p>\n<p><strong>Beata Gendek-Barhoumi <\/strong>\u2013 nauczyciel j\u0119zyka polskiego VII Liceum Og\u00f3lnokszta\u0142c\u0105cego im. Miko\u0142aja Kopernika w Cz\u0119stochowie, prowadzi teatr szkolny <em>Grupa pod\u00a0Wisz\u0105cym Kotem, <\/em>kt\u00f3ry zdobywa liczne nagrody w kraju i za granic\u0105. Zdoby\u0142a tytu\u0142 <em>Animatora Kultury<\/em> w presti\u017cowym Og\u00f3lnopolskim Konkursie Nauczyciela Roku 2015.<\/p>\n<p><strong>Ewa Ossowska \u2013<\/strong> nauczyciel j\u0119zyka polskiego Szko\u0142y Podstawowej nr 31 im. Or\u0142a Bia\u0142ego w Cz\u0119stochowie. Organizatorka licznych konkurs\u00f3w literackich, prowadzonych tak\u017ce we wsp\u00f3\u0142pracy z PBP RODN \u201eWOM\u201d.<\/p>\n<p><strong>Aleksandra Kowalska \u2013<\/strong> pracownik Muzeum Regionalnego im. Zygmunta Krasi\u0144skiego w Z\u0142otym Potoku. Poetka, malarka, kompozytorka i wokalistka zespo\u0142u \u201eImpast\u201d.<\/p>\n<p><strong>Ilona Kowalska <\/strong>\u2013 bibliotekarz, kierownik Filii nr 9 Biblioteki Publicznej im. dr.\u00a0W\u0142adys\u0142awa Biega\u0144skiego w Cz\u0119stochowie. Jest organizatork\u0105 licznych konkurs\u00f3w, spotka\u0144 literackich i przedsi\u0119wzi\u0119\u0107 czytelniczych.<\/p>\n<p>Zgodnie z regulaminem na ocen\u0119 recytacji mia\u0142y wp\u0142yw nast\u0119puj\u0105ce elementy: dob\u00f3r repertuaru, stopie\u0144 opanowania tekstu, artystyczna interpretacja utworu, kultura s\u0142owa i\u00a0og\u00f3lne wra\u017cenia artystyczne.<\/p>\n<p>Decyzj\u0105 jury przyznano nast\u0119puj\u0105ce miejsca:<\/p>\n<p><strong>I miejsce<\/strong><\/p>\n<ul>\n<li><strong>Klara Gwiazda-Fluks,<\/strong> Szko\u0142a Podstawowa w Zespole Szkolno-Przedszkolnym im. Jana Paw\u0142a II w Rudnikach, wiersz pt. \u201ePlanetka\u201d Irit Amiel.<\/li>\n<\/ul>\n<p><strong>II miejsce <\/strong><\/p>\n<ul>\n<li><strong>Emilia Wo\u017aniak<\/strong>, Szko\u0142a Podstawowa im. Gustawa Morcinka w Poczesnej, wiersz pt. \u201eJurgowska karczma\u201d Jerzego Lieberta.<\/li>\n<\/ul>\n<p><strong>III miejsce<\/strong><\/p>\n<ul>\n<li><strong>Oliwia \u015awi\u0105\u0107<\/strong>, Szko\u0142a Podstawowa im. Stefana Okrzei w Mykanowie, wiersz pt. \u201eAnio\u0142 \u017balu\u201d Jerzego Lieberta.<\/li>\n<\/ul>\n<p><strong>Wyr\u00f3\u017cnienia<\/strong><\/p>\n<ul>\n<li><strong>Natalia Maj<\/strong>, Publiczna Szko\u0142a Podstawowa im. Matki Zofii Szulc Si\u00f3str Zmartwychwstanek w Cz\u0119stochowie, wiersz pt. \u201eZach\u0119ta do ucieczki\u201d Jerzego Lieberta.<\/li>\n<li><strong>Maciej Rogozi\u0144ski<\/strong>, Szko\u0142a Podstawowa nr 33 im. Marii Kownackiej w Cz\u0119stochowie, wiersz pt. \u201eKuszenie\u201d Jerzego Lieberta.<\/li>\n<li><strong>Wiktoria Mika<\/strong>, Szko\u0142a Podstawowa nr 49 im. Janusza Kusoci\u0144skiego w Cz\u0119stochowie, wiersz pt. \u201e*** Znam najsmutniejsze miejsce na \u015bwiecie\u201d El\u017cbiety Jeziorowskiej-Wr\u00f3bel.<\/li>\n<\/ul>\n<p>Zwyci\u0119zcy otrzymali nagrody ksi\u0105\u017ckowe ufundowane przez Starost\u0119 Cz\u0119stochowskiego. Laureatom oraz wszystkim uczestnikom dzi\u0119kujemy za udzia\u0142 oraz niezapomniane wra\u017cenia artystyczne. Nauczycielom dzi\u0119kujemy za przygotowanie uczni\u00f3w do udzia\u0142u w naszym konkursie. Uczniom \u017cyczymy dalszych sukces\u00f3w.<\/p>\n<p style=\"text-align: right;\"><em>Katarzyna Kucharzewska<\/em><br \/>\n<em>Zdj\u0119cia: Zbigniew Burda<br \/>\n<a href=\"https:\/\/pbp.womczest.edu.pl\/new\/galeria\/powiatowy-konkurs-recytatorski-poetyckie-krajobrazy-poswiecony-tworczosci-poetow-czestochowy-i-regionu-czestochowskiego-2019\/\">galeria<\/a><br \/>\n<\/em><\/p>\n","protected":false},"excerpt":{"rendered":"<p>Powiatowy Konkurs Recytatorski Poetyckie Krajobrazy pod honorowym patronatem Starosty Cz\u0119stochowskiego oraz Prezes Rady G\u0142\u00f3wnej Towarzystwa Nauczycieli Bibliotekarzy Szk\u00f3\u0142 Polskich po\u015bwi\u0119cony tw\u00f3rczo\u015bci poet\u00f3w Cz\u0119stochowy i regionu cz\u0119stochowskiego 24 pa\u017adziernika 2019 roku w Regionalnym O\u015brodku Doskonalenia Nauczycieli \u201eWOM\u201d w Cz\u0119stochowie odby\u0142 si\u0119 Powiatowy Konkurs Recytatorski Poetyckie Krajobrazy, po\u015bwi\u0119cony tw\u00f3rczo\u015bci poet\u00f3w zwi\u0105zanych z Cz\u0119stochow\u0105 i regionem cz\u0119stochowskim. Konkurs adresowany do uczni\u00f3w klas VII i VIII szk\u00f3\u0142 podstawowych z miasta Cz\u0119stochowy oraz powiatu cz\u0119stochowskiego<span class=\"ellipsis\">&hellip;<\/span><\/p>\n<div class=\"read-more\"><a href=\"https:\/\/pbp.womczest.edu.pl\/new\/powiatowy-konkurs-recytatorski-poetyckie-krajobrazy-poswiecony-tworczosci-poetow-czestochowy-i-regionu-czestochowskiego\/\">Czytaj wi\u0119cej &#8250;<\/a><\/div>\n<p><!-- end of .read-more --><\/p>\n","protected":false},"author":6,"featured_media":0,"parent":0,"menu_order":0,"comment_status":"closed","ping_status":"closed","template":"","meta":{"footnotes":""},"jetpack_sharing_enabled":true,"jetpack_shortlink":"https:\/\/wp.me\/PgmV4H-3Q3","_links":{"self":[{"href":"https:\/\/pbp.womczest.edu.pl\/new\/wp-json\/wp\/v2\/pages\/14759"}],"collection":[{"href":"https:\/\/pbp.womczest.edu.pl\/new\/wp-json\/wp\/v2\/pages"}],"about":[{"href":"https:\/\/pbp.womczest.edu.pl\/new\/wp-json\/wp\/v2\/types\/page"}],"author":[{"embeddable":true,"href":"https:\/\/pbp.womczest.edu.pl\/new\/wp-json\/wp\/v2\/users\/6"}],"replies":[{"embeddable":true,"href":"https:\/\/pbp.womczest.edu.pl\/new\/wp-json\/wp\/v2\/comments?post=14759"}],"version-history":[{"count":7,"href":"https:\/\/pbp.womczest.edu.pl\/new\/wp-json\/wp\/v2\/pages\/14759\/revisions"}],"predecessor-version":[{"id":15097,"href":"https:\/\/pbp.womczest.edu.pl\/new\/wp-json\/wp\/v2\/pages\/14759\/revisions\/15097"}],"wp:attachment":[{"href":"https:\/\/pbp.womczest.edu.pl\/new\/wp-json\/wp\/v2\/media?parent=14759"}],"curies":[{"name":"wp","href":"https:\/\/api.w.org\/{rel}","templated":true}]}}