


{"id":14496,"date":"2019-10-08T14:01:50","date_gmt":"2019-10-08T12:01:50","guid":{"rendered":"https:\/\/pbp.womczest.edu.pl\/new\/?page_id=14496"},"modified":"2019-10-08T14:03:14","modified_gmt":"2019-10-08T12:03:14","slug":"siec-wspolpracy-i-samoksztalcenia-dziecko-z-niepelnosprawnosciami-w-szkole-i-bibliotece-podsumowanie","status":"publish","type":"page","link":"https:\/\/pbp.womczest.edu.pl\/new\/siec-wspolpracy-i-samoksztalcenia-dziecko-z-niepelnosprawnosciami-w-szkole-i-bibliotece-podsumowanie\/","title":{"rendered":"Sie\u0107 wsp\u00f3\u0142pracy i samokszta\u0142cenia \u201eDziecko z niepe\u0142nosprawno\u015bciami w szkole i bibliotece\u201d- podsumowanie."},"content":{"rendered":"<p>Nauczyciele bibliotekarze Publicznej Biblioteki Pedagogicznej RODN \u201eWOM\u201d w Cz\u0119stochowie Filia w\u00a0Lubli\u0144cu od maja 2019 r. do czerwca 2019 r. zorganizowali dla nauczycieli bibliotekarzy powiatu lublinieckiego sie\u0107 wsp\u00f3\u0142pracy i samokszta\u0142cenia \u201eDziecko z niepe\u0142nosprawno\u015bciami w szkole i\u00a0bibliotece\u201d. W ramach sieci odby\u0142y si\u0119 trzy spotkania, na kt\u00f3rych om\u00f3wione zosta\u0142y tematy zwi\u0105zane z funkcjonowaniem dzieci z niepe\u0142nosprawno\u015bci\u0105 ruchow\u0105, intelektualn\u0105, afazj\u0105, zespo\u0142em Aspergera, autyzmem i wad\u0105 s\u0142uchu w przestrzeni biblioteki szkolnej. Prelegentami byli zaproszeni psycholodzy z Publicznej Poradni Psychologiczno-Pedagogicznej w Lubli\u0144cu.<\/p>\n<p><img decoding=\"async\" loading=\"lazy\" class=\"wp-image-13975 alignnone\" src=\"https:\/\/pbp.womczest.edu.pl\/new\/wp-content\/uploads\/2019\/06\/IMG_2609-300x225.jpg\" alt=\"\" width=\"262\" height=\"197\" srcset=\"https:\/\/pbp.womczest.edu.pl\/new\/wp-content\/uploads\/2019\/06\/IMG_2609-300x225.jpg 300w, https:\/\/pbp.womczest.edu.pl\/new\/wp-content\/uploads\/2019\/06\/IMG_2609-768x576.jpg 768w, https:\/\/pbp.womczest.edu.pl\/new\/wp-content\/uploads\/2019\/06\/IMG_2609-1000x750.jpg 1000w, https:\/\/pbp.womczest.edu.pl\/new\/wp-content\/uploads\/2019\/06\/IMG_2609-100x75.jpg 100w, https:\/\/pbp.womczest.edu.pl\/new\/wp-content\/uploads\/2019\/06\/IMG_2609-150x113.jpg 150w, https:\/\/pbp.womczest.edu.pl\/new\/wp-content\/uploads\/2019\/06\/IMG_2609-200x150.jpg 200w, https:\/\/pbp.womczest.edu.pl\/new\/wp-content\/uploads\/2019\/06\/IMG_2609-450x338.jpg 450w, https:\/\/pbp.womczest.edu.pl\/new\/wp-content\/uploads\/2019\/06\/IMG_2609-600x450.jpg 600w, https:\/\/pbp.womczest.edu.pl\/new\/wp-content\/uploads\/2019\/06\/IMG_2609-900x675.jpg 900w\" sizes=\"(max-width: 262px) 100vw, 262px\" \/> <img decoding=\"async\" loading=\"lazy\" class=\"alignnone wp-image-13976\" src=\"https:\/\/pbp.womczest.edu.pl\/new\/wp-content\/uploads\/2019\/06\/IMG_2372-300x225.jpg\" alt=\"\" width=\"263\" height=\"197\" srcset=\"https:\/\/pbp.womczest.edu.pl\/new\/wp-content\/uploads\/2019\/06\/IMG_2372-300x225.jpg 300w, https:\/\/pbp.womczest.edu.pl\/new\/wp-content\/uploads\/2019\/06\/IMG_2372-768x576.jpg 768w, https:\/\/pbp.womczest.edu.pl\/new\/wp-content\/uploads\/2019\/06\/IMG_2372-1000x750.jpg 1000w, https:\/\/pbp.womczest.edu.pl\/new\/wp-content\/uploads\/2019\/06\/IMG_2372-100x75.jpg 100w, https:\/\/pbp.womczest.edu.pl\/new\/wp-content\/uploads\/2019\/06\/IMG_2372-150x113.jpg 150w, https:\/\/pbp.womczest.edu.pl\/new\/wp-content\/uploads\/2019\/06\/IMG_2372-200x150.jpg 200w, https:\/\/pbp.womczest.edu.pl\/new\/wp-content\/uploads\/2019\/06\/IMG_2372-450x338.jpg 450w, https:\/\/pbp.womczest.edu.pl\/new\/wp-content\/uploads\/2019\/06\/IMG_2372-600x450.jpg 600w, https:\/\/pbp.womczest.edu.pl\/new\/wp-content\/uploads\/2019\/06\/IMG_2372-900x675.jpg 900w\" sizes=\"(max-width: 263px) 100vw, 263px\" \/><\/p>\n","protected":false},"excerpt":{"rendered":"<p>Nauczyciele bibliotekarze Publicznej Biblioteki Pedagogicznej RODN \u201eWOM\u201d w Cz\u0119stochowie Filia w\u00a0Lubli\u0144cu od maja 2019 r. do czerwca 2019 r. zorganizowali dla nauczycieli bibliotekarzy powiatu lublinieckiego sie\u0107 wsp\u00f3\u0142pracy i samokszta\u0142cenia \u201eDziecko z niepe\u0142nosprawno\u015bciami w szkole i\u00a0bibliotece\u201d. W ramach sieci odby\u0142y si\u0119 trzy spotkania, na kt\u00f3rych om\u00f3wione zosta\u0142y tematy zwi\u0105zane z funkcjonowaniem dzieci z niepe\u0142nosprawno\u015bci\u0105 ruchow\u0105, intelektualn\u0105, afazj\u0105, zespo\u0142em Aspergera, autyzmem i wad\u0105 s\u0142uchu w przestrzeni biblioteki szkolnej. Prelegentami byli zaproszeni psycholodzy<span class=\"ellipsis\">&hellip;<\/span><\/p>\n<div class=\"read-more\"><a href=\"https:\/\/pbp.womczest.edu.pl\/new\/siec-wspolpracy-i-samoksztalcenia-dziecko-z-niepelnosprawnosciami-w-szkole-i-bibliotece-podsumowanie\/\">Czytaj wi\u0119cej &#8250;<\/a><\/div>\n<p><!-- end of .read-more --><\/p>\n","protected":false},"author":4,"featured_media":0,"parent":0,"menu_order":0,"comment_status":"closed","ping_status":"closed","template":"","meta":{"footnotes":""},"jetpack_sharing_enabled":true,"jetpack_shortlink":"https:\/\/wp.me\/PgmV4H-3LO","_links":{"self":[{"href":"https:\/\/pbp.womczest.edu.pl\/new\/wp-json\/wp\/v2\/pages\/14496"}],"collection":[{"href":"https:\/\/pbp.womczest.edu.pl\/new\/wp-json\/wp\/v2\/pages"}],"about":[{"href":"https:\/\/pbp.womczest.edu.pl\/new\/wp-json\/wp\/v2\/types\/page"}],"author":[{"embeddable":true,"href":"https:\/\/pbp.womczest.edu.pl\/new\/wp-json\/wp\/v2\/users\/4"}],"replies":[{"embeddable":true,"href":"https:\/\/pbp.womczest.edu.pl\/new\/wp-json\/wp\/v2\/comments?post=14496"}],"version-history":[{"count":2,"href":"https:\/\/pbp.womczest.edu.pl\/new\/wp-json\/wp\/v2\/pages\/14496\/revisions"}],"predecessor-version":[{"id":14499,"href":"https:\/\/pbp.womczest.edu.pl\/new\/wp-json\/wp\/v2\/pages\/14496\/revisions\/14499"}],"wp:attachment":[{"href":"https:\/\/pbp.womczest.edu.pl\/new\/wp-json\/wp\/v2\/media?parent=14496"}],"curies":[{"name":"wp","href":"https:\/\/api.w.org\/{rel}","templated":true}]}}