


{"id":14422,"date":"2019-09-27T12:33:01","date_gmt":"2019-09-27T10:33:01","guid":{"rendered":"https:\/\/pbp.womczest.edu.pl\/new\/?page_id=14422"},"modified":"2019-12-16T10:25:15","modified_gmt":"2019-12-16T09:25:15","slug":"promocja-czytelnictwa-nprc-2019-2020","status":"publish","type":"page","link":"https:\/\/pbp.womczest.edu.pl\/new\/promocja-czytelnictwa-nprc-2019-2020\/","title":{"rendered":"Promocja czytelnictwa &#8211; NPRC 2019\/2020"},"content":{"rendered":"<p><span style=\"color: #800000;\"><strong>DZIA\u0141ANIA SZKO\u0141Y PODSTAWOWEJ NR 53 IM. MARII SK\u0141ODOWSKIEJ-CURIE W CZ\u0118STOCHOWIE<\/strong><\/span><\/p>\n<p>Zgodnie z \u00a7 11 <em>Rozporz\u0105dzenia Rady Ministr\u00f3w z dnia 6 pa\u017adziernika 2015 r. w sprawie szczeg\u00f3\u0142owych warunk\u00f3w, form i trybu realizacji Priorytetu 3 \u201eNarodowego Programu Rozwoju Czytelnictwa<\/em>\u201d wojewoda \u015bl\u0105ski podj\u0105\u0142 decyzj\u0119 o udzieleniu wsparcia finansowego organom prowadz\u0105cym szko\u0142y lub biblioteki pedagogiczne&#8221; &#8211; to informacja o rozstrzygni\u0119ciu naboru wniosk\u00f3w edycji 2018\/ 2019 na stronie <span lang=\"P\">\u015al\u0105skiego Urz\u0119du Wojew\u00f3dzkiego w Katowicach. <\/span>Wniosek Szko\u0142y Podstawowej nr 53 im. M. Sk\u0142odowskiej-Curie w Cz\u0119stochowie znalaz\u0142 si\u0119 w gronie 250 wniosk\u00f3w dofinansowanych w ramach programu. 6 wrze\u015bnia 2019 r. uczennice naszej szko\u0142y uczestniczy\u0142y w Narodowym Czytaniu zorganizowanym w Publicznej Bibliotece Pedagogicznej Regionalnego O\u015brodka Doskonalenia Nauczycieli \u00a0&#8222;WOM&#8221; w Cz\u0119stochowie. W naszej szkole r\u00f3wnie\u017c zorganizowane zosta\u0142y wydarzenia zwi\u0105zane z akcj\u0105 Narodowego Czytania. Cz\u0142onkowie Ko\u0142a Przyjaci\u00f3\u0142 Biblioteki (\u0141\u0105cznicy z bibliotek\u0105) wys\u0142uchali fragment\u00f3w lektury &#8222;Katarynki&#8221;. Prezentacja wydarze\u0144 dost\u0119pna pod adresem: <a href=\"http:\/\/bibliotekasp53.blogspot.com\/2019\/09\/narodowe-czytanie.html\">http:\/\/bibliotekasp53.blogspot.com\/2019\/09\/narodowe-czytanie.html<\/a> oraz <a href=\"https:\/\/www.minstructor.pl\/embed\/4897757251764224\">https:\/\/www.minstructor.pl\/embed\/4897757251764224<\/a><\/p>\n<p style=\"text-align: right;\"><em>dr Rena Sowada &#8211; nauczyciel bibliotekarz<\/em><br \/>\n<em> SP 53 im. M. Sk\u0142odowskiej-Curie w Cz\u0119stochowie<\/em><\/p>\n<hr \/>\n<p><span style=\"color: #800000;\"><strong>MIEJSKI INTEGRACYJNY KONKURS POETYCKO-PLASTYCZNY \u201eWIERSZEM MALOWANE\u2026\u201d<\/strong> <strong>W SZKOLE PODSTAWOWEJ NR 21 IM. KS. S. KONARSKIEGO W CZ\u0118STOCHOWIE<\/strong><\/span><\/p>\n<p>Dnia 22 pa\u017adziernika 2019 r. odby\u0142 si\u0119 w Szkole Podstawowej nr 21 w Cz\u0119stochowie <em>Miejski integracyjny konkurs poetycko-plastyczny \u201eWierszem malowane\u2026\u201d,<\/em> adresowany do uczni\u00f3w klas starszych szko\u0142y podstawowej. Organizowali\u015bmy go we wsp\u00f3\u0142pracy z Publiczn\u0105 Bibliotek\u0105 Pedagogiczn\u0105 RODN WOM w Cz\u0119stochowie. G\u0142\u00f3wnym celem konkursu by\u0142o zach\u0119cenie dzieci do czytania poezji i kreatywnego wykorzystywania tekst\u00f3w poetyckich oraz rozwijanie wyobra\u017ani \u00a0i wra\u017cliwo\u015bci artystycznej. Zadanie konkursowe polega\u0142o na wykonaniu na miejscu pracy plastycznej inspirowanej wys\u0142uchanym na \u017cywo tekstem poetyckim z podk\u0142adem muzycznym.<\/p>\n<p>W konkursie wzi\u0119\u0142o udzia\u0142 42 uczni\u00f3w z 14 cz\u0119stochowskich szk\u00f3\u0142 podstawowych. Uczniowie wykonywali swoje prace na miejscu, nie znaj\u0105c wcze\u015bniej tematyki pracy, co stanowi\u0142o o innowacyjno\u015bci tego konkursu. Uczestnicy wyrazili w swych pracach emocje i refleksje artystyczne wykorzystuj\u0105c r\u00f3\u017cne \u015brodki wypowiedzi plastycznej. Do wykonania swoich prac u\u017cyli wielu technik np. farby akwarelowe, plakatowe, pastele suche i olejne.<\/p>\n<p>W konkursowym jury zasiedli\u00a0 znani i cenieni cz\u0119stochowscy plastycy, cz\u0142onkowie Zwi\u0105zku Polskich Artyst\u00f3w Plastyk\u00f3w: p. Anna Wawrykowicz-\u017bakowicz, p. Stanis\u0142aw Marek \u015aledzi\u0144ski oraz \u00a0reprezentanci bibliotek: dr Agata Arkabus i p. Dagmara Czarnota.<\/p>\n<p>Konkurs mia\u0142 r\u00f3wnie\u017c na celu integracj\u0119 m\u0142odzie\u017cy ze szk\u00f3\u0142 specjalnych, kt\u00f3rzy wsp\u00f3lnie wykonywali swoje prace z pozosta\u0142ymi uczestnikami. Ich prace zas\u0142ugiwa\u0142y na uwag\u0119 i podziw jury konkursowego. Jedna z uczennic zdoby\u0142a nagrodzone miejsce. Wykonane prace mo\u017cna by\u0142o podziwia\u0107 na wystawie pokonkursowej w RODN WOM w Cz\u0119stochowie.<\/p>\n<p>Wszystkich zachwyci\u0142 wysoki poziom prac, staranno\u015b\u0107 ich wykonania, w\u0142a\u015bciwa kompozycja i proporcje odpowiedni dob\u00f3r kolorystyczny, zastosowanie perspektywy zbie\u017cnej i powietrznej, a tak\u017ce niezwyk\u0142a atmosfera sprzyjaj\u0105ca pracy.<\/p>\n<p><strong>Konkurs zorganizowano w zwi\u0105zku z realizacj\u0105 wymaga\u0144 Priorytetu 3 Narodowego Programu Rozwoju Czytelnictwa<\/strong><\/p>\n<p style=\"text-align: right;\"><em>Iwona Walczak &#8211; nauczyciel bibliotekarz SP 21 w Cz\u0119stochowie<\/em><\/p>\n<p><img decoding=\"async\" loading=\"lazy\" class=\"aligncenter wp-image-14849\" src=\"https:\/\/pbp.womczest.edu.pl\/new\/wp-content\/uploads\/2019\/11\/imggcsiAEA41ED35A70CC61B8E4E04389E5F73FF8C5D3C6mpid8maxwidth1440maxheight745.jpg\" alt=\"\" width=\"434\" height=\"325\" srcset=\"https:\/\/pbp.womczest.edu.pl\/new\/wp-content\/uploads\/2019\/11\/imggcsiAEA41ED35A70CC61B8E4E04389E5F73FF8C5D3C6mpid8maxwidth1440maxheight745.jpg 993w, https:\/\/pbp.womczest.edu.pl\/new\/wp-content\/uploads\/2019\/11\/imggcsiAEA41ED35A70CC61B8E4E04389E5F73FF8C5D3C6mpid8maxwidth1440maxheight745-300x225.jpg 300w, https:\/\/pbp.womczest.edu.pl\/new\/wp-content\/uploads\/2019\/11\/imggcsiAEA41ED35A70CC61B8E4E04389E5F73FF8C5D3C6mpid8maxwidth1440maxheight745-768x575.jpg 768w, https:\/\/pbp.womczest.edu.pl\/new\/wp-content\/uploads\/2019\/11\/imggcsiAEA41ED35A70CC61B8E4E04389E5F73FF8C5D3C6mpid8maxwidth1440maxheight745-100x75.jpg 100w, https:\/\/pbp.womczest.edu.pl\/new\/wp-content\/uploads\/2019\/11\/imggcsiAEA41ED35A70CC61B8E4E04389E5F73FF8C5D3C6mpid8maxwidth1440maxheight745-150x112.jpg 150w, https:\/\/pbp.womczest.edu.pl\/new\/wp-content\/uploads\/2019\/11\/imggcsiAEA41ED35A70CC61B8E4E04389E5F73FF8C5D3C6mpid8maxwidth1440maxheight745-200x150.jpg 200w, https:\/\/pbp.womczest.edu.pl\/new\/wp-content\/uploads\/2019\/11\/imggcsiAEA41ED35A70CC61B8E4E04389E5F73FF8C5D3C6mpid8maxwidth1440maxheight745-450x337.jpg 450w, https:\/\/pbp.womczest.edu.pl\/new\/wp-content\/uploads\/2019\/11\/imggcsiAEA41ED35A70CC61B8E4E04389E5F73FF8C5D3C6mpid8maxwidth1440maxheight745-600x450.jpg 600w, https:\/\/pbp.womczest.edu.pl\/new\/wp-content\/uploads\/2019\/11\/imggcsiAEA41ED35A70CC61B8E4E04389E5F73FF8C5D3C6mpid8maxwidth1440maxheight745-900x674.jpg 900w\" sizes=\"(max-width: 434px) 100vw, 434px\" \/><\/p>\n<p>&nbsp;<\/p>\n<p><span style=\"color: #800000;\"><strong>NOCNE HARCE W BIBLIOTECE<\/strong><\/span><\/p>\n<p>W roku szkolnym 2019\/2020 po raz pi\u0105ty zorganizowali\u015bmy w Szkole Podstawowej nr 21 im. Ks. Stanis\u0142awa Konarskiego w Cz\u0119stochowie imprez\u0119 promuj\u0105c\u0105 czytelnictwo <strong>\u201eNocne harce w bibliotece\u201d (22. 11. 2019 r.) <\/strong><\/p>\n<p>Tym razem do wieczornej zabawy zaprosili\u015bmy uczni\u00f3w klas starszych. By\u0142 to szczeg\u00f3lny wiecz\u00f3r pe\u0142en atrakcji i niespodzianek oraz okazja do wsp\u00f3lnej zabawy po\u0142\u0105czonej z promowaniem czytelnictwa. Uczestnicy imprezy wykonywali r\u00f3\u017cne zadania grupowe, m.in. wyklejanie sylwetek bohater\u00f3w ksi\u0105\u017cek z wykorzystaniem przygotowanych materia\u0142\u00f3w plastycznych, rozwi\u0105zywali zagadki i \u0142amig\u0142\u00f3wki literackie. Nale\u017ca\u0142o wykaza\u0107 si\u0119 dobr\u0105 znajomo\u015bci\u0105 lektur szkolnych. Nowo\u015bci\u0105 by\u0142y \u0107wiczenia wprowadzaj\u0105ce do tzw. debaty oksfordzkiej. Uczniowie uczyli si\u0119 argumentowa\u0107, bra\u0107 udzia\u0142 w dyskusji, wyst\u0119powa\u0107 publicznie i broni\u0107 swoich wybor\u00f3w. W przerwie, jedz\u0105c pizz\u0119, mogli porozmawia\u0107 z r\u00f3wie\u015bnikami i lepiej si\u0119 pozna\u0107. Dzieci mia\u0142y r\u00f3wnie\u017c okazj\u0119 zaprezentowa\u0107 swoje talenty pod has\u0142em <em>\u201eKa\u017cdy z nas jest wyj\u0105tkowy.<\/em> W zwi\u0105zku z tym poznali\u015bmy podstawowe zwroty z j\u0119zyka korea\u0144skiego, wys\u0142uchali\u015bmy pi\u0119knej interpretacji na skrzypcach \u201eCzterech p\u00f3r roku\u201d A.Vivaldiego, poznali\u015bmy zainteresowania i pasje r\u00f3wie\u015bnik\u00f3w. Niespodziank\u0105 dla wszystkich by\u0142 udzia\u0142 w pokazie zaj\u0119\u0107 karate i \u0107wiczeniach podstawowych chwyt\u00f3w samoobrony. Elementem niezwykle integruj\u0105cym grup\u0119 okaza\u0142a si\u0119 nauka tanecznej zabawy \u201dBelgijka\u201d. Nie zabrak\u0142o te\u017c wspania\u0142ych pomys\u0142\u00f3w kulinarnych. Dzieci samodzielnie przygotowa\u0142y smaczne przek\u0105ski i desery: babeczki z kremem, placuszki i nale\u015bniki z owocami, zdrowe kanapki, chlebek bananowy itd. Po takiej uczcie wszyscy z rado\u015bci\u0105 wzi\u0119li udzia\u0142 w zmaganiach sportowych.<\/p>\n<p>Atrakcyjny program z pewno\u015bci\u0105 przyci\u0105gn\u0105\u0142 uczni\u00f3w do wsp\u00f3lnej zabawy, \u015bwi\u0119towania\u2026i czytania. By\u0142o weso\u0142o, rado\u015bnie, \u015bmiesznie i rozrywkowo, bawili\u015bmy si\u0119 i uczyli\u015bmy.<\/p>\n<p style=\"text-align: right;\"><em>Iwona Walczak &#8211; nauczyciel bibliotekarz SP 21 w Cz\u0119stochowie<\/em><\/p>\n<hr \/>\n<p><span style=\"color: #800000;\"><strong>MIESI\u0104C BIBLIOTEK SZKOLNYCH W SZKOLE PODSTAWOWEJ NR 11 W CZ\u0118STOCHOWIE, CZYLI PA\u0179DZIERNIK NA BOGATO<\/strong><\/span><\/p>\n<p>W ramach obchod\u00f3w Mi\u0119dzynarodowego Miesi\u0105ca Bibliotek Szkolnych biblioteka Szko\u0142y Podstawowej nr 11 w Cz\u0119stochowie zorganizowa\u0142a:<\/p>\n<ul>\n<li><em>Konkurs<\/em> na klas\u0119, kt\u00f3ra wypo\u017cyczy najwi\u0119cej ksi\u0105\u017cek w pa\u017adzierniku \u2013 zwyci\u0119skie klasy otrzyma\u0142y pami\u0105tkowe dyplomy.<\/li>\n<li>\u201e<em>Jesienne inspiracje\u201d<\/em><strong> &#8211;<\/strong> konkurs na prace plastyczne zainspirowane poezj\u0105 o jesieni. Konkurs odby\u0142 si\u0119 w dw\u00f3ch kategoriach wiekowych: dla klas III &#8211; V i VII &#8211; VIII. Podsumowaniem konkursu by\u0142a wystawa nagrodzonych prac.<\/li>\n<li><em>\u201eJak ja czytam\u201d<\/em><strong> &#8211;<\/strong> konkurs fotograficzny na najciekawsze zdj\u0119cie przedstawiaj\u0105ce osob\u0119 czytaj\u0105c\u0105 ksi\u0105\u017ck\u0119 (mog\u0142o to by\u0107 te\u017c selfie). W tym konkursie wybitnie wyr\u00f3\u017cni\u0142a si\u0119 jedna praca. Jej autorka, uczennica klasy V, wykaza\u0142a si\u0119 pomys\u0142owo\u015bci\u0105 i staranno\u015bci\u0105 w wykonaniu, dlatego jury postanowi\u0142o j\u0105 nagrodzi\u0107 i og\u0142osi\u0107 zwyci\u0119\u017cczyni\u0105 konkursu.<\/li>\n<li><em>Akcj\u0119 g\u0142o\u015bnego czytania <\/em>literatury pi\u0119knej przez nauczycieli.<\/li>\n<\/ul>\n<p>W ostatnim dniu pa\u017adziernika \u2013 Mi\u0119dzynarodowego Miesi\u0105ca Bibliotek Szkolnych &#8211; mi\u0142o\u015bnicy ksi\u0105\u017cek mieli mo\u017cliwo\u015b\u0107 obcowania z literatur\u0105 na ka\u017cdej przerwie. Biblioteka szkolna zorganizowa\u0142a g\u0142o\u015bne czytanie opowiada\u0144 z drugiego tomu zbioru pt. \u201eGorzka czekolada\u201d. Na podwy\u017cszeniu w holu budynku B stan\u0119\u0142y dekoracje i stolik z egzemplarzem \u201e\u2026 czekolady 2\u201d. Ksi\u0105\u017cka jest zbiorem trzynastu opowiada\u0144 dotycz\u0105cych wa\u017cnych spraw nastolatk\u00f3w: samoregulacji emocji, manipulacji, narcyzmu, mechanizmu koz\u0142a ofiarnego, asertywno\u015bci, upokorzenia, przemocy emocjonalnej, maczyzmu, poczucia w\u0142asnej warto\u015bci, konwencji spo\u0142ecznych, z\u0142ej mi\u0142o\u015bci, rytua\u0142u inicjacji, altruizmu. W\u015br\u00f3d wybranych tekst\u00f3w znalaz\u0142y si\u0119 fragmenty opowiada\u0144: Paw\u0142a Ber\u0119sewicza \u201ePstryk\u201d, Katarzyny Majgier \u201e\u017bycie po\u017cyczone\u201d\u00a0 oraz\u00a0 \u201eW\u0142oskie wakacje\u201d, Kazimierza Szymeczki \u201eRycerz na czarnym rumaku\u201d oraz Katarzyny Ryrych \u201eGdy rozum \u015bpi\u201d. G\u0142o\u015bno czyta\u0142y wszystkim zainteresowanym panie: Ma\u0142gorzata Czech, Anna Zienkiewicz, Anna Dynda\u0142, Agnieszka Duma\u0144ska, Beata Doma\u0144ska. Opowie\u015bci by\u0142y tak ciekawe, \u017ce licznie zgromadzona publiczno\u015b\u0107 na ka\u017cdej przerwie s\u0142ucha\u0142a z zainteresowaniem, a od razu po ko\u0144cowym fragmencie ksi\u0105\u017cka zosta\u0142a wypo\u017cyczona. Ta i inne ciekawe ksi\u0105\u017cki zosta\u0142y zakupione z funduszu Narodowego Programu Rozwoju Czytelnictwa.<\/p>\n<p>W szkole rozpocz\u0119\u0142a si\u0119 ca\u0142oroczna akcja<strong> \u201ePodaruj ksi\u0105\u017ck\u0119 bibliotece\u201d. <\/strong>W pa\u017adzierniku 2019 roku czytelnicy przekazali do biblioteki ponad trzydzie\u015bci ciekawych tytu\u0142\u00f3w. Do popularyzacji czytelnictwa przyczyniaj\u0105 si\u0119 tak\u017ce gazetki \u015bcienne, wykonywane przez nauczycieli bibliotekarzy w obydwu budynkach szkolnych.<\/p>\n<p style=\"text-align: right;\"><em>Anna Zienkiewicz, Agnieszka Duma\u0144ska<\/em><br \/>\n<em>nauczyciele bibliotekarze Szko\u0142y Podstawowej nr 11 w Cz\u0119stochowie<\/em><\/p>\n<p><img decoding=\"async\" loading=\"lazy\" class=\"wp-image-14944 alignleft\" src=\"https:\/\/pbp.womczest.edu.pl\/new\/wp-content\/uploads\/2019\/12\/1-gazetki.jpg\" alt=\"\" width=\"172\" height=\"237\" srcset=\"https:\/\/pbp.womczest.edu.pl\/new\/wp-content\/uploads\/2019\/12\/1-gazetki.jpg 581w, https:\/\/pbp.womczest.edu.pl\/new\/wp-content\/uploads\/2019\/12\/1-gazetki-218x300.jpg 218w, https:\/\/pbp.womczest.edu.pl\/new\/wp-content\/uploads\/2019\/12\/1-gazetki-100x138.jpg 100w, https:\/\/pbp.womczest.edu.pl\/new\/wp-content\/uploads\/2019\/12\/1-gazetki-150x207.jpg 150w, https:\/\/pbp.womczest.edu.pl\/new\/wp-content\/uploads\/2019\/12\/1-gazetki-200x275.jpg 200w, https:\/\/pbp.womczest.edu.pl\/new\/wp-content\/uploads\/2019\/12\/1-gazetki-300x413.jpg 300w, https:\/\/pbp.womczest.edu.pl\/new\/wp-content\/uploads\/2019\/12\/1-gazetki-450x620.jpg 450w\" sizes=\"(max-width: 172px) 100vw, 172px\" \/> <img decoding=\"async\" loading=\"lazy\" class=\"wp-image-14945 alignleft\" src=\"https:\/\/pbp.womczest.edu.pl\/new\/wp-content\/uploads\/2019\/12\/1-glosne-czytanie.jpg\" alt=\"\" width=\"308\" height=\"239\" srcset=\"https:\/\/pbp.womczest.edu.pl\/new\/wp-content\/uploads\/2019\/12\/1-glosne-czytanie.jpg 800w, https:\/\/pbp.womczest.edu.pl\/new\/wp-content\/uploads\/2019\/12\/1-glosne-czytanie-300x233.jpg 300w, https:\/\/pbp.womczest.edu.pl\/new\/wp-content\/uploads\/2019\/12\/1-glosne-czytanie-768x596.jpg 768w, https:\/\/pbp.womczest.edu.pl\/new\/wp-content\/uploads\/2019\/12\/1-glosne-czytanie-100x78.jpg 100w, https:\/\/pbp.womczest.edu.pl\/new\/wp-content\/uploads\/2019\/12\/1-glosne-czytanie-150x116.jpg 150w, https:\/\/pbp.womczest.edu.pl\/new\/wp-content\/uploads\/2019\/12\/1-glosne-czytanie-200x155.jpg 200w, https:\/\/pbp.womczest.edu.pl\/new\/wp-content\/uploads\/2019\/12\/1-glosne-czytanie-450x349.jpg 450w, https:\/\/pbp.womczest.edu.pl\/new\/wp-content\/uploads\/2019\/12\/1-glosne-czytanie-600x466.jpg 600w\" sizes=\"(max-width: 308px) 100vw, 308px\" \/> <img decoding=\"async\" loading=\"lazy\" class=\"wp-image-14947 alignleft\" src=\"https:\/\/pbp.womczest.edu.pl\/new\/wp-content\/uploads\/2019\/12\/1-konkurs-jesienne.jpg\" alt=\"\" width=\"277\" height=\"239\" srcset=\"https:\/\/pbp.womczest.edu.pl\/new\/wp-content\/uploads\/2019\/12\/1-konkurs-jesienne.jpg 800w, https:\/\/pbp.womczest.edu.pl\/new\/wp-content\/uploads\/2019\/12\/1-konkurs-jesienne-300x259.jpg 300w, https:\/\/pbp.womczest.edu.pl\/new\/wp-content\/uploads\/2019\/12\/1-konkurs-jesienne-768x663.jpg 768w, https:\/\/pbp.womczest.edu.pl\/new\/wp-content\/uploads\/2019\/12\/1-konkurs-jesienne-100x86.jpg 100w, https:\/\/pbp.womczest.edu.pl\/new\/wp-content\/uploads\/2019\/12\/1-konkurs-jesienne-150x130.jpg 150w, https:\/\/pbp.womczest.edu.pl\/new\/wp-content\/uploads\/2019\/12\/1-konkurs-jesienne-200x173.jpg 200w, https:\/\/pbp.womczest.edu.pl\/new\/wp-content\/uploads\/2019\/12\/1-konkurs-jesienne-450x389.jpg 450w, https:\/\/pbp.womczest.edu.pl\/new\/wp-content\/uploads\/2019\/12\/1-konkurs-jesienne-600x518.jpg 600w\" sizes=\"(max-width: 277px) 100vw, 277px\" \/><\/p>\n<p>&nbsp;<\/p>\n<p><strong>\u00a0<\/strong><\/p>\n<p>&nbsp;<\/p>\n<h2><\/h2>\n<p>&nbsp;<\/p>\n<p>&nbsp;<\/p>\n<p><strong>\u00a0<\/strong><\/p>\n<hr \/>\n<p><strong><span style=\"color: #800000;\">PROMOCJA CZYTELNICTWA W SZKOLE PODSTAWOWEJ NR 39 im. MARII KONOPNICKIEJ W CZ\u0118STOCHOWIE<\/span> <\/strong><\/p>\n<p><strong>Og\u00f3lnopolski Dzie\u0144 G\u0142o\u015bnego Czytania<\/strong><\/p>\n<p>27 wrze\u015bnia 2019 r. ma\u0142a sala gimnastyczna zamieni\u0142a si\u0119 w ogromn\u0105 czytelni\u0119. Zgromadzeni w niej uczniowie klas I-III wys\u0142uchali fragment\u00f3w ksi\u0105\u017cki Marii Kownackiej pt. \u201ePlastusiowy pami\u0119tnik\u201d. Ch\u0119tnych do czytania nie brakowa\u0142o, zar\u00f3wno w\u015br\u00f3d nauczycieli, jak i w\u015br\u00f3d dzieci. Na zako\u0144czenie spotkania wr\u0119czone zosta\u0142y nagrody i dyplomy dla zwyci\u0119zc\u00f3w wrze\u015bniowych konkurs\u00f3w \u2013 plastycznego dla uczni\u00f3w klas I i II \u201ePlastu\u015b \u2013 m\u00f3j przyjaciel\u201d oraz czytelniczego dla uczni\u00f3w klas III \u201ePrzygody Plastusia\u201d. 30 wrze\u015bnia 2019 r. na wsp\u00f3lnym czytaniu zgromadzili si\u0119 uczniowie klas IV-VIII. W zwi\u0105zku z obchodzon\u0105 kilka dni wcze\u015bniej 25. rocznic\u0105 \u015bmierci Zbigniewa Nienackiego czytano fragmenty ksi\u0105\u017cek z serii \u201ePrzygody Pana Samochodzika\u201d.<\/p>\n<p><strong>\u015awi\u0119to Biblioteki<\/strong><\/p>\n<p>Podczas obchod\u00f3w \u015awi\u0119ta Biblioteki, w dniach 27 i 28 pa\u017adziernika 2019 r. mia\u0142a miejsce\u00a0 prezentacja nowo\u015bci ksi\u0105\u017ckowych zakupionych w ramach Narodowego Programu Rozwoju Czytelnictwa. Uczniowie wszystkich klas wraz z wychowawcami odwiedzali bibliotek\u0119, przegl\u0105dali nowo\u015bci i rezerwowali te, kt\u00f3re chcieliby jak najpr\u0119dzej przeczyta\u0107. Mogli te\u017c obejrze\u0107 wystaw\u0119 prac plastycznych promuj\u0105cych czytelnictwo oraz napisa\u0107 \u017cyczenia dla biblioteki.<\/p>\n<p><strong>Pasowanie na czytelnika <\/strong><\/p>\n<p>13 listopada 2019 r. odby\u0142o si\u0119 uroczyste pasowanie na czytelnika uczni\u00f3w klas pierwszych. Po obejrzeniu inscenizacji pt. \u201eW ksi\u0105\u017ckowej krainie\u201d dzieci zosta\u0142y zapoznane z zasadami korzystania z biblioteki i z\u0142o\u017cy\u0142y \u015blubowanie czytelnika. Nast\u0119pnie najm\u0142odsi czytelnicy wypo\u017cyczyli ksi\u0105\u017cki \u2013 nowo\u015bci zakupione z Narodowego Programu Rozwoju Czytelnictwa.<\/p>\n<p><strong>\u015awiatowy Dzie\u0144 Pluszowego Misia<\/strong><\/p>\n<p>W tym roku, z okazji 117. urodzin pluszowego misia, w czytelni zosta\u0142a przygotowana wystawa \u201eKsi\u0105\u017cki o misiach\u201d oraz gazetka \u015bcienna \u201eProsz\u0119 pa\u0144stwa oto mi\u015b, czyli misie znane i lubiane\u201d. Podczas zaj\u0119\u0107 bibliotecznych dzieci mog\u0142y pozna\u0107 histori\u0119 powstania pluszowego misia. Najwi\u0119ksz\u0105 atrakcj\u0105 dla najm\u0142odszych uczni\u00f3w naszej szko\u0142y okaza\u0142 si\u0119 jednak \u201eMisiowy bal\u201d z w\u0142asnymi pluszakami, w rytmie misiowych przeboj\u00f3w. Promocji czytelnictwa s\u0142u\u017cy\u0142y te\u017c regularnie przygotowywane wystawy ksi\u0105\u017cek i gazetki \u015bcienne.<\/p>\n<p style=\"text-align: right;\"><em>Wanda Kolman<br \/>\nnauczyciel bibliotekarz Szko\u0142y Podstawowej nr 39 w Cz\u0119stochowie<br \/>\n<\/em><\/p>\n<hr \/>\n<p><span style=\"color: #800000;\"><strong>DZIA\u0141ANIA SZKO\u0141Y PODSTAWOWEJ NR 11 W CZ\u0118STOCHOWIE<\/strong><\/span><\/p>\n<p><strong>Uroczysto\u015b\u0107 pasowania na czytelnika w Szkole Podstawowej nr 11<\/strong><\/p>\n<p>Uczniowie klas pierwszych zostali uroczy\u015bcie pasowani na czytelnik\u00f3w. W \u015brod\u0119 20 listopada\u00a0 przed zjednoczonymi si\u0142ami klas I A i I B wyst\u0105pi\u0142y w roli ksi\u0105\u017cek: Ala, Marta i Kinga z kl. V A, a przyrzeczenie od pierwszak\u00f3w odebra\u0142a pani bibliotekarka. Uczniowie otrzymali na pami\u0105tk\u0119 kolorowe zak\u0142adki i wydrukowane pro\u015bby ksi\u0105\u017cek, przypominaj\u0105ce, jak nale\u017cy traktowa\u0107 te szczeg\u00f3lne przedmioty. Po kr\u00f3tkim przedstawieniu, m\u0142odzi czytelnicy pod opiek\u0105 pa\u0144 wychowawczy\u0144 przysz\u0142y do biblioteki i zapozna\u0142y si\u0119 z regulaminem oraz zasadami wypo\u017cyczania ksi\u0105\u017cek \u2013 wbrew pozorom nie jest to taka prosta sprawa. Pierwszaki wypo\u017cyczy\u0142y swoje pierwsze ksi\u0105\u017ceczki, a po lekcjach przysz\u0142y do czytelni, by w ciszy je czyta\u0107. Od tego dnia nasi najm\u0142odsi uczniowie s\u0105 regularnymi czytelnikami, niemal codziennie przychodz\u0105cymi po now\u0105 ksi\u0105\u017ceczk\u0119.<\/p>\n<p><strong>W go\u015bcinie u Astrid Lindgren, czyli o prezentacji literackiej<\/strong><\/p>\n<p>Podr\u00f3\u017cujemy po ca\u0142ym niemal \u015bwiecie \u2013 my lub nasi znajomi. Wszyscy robi\u0105 zdj\u0119cia, co w dobie przed\u0142u\u017cenia r\u0119ki o smartfon jest ju\u017c standardem. Z pewno\u015bci\u0105 odwiedzili\u015bmy (lub znajomi) miejsca zwi\u0105zane z \u2013 najog\u00f3lniej m\u00f3wi\u0105c \u2013 literatur\u0105. Mo\u017ce to by\u0142o muzeum -Laboratorium Frankensteina w Z\u0105bkowicach \u015al\u0105skich (polecam!), mo\u017ce Sienkiewiczowski Obl\u0119gorek, a mo\u017ce pi\u0119kne biblioteki gdzie\u015b w Polsce lub za granic\u0105\u2026 (Tu w nawiasie podam nadzwyczaj ciekaw\u0105 stron\u0119: muzeumliteratury.pl) Warto znale\u017a\u0107 po powrocie czas i opracowa\u0107 te fotografie \u2013 opisa\u0107, pogrupowa\u0107, zrobi\u0107 prezentacj\u0119 lub slideshow. I pokaza\u0107 uczniom. Wst\u0119p do projektu literackiego gotowy J<\/p>\n<p>Dzi\u0119ki uprzejmo\u015bci kolegi mia\u0142am mo\u017cliwo\u015b\u0107 przygotowa\u0107 prezentacj\u0119 zatytu\u0142owan\u0105 \u201eW go\u015bcinie u Astrid Lindgren oraz bohater\u00f3w jej ksi\u0105\u017cek\u201d. Kolega, sam pisarz, kilka razy odwiedza\u0142 Szwecj\u0119, a poniewa\u017c od dziecka jest wielkim mi\u0142o\u015bnikiem ksi\u0105\u017cek Astrid Lindgren, zwiedzi\u0142 chyba wszystkie miejsca, kt\u00f3re wi\u0105\u017c\u0105 si\u0119 z t\u0105 pisark\u0105 i wspania\u0142omy\u015blnie podzieli\u0142 si\u0119 fotografiami.<\/p>\n<p>Prezentacja, kt\u00f3ra odby\u0142a si\u0119 9 grudnia 2019, przewidziana by\u0142a dla uczni\u00f3w klas II \u2013 III, ale mogli j\u0105 obejrze\u0107 wszyscy zainteresowani. Poniewa\u017c maluchy nie b\u0119d\u0105 przez d\u0142u\u017cszy czas spokojnie ogl\u0105da\u0107 zdj\u0119\u0107, urozmaici\u0142am pokaz kr\u00f3ciutkimi fragmentami film\u00f3w o Pippi, dzieciach z Bullerbyn i Emilu z Lonnebergi (\u201eEmil, do drewutni!\u201d). Dzieci zobaczy\u0142y na zdj\u0119ciach prawdziwe Bullerbyn, to wybudowane na potrzeby filmu, wysp\u0119 na jeziorze, na kt\u00f3rej grasowa\u0142 gro\u017any baran, drewutni\u0119, w kt\u00f3rej zamykano Emila, i jego rze\u017abione figurki\u2026 Naprawd\u0119 mo\u017cemy pozazdro\u015bci\u0107 Szwedom pomys\u0142\u00f3w na promocj\u0119 literatury! Przepi\u0119knie prezentuje si\u0119 teatr pod go\u0142ym niebem, w kt\u00f3rym przez ca\u0142e wakacje odgrywane s\u0105 spektakle na podstawie ksi\u0105\u017cek Lindgren. Niestety, wy\u0142\u0105cznie po szwedzku\u2026<\/p>\n<p>Pokaz zdj\u0119\u0107, rzecz jasna z komentarzami, przyku\u0142 uwag\u0119 ma\u0142ych czytelnik\u00f3w. Uczniowie byli w trakcie czytania zadanej lektury &#8211; \u201eDzieci z Bullerbyn\u201d, zatem z du\u017cym zainteresowaniem ogl\u0105dali rzeczywiste miejsca i domy, kt\u00f3re zainspirowa\u0142y Astrid Lindgren i w kt\u00f3rych toczy si\u0119 akcja ksi\u0105\u017cki. Niekt\u00f3rzy znali tak\u017ce inne postacie stworzone przez szwedzk\u0105 pisark\u0119, dlatego rozpoznali np. Pippi we fragmencie filmu. Emil z Lonnebergi rozbawi\u0142 publiczno\u015b\u0107 swoimi psotami. Wszystkim te\u017c spodoba\u0142a si\u0119 architektura domk\u00f3w z czas\u00f3w dzieci\u0144stwa Astrid, odmienna od naszej.<\/p>\n<p>Prezentacja mo\u017ce by\u0107 wst\u0119pem do projektu zwi\u0105zanego z tw\u00f3rczo\u015bci\u0105 Astrid Lindgren, opartego o ksi\u0105\u017cki dost\u0119pne w bibliotece szkolnej. Dzi\u0119ki Narodowemu Programowi Rozwoju Czytelnictwa nasza biblioteka wzbogaci\u0142a si\u0119 o wiele tytu\u0142\u00f3w, nie tak powszechnie znanych, a kt\u00f3re ju\u017c zosta\u0142y wypo\u017cyczone (np. \u201eMadika z Czerwcowego Wzg\u00f3rza\u201d). Warto przypomina\u0107 pi\u0119kne i warto\u015bciowe ksi\u0105\u017cki, nale\u017c\u0105ce do\u00a0 klasyki literatury dzieci\u0119cej.<\/p>\n<p style=\"text-align: right;\"><em>Agnieszka Duma\u0144ska<\/em><br \/>\n<em>nauczyciel bibliotekarz Szko\u0142y Podstawowej nr 11 w Cz\u0119stochowie<\/em><\/p>\n<p>&nbsp;<\/p>\n<p>&nbsp;<\/p>\n<p>&nbsp;<\/p>\n","protected":false},"excerpt":{"rendered":"<p>DZIA\u0141ANIA SZKO\u0141Y PODSTAWOWEJ NR 53 IM. MARII SK\u0141ODOWSKIEJ-CURIE W CZ\u0118STOCHOWIE Zgodnie z \u00a7 11 Rozporz\u0105dzenia Rady Ministr\u00f3w z dnia 6 pa\u017adziernika 2015 r. w sprawie szczeg\u00f3\u0142owych warunk\u00f3w, form i trybu realizacji Priorytetu 3 \u201eNarodowego Programu Rozwoju Czytelnictwa\u201d wojewoda \u015bl\u0105ski podj\u0105\u0142 decyzj\u0119 o udzieleniu wsparcia finansowego organom prowadz\u0105cym szko\u0142y lub biblioteki pedagogiczne&#8221; &#8211; to informacja o rozstrzygni\u0119ciu naboru wniosk\u00f3w edycji 2018\/ 2019 na stronie \u015al\u0105skiego Urz\u0119du Wojew\u00f3dzkiego w Katowicach. Wniosek Szko\u0142y<span class=\"ellipsis\">&hellip;<\/span><\/p>\n<div class=\"read-more\"><a href=\"https:\/\/pbp.womczest.edu.pl\/new\/promocja-czytelnictwa-nprc-2019-2020\/\">Czytaj wi\u0119cej &#8250;<\/a><\/div>\n<p><!-- end of .read-more --><\/p>\n","protected":false},"author":6,"featured_media":0,"parent":0,"menu_order":0,"comment_status":"closed","ping_status":"closed","template":"","meta":{"footnotes":""},"jetpack_sharing_enabled":true,"jetpack_shortlink":"https:\/\/wp.me\/PgmV4H-3KC","_links":{"self":[{"href":"https:\/\/pbp.womczest.edu.pl\/new\/wp-json\/wp\/v2\/pages\/14422"}],"collection":[{"href":"https:\/\/pbp.womczest.edu.pl\/new\/wp-json\/wp\/v2\/pages"}],"about":[{"href":"https:\/\/pbp.womczest.edu.pl\/new\/wp-json\/wp\/v2\/types\/page"}],"author":[{"embeddable":true,"href":"https:\/\/pbp.womczest.edu.pl\/new\/wp-json\/wp\/v2\/users\/6"}],"replies":[{"embeddable":true,"href":"https:\/\/pbp.womczest.edu.pl\/new\/wp-json\/wp\/v2\/comments?post=14422"}],"version-history":[{"count":8,"href":"https:\/\/pbp.womczest.edu.pl\/new\/wp-json\/wp\/v2\/pages\/14422\/revisions"}],"predecessor-version":[{"id":15040,"href":"https:\/\/pbp.womczest.edu.pl\/new\/wp-json\/wp\/v2\/pages\/14422\/revisions\/15040"}],"wp:attachment":[{"href":"https:\/\/pbp.womczest.edu.pl\/new\/wp-json\/wp\/v2\/media?parent=14422"}],"curies":[{"name":"wp","href":"https:\/\/api.w.org\/{rel}","templated":true}]}}