


{"id":14266,"date":"2019-09-09T09:40:43","date_gmt":"2019-09-09T07:40:43","guid":{"rendered":"https:\/\/pbp.womczest.edu.pl\/new\/?page_id=14266"},"modified":"2020-02-19T09:59:29","modified_gmt":"2020-02-19T08:59:29","slug":"narodowe-czytanie","status":"publish","type":"page","link":"https:\/\/pbp.womczest.edu.pl\/new\/narodowe-czytanie\/","title":{"rendered":"Narodowe Czytanie"},"content":{"rendered":"<p>6 wrze\u015bnia 2019 r. o godz. 12.00 w Auli \u201eForum\u201d Regionalnego O\u015brodka Doskonalenia Nauczycieli \u201eWOM\u201d w Cz\u0119stochowie odby\u0142a si\u0119 kolejna edycja Narodowego Czytania, og\u00f3lnopolskiej akcji pod patronatem Pary Prezydenckiej, zorganizowana przez Publiczn\u0105 Bibliotek\u0119 Pedagogiczn\u0105 RODN \u201eWOM\u201d.<\/p>\n<p>Utwory, wybrane na tegoroczn\u0105 ods\u0142on\u0119 akcji, nale\u017c\u0105ce do kanonu polskiej nowelistyki, przeczytali uczniowie Zespo\u0142u Szk\u00f3\u0142 Samochodowo-Budowlanych w Cz\u0119stochowie. Do wyst\u0119pu przygotowa\u0142a uczni\u00f3w pani Alina Grabna.<\/p>\n<p><em>S\u0142uchaczami <\/em>Narodowego Czytania 2019 by\u0142a m\u0142odzie\u017c cz\u0119stochowskich szk\u00f3\u0142 podstawowych i \u015brednich, nauczyciele oraz przedstawiciele wsp\u00f3\u0142pracuj\u0105cych z Publiczn\u0105 Bibliotek\u0105 Pedagogiczn\u0105 instytucji kulturalnych i o\u015bwiatowych.<\/p>\n<p>T\u0142o dla czytanego tekstu stanowi\u0142a prezentacja multimedialna, a tw\u00f3rczo\u015b\u0107 nowelistyczn\u0105 pisarzy polskich przybli\u017cy\u0142a uczestnikom spotkania okoliczno\u015bciowa wystawa plastyczna.<\/p>\n<p>Ch\u0119tni mieli mo\u017cliwo\u015b\u0107 ostemplowania w\u0142asnych ksi\u0105\u017cek okoliczno\u015bciow\u0105 piecz\u0119ci\u0105, przes\u0142an\u0105 przez Kancelari\u0119 Prezydenta Rzeczypospolitej Polskiej.<\/p>\n<p style=\"text-align: right;\"><em>Izabela Bajor, Justyna Gali\u0144ska<br \/>\n<\/em><a href=\"https:\/\/pbp.womczest.edu.pl\/new\/galeria\/narodowe-czytanie-2019\/\"><strong>galeria<\/strong><\/a><em><br \/>\n<\/em><\/p>\n","protected":false},"excerpt":{"rendered":"<p>6 wrze\u015bnia 2019 r. o godz. 12.00 w Auli \u201eForum\u201d Regionalnego O\u015brodka Doskonalenia Nauczycieli \u201eWOM\u201d w Cz\u0119stochowie odby\u0142a si\u0119 kolejna edycja Narodowego Czytania, og\u00f3lnopolskiej akcji pod patronatem Pary Prezydenckiej, zorganizowana przez Publiczn\u0105 Bibliotek\u0119 Pedagogiczn\u0105 RODN \u201eWOM\u201d. Utwory, wybrane na tegoroczn\u0105 ods\u0142on\u0119 akcji, nale\u017c\u0105ce do kanonu polskiej nowelistyki, przeczytali uczniowie Zespo\u0142u Szk\u00f3\u0142 Samochodowo-Budowlanych w Cz\u0119stochowie. Do wyst\u0119pu przygotowa\u0142a uczni\u00f3w pani Alina Grabna. S\u0142uchaczami Narodowego Czytania 2019 by\u0142a m\u0142odzie\u017c cz\u0119stochowskich szk\u00f3\u0142 podstawowych<span class=\"ellipsis\">&hellip;<\/span><\/p>\n<div class=\"read-more\"><a href=\"https:\/\/pbp.womczest.edu.pl\/new\/narodowe-czytanie\/\">Czytaj wi\u0119cej &#8250;<\/a><\/div>\n<p><!-- end of .read-more --><\/p>\n","protected":false},"author":6,"featured_media":14262,"parent":0,"menu_order":0,"comment_status":"closed","ping_status":"closed","template":"","meta":{"footnotes":""},"jetpack_sharing_enabled":true,"jetpack_shortlink":"https:\/\/wp.me\/PgmV4H-3I6","_links":{"self":[{"href":"https:\/\/pbp.womczest.edu.pl\/new\/wp-json\/wp\/v2\/pages\/14266"}],"collection":[{"href":"https:\/\/pbp.womczest.edu.pl\/new\/wp-json\/wp\/v2\/pages"}],"about":[{"href":"https:\/\/pbp.womczest.edu.pl\/new\/wp-json\/wp\/v2\/types\/page"}],"author":[{"embeddable":true,"href":"https:\/\/pbp.womczest.edu.pl\/new\/wp-json\/wp\/v2\/users\/6"}],"replies":[{"embeddable":true,"href":"https:\/\/pbp.womczest.edu.pl\/new\/wp-json\/wp\/v2\/comments?post=14266"}],"version-history":[{"count":3,"href":"https:\/\/pbp.womczest.edu.pl\/new\/wp-json\/wp\/v2\/pages\/14266\/revisions"}],"predecessor-version":[{"id":15278,"href":"https:\/\/pbp.womczest.edu.pl\/new\/wp-json\/wp\/v2\/pages\/14266\/revisions\/15278"}],"wp:featuredmedia":[{"embeddable":true,"href":"https:\/\/pbp.womczest.edu.pl\/new\/wp-json\/wp\/v2\/media\/14262"}],"wp:attachment":[{"href":"https:\/\/pbp.womczest.edu.pl\/new\/wp-json\/wp\/v2\/media?parent=14266"}],"curies":[{"name":"wp","href":"https:\/\/api.w.org\/{rel}","templated":true}]}}