


{"id":14166,"date":"2019-07-30T14:17:26","date_gmt":"2019-07-30T12:17:26","guid":{"rendered":"https:\/\/pbp.womczest.edu.pl\/new\/?page_id=14166"},"modified":"2019-07-30T14:23:12","modified_gmt":"2019-07-30T12:23:12","slug":"narodowe-czytanie-2018-2-2","status":"publish","type":"page","link":"https:\/\/pbp.womczest.edu.pl\/new\/kontakt\/lubliniec\/konkursy-filia-lubliniec\/narodowe-czytanie-2018-2-2\/","title":{"rendered":"KONKURS \u201eWIELKA LIGA CZYTELNIK\u00d3W\u201d 2018\/2019 \u2013 WYNIKI ETAPU POWIATOWEGO"},"content":{"rendered":"<p><em><strong>\u00a0<\/strong><\/em><img decoding=\"async\" loading=\"lazy\" class=\"wp-image-13356 alignleft\" src=\"https:\/\/pbp.womczest.edu.pl\/new\/wp-content\/uploads\/2019\/03\/wielka-liga-logo-300x274.jpg\" alt=\"\" width=\"155\" height=\"142\" srcset=\"https:\/\/pbp.womczest.edu.pl\/new\/wp-content\/uploads\/2019\/03\/wielka-liga-logo.jpg 300w, https:\/\/pbp.womczest.edu.pl\/new\/wp-content\/uploads\/2019\/03\/wielka-liga-logo-100x91.jpg 100w, https:\/\/pbp.womczest.edu.pl\/new\/wp-content\/uploads\/2019\/03\/wielka-liga-logo-150x137.jpg 150w, https:\/\/pbp.womczest.edu.pl\/new\/wp-content\/uploads\/2019\/03\/wielka-liga-logo-200x183.jpg 200w\" sizes=\"(max-width: 155px) 100vw, 155px\" \/>Uprzejmie informujemy, \u017ce\u00a0do\u00a0wojew\u00f3dzkiego etapu Wielkiej Ligii Czytelnik\u00f3w zakwalifikowa\u0142y si\u0119 dru\u017cyny:<\/p>\n<p><b>W\u00a0kategorii klas I \u2013 IV zwyci\u0119\u017cy\u0142a dru\u017cyna ze Szko\u0142y Podstawowej im. Wandy i Bronis\u0142awy Kawy <\/b><\/p>\n<p>w Ko\u015bmidrach<\/p>\n<p>Szymon Majdzik<\/p>\n<p>Tomasz Pietrucha<\/p>\n<p>Igor Urba\u0144czyk<\/p>\n<p><b>W\u00a0kategorii klas V \u2013 VIII zwyci\u0119\u017cy\u0142a dru\u017cyna ze Szko\u0142y Podstawowej im. Jana Paw\u0142a II w Psarach \u00a0<\/b><\/p>\n<p>Kamil Syguda<\/p>\n<p>Emilia Gorol<\/p>\n<p><img decoding=\"async\" loading=\"lazy\" class=\" wp-image-13358 aligncenter\" src=\"https:\/\/pbp.womczest.edu.pl\/new\/wp-content\/uploads\/2019\/03\/Bez-tytu\u0142u-300x153.png\" alt=\"\" width=\"337\" height=\"172\" srcset=\"https:\/\/pbp.womczest.edu.pl\/new\/wp-content\/uploads\/2019\/03\/Bez-tytu\u0142u-300x153.png 300w, https:\/\/pbp.womczest.edu.pl\/new\/wp-content\/uploads\/2019\/03\/Bez-tytu\u0142u-100x51.png 100w, https:\/\/pbp.womczest.edu.pl\/new\/wp-content\/uploads\/2019\/03\/Bez-tytu\u0142u-150x76.png 150w, https:\/\/pbp.womczest.edu.pl\/new\/wp-content\/uploads\/2019\/03\/Bez-tytu\u0142u-200x102.png 200w, https:\/\/pbp.womczest.edu.pl\/new\/wp-content\/uploads\/2019\/03\/Bez-tytu\u0142u-450x229.png 450w, https:\/\/pbp.womczest.edu.pl\/new\/wp-content\/uploads\/2019\/03\/Bez-tytu\u0142u-600x305.png 600w, https:\/\/pbp.womczest.edu.pl\/new\/wp-content\/uploads\/2019\/03\/Bez-tytu\u0142u.png 605w\" sizes=\"(max-width: 337px) 100vw, 337px\" \/><\/p>\n","protected":false},"excerpt":{"rendered":"<p>\u00a0Uprzejmie informujemy, \u017ce\u00a0do\u00a0wojew\u00f3dzkiego etapu Wielkiej Ligii Czytelnik\u00f3w zakwalifikowa\u0142y si\u0119 dru\u017cyny: W\u00a0kategorii klas I \u2013 IV zwyci\u0119\u017cy\u0142a dru\u017cyna ze Szko\u0142y Podstawowej im. Wandy i Bronis\u0142awy Kawy w Ko\u015bmidrach Szymon Majdzik Tomasz Pietrucha Igor Urba\u0144czyk W\u00a0kategorii klas V \u2013 VIII zwyci\u0119\u017cy\u0142a dru\u017cyna ze Szko\u0142y Podstawowej im. Jana Paw\u0142a II w Psarach \u00a0 Kamil Syguda Emilia Gorol<\/p>\n","protected":false},"author":4,"featured_media":0,"parent":3684,"menu_order":0,"comment_status":"closed","ping_status":"closed","template":"","meta":{"footnotes":""},"jetpack_sharing_enabled":true,"jetpack_shortlink":"https:\/\/wp.me\/PgmV4H-3Gu","_links":{"self":[{"href":"https:\/\/pbp.womczest.edu.pl\/new\/wp-json\/wp\/v2\/pages\/14166"}],"collection":[{"href":"https:\/\/pbp.womczest.edu.pl\/new\/wp-json\/wp\/v2\/pages"}],"about":[{"href":"https:\/\/pbp.womczest.edu.pl\/new\/wp-json\/wp\/v2\/types\/page"}],"author":[{"embeddable":true,"href":"https:\/\/pbp.womczest.edu.pl\/new\/wp-json\/wp\/v2\/users\/4"}],"replies":[{"embeddable":true,"href":"https:\/\/pbp.womczest.edu.pl\/new\/wp-json\/wp\/v2\/comments?post=14166"}],"version-history":[{"count":4,"href":"https:\/\/pbp.womczest.edu.pl\/new\/wp-json\/wp\/v2\/pages\/14166\/revisions"}],"predecessor-version":[{"id":14172,"href":"https:\/\/pbp.womczest.edu.pl\/new\/wp-json\/wp\/v2\/pages\/14166\/revisions\/14172"}],"up":[{"embeddable":true,"href":"https:\/\/pbp.womczest.edu.pl\/new\/wp-json\/wp\/v2\/pages\/3684"}],"wp:attachment":[{"href":"https:\/\/pbp.womczest.edu.pl\/new\/wp-json\/wp\/v2\/media?parent=14166"}],"curies":[{"name":"wp","href":"https:\/\/api.w.org\/{rel}","templated":true}]}}