


{"id":14163,"date":"2019-07-30T14:14:40","date_gmt":"2019-07-30T12:14:40","guid":{"rendered":"https:\/\/pbp.womczest.edu.pl\/new\/?page_id=14163"},"modified":"2019-07-30T14:16:04","modified_gmt":"2019-07-30T12:16:04","slug":"wakacje-w-bibliotece-2018","status":"publish","type":"page","link":"https:\/\/pbp.womczest.edu.pl\/new\/kontakt\/lubliniec\/inne-wydarzenia\/wakacje-w-bibliotece-2018\/","title":{"rendered":"Wakacje w bibliotece 2018"},"content":{"rendered":"<div class=\"o-ms-fk\">\n<div>\n<div class=\"p4a\">\n<div class=\"ebc vF\">\n<p><img decoding=\"async\" loading=\"lazy\" class=\"wp-image-12148 alignleft\" src=\"https:\/\/pbp.womczest.edu.pl\/new\/wp-content\/uploads\/2018\/07\/20180706_1408401-300x169.jpg\" alt=\"\" width=\"204\" height=\"115\" srcset=\"https:\/\/pbp.womczest.edu.pl\/new\/wp-content\/uploads\/2018\/07\/20180706_1408401-300x169.jpg 300w, https:\/\/pbp.womczest.edu.pl\/new\/wp-content\/uploads\/2018\/07\/20180706_1408401-768x432.jpg 768w, https:\/\/pbp.womczest.edu.pl\/new\/wp-content\/uploads\/2018\/07\/20180706_1408401-1000x563.jpg 1000w, https:\/\/pbp.womczest.edu.pl\/new\/wp-content\/uploads\/2018\/07\/20180706_1408401-100x56.jpg 100w, https:\/\/pbp.womczest.edu.pl\/new\/wp-content\/uploads\/2018\/07\/20180706_1408401-150x84.jpg 150w, https:\/\/pbp.womczest.edu.pl\/new\/wp-content\/uploads\/2018\/07\/20180706_1408401-200x113.jpg 200w, https:\/\/pbp.womczest.edu.pl\/new\/wp-content\/uploads\/2018\/07\/20180706_1408401-450x253.jpg 450w, https:\/\/pbp.womczest.edu.pl\/new\/wp-content\/uploads\/2018\/07\/20180706_1408401-600x338.jpg 600w, https:\/\/pbp.womczest.edu.pl\/new\/wp-content\/uploads\/2018\/07\/20180706_1408401-900x506.jpg 900w\" sizes=\"(max-width: 204px) 100vw, 204px\" \/><\/p>\n<p>06.07.2018 r. nauczyciele bibliotekarze Publicznej Biblioteki Pedagogicznej RODN \u201eWOM\u201d w Cz\u0119stochowie Filia w Lubli\u0144cu zorganizowali w\u00a0Domu Spotka\u0144 Wiejskich w Rusinowicach zaj\u0119cia plastyczne dla dzieci. Dziewczynki i ch\u0142opcy w wieku od 5 do 11 lat two<img decoding=\"async\" loading=\"lazy\" class=\"wp-image-12147 alignright\" src=\"https:\/\/pbp.womczest.edu.pl\/new\/wp-content\/uploads\/2018\/07\/20180706_14084011-300x169.jpg\" alt=\"\" width=\"209\" height=\"118\" srcset=\"https:\/\/pbp.womczest.edu.pl\/new\/wp-content\/uploads\/2018\/07\/20180706_14084011-300x169.jpg 300w, https:\/\/pbp.womczest.edu.pl\/new\/wp-content\/uploads\/2018\/07\/20180706_14084011-768x432.jpg 768w, https:\/\/pbp.womczest.edu.pl\/new\/wp-content\/uploads\/2018\/07\/20180706_14084011-1000x563.jpg 1000w, https:\/\/pbp.womczest.edu.pl\/new\/wp-content\/uploads\/2018\/07\/20180706_14084011-100x56.jpg 100w, https:\/\/pbp.womczest.edu.pl\/new\/wp-content\/uploads\/2018\/07\/20180706_14084011-150x84.jpg 150w, https:\/\/pbp.womczest.edu.pl\/new\/wp-content\/uploads\/2018\/07\/20180706_14084011-200x113.jpg 200w, https:\/\/pbp.womczest.edu.pl\/new\/wp-content\/uploads\/2018\/07\/20180706_14084011-450x253.jpg 450w, https:\/\/pbp.womczest.edu.pl\/new\/wp-content\/uploads\/2018\/07\/20180706_14084011-600x338.jpg 600w, https:\/\/pbp.womczest.edu.pl\/new\/wp-content\/uploads\/2018\/07\/20180706_14084011-900x506.jpg 900w\" sizes=\"(max-width: 209px) 100vw, 209px\" \/>rzyli kolorowe, papierowe figurki origami: \u017caby, serca i motyle.<\/p>\n<p>Podczas zabawy dzieci opowiada\u0142y o\u00a0swoich wakacyjnych planach.<\/p>\n<\/div>\n<\/div>\n<\/div>\n<\/div>\n<p>&nbsp;<\/p>\n","protected":false},"excerpt":{"rendered":"<p>06.07.2018 r. nauczyciele bibliotekarze Publicznej Biblioteki Pedagogicznej RODN \u201eWOM\u201d w Cz\u0119stochowie Filia w Lubli\u0144cu zorganizowali w\u00a0Domu Spotka\u0144 Wiejskich w Rusinowicach zaj\u0119cia plastyczne dla dzieci. Dziewczynki i ch\u0142opcy w wieku od 5 do 11 lat tworzyli kolorowe, papierowe figurki origami: \u017caby, serca i motyle. Podczas zabawy dzieci opowiada\u0142y o\u00a0swoich wakacyjnych planach. &nbsp;<\/p>\n","protected":false},"author":4,"featured_media":0,"parent":7619,"menu_order":0,"comment_status":"closed","ping_status":"closed","template":"","meta":{"footnotes":""},"jetpack_sharing_enabled":true,"jetpack_shortlink":"https:\/\/wp.me\/PgmV4H-3Gr","_links":{"self":[{"href":"https:\/\/pbp.womczest.edu.pl\/new\/wp-json\/wp\/v2\/pages\/14163"}],"collection":[{"href":"https:\/\/pbp.womczest.edu.pl\/new\/wp-json\/wp\/v2\/pages"}],"about":[{"href":"https:\/\/pbp.womczest.edu.pl\/new\/wp-json\/wp\/v2\/types\/page"}],"author":[{"embeddable":true,"href":"https:\/\/pbp.womczest.edu.pl\/new\/wp-json\/wp\/v2\/users\/4"}],"replies":[{"embeddable":true,"href":"https:\/\/pbp.womczest.edu.pl\/new\/wp-json\/wp\/v2\/comments?post=14163"}],"version-history":[{"count":1,"href":"https:\/\/pbp.womczest.edu.pl\/new\/wp-json\/wp\/v2\/pages\/14163\/revisions"}],"predecessor-version":[{"id":14164,"href":"https:\/\/pbp.womczest.edu.pl\/new\/wp-json\/wp\/v2\/pages\/14163\/revisions\/14164"}],"up":[{"embeddable":true,"href":"https:\/\/pbp.womczest.edu.pl\/new\/wp-json\/wp\/v2\/pages\/7619"}],"wp:attachment":[{"href":"https:\/\/pbp.womczest.edu.pl\/new\/wp-json\/wp\/v2\/media?parent=14163"}],"curies":[{"name":"wp","href":"https:\/\/api.w.org\/{rel}","templated":true}]}}