


{"id":14129,"date":"2019-07-25T11:57:26","date_gmt":"2019-07-25T09:57:26","guid":{"rendered":"https:\/\/pbp.womczest.edu.pl\/new\/?page_id=14129"},"modified":"2019-07-25T12:01:25","modified_gmt":"2019-07-25T10:01:25","slug":"powiatowy-miedzyszkolny-konkurs-czytelniczyczytam-bo-lubie","status":"publish","type":"page","link":"https:\/\/pbp.womczest.edu.pl\/new\/kontakt\/lubliniec\/konkursy-filia-lubliniec\/powiatowy-miedzyszkolny-konkurs-czytelniczyczytam-bo-lubie\/","title":{"rendered":"POWIATOWY MI\u0118DZYSZKOLNY KONKURS CZYTELNICZY &#8222;CZYTAM BO LUBI\u0118&#8221; 2019"},"content":{"rendered":"<p><img decoding=\"async\" loading=\"lazy\" class=\" wp-image-13479 alignleft\" src=\"https:\/\/pbp.womczest.edu.pl\/new\/wp-content\/uploads\/2019\/03\/IMG_20190318_122412081-300x181.jpg\" alt=\"\" width=\"239\" height=\"144\" srcset=\"https:\/\/pbp.womczest.edu.pl\/new\/wp-content\/uploads\/2019\/03\/IMG_20190318_122412081-300x181.jpg 300w, https:\/\/pbp.womczest.edu.pl\/new\/wp-content\/uploads\/2019\/03\/IMG_20190318_122412081-768x464.jpg 768w, https:\/\/pbp.womczest.edu.pl\/new\/wp-content\/uploads\/2019\/03\/IMG_20190318_122412081-1000x605.jpg 1000w, https:\/\/pbp.womczest.edu.pl\/new\/wp-content\/uploads\/2019\/03\/IMG_20190318_122412081-100x60.jpg 100w, https:\/\/pbp.womczest.edu.pl\/new\/wp-content\/uploads\/2019\/03\/IMG_20190318_122412081-150x91.jpg 150w, https:\/\/pbp.womczest.edu.pl\/new\/wp-content\/uploads\/2019\/03\/IMG_20190318_122412081-200x121.jpg 200w, https:\/\/pbp.womczest.edu.pl\/new\/wp-content\/uploads\/2019\/03\/IMG_20190318_122412081-450x272.jpg 450w, https:\/\/pbp.womczest.edu.pl\/new\/wp-content\/uploads\/2019\/03\/IMG_20190318_122412081-600x363.jpg 600w, https:\/\/pbp.womczest.edu.pl\/new\/wp-content\/uploads\/2019\/03\/IMG_20190318_122412081-900x544.jpg 900w\" sizes=\"(max-width: 239px) 100vw, 239px\" \/>18 marca 2019 r. w Szkole Podstawowej nr 3 w Lubli\u0144cu odby\u0142 si\u0119 Powiatowy Mi\u0119dzyszkolny Konkurs Czytelniczy &#8222;Czytam \u00a0bo lubi\u0119&#8221;, kt\u00f3rego byli\u015bmy wsp\u00f3\u0142organizatorami. Tematem konkursu by\u0142y przygody &#8222;Miko\u0142ajka&#8221;. Uczestnicy rozwi\u0105zywali test ze znajomo\u015bci tre\u015bci ksi\u0105\u017cki o przygodach Miko\u0142ajka. Nast\u0119pnie mieli do wykonania zadania:<\/p>\n<p>&#8211; uk\u0142adanie puzzli z portretem Miko\u0142ajka,<br \/>\n&#8211; projektowanie okular\u00f3w dla Ananiasza,<br \/>\n&#8211; opisanie przygody zwi\u0105zanej z wylosowanym rekwizytem,<br \/>\n&#8211; rozkodowanie zaszyfrowanych zda\u0144.<\/p>\n<p>Po podliczeniu punkt\u00f3w komisja wy\u0142oni\u0142a zwyci\u0119zc\u00f3w:<img decoding=\"async\" loading=\"lazy\" class=\" wp-image-13480 alignright\" src=\"https:\/\/pbp.womczest.edu.pl\/new\/wp-content\/uploads\/2019\/03\/IMG_20190318_122423005_HDR-300x198.jpg\" alt=\"\" width=\"264\" height=\"174\" srcset=\"https:\/\/pbp.womczest.edu.pl\/new\/wp-content\/uploads\/2019\/03\/IMG_20190318_122423005_HDR-300x198.jpg 300w, https:\/\/pbp.womczest.edu.pl\/new\/wp-content\/uploads\/2019\/03\/IMG_20190318_122423005_HDR-768x508.jpg 768w, https:\/\/pbp.womczest.edu.pl\/new\/wp-content\/uploads\/2019\/03\/IMG_20190318_122423005_HDR-1000x662.jpg 1000w, https:\/\/pbp.womczest.edu.pl\/new\/wp-content\/uploads\/2019\/03\/IMG_20190318_122423005_HDR-100x66.jpg 100w, https:\/\/pbp.womczest.edu.pl\/new\/wp-content\/uploads\/2019\/03\/IMG_20190318_122423005_HDR-150x99.jpg 150w, https:\/\/pbp.womczest.edu.pl\/new\/wp-content\/uploads\/2019\/03\/IMG_20190318_122423005_HDR-200x132.jpg 200w, https:\/\/pbp.womczest.edu.pl\/new\/wp-content\/uploads\/2019\/03\/IMG_20190318_122423005_HDR-450x298.jpg 450w, https:\/\/pbp.womczest.edu.pl\/new\/wp-content\/uploads\/2019\/03\/IMG_20190318_122423005_HDR-600x397.jpg 600w, https:\/\/pbp.womczest.edu.pl\/new\/wp-content\/uploads\/2019\/03\/IMG_20190318_122423005_HDR-900x595.jpg 900w\" sizes=\"(max-width: 264px) 100vw, 264px\" \/><\/p>\n<p>I miejsce \u2013 uczennice SP w \u0141agiewnikach Ma\u0142ych,<br \/>\nII miejsce &#8211; uczennice SP w Strzebiniu,<br \/>\nIII miejsce &#8211; uczennice SP w Pawonkowie.<\/p>\n<p>Podczas przerwy dzieci ogl\u0105da\u0142y teatrzyk \u201eSmok Wawelski\u201d przygotowany przez naszych pracownik\u00f3w i bibliotekarza Miejsko-Powiatowej Biblioteki w Lubli\u0144cu.<\/p>\n<p>Laureaci otrzymali nagrody ksi\u0105\u017ckowe i dyplomy a pozostali uczestnicy nagrody pocieszenia i dyplomy.<\/p>\n<p>Szczeg\u00f3\u0142y na stronie: <a href=\"https:\/\/bibliotekasp3.wixsite.com\/bibliotekasp3\/konkursy\">https:\/\/bibliotekasp3.wixsite.com\/bibliotekasp3\/konkursy<\/a><\/p>\n<p>oraz: <a href=\"https:\/\/bibliotekasp3.wixsite.com\/bibliotekasp3\/czytam-sobie-na-przerwie-w-bibliotece\">https:\/\/bibliotekasp3.wixsite.com\/bibliotekasp3\/czytam-sobie-na-przerwie-w-bibliotece<\/a><\/p>\n","protected":false},"excerpt":{"rendered":"<p>18 marca 2019 r. w Szkole Podstawowej nr 3 w Lubli\u0144cu odby\u0142 si\u0119 Powiatowy Mi\u0119dzyszkolny Konkurs Czytelniczy &#8222;Czytam \u00a0bo lubi\u0119&#8221;, kt\u00f3rego byli\u015bmy wsp\u00f3\u0142organizatorami. Tematem konkursu by\u0142y przygody &#8222;Miko\u0142ajka&#8221;. Uczestnicy rozwi\u0105zywali test ze znajomo\u015bci tre\u015bci ksi\u0105\u017cki o przygodach Miko\u0142ajka. Nast\u0119pnie mieli do wykonania zadania: &#8211; uk\u0142adanie puzzli z portretem Miko\u0142ajka, &#8211; projektowanie okular\u00f3w dla Ananiasza, &#8211; opisanie przygody zwi\u0105zanej z wylosowanym rekwizytem, &#8211; rozkodowanie zaszyfrowanych zda\u0144. Po podliczeniu punkt\u00f3w komisja wy\u0142oni\u0142a<span class=\"ellipsis\">&hellip;<\/span><\/p>\n<div class=\"read-more\"><a href=\"https:\/\/pbp.womczest.edu.pl\/new\/kontakt\/lubliniec\/konkursy-filia-lubliniec\/powiatowy-miedzyszkolny-konkurs-czytelniczyczytam-bo-lubie\/\">Czytaj wi\u0119cej &#8250;<\/a><\/div>\n<p><!-- end of .read-more --><\/p>\n","protected":false},"author":4,"featured_media":0,"parent":3684,"menu_order":0,"comment_status":"closed","ping_status":"closed","template":"","meta":{"footnotes":""},"jetpack_sharing_enabled":true,"jetpack_shortlink":"https:\/\/wp.me\/PgmV4H-3FT","_links":{"self":[{"href":"https:\/\/pbp.womczest.edu.pl\/new\/wp-json\/wp\/v2\/pages\/14129"}],"collection":[{"href":"https:\/\/pbp.womczest.edu.pl\/new\/wp-json\/wp\/v2\/pages"}],"about":[{"href":"https:\/\/pbp.womczest.edu.pl\/new\/wp-json\/wp\/v2\/types\/page"}],"author":[{"embeddable":true,"href":"https:\/\/pbp.womczest.edu.pl\/new\/wp-json\/wp\/v2\/users\/4"}],"replies":[{"embeddable":true,"href":"https:\/\/pbp.womczest.edu.pl\/new\/wp-json\/wp\/v2\/comments?post=14129"}],"version-history":[{"count":2,"href":"https:\/\/pbp.womczest.edu.pl\/new\/wp-json\/wp\/v2\/pages\/14129\/revisions"}],"predecessor-version":[{"id":14131,"href":"https:\/\/pbp.womczest.edu.pl\/new\/wp-json\/wp\/v2\/pages\/14129\/revisions\/14131"}],"up":[{"embeddable":true,"href":"https:\/\/pbp.womczest.edu.pl\/new\/wp-json\/wp\/v2\/pages\/3684"}],"wp:attachment":[{"href":"https:\/\/pbp.womczest.edu.pl\/new\/wp-json\/wp\/v2\/media?parent=14129"}],"curies":[{"name":"wp","href":"https:\/\/api.w.org\/{rel}","templated":true}]}}