


{"id":14121,"date":"2019-07-25T10:22:47","date_gmt":"2019-07-25T08:22:47","guid":{"rendered":"https:\/\/pbp.womczest.edu.pl\/new\/?page_id=14121"},"modified":"2019-07-25T11:55:30","modified_gmt":"2019-07-25T09:55:30","slug":"relacja-z-podsumowania-konkursow-czytelniczych","status":"publish","type":"page","link":"https:\/\/pbp.womczest.edu.pl\/new\/kontakt\/lelow\/konkursy-filia-lelow\/relacja-z-podsumowania-konkursow-czytelniczych\/","title":{"rendered":"\u00a0RELACJA Z PODSUMOWANIA KONKURS\u00d3W CZYTELNICZYCH"},"content":{"rendered":"<hr \/>\n<p><img decoding=\"async\" loading=\"lazy\" class=\" wp-image-12830 alignleft\" src=\"https:\/\/pbp.womczest.edu.pl\/new\/wp-content\/uploads\/2018\/12\/1045-300x174.jpg\" alt=\"\" width=\"235\" height=\"136\" srcset=\"https:\/\/pbp.womczest.edu.pl\/new\/wp-content\/uploads\/2018\/12\/1045-300x174.jpg 300w, https:\/\/pbp.womczest.edu.pl\/new\/wp-content\/uploads\/2018\/12\/1045-100x58.jpg 100w, https:\/\/pbp.womczest.edu.pl\/new\/wp-content\/uploads\/2018\/12\/1045-150x87.jpg 150w, https:\/\/pbp.womczest.edu.pl\/new\/wp-content\/uploads\/2018\/12\/1045-200x116.jpg 200w, https:\/\/pbp.womczest.edu.pl\/new\/wp-content\/uploads\/2018\/12\/1045-450x262.jpg 450w, https:\/\/pbp.womczest.edu.pl\/new\/wp-content\/uploads\/2018\/12\/1045-600x349.jpg 600w, https:\/\/pbp.womczest.edu.pl\/new\/wp-content\/uploads\/2018\/12\/1045.jpg 688w\" sizes=\"(max-width: 235px) 100vw, 235px\" \/>10 grudnia 2018 roku w Szkole Podstawowej Zespo\u0142u Szkolno Przedszkolnego w Lelowie odby\u0142 si\u0119 apel zorganizowany przez Publiczn\u0105 Bibliotek\u0119 Pedagogiczn\u0105 RODN \u201eWOM\u201d w Cz\u0119stochowie Filia w Lelowie i Bibliotek\u0119 Szkoln\u0105 Zespo\u0142u Szkolno Przedszkolnego w Lelowie.<\/p>\n<p>Spotkanie mia\u0142o na celu w\u0142\u0105czenie si\u0119 w obchody \u00a0Mi\u0119dzynarodowego Miesi\u0105ca Bibliotek Szkolnych oraz uczczenie obchod\u00f3w 100-lecia odzyskania przez Polsk\u0119 Niepodleg\u0142o\u015bci.<\/p>\n<p>Z tej okazji w pa\u017adzierniku i listopadzie zosta\u0142y zorganizowane dwa konkursy szkolne.<\/p>\n<p><strong><em>Ksi\u0105\u017cka przysz\u0142o\u015bci<\/em><\/strong><\/p>\n<p>Do konkursu przyst\u0105pili uczniowie klas IV &#8211; VI Szko\u0142y Podstawowej Zespo\u0142u Szkolno Przedszkolnego w Lelowie. Zadaniem uczestnik\u00f3w konkursu by\u0142o wykonanie ksi\u0105\u017cki przysz\u0142o\u015bci w oparciu o w\u0142asn\u0105 wizj\u0119.<\/p>\n<p>Komisja konkursowa przyzna\u0142a nast\u0119puj\u0105ce miejsca:<\/p>\n<p><strong>I miejsce<\/strong> \u2013 Aleksandra Madej \u2013 kl. VI<\/p>\n<p><strong>II miejsce<\/strong> \u2013 Marta Bo\u017cek \u2013 kl. IV a<\/p>\n<p><strong>III miejsce<\/strong> \u2013 Marcin Kowalik \u2013 kl. IV a<\/p>\n<p>Hubert Ptasik &#8211;\u00a0 kl. IV a<\/p>\n<p>Konrad Zasu\u0144 \u2013 kl.-\u00a0 IV a<\/p>\n<p><strong>Wyr\u00f3\u017cnienie <\/strong>\u2013 Albert Labocha \u2013 kl. IV b<\/p>\n<p>And\u017celika Latosi\u0144ska \u2013 kl. VI<\/p>\n<p>Laureaci otrzymali dyplomy i nagrody ksi\u0105\u017ckowe.<\/p>\n<p><em><strong>Droga do niepodleg\u0142o\u015bci \u2013 konkurs \u0142adnego pisania<\/strong><\/em><br \/>\n<em><strong>&#8211; O Dyrektorskie pi\u00f3ro<\/strong><\/em><\/p>\n<p>Konkurs skierowany by\u0142 do uczni\u00f3w klasy VII,\u00a0 VIII Szko\u0142y Podstawowej oraz III a, III\u00a0 s Gimnazjum Zespo\u0142u Szkolno Przedszkolnego w Lelowie.<\/p>\n<p>Zadaniem uczestnik\u00f3w konkursu by\u0142o odr\u0119czne napisanie wybranego tekstu o tematyce niepodleg\u0142o\u015bciowej, dowolnym narz\u0119dziem ( pi\u00f3ro, d\u0142ugopis, o\u0142\u00f3wek itp.). Praca mog\u0142a zawiera\u0107 autorskie ilustracje, ornamenty i ozdobniki.<\/p>\n<p><strong>Dyrektorskie pi\u00f3ro otrzymali:<\/strong><\/p>\n<p>Weronika Ha\u0142adus\u00a0 \u2013 kl. III a \u2013 <strong>I miejsce<\/strong><\/p>\n<p>Agata Gorzkowska \u2013 kl. III s \u2013 <strong>II miejsce<\/strong><\/p>\n<p>Natalia Kitala\u00a0 \u2013 kl. III s \u2013 <strong>III miejsce<\/strong><\/p>\n<p>Kacper Gorczyczy\u0144ski-\u00a0 kl. III a \u2013 <strong>III miejsce<\/strong><\/p>\n<p>Wszyscy uczestnicy konkursu otrzymali pami\u0105tkowe dyplomy.<\/p>\n<p>Podczas apelu uczniowie przypomnieli kr\u00f3tk\u0105 histori\u0119 samego \u015bwi\u0119ta, rol\u0119 biblioteki i ksi\u0105\u017cki<\/p>\n<p>w \u017cyciu szko\u0142y i ucznia, recytowali wiersze o ksi\u0105\u017cce i czytaniu, odgadywali zagadki literackie.<\/p>\n<p>Prace konkursowe uczniowie mog\u0105 ogl\u0105da\u0107 na wystawce w bibliotece szkolnej.<\/p>\n<p>Na zako\u0144czenie spotkania podzi\u0119kowali\u015bmy wszystkim za udzia\u0142 i zaanga\u017cowanie oraz zach\u0119cili\u015bmy do wypo\u017cyczania i czytania ksi\u0105\u017cek pami\u0119taj\u0105c o s\u0142owach naszej noblistki<\/p>\n<p>Wis\u0142awy Szymborskiej <strong>\u201e<em>Czytanie ksi\u0105\u017cek to najpi\u0119kniejsza zabawa, jak\u0105 sobie ludzko\u015b\u0107 wymy\u015bli\u0142a\u201d.<\/em><\/strong><\/p>\n<p><strong><em>Serdecznie dzi\u0119kujemy za wsp\u00f3\u0142prac\u0119 pani Renacie Wawer i Agnieszce Kowalik.<\/em><\/strong><\/p>\n<p><em>tekst i zdj\u0119cia: Jadwiga G\u00f3recka<br \/>\n<\/em><\/p>\n<style id=\"bwg-style-0\">    #bwg_container1_0 #bwg_container2_0 .bwg-container-0.bwg-standard-thumbnails {      width: 904px;              justify-content: center;        margin:0 auto !important;              background-color: rgba(255, 255, 255, 0.00);            padding-left: 4px;      padding-top: 4px;      max-width: 100%;            }        #bwg_container1_0 #bwg_container2_0 .bwg-container-0.bwg-standard-thumbnails .bwg-item {    justify-content: flex-start;      max-width: 180px;            width: 180px !important;          }    #bwg_container1_0 #bwg_container2_0 .bwg-container-0.bwg-standard-thumbnails .bwg-item a {       margin-right: 4px;       margin-bottom: 4px;    }    #bwg_container1_0 #bwg_container2_0 .bwg-container-0.bwg-standard-thumbnails .bwg-item0 {      padding: 0px;            background-color:rgba(255,255,255, 0.30);      border: 0px none #CCCCCC;      opacity: 1.00;      border-radius: 0;      box-shadow: 0px 0px 0px #888888;    }    #bwg_container1_0 #bwg_container2_0 .bwg-container-0.bwg-standard-thumbnails .bwg-item1 img {      max-height: none;      max-width: none;      padding: 0 !important;    }        @media only screen and (min-width: 480px) {      #bwg_container1_0 #bwg_container2_0 .bwg-container-0.bwg-standard-thumbnails .bwg-item0 {        transition: all 0.3s ease 0s;-webkit-transition: all 0.3s ease 0s;      }      #bwg_container1_0 #bwg_container2_0 .bwg-container-0.bwg-standard-thumbnails .bwg-item0:hover {        -ms-transform: scale(1.1);        -webkit-transform: scale(1.1);        transform: scale(1.1);      }    }          #bwg_container1_0 #bwg_container2_0 .bwg-container-0.bwg-standard-thumbnails .bwg-item1 {      padding-top: 50%;    }        #bwg_container1_0 #bwg_container2_0 .bwg-container-0.bwg-standard-thumbnails .bwg-title2,    #bwg_container1_0 #bwg_container2_0 .bwg-container-0.bwg-standard-thumbnails .bwg-ecommerce2 {      color: #CCCCCC;      font-family: segoe ui;      font-size: 16px;      font-weight: bold;      padding: 2px;      text-shadow: 0px 0px 0px #888888;      max-height: 100%;    }    #bwg_container1_0 #bwg_container2_0 .bwg-container-0.bwg-standard-thumbnails .bwg-thumb-description span {    color: #323A45;    font-family: Ubuntu;    font-size: 12px;    max-height: 100%;    word-wrap: break-word;    }    #bwg_container1_0 #bwg_container2_0 .bwg-container-0.bwg-standard-thumbnails .bwg-play-icon2 {      font-size: 32px;    }    #bwg_container1_0 #bwg_container2_0 .bwg-container-0.bwg-standard-thumbnails .bwg-ecommerce2 {      font-size: 19.2px;      color: #CCCCCC;    }    <\/style>    <div id=\"bwg_container1_0\"         class=\"bwg_container bwg_thumbnail bwg_thumbnails \"         data-right-click-protection=\"0\"         data-bwg=\"0\"         data-scroll=\"0\"         data-gallery-type=\"thumbnails\"         data-gallery-view-type=\"thumbnails\"         data-current-url=\"\/new\/wp-json\/wp\/v2\/pages\/14121\"         data-lightbox-url=\"https:\/\/pbp.womczest.edu.pl\/new\/wp-admin\/admin-ajax.php?action=GalleryBox&#038;current_view=0&#038;gallery_id=220&#038;tag=0&#038;theme_id=1&#038;shortcode_id=518&#038;sort_by=order&#038;order_by=asc&#038;current_url=%2Fnew%2Fwp-json%2Fwp%2Fv2%2Fpages%2F14121\"         data-gallery-id=\"220\"         data-popup-width=\"800\"         data-popup-height=\"500\"         data-is-album=\"gallery\"         data-buttons-position=\"bottom\">      <div id=\"bwg_container2_0\">             <div id=\"ajax_loading_0\" class=\"bwg_loading_div_1\">      <div class=\"bwg_loading_div_2\">        <div class=\"bwg_loading_div_3\">          <div id=\"loading_div_0\" class=\"bwg_spider_ajax_loading\">          <\/div>        <\/div>      <\/div>    <\/div>            <form id=\"gal_front_form_0\"              class=\"bwg-hidden\"              method=\"post\"              action=\"#\"              data-current=\"0\"              data-shortcode-id=\"518\"              data-gallery-type=\"thumbnails\"              data-gallery-id=\"220\"              data-tag=\"0\"              data-album-id=\"0\"              data-theme-id=\"1\"              data-ajax-url=\"https:\/\/pbp.womczest.edu.pl\/new\/wp-admin\/admin-ajax.php?action=bwg_frontend_data\">          <div id=\"bwg_container3_0\" class=\"bwg-background bwg-background-0\">                <div data-max-count=\"5\"         data-thumbnail-width=\"180\"         data-bwg=\"0\"         data-gallery-id=\"220\"         data-lightbox-url=\"https:\/\/pbp.womczest.edu.pl\/new\/wp-admin\/admin-ajax.php?action=GalleryBox&amp;current_view=0&amp;gallery_id=220&amp;tag=0&amp;theme_id=1&amp;shortcode_id=518&amp;sort_by=order&amp;order_by=asc&amp;current_url=%2Fnew%2Fwp-json%2Fwp%2Fv2%2Fpages%2F14121\"         id=\"bwg_thumbnails_0\"         class=\"bwg-container-0 bwg-thumbnails bwg-standard-thumbnails bwg-container bwg-border-box\">            <div class=\"bwg-item\">        <a class=\"bwg-a  bwg_lightbox\"  data-image-id=\"3971\" href=\"https:\/\/pbp.womczest.edu.pl\/new\/wp-content\/uploads\/photo-gallery\/2018_niepodlegla_lelow\/1028.jpg\" data-elementor-open-lightbox=\"no\">                <div class=\"bwg-item0 \">          <div class=\"bwg-item1 \">            <div class=\"bwg-item2\">              <img class=\"skip-lazy bwg_standart_thumb_img_0 \"                   data-id=\"3971\"                   data-width=\"300.00\"                   data-height=\"171.00\"                   data-src=\"https:\/\/pbp.womczest.edu.pl\/new\/wp-content\/uploads\/photo-gallery\/2018_niepodlegla_lelow\/thumb\/1028.jpg\"                   src=\"https:\/\/pbp.womczest.edu.pl\/new\/wp-content\/uploads\/photo-gallery\/2018_niepodlegla_lelow\/thumb\/1028.jpg\"                   alt=\"1028\"                   title=\"1028\" \/>            <\/div>            <div class=\"\">                                                      <\/div>          <\/div>        <\/div>                        <\/a>              <\/div>            <div class=\"bwg-item\">        <a class=\"bwg-a  bwg_lightbox\"  data-image-id=\"3970\" href=\"https:\/\/pbp.womczest.edu.pl\/new\/wp-content\/uploads\/photo-gallery\/2018_niepodlegla_lelow\/1023.jpg\" data-elementor-open-lightbox=\"no\">                <div class=\"bwg-item0 \">          <div class=\"bwg-item1 \">            <div class=\"bwg-item2\">              <img class=\"skip-lazy bwg_standart_thumb_img_0 \"                   data-id=\"3970\"                   data-width=\"300.00\"                   data-height=\"199.00\"                   data-src=\"https:\/\/pbp.womczest.edu.pl\/new\/wp-content\/uploads\/photo-gallery\/2018_niepodlegla_lelow\/thumb\/1023.jpg\"                   src=\"https:\/\/pbp.womczest.edu.pl\/new\/wp-content\/uploads\/photo-gallery\/2018_niepodlegla_lelow\/thumb\/1023.jpg\"                   alt=\"1023\"                   title=\"1023\" \/>            <\/div>            <div class=\"\">                                                      <\/div>          <\/div>        <\/div>                        <\/a>              <\/div>            <div class=\"bwg-item\">        <a class=\"bwg-a  bwg_lightbox\"  data-image-id=\"3969\" href=\"https:\/\/pbp.womczest.edu.pl\/new\/wp-content\/uploads\/photo-gallery\/2018_niepodlegla_lelow\/1021.jpg\" data-elementor-open-lightbox=\"no\">                <div class=\"bwg-item0 \">          <div class=\"bwg-item1 \">            <div class=\"bwg-item2\">              <img class=\"skip-lazy bwg_standart_thumb_img_0 \"                   data-id=\"3969\"                   data-width=\"300.00\"                   data-height=\"238.00\"                   data-src=\"https:\/\/pbp.womczest.edu.pl\/new\/wp-content\/uploads\/photo-gallery\/2018_niepodlegla_lelow\/thumb\/1021.jpg\"                   src=\"https:\/\/pbp.womczest.edu.pl\/new\/wp-content\/uploads\/photo-gallery\/2018_niepodlegla_lelow\/thumb\/1021.jpg\"                   alt=\"1021\"                   title=\"1021\" \/>            <\/div>            <div class=\"\">                                                      <\/div>          <\/div>        <\/div>                        <\/a>              <\/div>            <div class=\"bwg-item\">        <a class=\"bwg-a  bwg_lightbox\"  data-image-id=\"3968\" href=\"https:\/\/pbp.womczest.edu.pl\/new\/wp-content\/uploads\/photo-gallery\/2018_niepodlegla_lelow\/1024.jpg\" data-elementor-open-lightbox=\"no\">                <div class=\"bwg-item0 \">          <div class=\"bwg-item1 \">            <div class=\"bwg-item2\">              <img class=\"skip-lazy bwg_standart_thumb_img_0 \"                   data-id=\"3968\"                   data-width=\"300.00\"                   data-height=\"225.00\"                   data-src=\"https:\/\/pbp.womczest.edu.pl\/new\/wp-content\/uploads\/photo-gallery\/2018_niepodlegla_lelow\/thumb\/1024.jpg\"                   src=\"https:\/\/pbp.womczest.edu.pl\/new\/wp-content\/uploads\/photo-gallery\/2018_niepodlegla_lelow\/thumb\/1024.jpg\"                   alt=\"1024\"                   title=\"1024\" \/>            <\/div>            <div class=\"\">                                                      <\/div>          <\/div>        <\/div>                        <\/a>              <\/div>            <div class=\"bwg-item\">        <a class=\"bwg-a  bwg_lightbox\"  data-image-id=\"3967\" href=\"https:\/\/pbp.womczest.edu.pl\/new\/wp-content\/uploads\/photo-gallery\/2018_niepodlegla_lelow\/1045.jpg\" data-elementor-open-lightbox=\"no\">                <div class=\"bwg-item0 \">          <div class=\"bwg-item1 \">            <div class=\"bwg-item2\">              <img class=\"skip-lazy bwg_standart_thumb_img_0 \"                   data-id=\"3967\"                   data-width=\"300.00\"                   data-height=\"174.00\"                   data-src=\"https:\/\/pbp.womczest.edu.pl\/new\/wp-content\/uploads\/photo-gallery\/2018_niepodlegla_lelow\/thumb\/1045.jpg\"                   src=\"https:\/\/pbp.womczest.edu.pl\/new\/wp-content\/uploads\/photo-gallery\/2018_niepodlegla_lelow\/thumb\/1045.jpg\"                   alt=\"1045\"                   title=\"1045\" \/>            <\/div>            <div class=\"\">                                                      <\/div>          <\/div>        <\/div>                        <\/a>              <\/div>            <div class=\"bwg-item\">        <a class=\"bwg-a  bwg_lightbox\"  data-image-id=\"3966\" href=\"https:\/\/pbp.womczest.edu.pl\/new\/wp-content\/uploads\/photo-gallery\/2018_niepodlegla_lelow\/1035.jpg\" data-elementor-open-lightbox=\"no\">                <div class=\"bwg-item0 \">          <div class=\"bwg-item1 \">            <div class=\"bwg-item2\">              <img class=\"skip-lazy bwg_standart_thumb_img_0 \"                   data-id=\"3966\"                   data-width=\"300.00\"                   data-height=\"225.00\"                   data-src=\"https:\/\/pbp.womczest.edu.pl\/new\/wp-content\/uploads\/photo-gallery\/2018_niepodlegla_lelow\/thumb\/1035.jpg\"                   src=\"https:\/\/pbp.womczest.edu.pl\/new\/wp-content\/uploads\/photo-gallery\/2018_niepodlegla_lelow\/thumb\/1035.jpg\"                   alt=\"1035\"                   title=\"1035\" \/>            <\/div>            <div class=\"\">                                                      <\/div>          <\/div>        <\/div>                        <\/a>              <\/div>            <div class=\"bwg-item\">        <a class=\"bwg-a  bwg_lightbox\"  data-image-id=\"3965\" href=\"https:\/\/pbp.womczest.edu.pl\/new\/wp-content\/uploads\/photo-gallery\/2018_niepodlegla_lelow\/1063.jpg\" data-elementor-open-lightbox=\"no\">                <div class=\"bwg-item0 \">          <div class=\"bwg-item1 \">            <div class=\"bwg-item2\">              <img class=\"skip-lazy bwg_standart_thumb_img_0 \"                   data-id=\"3965\"                   data-width=\"300.00\"                   data-height=\"174.00\"                   data-src=\"https:\/\/pbp.womczest.edu.pl\/new\/wp-content\/uploads\/photo-gallery\/2018_niepodlegla_lelow\/thumb\/1063.jpg\"                   src=\"https:\/\/pbp.womczest.edu.pl\/new\/wp-content\/uploads\/photo-gallery\/2018_niepodlegla_lelow\/thumb\/1063.jpg\"                   alt=\"1063\"                   title=\"1063\" \/>            <\/div>            <div class=\"\">                                                      <\/div>          <\/div>        <\/div>                        <\/a>              <\/div>          <\/div>    <style>      \/*pagination styles*\/      #bwg_container1_0 #bwg_container2_0 .tablenav-pages_0 {\t\t\t\ttext-align: center;\t\t\t\tfont-size: 12px;\t\t\t\tfont-family: segoe ui;\t\t\t\tfont-weight: bold;\t\t\t\tcolor: #666666;\t\t\t\tmargin: 6px 0 4px;\t\t\t\tdisplay: block;      }      @media only screen and (max-width : 320px) {      #bwg_container1_0 #bwg_container2_0 .displaying-num_0 {     \t display: none;      }      }      #bwg_container1_0 #bwg_container2_0 .displaying-num_0 {\t\t\t\tfont-size: 12px;\t\t\t\tfont-family: segoe ui;\t\t\t\tfont-weight: bold;\t\t\t\tcolor: #666666;\t\t\t\tmargin-right: 10px;\t\t\t\tvertical-align: middle;      }      #bwg_container1_0 #bwg_container2_0 .paging-input_0 {\t\t\t\tfont-size: 12px;\t\t\t\tfont-family: segoe ui;\t\t\t\tfont-weight: bold;\t\t\t\tcolor: #666666;\t\t\t\tvertical-align: middle;      }      #bwg_container1_0 #bwg_container2_0 .tablenav-pages_0 a.disabled,      #bwg_container1_0 #bwg_container2_0 .tablenav-pages_0 a.disabled:hover,      #bwg_container1_0 #bwg_container2_0 .tablenav-pages_0 a.disabled:focus,\t\t\t#bwg_container1_0 #bwg_container2_0 .tablenav-pages_0 input.bwg_current_page {\t\t\t\tcursor: default;\t\t\t\tcolor: rgba(102, 102, 102, 0.5);      }      #bwg_container1_0 #bwg_container2_0 .tablenav-pages_0 a,      #bwg_container1_0 #bwg_container2_0 .tablenav-pages_0 input.bwg_current_page {\t\t\t\tcursor: pointer;\t\t\t\ttext-align: center;\t\t\t\tfont-size: 12px;\t\t\t\tfont-family: segoe ui;\t\t\t\tfont-weight: bold;\t\t\t\tcolor: #666666;\t\t\t\ttext-decoration: none;\t\t\t\tpadding: 3px 6px;\t\t\t\tmargin: 0;\t\t\t\tborder-radius: 0;\t\t\t\tborder-style: solid;\t\t\t\tborder-width: 1px;\t\t\t\tborder-color: #E3E3E3;\t\t\t\t\t\t\t\tbackground-color: rgba(255, 255, 255, 1.00);\t\t\t\tbox-shadow: 0;\t\t\t\ttransition: all 0.3s ease 0s;-webkit-transition: all 0.3s ease 0s;      }      <\/style>      <span class=\"bwg_nav_cont_0\">              <div class=\"tablenav-pages_0\">                  <\/div>                <input type=\"hidden\" id=\"page_number_0\" name=\"page_number_0\" value=\"1\" \/>      <script type=\"text\/javascript\">        if( jQuery('.bwg_nav_cont_0').length > 1 ) {          jQuery('.bwg_nav_cont_0').first().remove()        }        function spider_page_0(cur, x, y, load_more) {          if (typeof load_more == \"undefined\") {            var load_more = false;          }          if (jQuery(cur).hasClass('disabled')) {            return false;          }          var items_county_0 = 1;          switch (y) {            case 1:              if (x >= items_county_0) {                document.getElementById('page_number_0').value = items_county_0;              }              else {                document.getElementById('page_number_0').value = x + 1;              }              break;            case 2:              document.getElementById('page_number_0').value = items_county_0;              break;            case -1:              if (x == 1) {                document.getElementById('page_number_0').value = 1;              }              else {                document.getElementById('page_number_0').value = x - 1;              }              break;            case -2:              document.getElementById('page_number_0').value = 1;              break;\t\t\t\t\t\tcase 0:              document.getElementById('page_number_0').value = x;              break;            default:              document.getElementById('page_number_0').value = 1;          }          bwg_ajax('gal_front_form_0', '0', 'bwg_thumbnails_0', '0', '', 'gallery', 0, '', '', load_more, '', 1);        }                    jQuery('.first-page-0').on('click', function () {              spider_page_0(this, 1, -2, 'numeric');              return false;            });            jQuery('.prev-page-0').on('click', function () {              spider_page_0(this, 1, -1, 'numeric');              return false;            });            jQuery('.next-page-0').on('click', function () {              spider_page_0(this, 1, 1, 'numeric');              return false;            });            jQuery('.last-page-0').on('click', function () {              spider_page_0(this, 1, 2, 'numeric');              return false;            });        \t\t\t\t\/* Change page on input enter. *\/        function bwg_change_page_0( e, that ) {          if (  e.key == 'Enter' ) {            var to_page = parseInt(jQuery(that).val());            var pages_count = jQuery(that).parents(\".pagination-links\").data(\"pages-count\");            var current_url_param = jQuery(that).attr('data-url-info');            if (to_page > pages_count) {              to_page = 1;            }\t \t\t\t\t\t\t\t\t\t\t\t\tspider_page_0(this, to_page, 0, 'numeric');\t\t\t\t\t\t\treturn false;\t\t\t\t\t\t          }          return true;        }        jQuery('.bwg_load_btn_0').on('click', function () {            spider_page_0(this, 1, 1, true);            return false;        });      <\/script>      <\/span>                <\/div>        <\/form>        <style>          #bwg_container1_0 #bwg_container2_0 #spider_popup_overlay_0 {          background-color: #000000;          opacity: 0.70;          }          <\/style>        <div id=\"bwg_spider_popup_loading_0\" class=\"bwg_spider_popup_loading\"><\/div>        <div id=\"spider_popup_overlay_0\" class=\"spider_popup_overlay\" onclick=\"spider_destroypopup(1000)\"><\/div>        <input type=\"hidden\" id=\"bwg_random_seed_0\" value=\"2079863912\">                <\/div>    <\/div>    <script>      if (document.readyState === 'complete') {        if( typeof bwg_main_ready == 'function' ) {          if ( jQuery(\"#bwg_container1_0\").height() ) {            bwg_main_ready(jQuery(\"#bwg_container1_0\"));          }        }      } else {        document.addEventListener('DOMContentLoaded', function() {          if( typeof bwg_main_ready == 'function' ) {            if ( jQuery(\"#bwg_container1_0\").height() ) {             bwg_main_ready(jQuery(\"#bwg_container1_0\"));            }          }        });      }    <\/script>    \n","protected":false},"excerpt":{"rendered":"<p>10 grudnia 2018 roku w Szkole Podstawowej Zespo\u0142u Szkolno Przedszkolnego w Lelowie odby\u0142 si\u0119 apel zorganizowany przez Publiczn\u0105 Bibliotek\u0119 Pedagogiczn\u0105 RODN \u201eWOM\u201d w Cz\u0119stochowie Filia w Lelowie i Bibliotek\u0119 Szkoln\u0105 Zespo\u0142u Szkolno Przedszkolnego w Lelowie. Spotkanie mia\u0142o na celu w\u0142\u0105czenie si\u0119 w obchody \u00a0Mi\u0119dzynarodowego Miesi\u0105ca Bibliotek Szkolnych oraz uczczenie obchod\u00f3w 100-lecia odzyskania przez Polsk\u0119 Niepodleg\u0142o\u015bci. Z tej okazji w pa\u017adzierniku i listopadzie zosta\u0142y zorganizowane dwa konkursy szkolne. Ksi\u0105\u017cka przysz\u0142o\u015bci Do<span class=\"ellipsis\">&hellip;<\/span><\/p>\n<div class=\"read-more\"><a href=\"https:\/\/pbp.womczest.edu.pl\/new\/kontakt\/lelow\/konkursy-filia-lelow\/relacja-z-podsumowania-konkursow-czytelniczych\/\">Czytaj wi\u0119cej &#8250;<\/a><\/div>\n<p><!-- end of .read-more --><\/p>\n","protected":false},"author":4,"featured_media":0,"parent":3494,"menu_order":0,"comment_status":"closed","ping_status":"closed","template":"","meta":{"footnotes":""},"jetpack_sharing_enabled":true,"jetpack_shortlink":"https:\/\/wp.me\/PgmV4H-3FL","_links":{"self":[{"href":"https:\/\/pbp.womczest.edu.pl\/new\/wp-json\/wp\/v2\/pages\/14121"}],"collection":[{"href":"https:\/\/pbp.womczest.edu.pl\/new\/wp-json\/wp\/v2\/pages"}],"about":[{"href":"https:\/\/pbp.womczest.edu.pl\/new\/wp-json\/wp\/v2\/types\/page"}],"author":[{"embeddable":true,"href":"https:\/\/pbp.womczest.edu.pl\/new\/wp-json\/wp\/v2\/users\/4"}],"replies":[{"embeddable":true,"href":"https:\/\/pbp.womczest.edu.pl\/new\/wp-json\/wp\/v2\/comments?post=14121"}],"version-history":[{"count":1,"href":"https:\/\/pbp.womczest.edu.pl\/new\/wp-json\/wp\/v2\/pages\/14121\/revisions"}],"predecessor-version":[{"id":14122,"href":"https:\/\/pbp.womczest.edu.pl\/new\/wp-json\/wp\/v2\/pages\/14121\/revisions\/14122"}],"up":[{"embeddable":true,"href":"https:\/\/pbp.womczest.edu.pl\/new\/wp-json\/wp\/v2\/pages\/3494"}],"wp:attachment":[{"href":"https:\/\/pbp.womczest.edu.pl\/new\/wp-json\/wp\/v2\/media?parent=14121"}],"curies":[{"name":"wp","href":"https:\/\/api.w.org\/{rel}","templated":true}]}}