


{"id":13999,"date":"2019-06-18T09:55:09","date_gmt":"2019-06-18T07:55:09","guid":{"rendered":"https:\/\/pbp.womczest.edu.pl\/new\/?page_id=13999"},"modified":"2019-08-30T09:48:56","modified_gmt":"2019-08-30T07:48:56","slug":"patriota-to-ja-podsumowanie-projektu-edukacyjnego-dla-dzieci-5-6-letnich-z-przedszkola-siostr-nazaretanek-im-bl-franciszki-siedliskiej-w-czestochowie","status":"publish","type":"page","link":"https:\/\/pbp.womczest.edu.pl\/new\/patriota-to-ja-podsumowanie-projektu-edukacyjnego-dla-dzieci-5-6-letnich-z-przedszkola-siostr-nazaretanek-im-bl-franciszki-siedliskiej-w-czestochowie\/","title":{"rendered":"Patriota to ja! \u2013 podsumowanie projektu edukacyjnego dla dzieci 5-6 \u2013 letnich z Przedszkola Si\u00f3str Nazaretanek im. b\u0142. Franciszki Siedliskiej w Cz\u0119stochowie"},"content":{"rendered":"<p>W\u00a0roku szkolnym 2018\/2019 dzieci z\u00a0Przedszkola Si\u00f3str Nazaretanek im.\u00a0b\u0142.\u00a0Franciszki Siedliskiej w\u00a0Cz\u0119stochowie uczestniczy\u0142y w\u00a0cyklu zaj\u0119\u0107 prowadzonych w\u00a0ramach projektu edukacyjnego \u201ePatriota to\u00a0ja!\u201d. Spotkania odbywa\u0142y w\u00a0siedzibie Publicznej Biblioteki Pedagogicznej RODN \u201eWOM\u201d w\u00a0Cz\u0119stochowie. Zaj\u0119cia dla dzieci 5-6 \u2013 letnich z\u00a0grupy <em>Przyjaciele Kr\u00f3lika<\/em> opracowa\u0142a i\u00a0prowadzi\u0142a dr\u00a0Agata Arkabus- nauczyciel bibliotekarz Publicznej Biblioteki Pedagogicznej RODN \u201eWOM\u201d w\u00a0Cz\u0119stochowie.<\/p>\n<p>Projekt edukacyjny \u201ePatriota to\u00a0ja!\u201d by\u0142 realizowany zgodnie z\u00a0kierunkiem polityki o\u015bwiatowej pa\u0144stwa \u2013 <em>100 rocznica odzyskania niepodleg\u0142o\u015bci\u00a0 \u2013 wychowanie do\u00a0warto\u015bci i\u00a0kszta\u0142towania patriotycznych postaw uczni\u00f3w<\/em>.<\/p>\n<p>Zrealizowane cele projektu obejmowa\u0142y:<br \/>\n\u2013 rozwijanie postaw patriotycznych i\u00a0obywatelskich,<br \/>\n\u2013 kszta\u0142towanie wi\u0119zi z\u00a0krajem ojczystym i\u00a0regionem,<br \/>\n\u2013 budzenie szacunku do\u00a0symboli narodowych i\u00a0regionalnych, postaci zwi\u0105zanych z\u00a0histori\u0105 Polski oraz\u00a0poszanowanie otaczaj\u0105cej przyrody o\u017cywionej i\u00a0nieo\u017cywionej,<br \/>\n\u2013 kszta\u0142towanie umiej\u0119tno\u015bci wykorzystania nowych technologii komunikacyjnych umo\u017cliwiaj\u0105cych skuteczniejsze nauczanie i\u00a0uczenie si\u0119.<\/p>\n<p>Zaj\u0119cia porusza\u0142y nast\u0119puj\u0105ce zagadnienia:<\/p>\n<ul>\n<li><em>Kto to\u00a0jest patriota?<\/em> (9. 10. 2018 r.)<\/li>\n<li><em>W\u00a0poszukiwaniu skarb\u00f3w narodowych<\/em> (7. 11. 2018 r.)<\/li>\n<li><em>Moja ma\u0142a Ojczyzna \u2013 Cz\u0119stochowa<\/em> (8. 03. 2019 r.)<\/li>\n<li><em>Palcem po\u00a0mapie, czyli gdzie znajdziemy Polsk\u0119 na\u00a0mapie \u015bwiata<\/em> (12. 06. 2019 r.)<\/li>\n<\/ul>\n<p>Podczas spotka\u0144 wykorzystywane zosta\u0142y r\u00f3\u017cnorodne metody, formy i\u00a0pomoce dydaktyczne, mi. in.: quizy interaktywne, elementy programowania, filmy, prezentacje.<\/p>\n<p>Galeria:<\/p>\n<ul>\n<li><a href=\"https:\/\/www.przedszkolenazaretanki.pl\/index.php\/grupy\/przyjaciele-kroliczka\/category\/700-spotkanie-w-bibliotece-pt-skarby-narodowe\">https:\/\/www.przedszkolenazaretanki.pl\/index.php\/grupy\/przyjaciele-kroliczka\/category\/700-spotkanie-w-bibliotece-pt-skarby-narodowe<\/a><\/li>\n<li><a href=\"https:\/\/www.przedszkolenazaretanki.pl\/index.php\/grupy\/przyjaciele-kroliczka\/category\/701-spotkanie-w-bibliotece-pt-symbole-narodowe\">https:\/\/www.przedszkolenazaretanki.pl\/index.php\/grupy\/przyjaciele-kroliczka\/category\/701-spotkanie-w-bibliotece-pt-symbole-narodowe<\/a><\/li>\n<li><a href=\"https:\/\/www.przedszkolenazaretanki.pl\/index.php\/grupy\/przyjaciele-kroliczka\/category\/779-warsztaty-biblioteczne\">https:\/\/www.przedszkolenazaretanki.pl\/index.php\/grupy\/przyjaciele-kroliczka\/category\/779-warsztaty-biblioteczne<\/a><\/li>\n<\/ul>\n<p style=\"text-align: right;\"><em>Tekst: dr Agata Arkabus,<br \/>\nzdj\u0119cia: Jadwiga Suska, siostra Weronika<\/em><\/p>\n","protected":false},"excerpt":{"rendered":"<p>W\u00a0roku szkolnym 2018\/2019 dzieci z\u00a0Przedszkola Si\u00f3str Nazaretanek im.\u00a0b\u0142.\u00a0Franciszki Siedliskiej w\u00a0Cz\u0119stochowie uczestniczy\u0142y w\u00a0cyklu zaj\u0119\u0107 prowadzonych w\u00a0ramach projektu edukacyjnego \u201ePatriota to\u00a0ja!\u201d. Spotkania odbywa\u0142y w\u00a0siedzibie Publicznej Biblioteki Pedagogicznej RODN \u201eWOM\u201d w\u00a0Cz\u0119stochowie. Zaj\u0119cia dla dzieci 5-6 \u2013 letnich z\u00a0grupy Przyjaciele Kr\u00f3lika opracowa\u0142a i\u00a0prowadzi\u0142a dr\u00a0Agata Arkabus- nauczyciel bibliotekarz Publicznej Biblioteki Pedagogicznej RODN \u201eWOM\u201d w\u00a0Cz\u0119stochowie. Projekt edukacyjny \u201ePatriota to\u00a0ja!\u201d by\u0142 realizowany zgodnie z\u00a0kierunkiem polityki o\u015bwiatowej pa\u0144stwa \u2013 100 rocznica odzyskania niepodleg\u0142o\u015bci\u00a0 \u2013 wychowanie do\u00a0warto\u015bci i\u00a0kszta\u0142towania patriotycznych<span class=\"ellipsis\">&hellip;<\/span><\/p>\n<div class=\"read-more\"><a href=\"https:\/\/pbp.womczest.edu.pl\/new\/patriota-to-ja-podsumowanie-projektu-edukacyjnego-dla-dzieci-5-6-letnich-z-przedszkola-siostr-nazaretanek-im-bl-franciszki-siedliskiej-w-czestochowie\/\">Czytaj wi\u0119cej &#8250;<\/a><\/div>\n<p><!-- end of .read-more --><\/p>\n","protected":false},"author":6,"featured_media":13996,"parent":0,"menu_order":0,"comment_status":"closed","ping_status":"closed","template":"","meta":{"footnotes":""},"jetpack_sharing_enabled":true,"jetpack_shortlink":"https:\/\/wp.me\/PgmV4H-3DN","_links":{"self":[{"href":"https:\/\/pbp.womczest.edu.pl\/new\/wp-json\/wp\/v2\/pages\/13999"}],"collection":[{"href":"https:\/\/pbp.womczest.edu.pl\/new\/wp-json\/wp\/v2\/pages"}],"about":[{"href":"https:\/\/pbp.womczest.edu.pl\/new\/wp-json\/wp\/v2\/types\/page"}],"author":[{"embeddable":true,"href":"https:\/\/pbp.womczest.edu.pl\/new\/wp-json\/wp\/v2\/users\/6"}],"replies":[{"embeddable":true,"href":"https:\/\/pbp.womczest.edu.pl\/new\/wp-json\/wp\/v2\/comments?post=13999"}],"version-history":[{"count":2,"href":"https:\/\/pbp.womczest.edu.pl\/new\/wp-json\/wp\/v2\/pages\/13999\/revisions"}],"predecessor-version":[{"id":14230,"href":"https:\/\/pbp.womczest.edu.pl\/new\/wp-json\/wp\/v2\/pages\/13999\/revisions\/14230"}],"wp:featuredmedia":[{"embeddable":true,"href":"https:\/\/pbp.womczest.edu.pl\/new\/wp-json\/wp\/v2\/media\/13996"}],"wp:attachment":[{"href":"https:\/\/pbp.womczest.edu.pl\/new\/wp-json\/wp\/v2\/media?parent=13999"}],"curies":[{"name":"wp","href":"https:\/\/api.w.org\/{rel}","templated":true}]}}