


{"id":13813,"date":"2019-05-23T09:21:41","date_gmt":"2019-05-23T07:21:41","guid":{"rendered":"https:\/\/pbp.womczest.edu.pl\/new\/?page_id=13813"},"modified":"2022-05-17T09:03:14","modified_gmt":"2022-05-17T07:03:14","slug":"dyktus-2019","status":"publish","type":"page","link":"https:\/\/pbp.womczest.edu.pl\/new\/dyktus-2019\/","title":{"rendered":"Dyktu\u015b 2019"},"content":{"rendered":"<div class=\"post-entry\">\n<p>To\u00a0ju\u017c siedemnasta edycja <em>Miejskiego konkursu ortograficznego dla uczni\u00f3w klas trzecich cz\u0119stochowskich szk\u00f3\u0142 podstawowych<\/em>.<\/p>\n<p>Po\u00a0przeprowadzonych w\u00a0szko\u0142ach wst\u0119pnych eliminacjach, do\u00a0udzia\u0142u w\u00a0finale zg\u0142osi\u0142o si\u0119 27 uczni\u00f3w z\u00a014 szk\u00f3\u0142 podstawowych. Finali\u015bci spotkali si\u0119 9 maja 2019 roku w\u00a0Auli \u201eForum\u201d Regionalnego O\u015brodka Doskonalenia Nauczycieli \u201eWOM\u201d i\u00a0po\u00a0powitaniu przez\u00a0wicedyrektora ds.\u00a0Bibliotek Pedagogicznych Publicznej Biblioteki Pedagogicznej \u2013 pani\u0105 Renat\u0119 Lipniewsk\u0105, rozpocz\u0119li pisanie dyktanda. Jak ka\u017cdego roku tekst dyktanda znajdowa\u0142 si\u0119 w\u00a0zalakowanej kopercie, kt\u00f3r\u0105 komisyjnie otwarto przy wszystkich uczniach. Zmagania trwa\u0142y ponad godzin\u0119.<\/p>\n<p>Rozstrzygni\u0119cie konkursu, wr\u0119czenie dyplom\u00f3w i\u00a0nagr\u00f3d \u00a0odby\u0142o si\u0119 21 maja 2019 roku. Opr\u00f3cz uczni\u00f3w, nauczycieli i\u00a0rodzic\u00f3w, przybyli tak\u017ce zaproszeni go\u015bcie \u2013 pani Magdalena D\u0119bska \u2013 naczelnik Wydzia\u0142u Edukacji Urz\u0119du Miasta Cz\u0119stochowy, pani Maria \u015awiniarska \u2013 dyrektor Szko\u0142y Podstawowej nr\u00a011 w\u00a0Cz\u0119stochowie, pani Magdalena Krzemi\u0144ska \u2013 dyrektor Szko\u0142y Podstawowej nr\u00a014 w\u00a0Cz\u0119stochowie. Wszystkich przyby\u0142ych powita\u0142a pani Renata Lipniewska. Spotkanie rozpocz\u0105\u0142 wyst\u0119p taneczny uczennic ze\u00a0Szko\u0142y Podstawowej nr\u00a014 w\u00a0Cz\u0119stochowie przygotowany przez\u00a0pani\u0105 Ew\u0119 Tomal\u0119-Brodeck\u0105, nast\u0119pnie g\u0142os zabra\u0142a pani Magdalena D\u0119bska.<\/p>\n<p>Jak ka\u017cdego roku, odczytany zosta\u0142 tekst dyktanda. Skala trudno\u015bci zawsze robi du\u017ce wra\u017cenie na\u00a0osobach doros\u0142ych. Czasami trudno uwierzy\u0107, \u017ce\u00a0mo\u017cna napisa\u0107 taki tekst bez\u00a0b\u0142\u0119du. W\u00a0tym roku Mistrz pope\u0142ni\u0142 tylko\u00a0jeden b\u0142\u0105d ortograficzny. Kolejnym punktem programu by\u0142o wr\u0119czenie dyplom\u00f3w, podzi\u0119kowa\u0144 i\u00a0nagr\u00f3d, kt\u00f3re zosta\u0142y ufundowane przez\u00a0Prezydenta Miasta Cz\u0119stochowy pana Krzysztofa Matyjaszczyka, pod\u00a0kt\u00f3rego\u00a0patronatem odbywa si\u0119 ju\u017c kolejna edycja konkursu.<\/p>\n<p>A\u00a0oto nagrodzeni:<\/p>\n<p><strong>Mistrz Ortografii<\/strong><\/p>\n<p><strong>Patrycja Czarnecka<\/strong> \u2013 Szko\u0142a Podstawowa nr\u00a047 im.\u00a0Marii Konopnickiej w\u00a0Cz\u0119stochowie<\/p>\n<p><strong>Wicemistrz Ortografii<\/strong><\/p>\n<p><strong>Milena Majewska \u2013 <\/strong>Publiczna Szko\u0142a Podstawowa Si\u00f3str Zmartwychwstanek w\u00a0Cz\u0119stochowie<\/p>\n<p><strong>Wiktor Czo\u0142gosz \u2013 <\/strong>Szko\u0142a Podstawowa nr\u00a031 z\u00a0Oddzia\u0142ami Integracyjnymi w\u00a0Cz\u0119stochowie<\/p>\n<p><strong>Wyr\u00f3\u017cnienia<\/strong><\/p>\n<p><strong>Jakub Wi\u015bniewski \u2013 <\/strong>Szko\u0142a Podstawowa nr\u00a01 im.\u00a0Zdobywc\u00f3w Przestworzy w\u00a0Cz\u0119stochowie<\/p>\n<p><strong>Emilia Zgrzebna \u2013 <\/strong>Szko\u0142a Podstawowa nr\u00a033 im.\u00a0Marii Kownackiej w\u00a0Cz\u0119stochowie<\/p>\n<p><strong>Tytus Cie\u015blak \u2013 <\/strong>Szko\u0142a Podstawowa nr\u00a053 z\u00a0Oddzia\u0142ami Integracyjnymi w\u00a0Cz\u0119stochowie<\/p>\n<p><strong>Aleksander Cicho\u0144ski \u2013 <\/strong>Szko\u0142a Podstawowa nr\u00a038 im.\u00a0Ludwika Zamenhofa w\u00a0Cz\u0119stochowie<\/p>\n<p><strong>Tomasz \u017burek \u2013 <\/strong>Szko\u0142a Podstawowa nr\u00a014 im.\u00a0Henryka Sienkiewicza w\u00a0Cz\u0119stochowie<\/p>\n<p><strong>Lena Stryjewska \u2013 <\/strong>Publiczna Szko\u0142a Podstawowa Si\u00f3str Zmartwychwstanek w\u00a0Cz\u0119stochowie<\/p>\n<p><strong>Jakub Ko\u0142odziej \u2013 <\/strong>Szko\u0142a Podstawowa nr\u00a019 im.\u00a0Juliana Tuwima w\u00a0Cz\u0119stochowie<\/p>\n<p><em><a href=\"https:\/\/pbp.womczest.edu.pl\/new\/wp-content\/uploads\/2022\/05\/Dyktus-2019-tekst.pdf\">Tekst dyktanda<\/a><\/em><\/p>\n<p>Wszystkim Uczniom gratulujemy i\u00a0dzi\u0119kujemy za\u00a0udzia\u0142 w\u00a0Dyktusiu 2019. Dzi\u0119kujemy nauczycielom za\u00a0przygotowanie dzieci do\u00a0zmaga\u0144 ortograficznych. Zapraszamy za\u00a0rok. Dyktu\u015b b\u0119dzie obchodzi\u0142 ju\u017c osiemnaste urodziny!<\/p>\n<p>Organizatorzy: Anna Janas, Katarzyna Ma\u0142asiewicz, Ewa Tomala-Brodecka, Joanna Resakowska<\/p>\n<p style=\"text-align: right;\"><a href=\"https:\/\/pbp.womczest.edu.pl\/new\/galeria\/dyktus-2019\/\">galeria<\/a><\/p>\n<\/div>\n","protected":false},"excerpt":{"rendered":"<p>To\u00a0ju\u017c siedemnasta edycja Miejskiego konkursu ortograficznego dla uczni\u00f3w klas trzecich cz\u0119stochowskich szk\u00f3\u0142 podstawowych. Po\u00a0przeprowadzonych w\u00a0szko\u0142ach wst\u0119pnych eliminacjach, do\u00a0udzia\u0142u w\u00a0finale zg\u0142osi\u0142o si\u0119 27 uczni\u00f3w z\u00a014 szk\u00f3\u0142 podstawowych. Finali\u015bci spotkali si\u0119 9 maja 2019 roku w\u00a0Auli \u201eForum\u201d Regionalnego O\u015brodka Doskonalenia Nauczycieli \u201eWOM\u201d i\u00a0po\u00a0powitaniu przez\u00a0wicedyrektora ds.\u00a0Bibliotek Pedagogicznych Publicznej Biblioteki Pedagogicznej \u2013 pani\u0105 Renat\u0119 Lipniewsk\u0105, rozpocz\u0119li pisanie dyktanda. Jak ka\u017cdego roku tekst dyktanda znajdowa\u0142 si\u0119 w\u00a0zalakowanej kopercie, kt\u00f3r\u0105 komisyjnie otwarto przy wszystkich uczniach. Zmagania<span class=\"ellipsis\">&hellip;<\/span><\/p>\n<div class=\"read-more\"><a href=\"https:\/\/pbp.womczest.edu.pl\/new\/dyktus-2019\/\">Czytaj wi\u0119cej &#8250;<\/a><\/div>\n<p><!-- end of .read-more --><\/p>\n","protected":false},"author":6,"featured_media":0,"parent":0,"menu_order":0,"comment_status":"closed","ping_status":"closed","template":"","meta":{"footnotes":""},"jetpack_sharing_enabled":true,"jetpack_shortlink":"https:\/\/wp.me\/PgmV4H-3AN","_links":{"self":[{"href":"https:\/\/pbp.womczest.edu.pl\/new\/wp-json\/wp\/v2\/pages\/13813"}],"collection":[{"href":"https:\/\/pbp.womczest.edu.pl\/new\/wp-json\/wp\/v2\/pages"}],"about":[{"href":"https:\/\/pbp.womczest.edu.pl\/new\/wp-json\/wp\/v2\/types\/page"}],"author":[{"embeddable":true,"href":"https:\/\/pbp.womczest.edu.pl\/new\/wp-json\/wp\/v2\/users\/6"}],"replies":[{"embeddable":true,"href":"https:\/\/pbp.womczest.edu.pl\/new\/wp-json\/wp\/v2\/comments?post=13813"}],"version-history":[{"count":3,"href":"https:\/\/pbp.womczest.edu.pl\/new\/wp-json\/wp\/v2\/pages\/13813\/revisions"}],"predecessor-version":[{"id":20477,"href":"https:\/\/pbp.womczest.edu.pl\/new\/wp-json\/wp\/v2\/pages\/13813\/revisions\/20477"}],"wp:attachment":[{"href":"https:\/\/pbp.womczest.edu.pl\/new\/wp-json\/wp\/v2\/media?parent=13813"}],"curies":[{"name":"wp","href":"https:\/\/api.w.org\/{rel}","templated":true}]}}