


{"id":13740,"date":"2019-05-16T11:26:18","date_gmt":"2019-05-16T09:26:18","guid":{"rendered":"https:\/\/pbp.womczest.edu.pl\/new\/?page_id=13740"},"modified":"2019-05-16T11:26:19","modified_gmt":"2019-05-16T09:26:19","slug":"pasowanie-na-czytelnika-biblioteki-2019","status":"publish","type":"page","link":"https:\/\/pbp.womczest.edu.pl\/new\/pasowanie-na-czytelnika-biblioteki-2019\/","title":{"rendered":"Pasowanie na czytelnika biblioteki &#8211; 2019"},"content":{"rendered":"\n<p><strong>Pasowanie na&nbsp;czytelnika biblioteki &nbsp;2019<\/strong><\/p>\n\n\n\n<div class=\"wp-block-image\"><figure class=\"alignleft\"><img decoding=\"async\" loading=\"lazy\" width=\"205\" height=\"150\" src=\"https:\/\/pbp.womczest.edu.pl\/new\/wp-content\/uploads\/2019\/02\/Bez-tytu\u0142u.jpg\" alt=\"\" class=\"wp-image-13257\" srcset=\"https:\/\/pbp.womczest.edu.pl\/new\/wp-content\/uploads\/2019\/02\/Bez-tytu\u0142u.jpg 205w, https:\/\/pbp.womczest.edu.pl\/new\/wp-content\/uploads\/2019\/02\/Bez-tytu\u0142u-100x73.jpg 100w, https:\/\/pbp.womczest.edu.pl\/new\/wp-content\/uploads\/2019\/02\/Bez-tytu\u0142u-150x110.jpg 150w, https:\/\/pbp.womczest.edu.pl\/new\/wp-content\/uploads\/2019\/02\/Bez-tytu\u0142u-200x146.jpg 200w\" sizes=\"(max-width: 205px) 100vw, 205px\" \/><\/figure><\/div>\n\n\n\n<p>31 stycznia 2019&nbsp;r. uczniowie klasy I Szko\u0142y Podstawowej Zespo\u0142u Szkolno Przedszkolnego w&nbsp;Lelowie zostali przyj\u0119ci do&nbsp;grona czytelnik\u00f3w biblioteki. Spotkanie mia\u0142o miejsce&nbsp; w&nbsp;bibliotece szkolnej. Uczniowie poznali&nbsp;zasady wypo\u017cyczania i&nbsp;zwracania ksi\u0105\u017cek, wskazywali r\u00f3\u017cnic\u0119 mi\u0119dzy bibliotek\u0105 a ksi\u0119garni\u0105, wys\u0142uchali wiersza Jana Huszcza <em>Skarga ksi\u0105\u017cki<\/em>, poznali pro\u015bby ksi\u0105\u017cki, odgadywali zagadki literackie. Nast\u0119pnie pierwszoklasi\u015bci \u015blubowali, \u017ce&nbsp;czytaj\u0105c ksi\u0105\u017cki, b\u0119d\u0105 je szanowa\u0107 i&nbsp;dba\u0107 o&nbsp;nie, po czym Pani Dyrektor pasowa\u0142a ka\u017cdego ucznia na czytelnika i przyjaciela biblioteki.&nbsp;Na pami\u0105tk\u0119 tej&nbsp;chwili mali czytelnicy otrzymali zak\u0142adki do ksi\u0105\u017cki, dyplom oraz&nbsp;drobne upominki.<\/p>\n\n\n\n<p>Wszystkim uczniom serdecznie gratulujemy i&nbsp;\u017cyczymy ciekawych lektur. Pani Dyrektor, wychowawczyni kl. I oraz Paniom z biblioteki szkolnej dzi\u0119kujemy za&nbsp;wsp\u00f3\u0142prac\u0119.<\/p>\n\n\n\n<p style=\"text-align:right\">&nbsp;&nbsp;&nbsp; &nbsp;&nbsp;&nbsp; &nbsp;&nbsp;&nbsp; &nbsp;&nbsp;&nbsp; &nbsp;&nbsp;&nbsp; &nbsp;&nbsp;&nbsp; &nbsp;&nbsp;&nbsp; &nbsp;&nbsp;&nbsp; <em>Tekst i zdj\u0119cie: Jadwiga G\u00f3recka<\/em><\/p>\n","protected":false},"excerpt":{"rendered":"<p>Pasowanie na&nbsp;czytelnika biblioteki &nbsp;2019 31 stycznia 2019&nbsp;r. uczniowie klasy I Szko\u0142y Podstawowej Zespo\u0142u Szkolno Przedszkolnego w&nbsp;Lelowie zostali przyj\u0119ci do&nbsp;grona czytelnik\u00f3w biblioteki. Spotkanie mia\u0142o miejsce&nbsp; w&nbsp;bibliotece szkolnej. Uczniowie poznali&nbsp;zasady wypo\u017cyczania i&nbsp;zwracania ksi\u0105\u017cek, wskazywali r\u00f3\u017cnic\u0119 mi\u0119dzy bibliotek\u0105 a ksi\u0119garni\u0105, wys\u0142uchali wiersza Jana Huszcza Skarga ksi\u0105\u017cki, poznali pro\u015bby ksi\u0105\u017cki, odgadywali zagadki literackie. Nast\u0119pnie pierwszoklasi\u015bci \u015blubowali, \u017ce&nbsp;czytaj\u0105c ksi\u0105\u017cki, b\u0119d\u0105 je szanowa\u0107 i&nbsp;dba\u0107 o&nbsp;nie, po czym Pani Dyrektor pasowa\u0142a ka\u017cdego ucznia na czytelnika i przyjaciela<span class=\"ellipsis\">&hellip;<\/span><\/p>\n<div class=\"read-more\"><a href=\"https:\/\/pbp.womczest.edu.pl\/new\/pasowanie-na-czytelnika-biblioteki-2019\/\">Czytaj wi\u0119cej &#8250;<\/a><\/div>\n<p><!-- end of .read-more --><\/p>\n","protected":false},"author":4,"featured_media":0,"parent":0,"menu_order":0,"comment_status":"closed","ping_status":"closed","template":"","meta":{"footnotes":""},"jetpack_sharing_enabled":true,"jetpack_shortlink":"https:\/\/wp.me\/PgmV4H-3zC","_links":{"self":[{"href":"https:\/\/pbp.womczest.edu.pl\/new\/wp-json\/wp\/v2\/pages\/13740"}],"collection":[{"href":"https:\/\/pbp.womczest.edu.pl\/new\/wp-json\/wp\/v2\/pages"}],"about":[{"href":"https:\/\/pbp.womczest.edu.pl\/new\/wp-json\/wp\/v2\/types\/page"}],"author":[{"embeddable":true,"href":"https:\/\/pbp.womczest.edu.pl\/new\/wp-json\/wp\/v2\/users\/4"}],"replies":[{"embeddable":true,"href":"https:\/\/pbp.womczest.edu.pl\/new\/wp-json\/wp\/v2\/comments?post=13740"}],"version-history":[{"count":1,"href":"https:\/\/pbp.womczest.edu.pl\/new\/wp-json\/wp\/v2\/pages\/13740\/revisions"}],"predecessor-version":[{"id":13741,"href":"https:\/\/pbp.womczest.edu.pl\/new\/wp-json\/wp\/v2\/pages\/13740\/revisions\/13741"}],"wp:attachment":[{"href":"https:\/\/pbp.womczest.edu.pl\/new\/wp-json\/wp\/v2\/media?parent=13740"}],"curies":[{"name":"wp","href":"https:\/\/api.w.org\/{rel}","templated":true}]}}