


{"id":13674,"date":"2019-05-08T10:31:24","date_gmt":"2019-05-08T08:31:24","guid":{"rendered":"https:\/\/pbp.womczest.edu.pl\/new\/?page_id=13674"},"modified":"2019-05-08T10:31:25","modified_gmt":"2019-05-08T08:31:25","slug":"konkurs-recytatorski-czarowanie-slowem","status":"publish","type":"page","link":"https:\/\/pbp.womczest.edu.pl\/new\/konkurs-recytatorski-czarowanie-slowem\/","title":{"rendered":"Konkurs Recytatorski \u201eCzarowanie s\u0142owem\u201d"},"content":{"rendered":"\n<p>14 marca 2019 r. w Auli Regionalnego O\u015brodka Doskonalenia Nauczycieli \u201eWOM\u201d w Cz\u0119stochowie odby\u0142 si\u0119 IV Mi\u0119dzyszkolny Konkurs Recytatorski \u201eCzarowanie s\u0142owem\u201d. Organizatorem konkursu by\u0142 Specjalny&nbsp; O\u015brodek Szkolno-Wychowawczy nr&nbsp;1 w&nbsp;Cz\u0119stochowie, we&nbsp;wsp\u00f3\u0142pracy z&nbsp;Publiczn\u0105 Bibliotek\u0105 Pedagogiczn\u0105 RODN \u201eWOM\u201d w&nbsp;Cz\u0119stochowie. Ka\u017cdy wyst\u0119p by\u0142 wzruszaj\u0105cym prze\u017cyciem nie tylko dla recytatora ale przede wszystkim dla widowni zgromadzonej w auli.<\/p>\n\n\n\n<p>Jury w sk\u0142adzie: Czes\u0142awa Monczka \u2013 aktorka, Danuta Kr\u00f3liszewska \u2013 malarka oraz Beata Raczy\u0144ska \u2013 nauczyciel bibliotekarz, przyzna\u0142o nagrody i wyr\u00f3\u017cnienia w czterech kategoriach.<\/p>\n\n\n\n<p><strong>I kategoria wiekowa: szko\u0142y podstawowe, klasa I-III:<br><\/strong>I miejsce \u2013 Rafa\u0142 Wieczorek, Specjalny O\u015brodek Szkolno-Wychowawczy nr 1 w Cz\u0119stochowie<br>II miejsce \u2013 Kacper Niedbalski, SP Specjalna SPSK im. \u015bw. Antoniego z Padwy<br>III miejsce \u2013 Paulina Najda, SP Specjalna SPSK im. \u015bw. Antoniego z Padwy<br>wyr\u00f3\u017cnienie \u2013 Maja Bo\u017c\u0119cka, Szko\u0142a Podstawowa z Oddzia\u0142ami Integracyjnymi nr 53 im. Marii Sk\u0142odowskiej-Curie w Cz\u0119stochowie<\/p>\n\n\n\n<p><strong>II kategoria wiekowa: klasy IV-VII szko\u0142y podstawowe:<br><\/strong>I miejsce \u2013 Brajan Antas i Tomas Biela, Zesp\u00f3\u0142 Szk\u00f3\u0142 i Plac\u00f3wek Specjalnych im. Marii Grzegorzewskiej w Zawierciu<br>II miejsce \u2013 Kinga Wajszwili, SP Specjalna SPSK im. \u015bw. Antoniego z Padwy<br>III miejsce \u2013 Aleksandra Malewska, Szko\u0142a Podstawowa nr 26<br>III miejsce \u2013 Wiktoria Janosz, Szko\u0142a Podstawowa w Zespole Szk\u00f3\u0142 Specjalnych nr 28 w Cz\u0119stochowie<\/p>\n\n\n\n<p><strong>III kategoria wiekowa: gimnazja i klasy VIII:<br><\/strong>I miejsce \u2013 Damian Malinowski, M\u0142odzie\u017cowy O\u015brodek Wychowawczy w Herbach<br>II miejsce \u2013 Krystian Liszaj, Szko\u0142a Podstawowa z Oddzia\u0142ami Integracyjnymi nr 53 im. Marii Sk\u0142odowskiej-Curie w Cz\u0119stochowie<br>III miejsce \u2013 Dagmara G\u0142owienkowska, Zesp\u00f3\u0142 Szk\u00f3\u0142 Specjalnych nr 28 w Cz\u0119stochowie<br>Wyr\u00f3\u017cnienie \u2013 Pawe\u0142 Nowakowski, Katolicka Szko\u0142a PP im. \u015bw. Antoniego z Padwy<\/p>\n\n\n\n<p><strong>IV kategoria wiekowa: szko\u0142y przysposabiaj\u0105ce do pracy\/ szko\u0142y bran\u017cowe:<br><\/strong>I miejsce \u2013 Rafa\u0142 Szczepa\u0144ski, Katolicka Szko\u0142a PP im. \u015bw. Antoniego z Padwy<br>II miejsce \u2013 Amelia Czok, Bran\u017cowa Szko\u0142a Specjalna I st. w Zespole Szk\u00f3\u0142 Zawodowych Specjalnych im. Marii Grzegorzewskiej w Cz\u0119stochowie<br>III miejsce \u2013 Krystian \u017burawski, M\u0142odzie\u017cowy O\u015brodek Wychowawczy w Herbach<br>Wyr\u00f3\u017cnienie \u2013 Katarzyna Wr\u00f3bel, Zesp\u00f3\u0142 Szk\u00f3\u0142 Zawodowych Specjalnych im. Marii Grzegorzewskiej w Cz\u0119stochowie<\/p>\n\n\n\n<p>Relacje z wydarzenia:<\/p>\n\n\n\n<p><a href=\"http:\/\/www.niedziela.pl\/artykul\/41455\/Konkurs-recytatorski-%E2%80%9ECzarowanie\" target=\"_blank\" rel=\"noreferrer noopener\">Konkurs recytatorski &#8222;Czarowanie s\u0142owem&#8221; <\/a><\/p>\n\n\n\n<p><a href=\"http:\/\/czestochowskie24.pl\/czestochowa\/czarowanie-slowem-juz-po-raz-czwarty\/\" target=\"_blank\" rel=\"noreferrer noopener\">&#8222;Czarowanie s\u0142owem&#8221; ju\u017c po raz czwarty<\/a><\/p>\n\n\n\n<p style=\"text-align:right\"><em>Tekst: Anna D\u0105browska<br><\/em><em>Zdj\u0119cia: Izabela Bajor<br><a href=\"https:\/\/pbp.womczest.edu.pl\/new\/galeria\/konkurs-recytatorski-czarowanie-slowem-2019\/\">galeria<\/a><\/em><\/p>\n","protected":false},"excerpt":{"rendered":"<p>14 marca 2019 r. w Auli Regionalnego O\u015brodka Doskonalenia Nauczycieli \u201eWOM\u201d w Cz\u0119stochowie odby\u0142 si\u0119 IV Mi\u0119dzyszkolny Konkurs Recytatorski \u201eCzarowanie s\u0142owem\u201d. Organizatorem konkursu by\u0142 Specjalny&nbsp; O\u015brodek Szkolno-Wychowawczy nr&nbsp;1 w&nbsp;Cz\u0119stochowie, we&nbsp;wsp\u00f3\u0142pracy z&nbsp;Publiczn\u0105 Bibliotek\u0105 Pedagogiczn\u0105 RODN \u201eWOM\u201d w&nbsp;Cz\u0119stochowie. Ka\u017cdy wyst\u0119p by\u0142 wzruszaj\u0105cym prze\u017cyciem nie tylko dla recytatora ale przede wszystkim dla widowni zgromadzonej w auli. Jury w sk\u0142adzie: Czes\u0142awa Monczka \u2013 aktorka, Danuta Kr\u00f3liszewska \u2013 malarka oraz Beata Raczy\u0144ska \u2013 nauczyciel bibliotekarz,<span class=\"ellipsis\">&hellip;<\/span><\/p>\n<div class=\"read-more\"><a href=\"https:\/\/pbp.womczest.edu.pl\/new\/konkurs-recytatorski-czarowanie-slowem\/\">Czytaj wi\u0119cej &#8250;<\/a><\/div>\n<p><!-- end of .read-more --><\/p>\n","protected":false},"author":6,"featured_media":0,"parent":0,"menu_order":0,"comment_status":"closed","ping_status":"closed","template":"","meta":{"footnotes":""},"jetpack_sharing_enabled":true,"jetpack_shortlink":"https:\/\/wp.me\/PgmV4H-3yy","_links":{"self":[{"href":"https:\/\/pbp.womczest.edu.pl\/new\/wp-json\/wp\/v2\/pages\/13674"}],"collection":[{"href":"https:\/\/pbp.womczest.edu.pl\/new\/wp-json\/wp\/v2\/pages"}],"about":[{"href":"https:\/\/pbp.womczest.edu.pl\/new\/wp-json\/wp\/v2\/types\/page"}],"author":[{"embeddable":true,"href":"https:\/\/pbp.womczest.edu.pl\/new\/wp-json\/wp\/v2\/users\/6"}],"replies":[{"embeddable":true,"href":"https:\/\/pbp.womczest.edu.pl\/new\/wp-json\/wp\/v2\/comments?post=13674"}],"version-history":[{"count":1,"href":"https:\/\/pbp.womczest.edu.pl\/new\/wp-json\/wp\/v2\/pages\/13674\/revisions"}],"predecessor-version":[{"id":13675,"href":"https:\/\/pbp.womczest.edu.pl\/new\/wp-json\/wp\/v2\/pages\/13674\/revisions\/13675"}],"wp:attachment":[{"href":"https:\/\/pbp.womczest.edu.pl\/new\/wp-json\/wp\/v2\/media?parent=13674"}],"curies":[{"name":"wp","href":"https:\/\/api.w.org\/{rel}","templated":true}]}}