


{"id":13663,"date":"2019-05-08T10:08:58","date_gmt":"2019-05-08T08:08:58","guid":{"rendered":"https:\/\/pbp.womczest.edu.pl\/new\/?page_id=13663"},"modified":"2019-05-08T10:08:59","modified_gmt":"2019-05-08T08:08:59","slug":"miedzyszkolny-konkurs-na-lapbooka-pt-koty-w-literaturze","status":"publish","type":"page","link":"https:\/\/pbp.womczest.edu.pl\/new\/miedzyszkolny-konkurs-na-lapbooka-pt-koty-w-literaturze\/","title":{"rendered":"Mi\u0119dzyszkolny konkurs na lapbooka pt. &#8222;Koty w literaturze&#8221;"},"content":{"rendered":"\n<p>6 lutego 2019&nbsp;r. o&nbsp;godz. 12.00 w&nbsp;Publicznej Bibliotece Pedagogicznej RODN \u201eWOM\u201d w&nbsp;Cz\u0119stochowie odby\u0142o si\u0119 wr\u0119czenie nagr\u00f3d i wyr\u00f3\u017cnie\u0144 dla uczestnik\u00f3w mi\u0119dzyszkolnego konkursu na lapbooka pt. \u201eKoty w literaturze\u201d. Konkurs zorganizowany zosta\u0142 w ramach \u015awiatowego Dnia Kota obchodzonego 17 lutego. Uroczysto\u015b\u0107 poprowadzi\u0142a Pani Renata Lipniewska \u2013 wicedyrektor RODN \u201eWOM\u201d ds.&nbsp;bibliotek pedagogicznych. Organizatorami konkursu byli nauczyciele bibliotekarze: Anna D\u0105browska oraz Anna Hiller. Celem&nbsp; konkursu by\u0142o zach\u0119canie dzieci do czytania i czerpania wiedzy z ksi\u0105\u017cek, kszta\u0142towanie umiej\u0119tno\u015bci przekazania i&nbsp;zaprezentowania swojej wiedzy oraz rozwijanie umiej\u0119tno\u015bci plastycznych uczni\u00f3w. Zadaniem uczestnika by\u0142o przygotowanie ksi\u0105\u017cki tematycznej w&nbsp;formie lapbooka zgodnej z tematyk\u0105 konkursu. W konkursie wzi\u0119\u0142o udzia\u0142 47&nbsp;uczni\u00f3w &nbsp;z 18 szk\u00f3\u0142 podstawowych miasta Cz\u0119stochowy, powiatu cz\u0119stochowskiego, k\u0142obuckiego, lublinieckiego i&nbsp;myszkowskiego.<\/p>\n\n\n\n<p>Komisja w sk\u0142adzie:<br><strong>Beata Raczy\u0144ska<\/strong> \u2013 przewodnicz\u0105ca, nauczyciel bibliotekarz Publicznej Biblioteki Pedagogicznej RODN \u201eWOM\u201d w Cz\u0119stochowie,<br><strong>Alicja Kowalska<\/strong>, artysta plastyk,<br><strong>Joanna Resakowska<\/strong>, nauczyciel bibliotekarz Publicznej Biblioteki Pedagogicznej RODN \u201eWOM\u201d w Cz\u0119stochowie,<br><strong>Barbara Witkowska<\/strong>, nauczyciel bibliotekarz Publicznej Biblioteki Pedagogicznej RODN \u201eWOM\u201d w Cz\u0119stochowie,<br>oceni\u0142a prace pod wzgl\u0119dem merytorycznym, estetycznym i artystycznym. Brano pod uwag\u0119 zar\u00f3wno informacje zawarte w lapbooku, jak r\u00f3wnie\u017c staranno\u015b\u0107 wykonania, zaanga\u017cowanie, pomys\u0142owo\u015b\u0107 i wk\u0142ad pracy oraz samodzielno\u015b\u0107 wykonania.<br>Spo\u015br\u00f3d przys\u0142anych prac, komisja przyzna\u0142a nagrody w dw\u00f3ch kategoriach:<\/p>\n\n\n\n<ul><li><strong>Szko\u0142y podstawowe klasy I-IV<\/strong><\/li><\/ul>\n\n\n\n<p><strong>I miejsce<br><\/strong><strong>Stanis\u0142aw Niedzielski,<\/strong> ucze\u0144 Szko\u0142y Podstawowej&nbsp; nr 1 im. Zdobywc\u00f3w Przestworzy w&nbsp;Cz\u0119stochowie, opiekun: Ma\u0142gorzata Walczak<\/p>\n\n\n\n<p><strong>II miejsce<br><\/strong><strong>Milena Olszewska,<\/strong> uczennica Szko\u0142y Podstawowej im. Tadeusza Ko\u015bciuszki w&nbsp;R\u0119bielicach Szlacheckich, opiekun: Aneta Bogacz<\/p>\n\n\n\n<p><strong>III miejsce<br><\/strong><strong>Leon Bieleninik,<\/strong> ucze\u0144 Publicznej Szko\u0142y Podstawowej Stowarzyszenia Przyjaci\u00f3\u0142 Szk\u00f3\u0142 Katolickich w&nbsp;Lgocie, opiekun: Joanna Baran<\/p>\n\n\n\n<p><strong>Wyr\u00f3\u017cnienie<br><\/strong><strong>Antonina Bogda\u0142,<\/strong> uczennica Szko\u0142y Podstawowej nr 29 w Cz\u0119stochowie, opiekun: Marlena St\u0119mplowska<br><strong>Maja St\u0119pie\u0144, <\/strong>uczennica Szko\u0142y Podstawowej nr 3 im. Jana Paw\u0142a II w K\u0142obucku, opiekun: Edyta Suchanek<\/p>\n\n\n\n<ul><li><strong>Szko\u0142y podstawowe klasy V-VIII<\/strong><\/li><\/ul>\n\n\n\n<p><strong>I miejsce<br><\/strong><strong>Anna W\u00f3jcik,<\/strong> uczennica Szko\u0142y Podstawowej nr 29 w Cz\u0119stochowie, opiekun: Ewa Bogda\u0142<\/p>\n\n\n\n<p><strong>II miejsce ex aequo<br><\/strong><strong>Jakub Prudzic<\/strong>, ucze\u0144 Szko\u0142y Podstawowej im. H. Sienkiewicza w Kamienicy Polskiej,&nbsp; opiekun: Aneta Prudzic<br><strong>Maria Bogda\u0142,<\/strong> uczennica Szko\u0142y Podstawowej nr 29 w Cz\u0119stochowie, opiekun: Iwona Knysak<\/p>\n\n\n\n<p><strong>III miejsce<br><\/strong><strong>Julia Ciastko, <\/strong>uczennica Szko\u0142y Podstawowej im. T. Ko\u015bciuszki w Mstowie, opiekun: Justyna Ujma<\/p>\n\n\n\n<p><strong>Wyr\u00f3\u017cnienie:<br><\/strong><strong>Dominika \u017by\u0142a,<\/strong> uczennica Szko\u0142y Podstawowej nr 29 w Cz\u0119stochowie, opiekun: Ewa Bogda\u0142<br><strong>Mateusz Durczak,<\/strong> ucze\u0144 Szko\u0142y Podstawowej im. H. Sienkiewicza w Kamienicy Polskiej,&nbsp; opiekun: Agnieszka Go\u0142da<br><strong>Maria Woszczy\u0144ska, <\/strong>uczennica Publicznej Szko\u0142y Podstawowej Stowarzyszenia Przyjaci\u00f3\u0142 Szk\u00f3\u0142 Katolickich im. \u015bw. Dominika Savio w&nbsp;K\u0142obucku, opiekun: Joanna \u015aciebura<\/p>\n\n\n\n<p>Wszyscy uczniowie otrzymali dyplomy za uczestnictwo, a nauczyciele podzi\u0119kowania. Zwyci\u0119zcy konkursu otrzymali dyplomy i nagrody ksi\u0105\u017ckowe. Na zako\u0144czenie uroczysto\u015bci uczestnicy wraz z opiekunami mogli podziwia\u0107 swoje prace na wystawie zorganizowanej w czytelni naukowej Publicznej Biblioteki Pedagogicznej Regionalnego O\u015brodka Doskonalenia Nauczycieli \u201eWOM\u201d w Cz\u0119stochowie. <\/p>\n\n\n\n<p style=\"text-align:right\"><em>Tekst: Anna D\u0105browska, <\/em><em>Barbara Witkowska<br><\/em><em>Zdj\u0119cia: Izabela Bajor<br><a href=\"https:\/\/pbp.womczest.edu.pl\/new\/galeria\/miedzyszkolny-konkurs-na-lapbooka-pt-koty-w-literaturze-2019\/\">galeria<\/a><\/em><\/p>\n","protected":false},"excerpt":{"rendered":"<p>6 lutego 2019&nbsp;r. o&nbsp;godz. 12.00 w&nbsp;Publicznej Bibliotece Pedagogicznej RODN \u201eWOM\u201d w&nbsp;Cz\u0119stochowie odby\u0142o si\u0119 wr\u0119czenie nagr\u00f3d i wyr\u00f3\u017cnie\u0144 dla uczestnik\u00f3w mi\u0119dzyszkolnego konkursu na lapbooka pt. \u201eKoty w literaturze\u201d. Konkurs zorganizowany zosta\u0142 w ramach \u015awiatowego Dnia Kota obchodzonego 17 lutego. Uroczysto\u015b\u0107 poprowadzi\u0142a Pani Renata Lipniewska \u2013 wicedyrektor RODN \u201eWOM\u201d ds.&nbsp;bibliotek pedagogicznych. Organizatorami konkursu byli nauczyciele bibliotekarze: Anna D\u0105browska oraz Anna Hiller. Celem&nbsp; konkursu by\u0142o zach\u0119canie dzieci do czytania i czerpania wiedzy z<span class=\"ellipsis\">&hellip;<\/span><\/p>\n<div class=\"read-more\"><a href=\"https:\/\/pbp.womczest.edu.pl\/new\/miedzyszkolny-konkurs-na-lapbooka-pt-koty-w-literaturze\/\">Czytaj wi\u0119cej &#8250;<\/a><\/div>\n<p><!-- end of .read-more --><\/p>\n","protected":false},"author":6,"featured_media":0,"parent":0,"menu_order":0,"comment_status":"closed","ping_status":"closed","template":"","meta":{"footnotes":""},"jetpack_sharing_enabled":true,"jetpack_shortlink":"https:\/\/wp.me\/PgmV4H-3yn","_links":{"self":[{"href":"https:\/\/pbp.womczest.edu.pl\/new\/wp-json\/wp\/v2\/pages\/13663"}],"collection":[{"href":"https:\/\/pbp.womczest.edu.pl\/new\/wp-json\/wp\/v2\/pages"}],"about":[{"href":"https:\/\/pbp.womczest.edu.pl\/new\/wp-json\/wp\/v2\/types\/page"}],"author":[{"embeddable":true,"href":"https:\/\/pbp.womczest.edu.pl\/new\/wp-json\/wp\/v2\/users\/6"}],"replies":[{"embeddable":true,"href":"https:\/\/pbp.womczest.edu.pl\/new\/wp-json\/wp\/v2\/comments?post=13663"}],"version-history":[{"count":1,"href":"https:\/\/pbp.womczest.edu.pl\/new\/wp-json\/wp\/v2\/pages\/13663\/revisions"}],"predecessor-version":[{"id":13664,"href":"https:\/\/pbp.womczest.edu.pl\/new\/wp-json\/wp\/v2\/pages\/13663\/revisions\/13664"}],"wp:attachment":[{"href":"https:\/\/pbp.womczest.edu.pl\/new\/wp-json\/wp\/v2\/media?parent=13663"}],"curies":[{"name":"wp","href":"https:\/\/api.w.org\/{rel}","templated":true}]}}