


{"id":13068,"date":"2019-01-02T14:41:33","date_gmt":"2019-01-02T13:41:33","guid":{"rendered":"https:\/\/pbp.womczest.edu.pl\/new\/?page_id=13068"},"modified":"2025-02-17T14:45:29","modified_gmt":"2025-02-17T13:45:29","slug":"zintegrowany-system-kwalifikacji","status":"publish","type":"page","link":"https:\/\/pbp.womczest.edu.pl\/new\/zintegrowany-system-kwalifikacji\/","title":{"rendered":"ZINTEGROWANY SYSTEM KWALIFIKACJI"},"content":{"rendered":"<ul>\n<li>Rozporz\u0105dzenie Ministra Edukacji z dnia 22 stycznia 2024 r. w sprawie zakresu informacji gromadzonych w Zintegrowanym Rejestrze Kwalifikacji o kwalifikacjach cz\u0105stkowych nadawanych po uko\u0144czeniu studi\u00f3w podyplomowych : Dz.U. z 2024 r. poz. 81<br \/>\n<a id=\"view:_id1:_id2:_id59:_id61:callback1:_id93:rDeeds:1903:_id114\" class=\"doc-details-link\" href=\"https:\/\/isap.sejm.gov.pl\/isap.nsf\/DocDetails.xsp?id=WDU20240000081\">Dz.U. 2024 poz. 81<\/a><\/li>\n<li>Rozporz\u0105dzenie Ministra Edukacji i Nauki z dnia 5 lipca 2023 r. w sprawie Sektorowej Ramy Kwalifikacji w sektorze energetyki : Dz.U. z 2023 r. poz. 1488<br \/>\n<a id=\"view:_id1:_id2:_id59:_id61:callback1:_id93:rDeeds:1336:_id114\" class=\"doc-details-link\" href=\"https:\/\/isap.sejm.gov.pl\/isap.nsf\/DocDetails.xsp?id=WDU20230001488\">Dz.U. 2023 poz. 1488<\/a><\/li>\n<li>Rozporz\u0105dzenie Ministra Edukacji i Nauki z dnia 12 stycznia 2022 r. w sprawie Sektorowej Ramy Kwalifikacji w sektorze handel : U. 2022 poz. 310<br \/>\n<a id=\"view:_id1:_id2:_id59:_id61:callback1:_id93:rDeeds:750:_id114\" class=\"doc-details-link\" href=\"https:\/\/isap.sejm.gov.pl\/isap.nsf\/DocDetails.xsp?id=WDU20220000310\">Dz.U. 2022 poz. 310<\/a><\/li>\n<li><a id=\"view:_id1:_id2:_id59:_id61:callback1:_id93:rDeeds:489:_id114\" class=\"doc-details-link\" href=\"http:\/\/isap.sejm.gov.pl\/isap.nsf\/DocDetails.xsp?id=WDU20200000226\"><\/a>Rozporz\u0105dzenie Ministra Edukacji Narodowej z dnia 14 listopada 2019 r. w sprawie Sektorowej Ramy Kwalifikacji w sektorze us\u0142ugi rozwojowe : Dz. U. z 2019 r. poz. 2345<br \/>\n<a id=\"view:_id1:_id2:_id59:_id61:callback1:_id93:rDeeds:221:_id114\" class=\"doc-details-link\" href=\"http:\/\/isap.sejm.gov.pl\/isap.nsf\/DocDetails.xsp?id=WDU20190002345\">Dz.U. 2019 poz. 2345<\/a><\/li>\n<li>Rozporz\u0105dzenie Ministra Edukacji Narodowej z dnia 31 lipca 2019 r. w sprawie wzor\u00f3w znak\u00f3w graficznych informuj\u0105cych o poziomach Polskiej Ramy Kwalifikacji przypisanych do kwalifikacji pe\u0142nych i cz\u0105stkowych w\u0142\u0105czonych do Zintegrowanego Systemu Kwalifikacji i odpowiadaj\u0105cych im poziomach europejskich ram kwalifikacji : Dz. U. z 2019 r. poz. 1574<br \/>\n<a id=\"view:_id1:_id2:_id59:_id61:callback1:_id93:rDeeds:426:_id114\" class=\"doc-details-link\" href=\"http:\/\/isap.sejm.gov.pl\/isap.nsf\/DocDetails.xsp?id=WDU20190001574\">Dz.U. 2019 poz. 1574<\/a><\/li>\n<li>Rozporz\u0105dzenie Ministra Edukacji Narodowej z dnia 12 lipca 2019 r. w sprawie Sektorowej Ramy Kwalifikacji w sektorze budownictwo : Dz. U. z 2019 r. poz. 1448<br \/>\n<a id=\"view:_id1:_id2:_id59:_id61:callback1:_id93:rDeeds:1118:_id114\" class=\"doc-details-link\" href=\"http:\/\/isap.sejm.gov.pl\/isap.nsf\/DocDetails.xsp?id=WDU20190001448\">Dz.U. 2019 poz. 1448<\/a><\/li>\n<li>Rozporz\u0105dzenie Ministra Edukacji Narodowej z dnia 21 czerwca 2017 r. w sprawie Sektorowej Ramy Kwalifikacji w sektorze sport : Dz. U. z 2017 r. poz. 1268<br \/>\n<a id=\"view:_id1:_id2:_id59:_id61:callback1:_id93:rDeeds:1241:_id114\" class=\"doc-details-link\" href=\"http:\/\/isap.sejm.gov.pl\/isap.nsf\/DocDetails.xsp?id=WDU20170001268\">Dz.U. 2017 poz. 1268<\/a><\/li>\n<li>Rozporz\u0105dzenie Ministra Edukacji Narodowej z dnia 18 maja 2017 r. w sprawie Sektorowej Ramy Kwalifikacji w sektorze turystyka : Dz. U. z 2017 r. poz. 1155<br \/>\n<a id=\"view:_id1:_id2:_id59:_id61:callback1:_id93:rDeeds:1354:_id114\" class=\"doc-details-link\" href=\"http:\/\/isap.sejm.gov.pl\/isap.nsf\/DocDetails.xsp?id=WDU20170001155\">Dz.U. 2017 poz. 1155<\/a><a id=\"view:_id1:_id2:_id59:_id61:callback1:_id93:rDeeds:1241:_id114\" class=\"doc-details-link\" href=\"http:\/\/isap.sejm.gov.pl\/isap.nsf\/DocDetails.xsp?id=WDU20170001268\"><\/a><\/li>\n<li>Rozporz\u0105dzenie Ministra Edukacji Narodowej z dnia 16 stycznia 2017 r. w sprawie poziom\u00f3w Polskiej Ramy Kwalifikacji dla kwalifikacji pe\u0142nych nadanych do dnia 15 stycznia 2016 r. : Dz. U. z 2017 r. poz. 133<br \/>\n<a id=\"view:_id1:_id2:_id59:_id61:callback1:_id93:rDeeds:2376:_id114\" class=\"doc-details-link\" href=\"http:\/\/isap.sejm.gov.pl\/isap.nsf\/DocDetails.xsp?id=WDU20170000133\">Dz.U. 2017 poz. 133<\/a><a id=\"view:_id1:_id2:_id59:_id61:callback1:_id93:rDeeds:2242:_id114\" class=\"doc-details-link\" href=\"http:\/\/isap.sejm.gov.pl\/isap.nsf\/DocDetails.xsp?id=WDU20160000064\"><\/a><\/li>\n<li>Rozporz\u0105dzenie Ministra Edukacji Narodowej z dnia 10 pa\u017adziernika 2016 r. w sprawie regulaminu pracy komisji do oceny wniosk\u00f3w o wpis na list\u0119 podmiot\u00f3w uprawnionych do pe\u0142nienia funkcji zewn\u0119trznego zapewniania jako\u015bci, wzoru umowy z podmiotem, kt\u00f3remu powierzono funkcj\u0119 zewn\u0119trznego zapewniania jako\u015bci, oraz sposobu ustalania wysoko\u015bci wynagrodzenia z tytu\u0142u tej umowy : Dz. U. z 2016 r. poz. 1687<br \/>\n<a id=\"view:_id1:_id2:_id59:_id61:callback1:_id93:rDeeds:619:_id114\" class=\"doc-details-link\" href=\"http:\/\/isap.sejm.gov.pl\/isap.nsf\/DocDetails.xsp?id=WDU20160001687\">Dz.U. 2016 poz. 1687<\/a><\/li>\n<li>Rozporz\u0105dzenie Ministra Edukacji Narodowej z dnia 13 kwietnia 2016 r. w sprawie charakterystyk drugiego stopnia Polskiej Ramy Kwalifikacji typowych dla kwalifikacji o charakterze zawodowym \u2013 poziomy 1\u20138 : Dz. U. z 2016 r. poz. 537<br \/>\n<a id=\"view:_id1:_id2:_id59:_id61:callback1:_id93:rDeeds:1769:_id114\" class=\"doc-details-link\" href=\"http:\/\/isap.sejm.gov.pl\/isap.nsf\/DocDetails.xsp?id=WDU20160000537\">Dz.U. 2016 poz. 537<\/a><\/li>\n<li>Rozporz\u0105dzenie Ministra Edukacji Narodowej z dnia 13 kwietnia 2016 r. w sprawie charakterystyk drugiego stopnia Polskiej Ramy Kwalifikacji typowych dla kwalifikacji o charakterze og\u00f3lnym \u2013 poziomy 1\u20134 : Dz. U. z 2016 r. poz. 520<br \/>\n<a id=\"view:_id1:_id2:_id59:_id61:callback1:_id93:rDeeds:1786:_id114\" class=\"doc-details-link\" href=\"http:\/\/isap.sejm.gov.pl\/isap.nsf\/DocDetails.xsp?id=WDU20160000520\">Dz.U. 2016 poz. 520<\/a><\/li>\n<li>Rozporz\u0105dzenie Ministra Edukacji Narodowej z dnia 12 kwietnia 2016 r. w sprawie wymog\u00f3w technicznych, jakie musi spe\u0142nia\u0107 aplikacja do przesy\u0142ania informacji do Zintegrowanego Rejestru Kwalifikacji : Dz. U. z 2016 r. poz. 498<br \/>\n<a id=\"view:_id1:_id2:_id59:_id61:callback1:_id93:rDeeds:1808:_id114\" class=\"doc-details-link\" href=\"http:\/\/isap.sejm.gov.pl\/isap.nsf\/DocDetails.xsp?id=WDU20160000498\">Dz.U. 2016 poz. 498<\/a><\/li>\n<li>Ustawa z dnia 22 grudnia 2015 r. o Zintegrowanym Systemie Kwalifikacji : Dz. U. z 2016 r. poz. 64<br \/>\n<a id=\"view:_id1:_id2:_id59:_id61:callback1:_id93:rDeeds:2242:_id114\" class=\"doc-details-link\" href=\"http:\/\/isap.sejm.gov.pl\/isap.nsf\/DocDetails.xsp?id=WDU20160000064\">Dz.U. 2016 poz. 64<\/a><\/li>\n<\/ul>\n","protected":false},"excerpt":{"rendered":"<p>Rozporz\u0105dzenie Ministra Edukacji z dnia 22 stycznia 2024 r. w sprawie zakresu informacji gromadzonych w Zintegrowanym Rejestrze Kwalifikacji o kwalifikacjach cz\u0105stkowych nadawanych po uko\u0144czeniu studi\u00f3w podyplomowych : Dz.U. z 2024 r. poz. 81 Dz.U. 2024 poz. 81 Rozporz\u0105dzenie Ministra Edukacji i Nauki z dnia 5 lipca 2023 r. w sprawie Sektorowej Ramy Kwalifikacji w sektorze energetyki : Dz.U. z 2023 r. poz. 1488 Dz.U. 2023 poz. 1488 Rozporz\u0105dzenie Ministra Edukacji<span class=\"ellipsis\">&hellip;<\/span><\/p>\n<div class=\"read-more\"><a href=\"https:\/\/pbp.womczest.edu.pl\/new\/zintegrowany-system-kwalifikacji\/\">Czytaj wi\u0119cej &#8250;<\/a><\/div>\n<p><!-- end of .read-more --><\/p>\n","protected":false},"author":7,"featured_media":0,"parent":0,"menu_order":0,"comment_status":"closed","ping_status":"closed","template":"","meta":{"footnotes":""},"jetpack_sharing_enabled":true,"jetpack_shortlink":"https:\/\/wp.me\/PgmV4H-3oM","_links":{"self":[{"href":"https:\/\/pbp.womczest.edu.pl\/new\/wp-json\/wp\/v2\/pages\/13068"}],"collection":[{"href":"https:\/\/pbp.womczest.edu.pl\/new\/wp-json\/wp\/v2\/pages"}],"about":[{"href":"https:\/\/pbp.womczest.edu.pl\/new\/wp-json\/wp\/v2\/types\/page"}],"author":[{"embeddable":true,"href":"https:\/\/pbp.womczest.edu.pl\/new\/wp-json\/wp\/v2\/users\/7"}],"replies":[{"embeddable":true,"href":"https:\/\/pbp.womczest.edu.pl\/new\/wp-json\/wp\/v2\/comments?post=13068"}],"version-history":[{"count":13,"href":"https:\/\/pbp.womczest.edu.pl\/new\/wp-json\/wp\/v2\/pages\/13068\/revisions"}],"predecessor-version":[{"id":26504,"href":"https:\/\/pbp.womczest.edu.pl\/new\/wp-json\/wp\/v2\/pages\/13068\/revisions\/26504"}],"wp:attachment":[{"href":"https:\/\/pbp.womczest.edu.pl\/new\/wp-json\/wp\/v2\/media?parent=13068"}],"curies":[{"name":"wp","href":"https:\/\/api.w.org\/{rel}","templated":true}]}}