


{"id":13064,"date":"2019-01-02T14:40:25","date_gmt":"2019-01-02T13:40:25","guid":{"rendered":"https:\/\/pbp.womczest.edu.pl\/new\/?page_id=13064"},"modified":"2025-02-17T12:54:53","modified_gmt":"2025-02-17T11:54:53","slug":"wynagrodzenie-nauczycieli-i-osob-niebedacych-nauczycielami","status":"publish","type":"page","link":"https:\/\/pbp.womczest.edu.pl\/new\/wynagrodzenie-nauczycieli-i-osob-niebedacych-nauczycielami\/","title":{"rendered":"WYNAGRODZENIE NAUCZYCIELI I OS\u00d3B NIEB\u0118D\u0104CYCH NAUCZYCIELAMI"},"content":{"rendered":"<ul>\n<li>Obwieszczenie Ministra Edukacji z dnia 11 stycznia 2024 r. w sprawie og\u0142oszenia jednolitego tekstu rozporz\u0105dzenia Ministra Edukacji Narodowej w sprawie sposobu ustalania wysoko\u015bci wynagrodzenia przewodnicz\u0105cych komisji dyscyplinarnych i ich zast\u0119pc\u00f3w, przewodnicz\u0105cych sk\u0142ad\u00f3w orzekaj\u0105cych oraz rzecznik\u00f3w dyscyplinarnych i ich zast\u0119pc\u00f3w, a tak\u017ce wysoko\u015bci wynagrodzenia obro\u0144cy z urz\u0119du : Dz.U. z 2024 r. poz. 49<br \/>\n<a id=\"view:_id1:_id2:_id59:_id61:callback1:_id93:rDeeds:1935:_id114\" class=\"doc-details-link\" href=\"https:\/\/isap.sejm.gov.pl\/isap.nsf\/DocDetails.xsp?id=WDU20240000049\">Dz.U. 2024 poz. 49<\/a><\/li>\n<li>Rozporz\u0105dzenie Ministra Edukacji i Nauki z dnia 23 listopada 2023 r. zmieniaj\u0105ce rozporz\u0105dzenie w sprawie sposobu ustalania wysoko\u015bci wynagrodzenia przewodnicz\u0105cych komisji dyscyplinarnych i ich zast\u0119pc\u00f3w, przewodnicz\u0105cych sk\u0142ad\u00f3w orzekaj\u0105cych oraz rzecznik\u00f3w dyscyplinarnych i ich zast\u0119pc\u00f3w, a tak\u017ce wysoko\u015bci wynagrodzenia obro\u0144cy z urz\u0119du : Dz.U. z 2023 r. poz. 2573<br \/>\n<a id=\"view:_id1:_id2:_id59:_id61:callback1:_id93:rDeeds:251:_id114\" class=\"doc-details-link\" href=\"https:\/\/isap.sejm.gov.pl\/isap.nsf\/DocDetails.xsp?id=WDU20230002573\">Dz.U. 2023 poz. 2573<\/a><\/li>\n<li>Obwieszczenie Ministra Edukacji i Nauki z dnia 9 czerwca 2023 r. w sprawie og\u0142oszenia jednolitego tekstu rozporz\u0105dzenia Ministra Edukacji Narodowej w sprawie kryteri\u00f3w i trybu przyznawania nagr\u00f3d dla nauczycieli : Dz.U. z 2023 r. poz. 1258<br \/>\n<a id=\"view:_id1:_id2:_id59:_id61:callback1:_id93:rDeeds:1566:_id114\" class=\"doc-details-link\" href=\"https:\/\/isap.sejm.gov.pl\/isap.nsf\/DocDetails.xsp?id=WDU20230001258\">Dz.U. 2023 poz. 1258<\/a><\/li>\n<li>Rozporz\u0105dzenie Ministra Edukacji i Nauki z dnia 15 grudnia 2022 r. w sprawie sposobu opracowywania sprawozdania z wysoko\u015bci \u015brednich wynagrodze\u0144 nauczycieli : Dz. U. z 2022 r. poz. 2767<br \/>\n<a id=\"view:_id1:_id2:_id59:_id61:callback1:_id93:rDeeds:101:_id114\" class=\"doc-details-link\" href=\"https:\/\/isap.sejm.gov.pl\/isap.nsf\/DocDetails.xsp?id=WDU20220002767\">Dz.U. 2022 poz. 2767<\/a><\/li>\n<li><a id=\"view:_id1:_id2:_id53:_id55:callback1:_id87:rDeeds:187:_id106\" class=\"doc-details-link\" href=\"http:\/\/isap.sejm.gov.pl\/isap.nsf\/DocDetails.xsp?id=WDU20180002361\"><\/a>Obwieszczenie Ministra Edukacji i Nauki z dnia 15 czerwca 2023 r. w sprawie og\u0142oszenia jednolitego tekstu rozporz\u0105dzenia Ministra Edukacji Narodowej w sprawie dodatk\u00f3w do wynagrodzenia zasadniczego oraz wynagrodzenia za godziny ponadwymiarowe i godziny dora\u017anych zast\u0119pstw dla nauczycieli zatrudnionych w szko\u0142ach prowadzonych przez organy administracji rz\u0105dowej : Dz.U. z 2023 r. poz. 1289<br \/>\n<a id=\"view:_id1:_id2:_id59:_id61:callback1:_id93:rDeeds:1535:_id114\" class=\"doc-details-link\" href=\"https:\/\/isap.sejm.gov.pl\/isap.nsf\/DocDetails.xsp?id=WDU20230001289\">Dz.U. 2023 poz. 1289<\/a><\/li>\n<li>Rozporz\u0105dzenie Ministra Edukacji i Nauki z dnia 26 sierpnia 2022 r. zmieniaj\u0105ce rozporz\u0105dzenie w sprawie dodatk\u00f3w do wynagrodzenia zasadniczego oraz wynagrodzenia za godziny ponadwymiarowe i godziny dora\u017anych zast\u0119pstw dla nauczycieli zatrudnionych w szko\u0142ach prowadzonych przez organy administracji rz\u0105dowej : Dz. U. z 2022 r. poz. 1821<br \/>\n<a id=\"view:_id1:_id2:_id59:_id61:callback1:_id93:rDeeds:424:_id114\" class=\"doc-details-link\" href=\"https:\/\/isap.sejm.gov.pl\/isap.nsf\/DocDetails.xsp?id=WDU20220001821\">Dz.U. 2022 poz. 1821<\/a><\/li>\n<li>Rozporz\u0105dzenie Ministra Edukacji i Nauki z dnia 24 lutego 2023 r. zmieniaj\u0105ce rozporz\u0105dzenie w sprawie wysoko\u015bci minimalnych stawek wynagrodzenia zasadniczego nauczycieli, og\u00f3lnych warunk\u00f3w przyznawania dodatk\u00f3w do wynagrodzenia zasadniczego oraz wynagradzania za prac\u0119 w dniu wolnym od pracy : Dz.U. 2023 poz. 352<br \/>\n<a id=\"view:_id1:_id2:_id59:_id61:callback1:_id93:rDeeds:2472:_id114\" class=\"doc-details-link\" href=\"https:\/\/isap.sejm.gov.pl\/isap.nsf\/DocDetails.xsp?id=WDU20230000352\">Dz.U. 2023 poz. 352<\/a><\/li>\n<li>Rozporz\u0105dzenie Ministra Edukacji i Nauki z dnia 24 sierpnia 2022 r. zmieniaj\u0105ce rozporz\u0105dzenie w sprawie wysoko\u015bci minimalnych stawek wynagrodzenia zasadniczego nauczycieli, og\u00f3lnych warunk\u00f3w przyznawania dodatk\u00f3w do wynagrodzenia zasadniczego oraz wynagradzania za prac\u0119 w dniu wolnym od pracy : Dz. U. z 2022 r. poz. 1798<br \/>\n<a id=\"view:_id1:_id2:_id59:_id61:callback1:_id93:rDeeds:464:_id114\" class=\"doc-details-link\" href=\"https:\/\/isap.sejm.gov.pl\/isap.nsf\/DocDetails.xsp?id=WDU20220001798\">Dz.U. 2022 poz. 1798<\/a><\/li>\n<li>Rozporz\u0105dzenie Ministra Edukacji i Nauki z dnia 13 maja 2022 r. zmieniaj\u0105ce rozporz\u0105dzenie w sprawie wysoko\u015bci minimalnych stawek wynagrodzenia zasadniczego nauczycieli, og\u00f3lnych warunk\u00f3w przyznawania dodatk\u00f3w do wynagrodzenia zasadniczego oraz wynagradzania za prac\u0119 w dniu wolnym od pracy : Dz.U. 2022 poz. 1057<br \/>\n<a id=\"view:_id1:_id2:_id59:_id61:callback1:_id93:rDeeds:22:_id114\" class=\"doc-details-link\" href=\"https:\/\/isap.sejm.gov.pl\/isap.nsf\/DocDetails.xsp?id=WDU20220001057\">Dz.U. 2022 poz. 1057<\/a><\/li>\n<li>Rozporz\u0105dzenie Ministra Edukacji i Nauki z dnia 22 kwietnia 2021 r. zmieniaj\u0105ce rozporz\u0105dzenie w sprawie wysoko\u015bci minimalnych stawek wynagrodzenia zasadniczego nauczycieli, og\u00f3lnych warunk\u00f3w przyznawania dodatk\u00f3w do wynagrodzenia zasadniczego oraz wynagradzania za prac\u0119 w dniu wolnym od pracy : Dz. U. z 2021 r. poz. 787<br \/>\n<a id=\"view:_id1:_id2:_id59:_id61:callback1:_id93:rDeeds:103:_id114\" class=\"doc-details-link\" href=\"http:\/\/isap.sejm.gov.pl\/isap.nsf\/DocDetails.xsp?id=WDU20210000787\">Dz.U. 2021 poz. 787<\/a><\/li>\n<li>Rozporz\u0105dzenie Ministra Edukacji Narodowej z dnia 27 sierpnia 2020 r. zmieniaj\u0105ce rozporz\u0105dzenie w sprawie wysoko\u015bci minimalnych stawek wynagrodzenia zasadniczego nauczycieli, og\u00f3lnych warunk\u00f3w przyznawania dodatk\u00f3w do wynagrodzenia zasadniczego oraz wynagradzania za prac\u0119 w dniu wolnym od pracy : Dz. U. z 2020 r. poz. 1491<br \/>\n<a id=\"view:_id1:_id2:_id59:_id61:callback1:_id93:rDeeds:972:_id114\" class=\"doc-details-link\" href=\"http:\/\/isap.sejm.gov.pl\/isap.nsf\/DocDetails.xsp?id=WDU20200001491\">Dz.U. 2020 poz. 1491<\/a><\/li>\n<li>Rozporz\u0105dzenie Ministra Edukacji Narodowej z dnia 12 grudnia 2019 r. zmieniaj\u0105ce rozporz\u0105dzenie w sprawie wysoko\u015bci minimalnych stawek wynagrodzenia zasadniczego nauczycieli, og\u00f3lnych warunk\u00f3w przyznawania dodatk\u00f3w do wynagrodzenia zasadniczego oraz wynagradzania za prac\u0119 w dniu wolnym od pracy : Dz. U. z 2019 r. poz. 2441<br \/>\n<a id=\"view:_id1:_id2:_id59:_id61:callback1:_id93:rDeeds:125:_id114\" class=\"doc-details-link\" href=\"http:\/\/isap.sejm.gov.pl\/isap.nsf\/DocDetails.xsp?id=WDU20190002441\">Dz.U. 2019 poz. 2441<\/a><\/li>\n<li>Rozporz\u0105dzenie Ministra Edukacji Narodowej z dnia 14 sierpnia 2019 r. zmieniaj\u0105ce rozporz\u0105dzenie w sprawie wysoko\u015bci minimalnych stawek wynagrodzenia zasadniczego nauczycieli, og\u00f3lnych warunk\u00f3w przyznawania dodatk\u00f3w do wynagrodzenia zasadniczego oraz wynagradzania za prac\u0119 w dniu wolnym od pracy : Dz. U. z 2019 r. poz. 1587<br \/>\n<a id=\"view:_id1:_id2:_id59:_id61:callback1:_id93:rDeeds:413:_id114\" class=\"doc-details-link\" href=\"http:\/\/isap.sejm.gov.pl\/isap.nsf\/DocDetails.xsp?id=WDU20190001587\">Dz.U. 2019 poz. 1587<\/a><\/li>\n<li>Rozporz\u0105dzenie Ministra Edukacji Narodowej z dnia 8 lutego 2019 r. zmieniaj\u0105ce rozporz\u0105dzenie w sprawie wysoko\u015bci minimalnych stawek wynagrodzenia zasadniczego nauczycieli, og\u00f3lnych warunk\u00f3w przyznawania dodatk\u00f3w do wynagrodzenia zasadniczego oraz wynagradzania za prac\u0119 w dniu wolnym od pracy : Dz. U. z 2019 r. poz. 249<br \/>\n<a id=\"view:_id1:_id2:_id53:_id55:callback1:_id87:rDeeds:234:_id108\" class=\"doc-details-link\" href=\"http:\/\/isap.sejm.gov.pl\/isap.nsf\/DocDetails.xsp?id=WDU20190000249\">Dz.U. 2019 poz. 249<\/a><\/li>\n<li>Rozporz\u0105dzenie Ministra Edukacji Narodowej z dnia 26 marca 2018 r. zmieniaj\u0105ce rozporz\u0105dzenie w sprawie wysoko\u015bci minimalnych stawek wynagrodzenia zasadniczego nauczycieli, og\u00f3lnych warunk\u00f3w przyznawania dodatk\u00f3w do wynagrodzenia zasadniczego oraz wynagradzania za prac\u0119 w dniu wolnym od pracy : Dz. U. 2018 r. poz. 638<br \/>\n<a id=\"view:_id1:_id2:_id59:_id61:callback1:_id93:rDeeds:1910:_id114\" class=\"doc-details-link\" href=\"http:\/\/isap.sejm.gov.pl\/isap.nsf\/DocDetails.xsp?id=WDU20180000638\">Dz.U. 2018 poz. 638<\/a><\/li>\n<li>Rozporz\u0105dzenie Ministra Edukacji Narodowej z dnia 20 marca 2017 r. zmieniaj\u0105ce rozporz\u0105dzenie w sprawie wysoko\u015bci minimalnych stawek wynagrodzenia zasadniczego nauczycieli, og\u00f3lnych warunk\u00f3w przyznawania dodatk\u00f3w do wynagrodzenia zasadniczego oraz wynagradzania za prac\u0119 w dniu wolnym od pracy : Dz. U. z 2017 r. poz. 630<br \/>\n<a id=\"view:_id1:_id2:_id59:_id61:callback1:_id93:rDeeds:1879:_id114\" class=\"doc-details-link\" href=\"http:\/\/isap.sejm.gov.pl\/isap.nsf\/DocDetails.xsp?id=WDU20170000630\">Dz.U. 2017 poz. 630<\/a><\/li>\n<li>Rozporz\u0105dzenie Ministra Edukacji Narodowej z dnia 4 lipca 2016 r. zmieniaj\u0105ce rozporz\u0105dzenie w sprawie wysoko\u015bci minimalnych stawek wynagrodzenia zasadniczego nauczycieli, og\u00f3lnych warunk\u00f3w przyznawania dodatk\u00f3w do wynagrodzenia zasadniczego oraz wynagradzania za prac\u0119 w dniu wolnym od pracy : Dz. U. z 2016 r. poz. 1029<br \/>\n<a id=\"view:_id1:_id2:_id59:_id61:callback1:_id93:rDeeds:1277:_id114\" class=\"doc-details-link\" href=\"http:\/\/isap.sejm.gov.pl\/isap.nsf\/DocDetails.xsp?id=WDU20160001029\">Dz.U. 2016 poz. 1029<\/a><a id=\"view:_id1:_id2:_id59:_id61:callback1:_id93:rDeeds:1579:_id114\" class=\"doc-details-link\" href=\"http:\/\/isap.sejm.gov.pl\/isap.nsf\/DocDetails.xsp?id=WDU20140000416\"><\/a><a id=\"view:_id1:_id2:_id59:_id61:callback1:_id93:rDeeds:1277:_id114\" class=\"doc-details-link\" href=\"http:\/\/isap.sejm.gov.pl\/isap.nsf\/DocDetails.xsp?id=WDU20160001029\"><\/a><\/li>\n<li>Rozporz\u0105dzenie Ministra Edukacji Narodowej z dnia 11 czerwca 2015 r. zmieniaj\u0105ce rozporz\u0105dzenie w sprawie wysoko\u015bci minimalnych stawek wynagrodzenia zasadniczego nauczycieli, og\u00f3lnych warunk\u00f3w przyznawania dodatk\u00f3w do wynagrodzenia zasadniczego oraz wynagradzania za prac\u0119 w dniu wolnym od pracy : Dz. U. z 2015 r. poz. 868<br \/>\n<a id=\"view:_id1:_id2:_id59:_id61:callback1:_id93:rDeeds:1499:_id114\" class=\"doc-details-link\" href=\"http:\/\/isap.sejm.gov.pl\/isap.nsf\/DocDetails.xsp?id=WDU20150000868\">Dz.U. 2015 poz. 868<\/a><\/li>\n<li><a id=\"view:_id1:_id2:_id59:_id61:callback1:_id93:rDeeds:1579:_id114\" class=\"doc-details-link\" href=\"http:\/\/isap.sejm.gov.pl\/isap.nsf\/DocDetails.xsp?id=WDU20140000416\"><\/a>Rozporz\u0105dzenie Ministra Edukacji Narodowej i Sportu z dnia 31 stycznia 2005 r. w sprawie wysoko\u015bci minimalnych stawek wynagrodzenia zasadniczego nauczycieli, og\u00f3lnych warunk\u00f3w przyznawania dodatk\u00f3w do wynagrodzenia zasadniczego oraz wynagradzania za prac\u0119 w dniu wolnym od pracy : Dz. U. z 2005 r. nr 22 poz. 181<br \/>\n<a id=\"view:_id1:_id2:_id59:_id61:callback1:_id93:rDeeds:4:_id114\" class=\"doc-details-link\" href=\"http:\/\/isap.sejm.gov.pl\/isap.nsf\/DocDetails.xsp?id=WDU20050220181\">Dz.U. 2005 nr 22 poz. 181<\/a><\/li>\n<li>Obwieszczenie Ministra Edukacji Narodowej z dnia 6 sierpnia 2020 r. w sprawie og\u0142oszenia jednolitego tekstu rozporz\u0105dzenia Ministra Edukacji Narodowej w sprawie szczeg\u00f3\u0142owych zasad ustalania wynagrodzenia oraz ekwiwalentu pieni\u0119\u017cnego za urlop wypoczynkowy nauczycieli : Dz. U. z 2020 r. poz. 1455<br \/>\n<a id=\"view:_id1:_id2:_id59:_id61:callback1:_id93:rDeeds:1008:_id114\" class=\"doc-details-link\" href=\"http:\/\/isap.sejm.gov.pl\/isap.nsf\/DocDetails.xsp?id=WDU20200001455\">Dz.U. 2020 poz. 1455<\/a><\/li>\n<li>Rozporz\u0105dzenie Ministra Edukacji Narodowej z dnia 15 marca 2018 r. zmieniaj\u0105ce rozporz\u0105dzenie w sprawie szczeg\u00f3\u0142owych zasad ustalania wynagrodzenia oraz ekwiwalentu pieni\u0119\u017cnego za urlop wypoczynkowy nauczycieli : Dz. U. 2018 r. poz. 588<br \/>\n<a id=\"view:_id1:_id2:_id59:_id61:callback1:_id93:rDeeds:1960:_id114\" class=\"doc-details-link\" href=\"http:\/\/isap.sejm.gov.pl\/isap.nsf\/DocDetails.xsp?id=WDU20180000588\">Dz.U. 2018 poz. 588<\/a><\/li>\n<li><a id=\"view:_id1:_id2:_id59:_id61:callback1:_id93:rDeeds:550:_id114\" class=\"doc-details-link\" href=\"https:\/\/isap.sejm.gov.pl\/isap.nsf\/DocDetails.xsp?id=WDU20230000003\"><\/a>Rozporz\u0105dzenie Ministra Edukacji Narodowej z dnia 26 marca 2015 r. w sprawie dodatk\u00f3w do wynagrodzenia zasadniczego dla nauczycieli mianowanych i dyplomowanych zatrudnionych na stanowiskach, na kt\u00f3rych wymagane s\u0105 kwalifikacje pedagogiczne, w Centralnej Komisji Egzaminacyjnej, okr\u0119gowych komisjach egzaminacyjnych i publicznych plac\u00f3wkach doskonalenia nauczycieli prowadzonych przez organy administracji rz\u0105dowej : Dz. U. z 2015 r. poz. 454<br \/>\n<a id=\"view:_id1:_id2:_id59:_id61:callback1:_id93:rDeeds:1913:_id114\" class=\"doc-details-link\" href=\"http:\/\/isap.sejm.gov.pl\/isap.nsf\/DocDetails.xsp?id=WDU20150000454\">Dz.U. 2015 poz. 454<\/a><\/li>\n<li>Rozporz\u0105dzenie Ministra Edukacji Narodowej z dnia 23 sierpnia 2019 r. zmieniaj\u0105ce rozporz\u0105dzenie w sprawie dodatk\u00f3w do wynagrodzenia zasadniczego oraz wynagrodzenia za godziny ponadwymiarowe i godziny dora\u017anych zast\u0119pstw dla nauczycieli zatrudnionych w szko\u0142ach prowadzonych przez organy administracji rz\u0105dowej : Dz. U. z 2019 r. poz. 1654<br \/>\n<a id=\"view:_id1:_id2:_id59:_id61:callback1:_id93:rDeeds:363:_id114\" class=\"doc-details-link\" href=\"http:\/\/isap.sejm.gov.pl\/isap.nsf\/DocDetails.xsp?id=WDU20190001654\">Dz.U. 2019 poz. 1654<\/a><\/li>\n<li>Rozporz\u0105dzenie Ministra Edukacji Narodowej z dnia 17 kwietnia 2015 r. zmieniaj\u0105ce rozporz\u0105dzenie w sprawie dodatk\u00f3w do wynagrodzenia zasadniczego oraz wynagrodzenia za godziny ponadwymiarowe i godziny dora\u017anych zast\u0119pstw dla nauczycieli zatrudnionych w szko\u0142ach prowadzonych przez organy administracji rz\u0105dowej : Dz. U. z 2015 r. poz. 572<br \/>\n<a id=\"view:_id1:_id2:_id59:_id61:callback1:_id93:rDeeds:1795:_id114\" class=\"doc-details-link\" href=\"http:\/\/isap.sejm.gov.pl\/isap.nsf\/DocDetails.xsp?id=WDU20150000572\">Dz.U. 2015 poz. 572<\/a><\/li>\n<li>Rozporz\u0105dzenie Ministra Edukacji Narodowej z dnia 3 kwietnia 2009 r. w sprawie dodatk\u00f3w do wynagrodzenia zasadniczego oraz wynagrodzenia za godziny ponadwymiarowe i godziny dora\u017anych zast\u0119pstw dla nauczycieli zatrudnionych w szko\u0142ach prowadzonych przez organy administracji rz\u0105dowej : Dz. U. z 2009 r. nr 60 poz. 494<br \/>\n<a id=\"view:_id1:_id2:_id59:_id61:callback1:_id93:rDeeds:3:_id114\" class=\"doc-details-link\" href=\"http:\/\/isap.sejm.gov.pl\/isap.nsf\/DocDetails.xsp?id=WDU20090600494\">Dz.U. 2009 nr 60 poz. 494<\/a><a id=\"view:_id1:_id2:_id59:_id61:callback1:_id93:rDeeds:1795:_id114\" class=\"doc-details-link\" href=\"http:\/\/isap.sejm.gov.pl\/isap.nsf\/DocDetails.xsp?id=WDU20150000572\"><\/a><a id=\"view:_id1:_id2:_id59:_id61:callback1:_id93:rDeeds:363:_id114\" class=\"doc-details-link\" href=\"http:\/\/isap.sejm.gov.pl\/isap.nsf\/DocDetails.xsp?id=WDU20190001654\"><\/a><\/li>\n<li>Rozporz\u0105dzenie Ministra Rodziny, Pracy i Polityki Spo\u0142ecznej z dnia 12 stycznia 2018 r. zmieniaj\u0105ce rozporz\u0105dzenie w sprawie warunk\u00f3w wynagradzania za prac\u0119 i przyznawania innych \u015bwiadcze\u0144 zwi\u0105zanych z prac\u0105 dla pracownik\u00f3w nieb\u0119d\u0105cych nauczycielami, zatrudnionych w szko\u0142ach i plac\u00f3wkach o\u015bwiatowych prowadzonych przez organy administracji rz\u0105dowej oraz w niekt\u00f3rych innych jednostkach organizacyjnych : Dz.U. 2018 r. poz. 163<br \/>\n<a id=\"view:_id1:_id2:_id53:_id55:callback1:_id87:rDeeds:7:_id106\" class=\"doc-details-link\" href=\"http:\/\/isap.sejm.gov.pl\/isap.nsf\/DocDetails.xsp?id=WDU20180000163\">Dz.U. 2018 poz. 163<\/a><\/li>\n<li>Obwieszczenie Marsza\u0142ka Sejmu Rzeczypospolitej Polskiej z dnia 14 listopada 2016 r. w sprawie og\u0142oszenia jednolitego tekstu ustawy o jednorazowym dodatku pieni\u0119\u017cnym dla niekt\u00f3rych emeryt\u00f3w, rencist\u00f3w i os\u00f3b pobieraj\u0105cych \u015bwiadczenia przedemerytalne, zasi\u0142ki przedemerytalne, emerytury pomostowe albo nauczycielskie \u015bwiadczenia kompensacyjne w 2016 r. : Dz. U. z 2016 r. poz. 2011<br \/>\n<a id=\"view:_id1:_id2:_id59:_id61:callback1:_id93:rDeeds:295:_id114\" class=\"doc-details-link\" href=\"http:\/\/isap.sejm.gov.pl\/isap.nsf\/DocDetails.xsp?id=WDU20160002011\">Dz.U. 2016 poz. 2011<\/a><a id=\"view:_id1:_id2:_id53:_id55:callback1:_id87:rDeeds:7:_id106\" class=\"doc-details-link\" href=\"http:\/\/isap.sejm.gov.pl\/isap.nsf\/DocDetails.xsp?id=WDU20180000163\"><\/a><\/li>\n<\/ul>\n","protected":false},"excerpt":{"rendered":"<p>Obwieszczenie Ministra Edukacji z dnia 11 stycznia 2024 r. w sprawie og\u0142oszenia jednolitego tekstu rozporz\u0105dzenia Ministra Edukacji Narodowej w sprawie sposobu ustalania wysoko\u015bci wynagrodzenia przewodnicz\u0105cych komisji dyscyplinarnych i ich zast\u0119pc\u00f3w, przewodnicz\u0105cych sk\u0142ad\u00f3w orzekaj\u0105cych oraz rzecznik\u00f3w dyscyplinarnych i ich zast\u0119pc\u00f3w, a tak\u017ce wysoko\u015bci wynagrodzenia obro\u0144cy z urz\u0119du : Dz.U. z 2024 r. poz. 49 Dz.U. 2024 poz. 49 Rozporz\u0105dzenie Ministra Edukacji i Nauki z dnia 23 listopada 2023 r. zmieniaj\u0105ce rozporz\u0105dzenie<span class=\"ellipsis\">&hellip;<\/span><\/p>\n<div class=\"read-more\"><a href=\"https:\/\/pbp.womczest.edu.pl\/new\/wynagrodzenie-nauczycieli-i-osob-niebedacych-nauczycielami\/\">Czytaj wi\u0119cej &#8250;<\/a><\/div>\n<p><!-- end of .read-more --><\/p>\n","protected":false},"author":7,"featured_media":0,"parent":0,"menu_order":0,"comment_status":"closed","ping_status":"closed","template":"","meta":{"footnotes":""},"jetpack_sharing_enabled":true,"jetpack_shortlink":"https:\/\/wp.me\/PgmV4H-3oI","_links":{"self":[{"href":"https:\/\/pbp.womczest.edu.pl\/new\/wp-json\/wp\/v2\/pages\/13064"}],"collection":[{"href":"https:\/\/pbp.womczest.edu.pl\/new\/wp-json\/wp\/v2\/pages"}],"about":[{"href":"https:\/\/pbp.womczest.edu.pl\/new\/wp-json\/wp\/v2\/types\/page"}],"author":[{"embeddable":true,"href":"https:\/\/pbp.womczest.edu.pl\/new\/wp-json\/wp\/v2\/users\/7"}],"replies":[{"embeddable":true,"href":"https:\/\/pbp.womczest.edu.pl\/new\/wp-json\/wp\/v2\/comments?post=13064"}],"version-history":[{"count":35,"href":"https:\/\/pbp.womczest.edu.pl\/new\/wp-json\/wp\/v2\/pages\/13064\/revisions"}],"predecessor-version":[{"id":26502,"href":"https:\/\/pbp.womczest.edu.pl\/new\/wp-json\/wp\/v2\/pages\/13064\/revisions\/26502"}],"wp:attachment":[{"href":"https:\/\/pbp.womczest.edu.pl\/new\/wp-json\/wp\/v2\/media?parent=13064"}],"curies":[{"name":"wp","href":"https:\/\/api.w.org\/{rel}","templated":true}]}}