


{"id":13060,"date":"2019-01-02T14:39:04","date_gmt":"2019-01-02T13:39:04","guid":{"rendered":"https:\/\/pbp.womczest.edu.pl\/new\/?page_id=13060"},"modified":"2025-01-21T14:54:13","modified_gmt":"2025-01-21T13:54:13","slug":"wychowanie-przedszkolne","status":"publish","type":"page","link":"https:\/\/pbp.womczest.edu.pl\/new\/wychowanie-przedszkolne\/","title":{"rendered":"WYCHOWANIE PRZEDSZKOLNE"},"content":{"rendered":"<ul>\n<li>Obwieszczenie Ministra Edukacji Narodowej z dnia 18 sierpnia 2020 r. w sprawie og\u0142oszenia jednolitego tekstu rozporz\u0105dzenia Ministra Edukacji Narodowej w sprawie rodzaj\u00f3w innych form wychowania przedszkolnego, warunk\u00f3w tworzenia i organizowania tych form oraz sposobu ich dzia\u0142ania : Dz. U. z 2020 r. poz. 1520<br \/>\n<a id=\"view:_id1:_id2:_id59:_id61:callback1:_id93:rDeeds:943:_id114\" class=\"doc-details-link\" href=\"http:\/\/isap.sejm.gov.pl\/isap.nsf\/DocDetails.xsp?id=WDU20200001520\">Dz.U. 2020 poz. 1520<\/a><\/li>\n<li>Rozporz\u0105dzenie Ministra Edukacji Narodowej z dnia 12 sierpnia 2020 r. zmieniaj\u0105ce rozporz\u0105dzenie w sprawie rodzaj\u00f3w innych form wychowania przedszkolnego, warunk\u00f3w tworzenia i organizowania tych form oraz sposobu ich dzia\u0142ania : Dz. U. z 2020 r. poz. 1385<br \/>\n<a id=\"view:_id1:_id2:_id59:_id61:callback1:_id93:rDeeds:1078:_id114\" class=\"doc-details-link\" href=\"http:\/\/isap.sejm.gov.pl\/isap.nsf\/DocDetails.xsp?id=WDU20200001385\">Dz.U. 2020 poz. 1385<\/a><\/li>\n<li>Rozporz\u0105dzenie Ministra Edukacji Narodowej z dnia 20 grudnia 2017 r. zmieniaj\u0105ce rozporz\u0105dzenie w sprawie rodzaj\u00f3w innych form wychowania przedszkolnego, warunk\u00f3w tworzenia i organizowania tych form oraz sposobu ich dzia\u0142ania : Dz. U. z 2017 r. poz. 2446<br \/>\n<a id=\"view:_id1:_id2:_id59:_id61:callback1:_id93:rDeeds:63:_id114\" class=\"doc-details-link\" href=\"http:\/\/isap.sejm.gov.pl\/isap.nsf\/DocDetails.xsp?id=WDU20170002446\">Dz.U. 2017 poz. 2446<\/a><\/li>\n<li>Rozporz\u0105dzenie Ministra Edukacji Narodowej z dnia 28 sierpnia 2017 r. w sprawie rodzaj\u00f3w innych form wychowania przedszkolnego, warunk\u00f3w tworzenia i organizowania tych form oraz sposobu ich dzia\u0142ania : Dz. U. z 2017 r. poz. 1657<br \/>\n<a id=\"view:_id1:_id2:_id59:_id61:callback1:_id93:rDeeds:852:_id114\" class=\"doc-details-link\" href=\"http:\/\/isap.sejm.gov.pl\/isap.nsf\/DocDetails.xsp?id=WDU20170001657\">Dz.U. 2017 poz. 1657<\/a><\/li>\n<li>Rozporz\u0105dzenie Ministra Edukacji Narodowej z dnia 4 wrze\u015bnia 2020 r. zmieniaj\u0105ce rozporz\u0105dzenie w sprawie indywidualnego nauczania dzieci i m\u0142odzie\u017cy : Dz. U. z 2020 r. poz. 1538<br \/>\n<a id=\"view:_id1:_id2:_id59:_id61:callback1:_id93:rDeeds:925:_id114\" class=\"doc-details-link\" href=\"http:\/\/isap.sejm.gov.pl\/isap.nsf\/DocDetails.xsp?id=WDU20200001538\">Dz.U. 2020 poz. 1538<\/a><\/li>\n<li>Rozporz\u0105dzenie Ministra Edukacji i Nauki z dnia 24 sierpnia 2021 r. zmieniaj\u0105ce rozporz\u0105dzenie w sprawie indywidualnego obowi\u0105zkowego rocznego przygotowania przedszkolnego dzieci i indywidualnego nauczania dzieci i m\u0142odzie\u017cy : Dz. U. z 2021 r. poz. 1571<br \/>\n<a id=\"view:_id1:_id2:_id59:_id61:callback1:_id93:rDeeds:477:_id114\" class=\"doc-details-link\" href=\"http:\/\/isap.sejm.gov.pl\/isap.nsf\/DocDetails.xsp?id=WDU20210001571\">Dz.U. 2021 poz. 1571<\/a><\/li>\n<li>Rozporz\u0105dzenie Ministra Edukacji Narodowej z dnia 4 wrze\u015bnia 2020 r. zmieniaj\u0105ce rozporz\u0105dzenie w sprawie indywidualnego obowi\u0105zkowego rocznego przygotowania przedszkolnego dzieci i indywidualnego nauczania dzieci i m\u0142odzie\u017cy : Dz. U. z 2020 r. poz. 1537<br \/>\n<a id=\"view:_id1:_id2:_id59:_id61:callback1:_id93:rDeeds:926:_id114\" class=\"doc-details-link\" href=\"http:\/\/isap.sejm.gov.pl\/isap.nsf\/DocDetails.xsp?id=WDU20200001537\">Dz.U. 2020 poz. 1537<\/a><\/li>\n<li>Rozporz\u0105dzenie Ministra Edukacji Narodowej z dnia 28 sierpnia 2017 r. zmieniaj\u0105ce rozporz\u0105dzenie w sprawie indywidualnego obowi\u0105zkowego rocznego przygotowania przedszkolnego dzieci i indywidualnego nauczania dzieci i m\u0142odzie\u017cy : Dz. U. z 2017 r. poz. 1656<br \/>\n<a id=\"view:_id1:_id2:_id59:_id61:callback1:_id93:rDeeds:853:_id114\" class=\"doc-details-link\" href=\"http:\/\/isap.sejm.gov.pl\/isap.nsf\/DocDetails.xsp?id=WDU20170001656\">Dz.U. 2017 poz. 1656<\/a><\/li>\n<li>Rozporz\u0105dzenie Ministra Edukacji Narodowej z dnia 9 sierpnia 2017 r. w sprawie indywidualnego obowi\u0105zkowego rocznego przygotowania przedszkolnego dzieci i indywidualnego nauczania dzieci i m\u0142odzie\u017cy : Dz. U. z 2017 r. poz. 1616<br \/>\n<a id=\"view:_id1:_id2:_id59:_id61:callback1:_id93:rDeeds:893:_id114\" class=\"doc-details-link\" href=\"http:\/\/isap.sejm.gov.pl\/isap.nsf\/DocDetails.xsp?id=WDU20170001616\">Dz.U. 2017 poz. 1616<\/a><\/li>\n<li>Rozporz\u0105dzenie Ministra Edukacji Narodowej z dnia 28 sierpnia 2014 r. w sprawie indywidualnego obowi\u0105zkowego rocznego przygotowania przedszkolnego dzieci i indywidualnego nauczania dzieci i m\u0142odzie\u017cy : Dz. U. z 2014 r. poz. 1157<br \/>\n<a id=\"view:_id1:_id2:_id59:_id61:callback1:_id93:rDeeds:838:_id114\" class=\"doc-details-link\" href=\"http:\/\/isap.sejm.gov.pl\/isap.nsf\/DocDetails.xsp?id=WDU20140001157\">Dz.U. 2014 poz. 1157<\/a><\/li>\n<li>Obwieszczenie Ministra Edukacji Narodowej z dnia 14 sierpnia 2020 r. w sprawie og\u0142oszenia jednolitego tekstu rozporz\u0105dzenia Ministra Edukacji Narodowej w sprawie wymaga\u0144 ochrony przeciwpo\u017carowej, jakie musi spe\u0142nia\u0107 lokal, w kt\u00f3rym s\u0105 prowadzone oddzia\u0142 przedszkolny lub oddzia\u0142y przedszkolne zorganizowane w szkole podstawowej albo jest prowadzone przedszkole utworzone w wyniku przekszta\u0142cenia oddzia\u0142u przedszkolnego lub oddzia\u0142\u00f3w przedszkolnych zorganizowanych w szkole podstawowe : Dz. U. z 2020 r. poz. 1531<br \/>\n<a id=\"view:_id1:_id2:_id59:_id61:callback1:_id93:rDeeds:932:_id114\" class=\"doc-details-link\" href=\"http:\/\/isap.sejm.gov.pl\/isap.nsf\/DocDetails.xsp?id=WDU20200001531\">Dz.U. 2020 poz. 1531<\/a><\/li>\n<li>Rozporz\u0105dzenie Ministra Edukacji Narodowej z dnia 20 grudnia 2017 r. zmieniaj\u0105ce rozporz\u0105dzenie w sprawie wymaga\u0144 ochrony przeciwpo\u017carowej, jakie musi spe\u0142nia\u0107 lokal, w kt\u00f3rym s\u0105 prowadzone oddzia\u0142 przedszkolny lub oddzia\u0142y przedszkolne zorganizowane w szkole podstawowej albo jest prowadzone przedszkole utworzone w wyniku przekszta\u0142cenia oddzia\u0142u przedszkolnego lub oddzia\u0142\u00f3w przedszkolnych zorganizowanych w szkole podstawowej : Dz. U. z 2017 r. poz. 2445<br \/>\n<a id=\"view:_id1:_id2:_id59:_id61:callback1:_id93:rDeeds:64:_id114\" class=\"doc-details-link\" href=\"http:\/\/isap.sejm.gov.pl\/isap.nsf\/DocDetails.xsp?id=WDU20170002445\">Dz.U. 2017 poz. 2445<\/a><a id=\"view:_id1:_id2:_id59:_id61:callback1:_id93:rDeeds:63:_id114\" class=\"doc-details-link\" href=\"http:\/\/isap.sejm.gov.pl\/isap.nsf\/DocDetails.xsp?id=WDU20170002446\"><\/a><\/li>\n<li><a id=\"view:_id1:_id2:_id59:_id61:callback1:_id93:rDeeds:84:_id114\" class=\"doc-details-link\" href=\"http:\/\/isap.sejm.gov.pl\/isap.nsf\/DocDetails.xsp?id=WDU20170002425\"><\/a>Rozporz\u0105dzenie Ministra Edukacji Narodowej z dnia 25 sierpnia 2017 r. w sprawie wymaga\u0144 ochrony przeciwpo\u017carowej, jakie musi spe\u0142nia\u0107 lokal, w kt\u00f3rym s\u0105 prowadzone oddzia\u0142 przedszkolny lub oddzia\u0142y przedszkolne zorganizowane w szkole podstawowej albo jest prowadzone przedszkole utworzone w wyniku przekszta\u0142cenia oddzia\u0142u przedszkolnego lub oddzia\u0142\u00f3w przedszkolnych zorganizowanych w szkole podstawowej : Dz. U. z 2017 r. poz. 1642<br \/>\n<a id=\"view:_id1:_id2:_id59:_id61:callback1:_id93:rDeeds:867:_id114\" class=\"doc-details-link\" href=\"http:\/\/isap.sejm.gov.pl\/isap.nsf\/DocDetails.xsp?id=WDU20170001642\">Dz.U. 2017 poz. 1642<\/a><\/li>\n<li>Rozporz\u0105dzenie Ministra Edukacji Narodowej z dnia 18 sierpnia 2017 r. w sprawie warunk\u00f3w i sposobu wykonywania przez przedszkola, szko\u0142y i plac\u00f3wki publiczne zada\u0144 umo\u017cliwiaj\u0105cych podtrzymywanie poczucia to\u017csamo\u015bci narodowej, etnicznej i j\u0119zykowej uczni\u00f3w nale\u017c\u0105cych do mniejszo\u015bci narodowych i etnicznych oraz spo\u0142eczno\u015bci pos\u0142uguj\u0105cej si\u0119 j\u0119zykiem regionalnym : Dz. U. z 2017 r. poz. 1627<br \/>\n<a id=\"view:_id1:_id2:_id59:_id61:callback1:_id93:rDeeds:882:_id114\" class=\"doc-details-link\" href=\"http:\/\/isap.sejm.gov.pl\/isap.nsf\/DocDetails.xsp?id=WDU20170001627\">Dz.U. 2017 poz. 1627<\/a><a id=\"view:_id1:_id2:_id59:_id61:callback1:_id93:rDeeds:867:_id114\" class=\"doc-details-link\" href=\"http:\/\/isap.sejm.gov.pl\/isap.nsf\/DocDetails.xsp?id=WDU20170001642\"><\/a><\/li>\n<\/ul>\n","protected":false},"excerpt":{"rendered":"<p>Obwieszczenie Ministra Edukacji Narodowej z dnia 18 sierpnia 2020 r. w sprawie og\u0142oszenia jednolitego tekstu rozporz\u0105dzenia Ministra Edukacji Narodowej w sprawie rodzaj\u00f3w innych form wychowania przedszkolnego, warunk\u00f3w tworzenia i organizowania tych form oraz sposobu ich dzia\u0142ania : Dz. U. z 2020 r. poz. 1520 Dz.U. 2020 poz. 1520 Rozporz\u0105dzenie Ministra Edukacji Narodowej z dnia 12 sierpnia 2020 r. zmieniaj\u0105ce rozporz\u0105dzenie w sprawie rodzaj\u00f3w innych form wychowania przedszkolnego, warunk\u00f3w tworzenia i<span class=\"ellipsis\">&hellip;<\/span><\/p>\n<div class=\"read-more\"><a href=\"https:\/\/pbp.womczest.edu.pl\/new\/wychowanie-przedszkolne\/\">Czytaj wi\u0119cej &#8250;<\/a><\/div>\n<p><!-- end of .read-more --><\/p>\n","protected":false},"author":7,"featured_media":0,"parent":0,"menu_order":0,"comment_status":"closed","ping_status":"closed","template":"","meta":{"footnotes":""},"jetpack_sharing_enabled":true,"jetpack_shortlink":"https:\/\/wp.me\/PgmV4H-3oE","_links":{"self":[{"href":"https:\/\/pbp.womczest.edu.pl\/new\/wp-json\/wp\/v2\/pages\/13060"}],"collection":[{"href":"https:\/\/pbp.womczest.edu.pl\/new\/wp-json\/wp\/v2\/pages"}],"about":[{"href":"https:\/\/pbp.womczest.edu.pl\/new\/wp-json\/wp\/v2\/types\/page"}],"author":[{"embeddable":true,"href":"https:\/\/pbp.womczest.edu.pl\/new\/wp-json\/wp\/v2\/users\/7"}],"replies":[{"embeddable":true,"href":"https:\/\/pbp.womczest.edu.pl\/new\/wp-json\/wp\/v2\/comments?post=13060"}],"version-history":[{"count":13,"href":"https:\/\/pbp.womczest.edu.pl\/new\/wp-json\/wp\/v2\/pages\/13060\/revisions"}],"predecessor-version":[{"id":26270,"href":"https:\/\/pbp.womczest.edu.pl\/new\/wp-json\/wp\/v2\/pages\/13060\/revisions\/26270"}],"wp:attachment":[{"href":"https:\/\/pbp.womczest.edu.pl\/new\/wp-json\/wp\/v2\/media?parent=13060"}],"curies":[{"name":"wp","href":"https:\/\/api.w.org\/{rel}","templated":true}]}}