


{"id":13056,"date":"2019-01-02T14:37:47","date_gmt":"2019-01-02T13:37:47","guid":{"rendered":"https:\/\/pbp.womczest.edu.pl\/new\/?page_id=13056"},"modified":"2025-01-22T11:12:33","modified_gmt":"2025-01-22T10:12:33","slug":"ulgowe-przejazdy","status":"publish","type":"page","link":"https:\/\/pbp.womczest.edu.pl\/new\/ulgowe-przejazdy\/","title":{"rendered":"ULGOWE PRZEJAZDY"},"content":{"rendered":"<ul>\n<li>Rozporz\u0105dzenie Ministra Infrastruktury i Budownictwa z dnia 12 kwietnia 2017 r. w sprawie wzor\u00f3w dokument\u00f3w po\u015bwiadczaj\u0105cych uprawnienia do korzystania z ulgowych przejazd\u00f3w \u015brodkami publicznego transportu zbiorowego oraz trybu i termin\u00f3w ich wydawania i przed\u0142u\u017cania wa\u017cno\u015bci : Dz. U. z 2017 r. poz. 811<br \/>\n<a id=\"view:_id1:_id2:_id59:_id61:callback1:_id93:rDeeds:1698:_id114\" class=\"doc-details-link\" href=\"http:\/\/isap.sejm.gov.pl\/isap.nsf\/DocDetails.xsp?id=WDU20170000811\">Dz.U. 2017 poz. 811<\/a><\/li>\n<li>Rozporz\u0105dzenie Ministra Infrastruktury i Budownictwa z dnia 20 kwietnia 2017 r. w sprawie rodzaj\u00f3w dokument\u00f3w po\u015bwiadczaj\u0105cych uprawnienia do korzystania z ulgowych przejazd\u00f3w \u015brodkami publicznego transportu zbiorowego : Dz. U. z 2017 r. poz. 810<br \/>\n<a id=\"view:_id1:_id2:_id59:_id61:callback1:_id93:rDeeds:1699:_id114\" class=\"doc-details-link\" href=\"http:\/\/isap.sejm.gov.pl\/isap.nsf\/DocDetails.xsp?id=WDU20170000810\">Dz.U. 2017 poz. 810<\/a><\/li>\n<li>Ustawa z dnia 15 grudnia 2016 r. o zmianie ustawy o uprawnieniach do ulgowych przejazd\u00f3w \u015brodkami publicznego transportu zbiorowego oraz niekt\u00f3rych innych ustaw : Dz. U. z 2017 r. poz. 132<br \/>\n<a id=\"view:_id1:_id2:_id59:_id61:callback1:_id93:rDeeds:2377:_id114\" class=\"doc-details-link\" href=\"http:\/\/isap.sejm.gov.pl\/isap.nsf\/DocDetails.xsp?id=WDU20170000132\">Dz.U. 2017 poz. 132<\/a><a id=\"view:_id1:_id2:_id59:_id61:callback1:_id93:rDeeds:1699:_id114\" class=\"doc-details-link\" href=\"http:\/\/isap.sejm.gov.pl\/isap.nsf\/DocDetails.xsp?id=WDU20170000810\"><\/a><\/li>\n<\/ul>\n","protected":false},"excerpt":{"rendered":"<p>Rozporz\u0105dzenie Ministra Infrastruktury i Budownictwa z dnia 12 kwietnia 2017 r. w sprawie wzor\u00f3w dokument\u00f3w po\u015bwiadczaj\u0105cych uprawnienia do korzystania z ulgowych przejazd\u00f3w \u015brodkami publicznego transportu zbiorowego oraz trybu i termin\u00f3w ich wydawania i przed\u0142u\u017cania wa\u017cno\u015bci : Dz. U. z 2017 r. poz. 811 Dz.U. 2017 poz. 811 Rozporz\u0105dzenie Ministra Infrastruktury i Budownictwa z dnia 20 kwietnia 2017 r. w sprawie rodzaj\u00f3w dokument\u00f3w po\u015bwiadczaj\u0105cych uprawnienia do korzystania z ulgowych przejazd\u00f3w \u015brodkami<span class=\"ellipsis\">&hellip;<\/span><\/p>\n<div class=\"read-more\"><a href=\"https:\/\/pbp.womczest.edu.pl\/new\/ulgowe-przejazdy\/\">Czytaj wi\u0119cej &#8250;<\/a><\/div>\n<p><!-- end of .read-more --><\/p>\n","protected":false},"author":7,"featured_media":0,"parent":0,"menu_order":0,"comment_status":"closed","ping_status":"closed","template":"","meta":{"footnotes":""},"jetpack_sharing_enabled":true,"jetpack_shortlink":"https:\/\/wp.me\/PgmV4H-3oA","_links":{"self":[{"href":"https:\/\/pbp.womczest.edu.pl\/new\/wp-json\/wp\/v2\/pages\/13056"}],"collection":[{"href":"https:\/\/pbp.womczest.edu.pl\/new\/wp-json\/wp\/v2\/pages"}],"about":[{"href":"https:\/\/pbp.womczest.edu.pl\/new\/wp-json\/wp\/v2\/types\/page"}],"author":[{"embeddable":true,"href":"https:\/\/pbp.womczest.edu.pl\/new\/wp-json\/wp\/v2\/users\/7"}],"replies":[{"embeddable":true,"href":"https:\/\/pbp.womczest.edu.pl\/new\/wp-json\/wp\/v2\/comments?post=13056"}],"version-history":[{"count":4,"href":"https:\/\/pbp.womczest.edu.pl\/new\/wp-json\/wp\/v2\/pages\/13056\/revisions"}],"predecessor-version":[{"id":26278,"href":"https:\/\/pbp.womczest.edu.pl\/new\/wp-json\/wp\/v2\/pages\/13056\/revisions\/26278"}],"wp:attachment":[{"href":"https:\/\/pbp.womczest.edu.pl\/new\/wp-json\/wp\/v2\/media?parent=13056"}],"curies":[{"name":"wp","href":"https:\/\/api.w.org\/{rel}","templated":true}]}}