


{"id":13052,"date":"2019-01-02T14:36:32","date_gmt":"2019-01-02T13:36:32","guid":{"rendered":"https:\/\/pbp.womczest.edu.pl\/new\/?page_id=13052"},"modified":"2025-02-17T14:49:51","modified_gmt":"2025-02-17T13:49:51","slug":"szkolnictwo-zawodowe","status":"publish","type":"page","link":"https:\/\/pbp.womczest.edu.pl\/new\/szkolnictwo-zawodowe\/","title":{"rendered":"SZKOLNICTWO BRAN\u017bOWE"},"content":{"rendered":"<ul>\n<li>Rozporz\u0105dzenie Ministra Edukacji i Nauki z dnia 28 wrze\u015bnia 2023 r. w sprawie ramowych statut\u00f3w: publicznej plac\u00f3wki kszta\u0142cenia ustawicznego, publicznego centrum kszta\u0142cenia zawodowego i publicznego bran\u017cowego centrum umiej\u0119tno\u015bci : Dz.U. z 2023 r. poz. 2066<br \/>\n<a id=\"view:_id1:_id2:_id59:_id61:callback1:_id93:rDeeds:758:_id114\" class=\"doc-details-link\" href=\"https:\/\/isap.sejm.gov.pl\/isap.nsf\/DocDetails.xsp?id=WDU20230002066\">Dz.U. 2023 poz. 2066<\/a><\/li>\n<li>Rozporz\u0105dzenie Ministra Edukacji i Nauki z dnia 27 wrze\u015bnia 2023 r. w sprawie wykazu dziedzin zawodowych wraz z przyporz\u0105dkowanymi do nich zawodami okre\u015blonymi w klasyfikacji zawod\u00f3w szkolnictwa bran\u017cowego : Dz.U. z 2023 r. poz. 2059<br \/>\n<a id=\"view:_id1:_id2:_id59:_id61:callback1:_id93:rDeeds:765:_id114\" class=\"doc-details-link\" href=\"https:\/\/isap.sejm.gov.pl\/isap.nsf\/DocDetails.xsp?id=WDU20230002059\">Dz.U. 2023 poz. 2059<\/a><\/li>\n<li>Rozporz\u0105dzenie Ministra Edukacji z dnia 27 grudnia 2023 r. zmieniaj\u0105ce rozporz\u0105dzenie w sprawie og\u00f3lnych cel\u00f3w i zada\u0144 kszta\u0142cenia w zawodach szkolnictwa bran\u017cowego oraz klasyfikacji zawod\u00f3w szkolnictwa bran\u017cowego : Dz.U. z 2024 r. poz. 24<br \/>\n<a id=\"view:_id1:_id2:_id59:_id61:callback1:_id93:rDeeds:1960:_id114\" class=\"doc-details-link\" href=\"https:\/\/isap.sejm.gov.pl\/isap.nsf\/DocDetails.xsp?id=WDU20240000024\">Dz.U. 2024 poz. 24<\/a><\/li>\n<li>Rozporz\u0105dzenie Ministra Edukacji i Nauki z dnia 18 stycznia 2023 r. zmieniaj\u0105ce rozporz\u0105dzenie w sprawie og\u00f3lnych cel\u00f3w i zada\u0144 kszta\u0142cenia w zawodach szkolnictwa bran\u017cowego oraz klasyfikacji zawod\u00f3w szkolnictwa bran\u017cowego : Dz.U. 2023 poz. 183<br \/>\n<a id=\"view:_id1:_id2:_id59:_id61:callback1:_id93:rDeeds:370:_id114\" class=\"doc-details-link\" href=\"https:\/\/isap.sejm.gov.pl\/isap.nsf\/DocDetails.xsp?id=WDU20230000183\">Dz.U. 2023 poz. 183<\/a><\/li>\n<li>Rozporz\u0105dzenie Ministra Edukacji i Nauki z dnia 26 stycznia 2022 r. zmieniaj\u0105ce rozporz\u0105dzenie w sprawie og\u00f3lnych cel\u00f3w i zada\u0144 kszta\u0142cenia w zawodach szkolnictwa bran\u017cowego oraz klasyfikacji zawod\u00f3w szkolnictwa bran\u017cowego : Dz.U. z 2022 r. poz. 204<br \/>\n<a id=\"view:_id1:_id2:_id59:_id61:callback1:_id93:rDeeds:856:_id114\" class=\"doc-details-link\" href=\"https:\/\/isap.sejm.gov.pl\/isap.nsf\/DocDetails.xsp?id=WDU20220000204\">Dz.U. 2022 poz. 204<\/a><\/li>\n<li>Rozporz\u0105dzenie Ministra Edukacji i Nauki z dnia 4 czerwca 2021 r. zmieniaj\u0105ce rozporz\u0105dzenie w sprawie og\u00f3lnych cel\u00f3w i zada\u0144 kszta\u0142cenia w zawodach szkolnictwa bran\u017cowego oraz klasyfikacji zawod\u00f3w szkolnictwa bran\u017cowego : Dz. U. z 2021 r.poz. 1036<br \/>\n<a id=\"view:_id1:_id2:_id59:_id61:callback1:_id93:rDeeds:537:_id114\" class=\"doc-details-link\" href=\"http:\/\/isap.sejm.gov.pl\/isap.nsf\/DocDetails.xsp?id=WDU20210001036\">Dz.U. 2021 poz. 1036<\/a><\/li>\n<li>Rozporz\u0105dzenie Ministra Edukacji i Nauki z dnia 27 stycznia 2021 r. zmieniaj\u0105ce rozporz\u0105dzenie w sprawie og\u00f3lnych cel\u00f3w i zada\u0144 kszta\u0142cenia w zawodach szkolnictwa bran\u017cowego oraz klasyfikacji zawod\u00f3w szkolnictwa bran\u017cowego : Dz. U. z 2021 poz. 211<br \/>\n<a id=\"view:_id1:_id2:_id59:_id61:callback1:_id93:rDeeds:363:_id114\" class=\"doc-details-link\" href=\"http:\/\/isap.sejm.gov.pl\/isap.nsf\/DocDetails.xsp?id=WDU20210000211\">Dz.U. 2021 poz. 211<\/a><\/li>\n<li>Rozporz\u0105dzenie Ministra Edukacji Narodowej z dnia 19 sierpnia 2020 r. zmieniaj\u0105ce rozporz\u0105dzenie w sprawie og\u00f3lnych cel\u00f3w i zada\u0144 kszta\u0142cenia w zawodach szkolnictwa bran\u017cowego oraz klasyfikacji zawod\u00f3w szkolnictwa bran\u017cowego : Dz. U. z 2020 r. poz. 1459<br \/>\n<a id=\"view:_id1:_id2:_id59:_id61:callback1:_id93:rDeeds:1004:_id114\" class=\"doc-details-link\" href=\"http:\/\/isap.sejm.gov.pl\/isap.nsf\/DocDetails.xsp?id=WDU20200001459\">Dz.U. 2020 poz. 1459<\/a><\/li>\n<li>Rozporz\u0105dzenie Ministra Edukacji Narodowej z dnia 23 grudnia 2019 r. zmieniaj\u0105ce rozporz\u0105dzenie w sprawie og\u00f3lnych cel\u00f3w i zada\u0144 kszta\u0142cenia w zawodach szkolnictwa bran\u017cowego oraz klasyfikacji zawod\u00f3w szkolnictwa bran\u017cowego : Dz. U. z 2020 r. poz. 82<br \/>\n<a id=\"view:_id1:_id2:_id59:_id61:callback1:_id93:rDeeds:2381:_id114\" class=\"doc-details-link\" href=\"http:\/\/isap.sejm.gov.pl\/isap.nsf\/DocDetails.xsp?id=WDU20200000082\">Dz.U. 2020 poz. 82<\/a><\/li>\n<li>Rozporz\u0105dzenie Ministra Edukacji Narodowej z dnia 15 lutego 2019 r. w sprawie og\u00f3lnych cel\u00f3w i zada\u0144 kszta\u0142cenia w zawodach szkolnictwa bran\u017cowego oraz klasyfikacji zawod\u00f3w szkolnictwa bran\u017cowego : Dz. U. z 2019 r. poz. 316<br \/>\n<a id=\"view:_id1:_id2:_id53:_id55:callback1:_id87:rDeeds:167:_id108\" class=\"doc-details-link\" href=\"http:\/\/isap.sejm.gov.pl\/isap.nsf\/DocDetails.xsp?id=WDU20190000316\">Dz.U. 2019 poz. 316<\/a><\/li>\n<li>Rozporz\u0105dzenie Ministra Edukacji i Nauki z dnia 23 maja 2023 r. zmieniaj\u0105ce rozporz\u0105dzenie w sprawie podstaw programowych kszta\u0142cenia w zawodach szkolnictwa bran\u017cowego oraz dodatkowych umiej\u0119tno\u015bci zawodowych w zakresie wybranych zawod\u00f3w szkolnictwa bran\u017cowego : Dz.U. z 2023 r. poz. 1119<br \/>\n<a id=\"view:_id1:_id2:_id59:_id61:callback1:_id93:rDeeds:1705:_id114\" class=\"doc-details-link\" href=\"https:\/\/isap.sejm.gov.pl\/isap.nsf\/DocDetails.xsp?id=WDU20230001119\">Dz.U. 2023 poz. 1119<\/a><\/li>\n<li>Rozporz\u0105dzenie Ministra Edukacji i Nauki z dnia 22 kwietnia 2022 r. zmieniaj\u0105ce rozporz\u0105dzenie w sprawie podstaw programowych kszta\u0142cenia w zawodach szkolnictwa bran\u017cowego oraz dodatkowych umiej\u0119tno\u015bci zawodowych w zakresie wybranych zawod\u00f3w szkolnictwa bran\u017cowego : Dz.U. 2022 poz. 1109<br \/>\n<a href=\"https:\/\/isap.sejm.gov.pl\/isap.nsf\/DocDetails.xsp?id=WDU20220001109\">Dz.U. 2022 poz. 1109<\/a><\/li>\n<li>Rozporz\u0105dzenie Ministra Edukacji i Nauki z dnia 13 sierpnia 2021 r. zmieniaj\u0105ce rozporz\u0105dzenie w sprawie podstaw programowych kszta\u0142cenia w zawodach szkolnictwa bran\u017cowego oraz dodatkowych umiej\u0119tno\u015bci zawodowych w zakresie wybranych zawod\u00f3w szkolnictwa bran\u017cowego : Dz. U. z 2021 r. poz. 1562<br \/>\n<a id=\"view:_id1:_id2:_id59:_id61:callback1:_id93:rDeeds:486:_id114\" class=\"doc-details-link\" href=\"http:\/\/isap.sejm.gov.pl\/isap.nsf\/DocDetails.xsp?id=WDU20210001562\">Dz.U. 2021 poz. 1562<\/a><\/li>\n<li>Rozporz\u0105dzenie Ministra Edukacji Narodowej z dnia 11 marca 2020 r. zmieniaj\u0105ce rozporz\u0105dzenie w sprawie podstaw programowych kszta\u0142cenia w zawodach szkolnictwa bran\u017cowego oraz dodatkowych umiej\u0119tno\u015bci zawodowych w zakresie wybranych zawod\u00f3w szkolnictwa bran\u017cowego : Dz. U. z 2020 r. poz. 635<br \/>\n<a id=\"view:_id1:_id2:_id59:_id61:callback1:_id93:rDeeds:80:_id114\" class=\"doc-details-link\" href=\"http:\/\/isap.sejm.gov.pl\/isap.nsf\/DocDetails.xsp?id=WDU20200000635\">Dz.U. 2020 poz. 635<\/a><\/li>\n<li><a id=\"view:_id1:_id2:_id53:_id55:callback1:_id87:rDeeds:169:_id108\" class=\"doc-details-link\" href=\"http:\/\/isap.sejm.gov.pl\/isap.nsf\/DocDetails.xsp?id=WDU20190000320\"><\/a>Rozporz\u0105dzenie Ministra Edukacji i Nauki z dnia 28 maja 2021 r. zmieniaj\u0105ce rozporz\u0105dzenie w sprawie podstaw programowych kszta\u0142cenia w zawodach szkolnictwa bran\u017cowego oraz dodatkowych umiej\u0119tno\u015bci zawodowych w zakresie wybranych zawod\u00f3w szkolnictwa bran\u017cowego : Dz. U. z 2021 r. poz. 1087<br \/>\n<a id=\"view:_id1:_id2:_id59:_id61:callback1:_id93:rDeeds:486:_id114\" class=\"doc-details-link\" href=\"http:\/\/isap.sejm.gov.pl\/isap.nsf\/DocDetails.xsp?id=WDU20210001087\">Dz.U. 2021 poz. 1087<\/a><\/li>\n<li>Rozporz\u0105dzenie Ministra Edukacji Narodowej z dnia 31 lipca 2019 r. zmieniaj\u0105ce rozporz\u0105dzenie w sprawie podstawy programowej kszta\u0142cenia w zawodach : Dz. U. z 2019 r. poz. 1539<br \/>\n<a id=\"view:_id1:_id2:_id59:_id61:callback1:_id93:rDeeds:449:_id114\" class=\"doc-details-link\" href=\"http:\/\/isap.sejm.gov.pl\/isap.nsf\/DocDetails.xsp?id=WDU20190001539\">Dz.U. 2019 poz. 1539<\/a><\/li>\n<li>Rozporz\u0105dzenie Ministra Edukacji Narodowej z dnia 16 maja 2019 r. w sprawie podstaw programowych kszta\u0142cenia w zawodach szkolnictwa bran\u017cowego oraz dodatkowych umiej\u0119tno\u015bci zawodowych w zakresie wybranych zawod\u00f3w szkolnictwa bran\u017cowego : Dz. U. z 2019 r. poz. 991\n<div class=\"col-sm-8\"><a id=\"view:_id1:_id2:_id59:_id61:callback1:_id93:rDeeds:1575:_id114\" class=\"doc-details-link\" href=\"http:\/\/isap.sejm.gov.pl\/isap.nsf\/DocDetails.xsp?id=WDU20190000991\">Dz.U. 2019 poz. 991<\/a><a id=\"view:_id1:_id2:_id59:_id61:callback1:_id84:_id106:_id112:7:_id114\" class=\"icon-after doc-link\" href=\"http:\/\/isap.sejm.gov.pl\/isap.nsf\/download.xsp\/WDU20190000991\/O\/D20190991-08.pdf\" target=\"_blank\" rel=\"noopener noreferrer\"><\/a><\/div>\n<\/li>\n<li>Rozporz\u0105dzenie Ministra Edukacji Narodowej z dnia 5 kwietnia 2018 r. zmieniaj\u0105ce rozporz\u0105dzenie w sprawie podstawy programowej kszta\u0142cenia w zawodach : Dz. U. z 2018 r. poz. 744\n<div class=\"col-sm-8\"><a id=\"view:_id1:_id2:_id59:_id61:callback1:_id93:rDeeds:1804:_id114\" class=\"doc-details-link\" href=\"http:\/\/isap.sejm.gov.pl\/isap.nsf\/DocDetails.xsp?id=WDU20180000744\">Dz.U. 2018 poz. 744<\/a><\/div>\n<\/li>\n<li>Rozporz\u0105dzenie Ministra Edukacji Narodowej z dnia 31 marca 2017 r. w sprawie podstawy programowej kszta\u0142cenia w zawodach : Dz. U. z 2017 r. poz. 860<br \/>\n<a id=\"view:_id1:_id2:_id59:_id61:callback1:_id93:rDeeds:1649:_id114\" class=\"doc-details-link\" href=\"http:\/\/isap.sejm.gov.pl\/isap.nsf\/DocDetails.xsp?id=WDU20170000860\">Dz.U. 2017 poz. 860<\/a><\/li>\n<li>Rozporz\u0105dzenie Ministra Edukacji Narodowej z dnia 29 lipca 2016 r. zmieniaj\u0105ce rozporz\u0105dzenie w sprawie podstawy programowej kszta\u0142cenia w zawodach : Dz. U. z 2016 r. poz. 1212<br \/>\n<a id=\"view:_id1:_id2:_id59:_id61:callback1:_id93:rDeeds:1094:_id114\" class=\"doc-details-link\" href=\"http:\/\/isap.sejm.gov.pl\/isap.nsf\/DocDetails.xsp?id=WDU20160001212\">Dz.U. 2016 poz. 1212<\/a><\/li>\n<li>Rozporz\u0105dzenie Ministra Edukacji Narodowej z dnia 8 czerwca 2016 r. zmieniaj\u0105ce rozporz\u0105dzenie w sprawie podstawy programowej kszta\u0142cenia w zawodach : Dz. U. z 2016 r. poz. 894<br \/>\n<a id=\"view:_id1:_id2:_id59:_id61:callback1:_id93:rDeeds:1412:_id114\" class=\"doc-details-link\" href=\"http:\/\/isap.sejm.gov.pl\/isap.nsf\/DocDetails.xsp?id=WDU20160000894\">Dz.U. 2016 poz. 894<\/a><\/li>\n<li>Rozporz\u0105dzenie Ministra Edukacji Narodowej z dnia 10 lipca 2015 r. zmieniaj\u0105ce rozporz\u0105dzenie w sprawie podstawy programowej kszta\u0142cenia w zawodach : Dz. U. z 2015 r. poz. 1123<br \/>\n<a id=\"view:_id1:_id2:_id59:_id61:callback1:_id93:rDeeds:1244:_id114\" class=\"doc-details-link\" href=\"http:\/\/isap.sejm.gov.pl\/isap.nsf\/DocDetails.xsp?id=WDU20150001123\">Dz.U. 2015 poz. 1123<\/a><\/li>\n<li>Rozporz\u0105dzenie Ministra Edukacji Narodowej z dnia 16 stycznia 2015 r. zmieniaj\u0105ce rozporz\u0105dzenie w sprawie podstawy programowej kszta\u0142cenia w zawodach : Dz. U. z 2015 r. poz. 130<br \/>\n<a id=\"view:_id1:_id2:_id59:_id61:callback1:_id93:rDeeds:2237:_id114\" class=\"doc-details-link\" href=\"http:\/\/isap.sejm.gov.pl\/isap.nsf\/DocDetails.xsp?id=WDU20150000130\">Dz.U. 2015 poz. 130<\/a><\/li>\n<li>Rozporz\u0105dzenie Ministra Edukacji Narodowej z dnia 7 lutego 2012 r. w sprawie podstawy programowej kszta\u0142cenia w zawodach : Dz. U. z 2012 r. poz. 184<br \/>\n<a id=\"view:_id1:_id2:_id59:_id61:callback1:_id93:rDeeds:1371:_id114\" class=\"doc-details-link\" href=\"http:\/\/isap.sejm.gov.pl\/isap.nsf\/DocDetails.xsp?id=WDU20120000184\">Dz.U. 2012 poz. 184<\/a><\/li>\n<li>Rozporz\u0105dzenie Ministra Edukacji Narodowej z dnia 12 lutego 2019 r. w sprawie doradztwa zawodowego : Dz. U. z 2019 r. poz. 325<br \/>\n<a id=\"view:_id1:_id2:_id59:_id61:callback1:_id93:rDeeds:2241:_id114\" class=\"doc-details-link\" href=\"http:\/\/isap.sejm.gov.pl\/isap.nsf\/DocDetails.xsp?id=WDU20190000325\">Dz.U. 2019 poz. 325<\/a><\/li>\n<li>Rozporz\u0105dzenie Ministra Edukacji Narodowej z dnia 30 sierpnia 2019 r. w sprawie egzamin\u00f3w eksternistycznych : Dz. U. z 2019 r. poz. 1717<br \/>\n<a id=\"view:_id1:_id2:_id59:_id61:callback1:_id93:rDeeds:300:_id114\" class=\"doc-details-link\" href=\"http:\/\/isap.sejm.gov.pl\/isap.nsf\/DocDetails.xsp?id=WDU20190001717\">Dz.U. 2019 poz. 1717<\/a><a id=\"view:_id1:_id2:_id59:_id61:callback1:_id93:rDeeds:378:_id114\" class=\"doc-details-link\" href=\"http:\/\/isap.sejm.gov.pl\/isap.nsf\/DocDetails.xsp?id=WDU20200000337\"><\/a><\/li>\n<li>Rozporz\u0105dzenie Ministra Edukacji i Nauki z dnia 27 wrze\u015bnia 2023 r. zmieniaj\u0105ce rozporz\u0105dzenie w sprawie szczeg\u00f3\u0142owych warunk\u00f3w i sposobu przeprowadzania egzaminu zawodowego oraz egzaminu potwierdzaj\u0105cego kwalifikacje w zawodzie : Dz.U. z 2023 r. poz. 2058<br \/>\n<a id=\"view:_id1:_id2:_id59:_id61:callback1:_id93:rDeeds:766:_id114\" class=\"doc-details-link\" href=\"https:\/\/isap.sejm.gov.pl\/isap.nsf\/DocDetails.xsp?id=WDU20230002058\">Dz.U. 2023 poz. 2058<\/a><\/li>\n<li><a id=\"view:_id1:_id2:_id59:_id61:callback1:_id93:rDeeds:1201:_id114\" class=\"doc-details-link\" href=\"https:\/\/isap.sejm.gov.pl\/isap.nsf\/DocDetails.xsp?id=WDU20230001623\"><\/a>Rozporz\u0105dzenie Ministra Edukacji Narodowej z dnia 28 sierpnia 2019 r. w sprawie szczeg\u00f3\u0142owych warunk\u00f3w i sposobu przeprowadzania egzaminu zawodowego oraz egzaminu potwierdzaj\u0105cego kwalifikacje w zawodzie : Dz. U. z 2019 r. poz. 1707<br \/>\n<a id=\"view:_id1:_id2:_id59:_id61:callback1:_id93:rDeeds:310:_id114\" class=\"doc-details-link\" href=\"http:\/\/isap.sejm.gov.pl\/isap.nsf\/DocDetails.xsp?id=WDU20190001707\">Dz.U. 2019 poz. 1707<\/a><\/li>\n<li>Rozporz\u0105dzenie Ministra Edukacji Narodowej z dnia 29 marca 2019 r. zmieniaj\u0105ce rozporz\u0105dzenie w sprawie praktycznej nauki zawodu : Dz. U. z 2019 r. poz. 644<br \/>\n<a id=\"view:_id1:_id2:_id59:_id61:callback1:_id93:rDeeds:1922:_id114\" class=\"doc-details-link\" href=\"http:\/\/isap.sejm.gov.pl\/isap.nsf\/DocDetails.xsp?id=WDU20190000644\">Dz.U. 2019 poz. 644<\/a><\/li>\n<li>Rozporz\u0105dzenie Ministra Edukacji Narodowej z dnia 22 lutego 2019 r. w sprawie praktycznej nauki zawodu : Dz. U. z 2019 r. poz. 391<br \/>\n<a id=\"view:_id1:_id2:_id53:_id55:callback1:_id87:rDeeds:98:_id108\" class=\"doc-details-link\" href=\"http:\/\/isap.sejm.gov.pl\/isap.nsf\/DocDetails.xsp?id=WDU20190000391\">Dz.U. 2019 poz. 391<\/a><\/li>\n<li>Rozporz\u0105dzenie Ministra Edukacji Narodowej z dnia 24 sierpnia 2017 r. w sprawie praktycznej nauki zawodu : Dz. U. z 2017 r. poz. 1644<br \/>\n<a id=\"view:_id1:_id2:_id59:_id61:callback1:_id93:rDeeds:865:_id114\" class=\"doc-details-link\" href=\"http:\/\/isap.sejm.gov.pl\/isap.nsf\/DocDetails.xsp?id=WDU20170001644\">Dz.U. 2017 poz. 1644<\/a><\/li>\n<li>Rozporz\u0105dzenie Ministra Edukacji Narodowej z dnia 11 sierpnia 2015 r. zmieniaj\u0105ce rozporz\u0105dzenie w sprawie praktycznej nauki zawodu: Dz. U. z 2015 r. poz. 1183<br \/>\n<a id=\"view:_id1:_id2:_id59:_id61:callback1:_id93:rDeeds:1184:_id114\" class=\"doc-details-link\" href=\"http:\/\/isap.sejm.gov.pl\/isap.nsf\/DocDetails.xsp?id=WDU20150001183\">Dz.U. 2015 poz. 1183<\/a><\/li>\n<li>Rozporz\u0105dzenie Ministra Edukacji Narodowej z dnia 15 grudnia 2010 r. w sprawie praktycznej nauki zawodu : Dz. U. z 2010 r.\u00a0 nr 244 poz. 1626<br \/>\n<a id=\"view:_id1:_id2:_id59:_id61:callback1:_id93:rDeeds:10:_id114\" class=\"doc-details-link\" href=\"http:\/\/isap.sejm.gov.pl\/isap.nsf\/DocDetails.xsp?id=WDU20102441626\">Dz.U. 2010 nr 244 poz. 1626<\/a><\/li>\n<li>Obwieszczenie Ministra Edukacji z dnia 5 stycznia 2024 r. w sprawie og\u0142oszenia jednolitego tekstu rozporz\u0105dzenia Ministra Edukacji Narodowej w sprawie klasyfikacji zawod\u00f3w szkolnictwa zawodowego : Dz.U. z 2024 r. poz. 110<br \/>\n<a id=\"view:_id1:_id2:_id59:_id61:callback1:_id93:rDeeds:1874:_id114\" class=\"doc-details-link\" href=\"https:\/\/isap.sejm.gov.pl\/isap.nsf\/DocDetails.xsp?id=WDU20240000110\">Dz.U. 2024 poz. 110<\/a><\/li>\n<li>Rozporz\u0105dzenie Ministra Edukacji Narodowej z dnia 31 lipca 2019 r. zmieniaj\u0105ce rozporz\u0105dzenie w sprawie klasyfikacji zawod\u00f3w szkolnictwa zawodowego : Dz. U. z 2019 r. poz. 1536<br \/>\n<a id=\"view:_id1:_id2:_id59:_id61:callback1:_id93:rDeeds:452:_id114\" class=\"doc-details-link\" href=\"http:\/\/isap.sejm.gov.pl\/isap.nsf\/DocDetails.xsp?id=WDU20190001536\">Dz.U. 2019 poz. 1536<\/a><\/li>\n<li>Rozporz\u0105dzenie Ministra Edukacji Narodowej z dnia 13 marca 2017 r. w sprawie klasyfikacji zawod\u00f3w szkolnictwa zawodowego : Dz. U. z 2017 r. poz. 622<br \/>\n<a id=\"view:_id1:_id2:_id59:_id61:callback1:_id93:rDeeds:1887:_id114\" class=\"doc-details-link\" href=\"http:\/\/isap.sejm.gov.pl\/isap.nsf\/DocDetails.xsp?id=WDU20170000622\">Dz.U. 2017 poz. 622<\/a><\/li>\n<li>Rozporz\u0105dzenie Ministra Edukacji Narodowej z dnia 7 grudnia 2017 r. zmieniaj\u0105ce rozporz\u0105dzenie w sprawie klasyfikacji zawod\u00f3w szkolnictwa zawodowego : Dz. U. z 2017 r. poz. 2356<br \/>\n<a id=\"view:_id1:_id2:_id59:_id61:callback1:_id93:rDeeds:153:_id114\" class=\"doc-details-link\" href=\"http:\/\/isap.sejm.gov.pl\/isap.nsf\/DocDetails.xsp?id=WDU20170002356\">Dz.U. 2017 poz. 2356<\/a><\/li>\n<li>Rozporz\u0105dzenie Ministra Edukacji Narodowej z dnia 13 grudnia 2016 r. w sprawie klasyfikacji zawod\u00f3w szkolnictwa zawodowego : Dz. U. z 2016 r. poz. 2094<br \/>\n<a id=\"view:_id1:_id2:_id59:_id61:callback1:_id93:rDeeds:212:_id114\" class=\"doc-details-link\" href=\"http:\/\/isap.sejm.gov.pl\/isap.nsf\/DocDetails.xsp?id=WDU20160002094\">Dz.U. 2016 poz. 2094<\/a><\/li>\n<li>Rozporz\u0105dzenie Ministra Edukacji Narodowej z dnia 11 sierpnia 2017 r. zmieniaj\u0105ce rozporz\u0105dzenie w sprawie egzaminu czeladniczego, egzaminu mistrzowskiego oraz egzaminu sprawdzaj\u0105cego, przeprowadzanych przez komisje egzaminacyjne izb rzemie\u015blniczych : Dz. U. z 2017 r. poz. 1607<br \/>\n<a id=\"view:_id1:_id2:_id59:_id61:callback1:_id93:rDeeds:902:_id114\" class=\"doc-details-link\" href=\"http:\/\/isap.sejm.gov.pl\/isap.nsf\/DocDetails.xsp?id=WDU20170001607\">Dz.U. 2017 poz. 1607<\/a><\/li>\n<li>Rozporz\u0105dzenie Ministra Edukacji Narodowej z dnia 10 stycznia 2017 r. w sprawie egzaminu czeladniczego, egzaminu mistrzowskiego oraz egzaminu sprawdzaj\u0105cego, przeprowadzanych przez komisje egzaminacyjne izb rzemie\u015blniczych : Dz. U. z 2017 r. poz. 89<br \/>\n<a id=\"view:_id1:_id2:_id59:_id61:callback1:_id93:rDeeds:2420:_id114\" class=\"doc-details-link\" href=\"http:\/\/isap.sejm.gov.pl\/isap.nsf\/DocDetails.xsp?id=WDU20170000089\">Dz.U. 2017 poz. 89<\/a><\/li>\n<li>Rozporz\u0105dzenie Rady Ministr\u00f3w z dnia 16 sierpnia 2017 r. zmieniaj\u0105ce rozporz\u0105dzenie w sprawie przygotowania zawodowego m\u0142odocianych i ich wynagradzania : Dz. U. z 2017 r. poz. 1641<br \/>\n<a id=\"view:_id1:_id2:_id59:_id61:callback1:_id93:rDeeds:868:_id114\" class=\"doc-details-link\" href=\"http:\/\/isap.sejm.gov.pl\/isap.nsf\/DocDetails.xsp?id=WDU20170001641\">Dz.U. 2017 poz. 1641<\/a><\/li>\n<li>Rozporz\u0105dzenie Rady Ministr\u00f3w z dnia 28 maja 1996 r. w sprawie przygotowania zawodowego m\u0142odocianych i ich wynagradzania : Dz. U. z 1996 r. nr 60 poz. 278<br \/>\n<a id=\"view:_id1:_id2:_id59:_id61:callback1:_id93:rDeeds:4:_id114\" class=\"doc-details-link\" href=\"http:\/\/isap.sejm.gov.pl\/isap.nsf\/DocDetails.xsp?id=WDU19960600278\">Dz.U. 1996 nr 60 poz. 278<\/a><\/li>\n<\/ul>\n","protected":false},"excerpt":{"rendered":"<p>Rozporz\u0105dzenie Ministra Edukacji i Nauki z dnia 28 wrze\u015bnia 2023 r. w sprawie ramowych statut\u00f3w: publicznej plac\u00f3wki kszta\u0142cenia ustawicznego, publicznego centrum kszta\u0142cenia zawodowego i publicznego bran\u017cowego centrum umiej\u0119tno\u015bci : Dz.U. z 2023 r. poz. 2066 Dz.U. 2023 poz. 2066 Rozporz\u0105dzenie Ministra Edukacji i Nauki z dnia 27 wrze\u015bnia 2023 r. w sprawie wykazu dziedzin zawodowych wraz z przyporz\u0105dkowanymi do nich zawodami okre\u015blonymi w klasyfikacji zawod\u00f3w szkolnictwa bran\u017cowego : Dz.U. z<span class=\"ellipsis\">&hellip;<\/span><\/p>\n<div class=\"read-more\"><a href=\"https:\/\/pbp.womczest.edu.pl\/new\/szkolnictwo-zawodowe\/\">Czytaj wi\u0119cej &#8250;<\/a><\/div>\n<p><!-- end of .read-more --><\/p>\n","protected":false},"author":7,"featured_media":0,"parent":0,"menu_order":0,"comment_status":"closed","ping_status":"closed","template":"","meta":{"footnotes":""},"jetpack_sharing_enabled":true,"jetpack_shortlink":"https:\/\/wp.me\/PgmV4H-3ow","_links":{"self":[{"href":"https:\/\/pbp.womczest.edu.pl\/new\/wp-json\/wp\/v2\/pages\/13052"}],"collection":[{"href":"https:\/\/pbp.womczest.edu.pl\/new\/wp-json\/wp\/v2\/pages"}],"about":[{"href":"https:\/\/pbp.womczest.edu.pl\/new\/wp-json\/wp\/v2\/types\/page"}],"author":[{"embeddable":true,"href":"https:\/\/pbp.womczest.edu.pl\/new\/wp-json\/wp\/v2\/users\/7"}],"replies":[{"embeddable":true,"href":"https:\/\/pbp.womczest.edu.pl\/new\/wp-json\/wp\/v2\/comments?post=13052"}],"version-history":[{"count":66,"href":"https:\/\/pbp.womczest.edu.pl\/new\/wp-json\/wp\/v2\/pages\/13052\/revisions"}],"predecessor-version":[{"id":26506,"href":"https:\/\/pbp.womczest.edu.pl\/new\/wp-json\/wp\/v2\/pages\/13052\/revisions\/26506"}],"wp:attachment":[{"href":"https:\/\/pbp.womczest.edu.pl\/new\/wp-json\/wp\/v2\/media?parent=13052"}],"curies":[{"name":"wp","href":"https:\/\/api.w.org\/{rel}","templated":true}]}}