


{"id":13045,"date":"2019-01-02T14:26:17","date_gmt":"2019-01-02T13:26:17","guid":{"rendered":"https:\/\/pbp.womczest.edu.pl\/new\/?page_id=13045"},"modified":"2025-02-17T14:47:28","modified_gmt":"2025-02-17T13:47:28","slug":"sio","status":"publish","type":"page","link":"https:\/\/pbp.womczest.edu.pl\/new\/sio\/","title":{"rendered":"SYSTEM INFORMACJI O\u015aWIATOWEJ"},"content":{"rendered":"<ul>\n<li>Obwieszczenie Ministra Edukacji z dnia 11 stycznia 2024 r. w sprawie og\u0142oszenia jednolitego tekstu rozporz\u0105dzenia Ministra Edukacji Narodowej w sprawie szczeg\u00f3\u0142owego zakresu danych dziedzinowych gromadzonych w systemie informacji o\u015bwiatowej oraz termin\u00f3w przekazywania niekt\u00f3rych danych do bazy danych systemu informacji o\u015bwiatowej : Dz.U. z 2024 r. poz. 83<br \/>\n<a id=\"view:_id1:_id2:_id59:_id61:callback1:_id93:rDeeds:1901:_id114\" class=\"doc-details-link\" href=\"https:\/\/isap.sejm.gov.pl\/isap.nsf\/DocDetails.xsp?id=WDU20240000083\">Dz.U. 2024 poz. 83<\/a><\/li>\n<li>Rozporz\u0105dzenie Ministra Edukacji i Nauki z dnia 21 listopada 2023 r. zmieniaj\u0105ce rozporz\u0105dzenie w sprawie szczeg\u00f3\u0142owego zakresu danych dziedzinowych gromadzonych w systemie informacji o\u015bwiatowej oraz termin\u00f3w przekazywania niekt\u00f3rych danych do bazy danych systemu informacji o\u015bwiatowej : Dz.U. z 2023 r. poz. 2541<br \/>\n<a id=\"view:_id1:_id2:_id59:_id61:callback1:_id93:rDeeds:283:_id114\" class=\"doc-details-link\" href=\"https:\/\/isap.sejm.gov.pl\/isap.nsf\/DocDetails.xsp?id=WDU20230002541\">Dz.U. 2023 poz. 2541<\/a><\/li>\n<li>Obwieszczenie Ministra Edukacji i Nauki z dnia 17 listopada 2020 r. w sprawie og\u0142oszenia jednolitego tekstu rozporz\u0105dzenia Ministra Edukacji Narodowej w sprawie procedury przyznawania danych dost\u0119powych do bazy danych systemu informacji o\u015bwiatowej : Dz. U. z 2020 r. poz. 2170<br \/>\n<a id=\"view:_id1:_id2:_id59:_id61:callback1:_id93:rDeeds:293:_id114\" class=\"doc-details-link\" href=\"http:\/\/isap.sejm.gov.pl\/isap.nsf\/DocDetails.xsp?id=WDU20200002170\">Dz.U. 2020 poz. 2170<\/a><\/li>\n<li>Rozporz\u0105dzenie Ministra Edukacji Narodowej z dnia 28 sierpnia 2019 r. w sprawie szczeg\u00f3\u0142owego zakresu danych dziedzinowych gromadzonych w systemie informacji o\u015bwiatowej oraz termin\u00f3w przekazywania niekt\u00f3rych danych do bazy danych systemu informacji o\u015bwiatowej : Dz. U. z 2019 r. poz. 1663<br \/>\n<a id=\"view:_id1:_id2:_id59:_id61:callback1:_id93:rDeeds:354:_id114\" class=\"doc-details-link\" href=\"http:\/\/isap.sejm.gov.pl\/isap.nsf\/DocDetails.xsp?id=WDU20190001663\">Dz.U. 2019 poz. 1663<\/a><\/li>\n<li>Rozporz\u0105dzenie Ministra Edukacji Narodowej z dnia 7 sierpnia 2019 r. zmieniaj\u0105ce rozporz\u0105dzenie w sprawie procedury przyznawania danych dost\u0119powych do bazy danych systemu informacji o\u015bwiatowej : Dz. U. z 2019 r. poz. 1557<br \/>\n<a id=\"view:_id1:_id2:_id59:_id61:callback1:_id93:rDeeds:431:_id114\" class=\"doc-details-link\" href=\"http:\/\/isap.sejm.gov.pl\/isap.nsf\/DocDetails.xsp?id=WDU20190001557\">Dz.U. 2019 poz. 1557<\/a><\/li>\n<li>Rozporz\u0105dzenie Ministra Edukacji Narodowej z dnia 11 sierpnia 2017 r. zmieniaj\u0105ce rozporz\u0105dzenie w sprawie szczeg\u00f3\u0142owego zakresu danych gromadzonych w bazach danych o\u015bwiatowych, zakresu danych identyfikuj\u0105cych podmioty prowadz\u0105ce bazy danych o\u015bwiatowych, termin\u00f3w przekazywania danych mi\u0119dzy bazami danych o\u015bwiatowych oraz wzor\u00f3w wydruk\u00f3w zestawie\u0144 zbiorczych : Dz. U. z 2017 r. poz. 1613<br \/>\n<a id=\"view:_id1:_id2:_id59:_id61:callback1:_id93:rDeeds:896:_id114\" class=\"doc-details-link\" href=\"http:\/\/isap.sejm.gov.pl\/isap.nsf\/DocDetails.xsp?id=WDU20170001613\">Dz.U. 2017 poz. 1613<\/a><\/li>\n<li>Rozporz\u0105dzenie Ministra Edukacji Narodowej z dnia 14 lipca 2017 r. w sprawie procedury przyznawania danych dost\u0119powych do bazy danych systemu informacji o\u015bwiatowej : Dz. U. z 2017 r. poz. 1399<br \/>\n<a id=\"view:_id1:_id2:_id59:_id61:callback1:_id93:rDeeds:1110:_id114\" class=\"doc-details-link\" href=\"http:\/\/isap.sejm.gov.pl\/isap.nsf\/DocDetails.xsp?id=WDU20170001399\">Dz.U. 2017 poz. 1399<\/a><\/li>\n<li>Ustawa z dnia 21 kwietnia 2017 r. o zmianie ustawy o systemie informacji o\u015bwiatowej oraz niekt\u00f3rych innych ustaw : Dz. U. z 2017 r. poz. 949<br \/>\n<a id=\"view:_id1:_id2:_id59:_id61:callback1:_id93:rDeeds:1560:_id114\" class=\"doc-details-link\" href=\"http:\/\/isap.sejm.gov.pl\/isap.nsf\/DocDetails.xsp?id=WDU20170000949\">Dz.U. 2017 poz. 949<\/a><\/li>\n<li>Rozporz\u0105dzenie Ministra Edukacji Narodowej z dnia 27 sierpnia 2014 r. zmieniaj\u0105ce rozporz\u0105dzenie w sprawie szczeg\u00f3\u0142owego zakresu danych gromadzonych w bazach danych o\u015bwiatowych, zakresu danych identyfikuj\u0105cych podmioty prowadz\u0105ce bazy danych o\u015bwiatowych, termin\u00f3w przekazywania danych mi\u0119dzy bazami danych o\u015bwiatowych oraz wzor\u00f3w wydruk\u00f3w zestawie\u0144 zbiorczych : Dz. U. z 2014 r. poz. 1149<br \/>\n<a id=\"view:_id1:_id2:_id59:_id61:callback1:_id93:rDeeds:846:_id114\" class=\"doc-details-link\" href=\"http:\/\/isap.sejm.gov.pl\/isap.nsf\/DocDetails.xsp?id=WDU20140001149\">Dz.U. 2014 poz. 1149<\/a><\/li>\n<li>Rozporz\u0105dzenie Ministra Edukacji Narodowej z dnia 9 sierpnia 2012 r. w sprawie szczeg\u00f3\u0142owego zakresu danych gromadzonych w bazach danych o\u015bwiatowych, zakresu danych identyfikuj\u0105cych podmioty prowadz\u0105ce bazy danych o\u015bwiatowych, termin\u00f3w przekazywania danych mi\u0119dzy bazami danych o\u015bwiatowych oraz wzor\u00f3w wydruk\u00f3w zestawie\u0144 zbiorczych : Dz. U. z 2012 r. poz. 957<br \/>\n<a id=\"view:_id1:_id2:_id59:_id61:callback1:_id93:rDeeds:598:_id114\" class=\"doc-details-link\" href=\"http:\/\/isap.sejm.gov.pl\/isap.nsf\/DocDetails.xsp?id=WDU20120000957\">Dz.U. 2012 poz. 957<\/a><\/li>\n<li>Ustawa z dnia 15 kwietnia 2011 r. o systemie informacji o\u015bwiatowej : Dz. U. z 2011 r. nr 139 poz. 814<br \/>\n<a id=\"view:_id1:_id2:_id59:_id61:callback1:_id93:rDeeds:0:_id114\" class=\"doc-details-link\" href=\"http:\/\/isap.sejm.gov.pl\/isap.nsf\/DocDetails.xsp?id=WDU20111390814\">Dz.U. 2011 nr 139 poz. 814<\/a><\/li>\n<\/ul>\n","protected":false},"excerpt":{"rendered":"<p>Obwieszczenie Ministra Edukacji z dnia 11 stycznia 2024 r. w sprawie og\u0142oszenia jednolitego tekstu rozporz\u0105dzenia Ministra Edukacji Narodowej w sprawie szczeg\u00f3\u0142owego zakresu danych dziedzinowych gromadzonych w systemie informacji o\u015bwiatowej oraz termin\u00f3w przekazywania niekt\u00f3rych danych do bazy danych systemu informacji o\u015bwiatowej : Dz.U. z 2024 r. poz. 83 Dz.U. 2024 poz. 83 Rozporz\u0105dzenie Ministra Edukacji i Nauki z dnia 21 listopada 2023 r. zmieniaj\u0105ce rozporz\u0105dzenie w sprawie szczeg\u00f3\u0142owego zakresu danych dziedzinowych<span class=\"ellipsis\">&hellip;<\/span><\/p>\n<div class=\"read-more\"><a href=\"https:\/\/pbp.womczest.edu.pl\/new\/sio\/\">Czytaj wi\u0119cej &#8250;<\/a><\/div>\n<p><!-- end of .read-more --><\/p>\n","protected":false},"author":7,"featured_media":0,"parent":0,"menu_order":0,"comment_status":"closed","ping_status":"closed","template":"","meta":{"footnotes":""},"jetpack_sharing_enabled":true,"jetpack_shortlink":"https:\/\/wp.me\/PgmV4H-3op","_links":{"self":[{"href":"https:\/\/pbp.womczest.edu.pl\/new\/wp-json\/wp\/v2\/pages\/13045"}],"collection":[{"href":"https:\/\/pbp.womczest.edu.pl\/new\/wp-json\/wp\/v2\/pages"}],"about":[{"href":"https:\/\/pbp.womczest.edu.pl\/new\/wp-json\/wp\/v2\/types\/page"}],"author":[{"embeddable":true,"href":"https:\/\/pbp.womczest.edu.pl\/new\/wp-json\/wp\/v2\/users\/7"}],"replies":[{"embeddable":true,"href":"https:\/\/pbp.womczest.edu.pl\/new\/wp-json\/wp\/v2\/comments?post=13045"}],"version-history":[{"count":18,"href":"https:\/\/pbp.womczest.edu.pl\/new\/wp-json\/wp\/v2\/pages\/13045\/revisions"}],"predecessor-version":[{"id":26505,"href":"https:\/\/pbp.womczest.edu.pl\/new\/wp-json\/wp\/v2\/pages\/13045\/revisions\/26505"}],"wp:attachment":[{"href":"https:\/\/pbp.womczest.edu.pl\/new\/wp-json\/wp\/v2\/media?parent=13045"}],"curies":[{"name":"wp","href":"https:\/\/api.w.org\/{rel}","templated":true}]}}