


{"id":13034,"date":"2019-01-02T14:21:33","date_gmt":"2019-01-02T13:21:33","guid":{"rendered":"https:\/\/pbp.womczest.edu.pl\/new\/?page_id=13034"},"modified":"2025-01-13T14:05:40","modified_gmt":"2025-01-13T13:05:40","slug":"ramowe-plany-nauczania","status":"publish","type":"page","link":"https:\/\/pbp.womczest.edu.pl\/new\/ramowe-plany-nauczania\/","title":{"rendered":"RAMOWE PLANY NAUCZANIA"},"content":{"rendered":"<ul>\n<li>Rozporz\u0105dzenie Ministra Edukacji i Nauki z dnia 9 marca 2022 r. uchylaj\u0105ce rozporz\u0105dzenie zmieniaj\u0105ce rozporz\u0105dzenie w sprawie ramowych plan\u00f3w nauczania dla publicznych szk\u00f3\u0142 : Dz.U. z 2022 r. poz. 656<br \/>\n<a id=\"view:_id1:_id2:_id59:_id61:callback1:_id93:rDeeds:411:_id114\" class=\"doc-details-link\" href=\"https:\/\/isap.sejm.gov.pl\/isap.nsf\/DocDetails.xsp?id=WDU20220000656\">Dz.U. 2022 poz. 656<\/a><a id=\"view:_id1:_id2:_id59:_id61:callback1:_id93:rDeeds:39:_id114\" class=\"doc-details-link\" href=\"http:\/\/isap.sejm.gov.pl\/isap.nsf\/DocDetails.xsp?id=WDU20210001534\"><\/a><a id=\"view:_id1:_id2:_id59:_id61:callback1:_id93:rDeeds:1455:_id114\" class=\"doc-details-link\" href=\"http:\/\/isap.sejm.gov.pl\/isap.nsf\/DocDetails.xsp?id=WDU20200001008\"><\/a><\/li>\n<li>Rozporz\u0105dzenie Ministra Edukacji Narodowej z dnia 29 grudnia 2014 r. zmieniaj\u0105ce rozporz\u0105dzenie w sprawie ramowych plan\u00f3w nauczania w szko\u0142ach publicznych : Dz.\u00a0U. z\u00a02014\u00a0r. poz. 1993<br \/>\n<a id=\"view:_id1:_id2:_id59:_id61:callback1:_id93:rDeeds:2:_id114\" class=\"doc-details-link\" href=\"http:\/\/isap.sejm.gov.pl\/isap.nsf\/DocDetails.xsp?id=WDU20140001993\">Dz.U. 2014 poz. 1993<\/a><\/li>\n<li>Rozporz\u0105dzenie Ministra Edukacji Narodowej z dnia 11 lutego 2014 r. zmieniaj\u0105ce rozporz\u0105dzenie w sprawie ramowych plan\u00f3w nauczania w szko\u0142ach publicznych : Dz. U. z 2014 r. poz. 251<br \/>\n<a id=\"view:_id1:_id2:_id59:_id61:callback1:_id93:rDeeds:1744:_id114\" class=\"doc-details-link\" href=\"http:\/\/isap.sejm.gov.pl\/isap.nsf\/DocDetails.xsp?id=WDU20140000251\">Dz.U. 2014 poz. 251<\/a><\/li>\n<li>Rozporz\u0105dzenie Ministra Edukacji Narodowej z dnia 7 lutego 2012 r. w sprawie ramowych plan\u00f3w nauczania w szko\u0142ach publicznych : Dz. U. z 2012 r. poz. 204<br \/>\n<a id=\"view:_id1:_id2:_id59:_id61:callback1:_id93:rDeeds:203:_id114\" class=\"doc-details-link\" href=\"http:\/\/isap.sejm.gov.pl\/isap.nsf\/DocDetails.xsp?id=WDU20120000204\">Dz.U. 2012 poz. 204<\/a><\/li>\n<\/ul>\n","protected":false},"excerpt":{"rendered":"<p>Rozporz\u0105dzenie Ministra Edukacji i Nauki z dnia 9 marca 2022 r. uchylaj\u0105ce rozporz\u0105dzenie zmieniaj\u0105ce rozporz\u0105dzenie w sprawie ramowych plan\u00f3w nauczania dla publicznych szk\u00f3\u0142 : Dz.U. z 2022 r. poz. 656 Dz.U. 2022 poz. 656 Rozporz\u0105dzenie Ministra Edukacji Narodowej z dnia 29 grudnia 2014 r. zmieniaj\u0105ce rozporz\u0105dzenie w sprawie ramowych plan\u00f3w nauczania w szko\u0142ach publicznych : Dz.\u00a0U. z\u00a02014\u00a0r. poz. 1993 Dz.U. 2014 poz. 1993 Rozporz\u0105dzenie Ministra Edukacji Narodowej z dnia 11<span class=\"ellipsis\">&hellip;<\/span><\/p>\n<div class=\"read-more\"><a href=\"https:\/\/pbp.womczest.edu.pl\/new\/ramowe-plany-nauczania\/\">Czytaj wi\u0119cej &#8250;<\/a><\/div>\n<p><!-- end of .read-more --><\/p>\n","protected":false},"author":7,"featured_media":0,"parent":0,"menu_order":0,"comment_status":"closed","ping_status":"closed","template":"","meta":{"footnotes":""},"jetpack_sharing_enabled":true,"jetpack_shortlink":"https:\/\/wp.me\/PgmV4H-3oe","_links":{"self":[{"href":"https:\/\/pbp.womczest.edu.pl\/new\/wp-json\/wp\/v2\/pages\/13034"}],"collection":[{"href":"https:\/\/pbp.womczest.edu.pl\/new\/wp-json\/wp\/v2\/pages"}],"about":[{"href":"https:\/\/pbp.womczest.edu.pl\/new\/wp-json\/wp\/v2\/types\/page"}],"author":[{"embeddable":true,"href":"https:\/\/pbp.womczest.edu.pl\/new\/wp-json\/wp\/v2\/users\/7"}],"replies":[{"embeddable":true,"href":"https:\/\/pbp.womczest.edu.pl\/new\/wp-json\/wp\/v2\/comments?post=13034"}],"version-history":[{"count":14,"href":"https:\/\/pbp.womczest.edu.pl\/new\/wp-json\/wp\/v2\/pages\/13034\/revisions"}],"predecessor-version":[{"id":17320,"href":"https:\/\/pbp.womczest.edu.pl\/new\/wp-json\/wp\/v2\/pages\/13034\/revisions\/17320"}],"wp:attachment":[{"href":"https:\/\/pbp.womczest.edu.pl\/new\/wp-json\/wp\/v2\/media?parent=13034"}],"curies":[{"name":"wp","href":"https:\/\/api.w.org\/{rel}","templated":true}]}}