


{"id":13026,"date":"2019-01-02T14:16:19","date_gmt":"2019-01-02T13:16:19","guid":{"rendered":"https:\/\/pbp.womczest.edu.pl\/new\/?page_id=13026"},"modified":"2021-04-09T13:41:21","modified_gmt":"2021-04-09T11:41:21","slug":"promocja-zdrowia-i-profilaktyka-uzaleznien","status":"publish","type":"page","link":"https:\/\/pbp.womczest.edu.pl\/new\/promocja-zdrowia-i-profilaktyka-uzaleznien\/","title":{"rendered":"PROMOCJA ZDROWIA I PROFILAKTYKA UZALE\u017bNIE\u0143"},"content":{"rendered":"<ul>\n<li>Obwieszczenie Ministra Edukacji Narodowej z dnia 6 sierpnia 2020 r. w sprawie og\u0142oszenia jednolitego tekstu rozporz\u0105dzenia Ministra Edukacji Narodowej w sprawie zakresu i form prowadzenia w szko\u0142ach i plac\u00f3wkach systemu o\u015bwiaty dzia\u0142alno\u015bci wychowawczej, edukacyjnej, informacyjnej i profilaktycznej w celu przeciwdzia\u0142ania narkomanii : Dz. U. z 2020 r. poz. 1449<br \/>\n<a id=\"view:_id1:_id2:_id59:_id61:callback1:_id93:rDeeds:1014:_id114\" class=\"doc-details-link\" href=\"http:\/\/isap.sejm.gov.pl\/isap.nsf\/DocDetails.xsp?id=WDU20200001449\">Dz.U. 2020 poz. 1449<\/a><\/li>\n<li>Obwieszczenie Ministra Edukacji Narodowej z dnia 22 lipca 2020 r. w sprawie og\u0142oszenia jednolitego tekstu rozporz\u0105dzenia Ministra Edukacji Narodowej w sprawie szczeg\u00f3\u0142owego sposobu realizacji w szko\u0142ach \u015brodk\u00f3w towarzysz\u0105cych o charakterze edukacyjnym, kt\u00f3re s\u0142u\u017c\u0105 prawid\u0142owej realizacji programu dla szk\u00f3\u0142 oraz upowszechniaj\u0105 w\u015br\u00f3d dzieci zdrowe nawyki \u017cywieniowe : Dz. U. z 2020 r. poz. 1302<br \/>\n<a id=\"view:_id1:_id2:_id59:_id61:callback1:_id93:rDeeds:1161:_id114\" class=\"doc-details-link\" href=\"http:\/\/isap.sejm.gov.pl\/isap.nsf\/DocDetails.xsp?id=WDU20200001302\">Dz.U. 2020 poz. 1302<\/a><\/li>\n<li>Rozporz\u0105dzenie Ministra Edukacji Narodowej z dnia 24 sierpnia 2018 r. zmieniaj\u0105ce rozporz\u0105dzenie w sprawie szczeg\u00f3\u0142owego sposobu realizacji w szko\u0142ach \u015brodk\u00f3w towarzysz\u0105cych o charakterze edukacyjnym, kt\u00f3re s\u0142u\u017c\u0105 prawid\u0142owej realizacji programu dla szk\u00f3\u0142 oraz upowszechniaj\u0105 w\u015br\u00f3d dzieci zdrowe nawyki \u017cywieniowe : Dz. U. z 2018 r. poz. 1670\n<div class=\"col-sm-8\"><a id=\"view:_id1:_id2:_id59:_id61:callback1:_id93:rDeeds:878:_id114\" class=\"doc-details-link\" href=\"http:\/\/isap.sejm.gov.pl\/isap.nsf\/DocDetails.xsp?id=WDU20180001670\">Dz.U. 2018 poz. 1670<\/a><\/div>\n<\/li>\n<li>Rozporz\u0105dzenie Ministra Edukacji Narodowej z dnia 22 stycznia 2018 r. zmieniaj\u0105ce rozporz\u0105dzenie w sprawie zakresu i form prowadzenia w szko\u0142ach i plac\u00f3wkach systemu o\u015bwiaty dzia\u0142alno\u015bci wychowawczej, edukacyjnej, informacyjnej i profilaktycznej w celu przeciwdzia\u0142ania narkomanii: Dz.U. 2018 poz. 214<br \/>\n<a id=\"view:_id1:_id2:_id53:_id55:callback1:_id87:rDeeds:46:_id106\" class=\"doc-details-link\" href=\"http:\/\/isap.sejm.gov.pl\/isap.nsf\/DocDetails.xsp?id=WDU20180000214\">Dz.U. 2018 poz. 214<\/a><\/li>\n<li>Rozporz\u0105dzenie Ministra Edukacji Narodowej z dnia 18 sierpnia 2015 r. w sprawie zakresu i form prowadzenia w szko\u0142ach i plac\u00f3wkach systemu o\u015bwiaty dzia\u0142alno\u015bci wychowawczej, edukacyjnej, informacyjnej i profilaktycznej w celu przeciwdzia\u0142ania narkomanii: Dz. U. z 2015 r. poz. 1249<br \/>\n<a id=\"view:_id1:_id2:_id59:_id61:callback1:_id93:rDeeds:1118:_id114\" class=\"doc-details-link\" href=\"http:\/\/isap.sejm.gov.pl\/isap.nsf\/DocDetails.xsp?id=WDU20150001249\">Dz.U. 2015 poz. 1249<\/a><a id=\"view:_id1:_id2:_id53:_id55:callback1:_id87:rDeeds:46:_id106\" class=\"doc-details-link\" href=\"http:\/\/isap.sejm.gov.pl\/isap.nsf\/DocDetails.xsp?id=WDU20180000214\"><\/a><a id=\"view:_id1:_id2:_id59:_id61:callback1:_id93:rDeeds:1161:_id114\" class=\"doc-details-link\" href=\"http:\/\/isap.sejm.gov.pl\/isap.nsf\/DocDetails.xsp?id=WDU20200001302\"><\/a><\/li>\n<\/ul>\n","protected":false},"excerpt":{"rendered":"<p>Obwieszczenie Ministra Edukacji Narodowej z dnia 6 sierpnia 2020 r. w sprawie og\u0142oszenia jednolitego tekstu rozporz\u0105dzenia Ministra Edukacji Narodowej w sprawie zakresu i form prowadzenia w szko\u0142ach i plac\u00f3wkach systemu o\u015bwiaty dzia\u0142alno\u015bci wychowawczej, edukacyjnej, informacyjnej i profilaktycznej w celu przeciwdzia\u0142ania narkomanii : Dz. U. z 2020 r. poz. 1449 Dz.U. 2020 poz. 1449 Obwieszczenie Ministra Edukacji Narodowej z dnia 22 lipca 2020 r. w sprawie og\u0142oszenia jednolitego tekstu rozporz\u0105dzenia Ministra<span class=\"ellipsis\">&hellip;<\/span><\/p>\n<div class=\"read-more\"><a href=\"https:\/\/pbp.womczest.edu.pl\/new\/promocja-zdrowia-i-profilaktyka-uzaleznien\/\">Czytaj wi\u0119cej &#8250;<\/a><\/div>\n<p><!-- end of .read-more --><\/p>\n","protected":false},"author":7,"featured_media":0,"parent":0,"menu_order":0,"comment_status":"closed","ping_status":"closed","template":"","meta":{"footnotes":""},"jetpack_sharing_enabled":true,"jetpack_shortlink":"https:\/\/wp.me\/PgmV4H-3o6","_links":{"self":[{"href":"https:\/\/pbp.womczest.edu.pl\/new\/wp-json\/wp\/v2\/pages\/13026"}],"collection":[{"href":"https:\/\/pbp.womczest.edu.pl\/new\/wp-json\/wp\/v2\/pages"}],"about":[{"href":"https:\/\/pbp.womczest.edu.pl\/new\/wp-json\/wp\/v2\/types\/page"}],"author":[{"embeddable":true,"href":"https:\/\/pbp.womczest.edu.pl\/new\/wp-json\/wp\/v2\/users\/7"}],"replies":[{"embeddable":true,"href":"https:\/\/pbp.womczest.edu.pl\/new\/wp-json\/wp\/v2\/comments?post=13026"}],"version-history":[{"count":7,"href":"https:\/\/pbp.womczest.edu.pl\/new\/wp-json\/wp\/v2\/pages\/13026\/revisions"}],"predecessor-version":[{"id":17479,"href":"https:\/\/pbp.womczest.edu.pl\/new\/wp-json\/wp\/v2\/pages\/13026\/revisions\/17479"}],"wp:attachment":[{"href":"https:\/\/pbp.womczest.edu.pl\/new\/wp-json\/wp\/v2\/media?parent=13026"}],"curies":[{"name":"wp","href":"https:\/\/api.w.org\/{rel}","templated":true}]}}