


{"id":13023,"date":"2019-01-02T14:15:22","date_gmt":"2019-01-02T13:15:22","guid":{"rendered":"https:\/\/pbp.womczest.edu.pl\/new\/?page_id=13023"},"modified":"2025-02-10T12:27:08","modified_gmt":"2025-02-10T11:27:08","slug":"poradnie-psychologiczno-pedagogiczne","status":"publish","type":"page","link":"https:\/\/pbp.womczest.edu.pl\/new\/poradnie-psychologiczno-pedagogiczne\/","title":{"rendered":"PORADNIE PSYCHOLOGICZNO-PEDAGOGICZNE"},"content":{"rendered":"<ul>\n<li>Obwieszczenie Ministra Edukacji i Nauki z dnia 31 sierpnia 2023 r. w sprawie og\u0142oszenia jednolitego tekstu rozporz\u0105dzenia Ministra Edukacji Narodowej w sprawie orzecze\u0144 i opinii wydawanych przez zespo\u0142y orzekaj\u0105ce dzia\u0142aj\u0105ce w publicznych poradniach psychologiczno-pedagogicznych : Dz.U. z 2023 r. poz. 2061<br \/>\n<a id=\"view:_id1:_id2:_id59:_id61:callback1:_id93:rDeeds:763:_id114\" class=\"doc-details-link\" href=\"https:\/\/isap.sejm.gov.pl\/isap.nsf\/DocDetails.xsp?id=WDU20230002061\">Dz.U. 2023 poz. 2061<\/a><\/li>\n<li>Rozporz\u0105dzenie Ministra Edukacji i Nauki z dnia 30 listopada 2021 r. zmieniaj\u0105ce rozporz\u0105dzenie w sprawie orzecze\u0144 i opinii wydawanych przez zespo\u0142y orzekaj\u0105ce dzia\u0142aj\u0105ce w publicznych poradniach psychologiczno-pedagogicznych : Dz. U. z 2021 r. poz. 2294<br \/>\n<a id=\"view:_id1:_id2:_id59:_id61:callback1:_id93:rDeeds:38:_id114\" class=\"doc-details-link\" href=\"http:\/\/isap.sejm.gov.pl\/isap.nsf\/DocDetails.xsp?id=WDU20210002294\">Dz.U. 2021 poz. 2294<\/a><\/li>\n<li>Rozporz\u0105dzenie Ministra Edukacji Narodowej z dnia 7 wrze\u015bnia 2017 r. w sprawie orzecze\u0144 i opinii wydawanych przez zespo\u0142y orzekaj\u0105ce dzia\u0142aj\u0105ce w publicznych poradniach psychologiczno-pedagogicznych : Dz. U. z 2017 r. poz. 1743<br \/>\n<a id=\"view:_id1:_id2:_id59:_id61:callback1:_id93:rDeeds:766:_id114\" class=\"doc-details-link\" href=\"http:\/\/isap.sejm.gov.pl\/isap.nsf\/DocDetails.xsp?id=WDU20170001743\">Dz.U. 2017 poz. 1743<\/a><\/li>\n<li>Obwieszczenie Ministra Edukacji i Nauki z dnia 10 listopada 2023 r. w sprawie og\u0142oszenia jednolitego tekstu rozporz\u0105dzenia Ministra Edukacji Narodowej w sprawie szczeg\u00f3\u0142owych zasad dzia\u0142ania publicznych poradni psychologiczno-pedagogicznych, w tym publicznych poradni specjalistycznych : Dz.U. z 2023 r. poz. 2499<br \/>\n<a id=\"view:_id1:_id2:_id59:_id61:callback1:_id93:rDeeds:325:_id114\" class=\"doc-details-link\" href=\"https:\/\/isap.sejm.gov.pl\/isap.nsf\/DocDetails.xsp?id=WDU20230002499\">Dz.U. 2023 poz. 2499<\/a><\/li>\n<li>Rozporz\u0105dzenie Ministra Edukacji Narodowej z dnia 25 sierpnia 2017 r. zmieniaj\u0105ce rozporz\u0105dzenie w sprawie szczeg\u00f3\u0142owych zasad dzia\u0142ania publicznych poradni psychologiczno-pedagogicznych, w tym publicznych poradni specjalistycznych : Dz. U. z 2017 r. poz. 1647<br \/>\n<a id=\"view:_id1:_id2:_id59:_id61:callback1:_id93:rDeeds:862:_id114\" class=\"doc-details-link\" href=\"http:\/\/isap.sejm.gov.pl\/isap.nsf\/DocDetails.xsp?id=WDU20170001647\">Dz.U. 2017 poz. 1647<\/a><\/li>\n<li>Rozporz\u0105dzenie Ministra Edukacji Narodowej z dnia 1 lutego 2013 r. w sprawie szczeg\u00f3\u0142owych zasad dzia\u0142ania publicznych poradni psychologiczno-pedagogicznych, w tym publicznych poradni specjalistycznych : Dz. U. z 2013 r. poz. 199<br \/>\n<a id=\"view:_id1:_id2:_id59:_id61:callback1:_id93:rDeeds:1543:_id114\" class=\"doc-details-link\" href=\"http:\/\/isap.sejm.gov.pl\/isap.nsf\/DocDetails.xsp?id=WDU20130000199\">Dz.U. 2013 poz. 199<\/a><\/li>\n<\/ul>\n","protected":false},"excerpt":{"rendered":"<p>Obwieszczenie Ministra Edukacji i Nauki z dnia 31 sierpnia 2023 r. w sprawie og\u0142oszenia jednolitego tekstu rozporz\u0105dzenia Ministra Edukacji Narodowej w sprawie orzecze\u0144 i opinii wydawanych przez zespo\u0142y orzekaj\u0105ce dzia\u0142aj\u0105ce w publicznych poradniach psychologiczno-pedagogicznych : Dz.U. z 2023 r. poz. 2061 Dz.U. 2023 poz. 2061 Rozporz\u0105dzenie Ministra Edukacji i Nauki z dnia 30 listopada 2021 r. zmieniaj\u0105ce rozporz\u0105dzenie w sprawie orzecze\u0144 i opinii wydawanych przez zespo\u0142y orzekaj\u0105ce dzia\u0142aj\u0105ce w publicznych<span class=\"ellipsis\">&hellip;<\/span><\/p>\n<div class=\"read-more\"><a href=\"https:\/\/pbp.womczest.edu.pl\/new\/poradnie-psychologiczno-pedagogiczne\/\">Czytaj wi\u0119cej &#8250;<\/a><\/div>\n<p><!-- end of .read-more --><\/p>\n","protected":false},"author":7,"featured_media":0,"parent":0,"menu_order":0,"comment_status":"closed","ping_status":"closed","template":"","meta":{"footnotes":""},"jetpack_sharing_enabled":true,"jetpack_shortlink":"https:\/\/wp.me\/PgmV4H-3o3","_links":{"self":[{"href":"https:\/\/pbp.womczest.edu.pl\/new\/wp-json\/wp\/v2\/pages\/13023"}],"collection":[{"href":"https:\/\/pbp.womczest.edu.pl\/new\/wp-json\/wp\/v2\/pages"}],"about":[{"href":"https:\/\/pbp.womczest.edu.pl\/new\/wp-json\/wp\/v2\/types\/page"}],"author":[{"embeddable":true,"href":"https:\/\/pbp.womczest.edu.pl\/new\/wp-json\/wp\/v2\/users\/7"}],"replies":[{"embeddable":true,"href":"https:\/\/pbp.womczest.edu.pl\/new\/wp-json\/wp\/v2\/comments?post=13023"}],"version-history":[{"count":9,"href":"https:\/\/pbp.womczest.edu.pl\/new\/wp-json\/wp\/v2\/pages\/13023\/revisions"}],"predecessor-version":[{"id":26429,"href":"https:\/\/pbp.womczest.edu.pl\/new\/wp-json\/wp\/v2\/pages\/13023\/revisions\/26429"}],"wp:attachment":[{"href":"https:\/\/pbp.womczest.edu.pl\/new\/wp-json\/wp\/v2\/media?parent=13023"}],"curies":[{"name":"wp","href":"https:\/\/api.w.org\/{rel}","templated":true}]}}